{"id":6294,"date":"2025-05-26T09:07:59","date_gmt":"2025-05-26T09:07:59","guid":{"rendered":"https:\/\/sinoextrud.com\/product\/extruded-aluminium-profile-for-triangle-and-rectangle-pipe-with-6063-alloy-anodized-mill-finish-surface\/"},"modified":"2025-06-24T06:10:37","modified_gmt":"2025-06-24T06:10:37","slug":"ekstruderet-aluminiumsprofil-til-trekant-og-rektangelror-med-anodiseret-overflade-i-legering-6063","status":"publish","type":"product","link":"https:\/\/sinoextrud.com\/da\/product\/extruded-aluminium-profile-for-triangle-and-rectangle-pipe-with-6063-alloy-anodized-mill-finish-surface\/","title":{"rendered":"Ekstruderet aluminiumsprofil til trekant- og rektangelr\u00f8r med 6063-legering anodiseret m\u00f8llefinishoverflade"},"content":{"rendered":"<h2>Detaljer om produkter<\/h2>\n<table class=\"custom-table\">\n<tr>\n<td class=\"label\">Materiale<\/td>\n<td>Legering 6063-T5, 6063-T6, 6061-T5, 6061-T6<\/td>\n<\/tr>\n<tr>\n<td class=\"label\">Anvendelse<\/td>\n<td>Aluminiumsprofil trekant og rektangel r\u00f8r<\/td>\n<\/tr>\n<tr>\n<td class=\"label\">Certifikat<\/td>\n<td>ISO9001, ISO14001<\/td>\n<\/tr>\n<tr>\n<td class=\"label\">Kapacitet<\/td>\n<td>\u00c5rlig produktion p\u00e5 mere end 60.000 tons<\/td>\n<\/tr>\n<tr>\n<td class=\"label\">Farve<\/td>\n<td>Tilpasset til r\u00e5dighed<\/td>\n<\/tr>\n<tr>\n<td class=\"label\">L\u00e6ngde<\/td>\n<td>1-9 meter eller tilpasset<\/td>\n<\/tr>\n<tr>\n<td class=\"label\">Tykkelse<\/td>\n<td>Tilpasset<\/td>\n<\/tr>\n<tr>\n<td class=\"label\">Overfladefinish<\/td>\n<td>fr\u00e6sning, anodisering, pulverlakering, overf\u00f8rsel af tr\u00e6korn, bel\u00e6gning osv.<\/td>\n<\/tr>\n<tr>\n<td class=\"label\">Anvendelse<\/td>\n<td>vindues- og d\u00f8rparti, gel\u00e6nder, forh\u00e6ngsv\u00e6g<br \/>Lastning, Foshan havn<\/td>\n<\/tr>\n<tr>\n<td class=\"label\">Betaling<\/td>\n<td>T \/ T, 30% udbetaling, mens saldoen skal betales f\u00f8r levering<\/td>\n<\/tr>\n<tr>\n<td class=\"label\">Pakke<\/td>\n<td>1.Inside: pakket med beskyttende plastfilm for at beskytte hver profil<br \/>2.Outside: pakket med vandt\u00e6t h\u00e5ndv\u00e6rkspapir<\/td>\n<\/tr>\n<tr>\n<td class=\"label\">Levering<\/td>\n<td>25-30 dage efter udbetaling<\/td>\n<\/tr>\n<tr>\n<td class=\"label\">Bestillingsr\u00e6kkef\u00f8lge<\/td>\n<td>1. Bekr\u00e6ft tegninger, overfladebehandling og pris;<br \/>2. Betal formgebyret, og vi begynder at lave forme;<br \/>3. Vi sender pr\u00f8ver til dig for at f\u00e5 din bekr\u00e6ftelse;<br \/>4. Foretag betaling af 30%-indskud, start produktionen;<\/td>\n<\/tr>\n<\/table>\n<h2>Vores produktionsbase<\/h2>\n<h3>Panorama over fabrikken<\/h3>\n<p><img decoding=\"async\" src=\"\/wp-content\/uploads\/factory-01.webp\"\/><\/p>\n<h3>V\u00e6rksted til fremstilling af aluminiumst\u00e6nger<\/h3>\n<p><img decoding=\"async\" src=\"\/wp-content\/uploads\/factory-02.webp\"\/><\/p>\n<p><img decoding=\"async\" src=\"\/wp-content\/uploads\/factory-03.webp\"\/><\/p>\n<h3>Lager til opbevaring af skimmelsvampe<\/h3>\n<p><img decoding=\"async\" src=\"\/wp-content\/uploads\/factory-04.webp\"\/><\/p>\n<h3>43 ekstruderingslinjer for aluminium (500-5500 ton)<\/h3>\n<p><img decoding=\"async\" src=\"\/wp-content\/uploads\/factory-05.webp\"\/><\/p>\n<p><img decoding=\"async\" src=\"\/wp-content\/uploads\/factory-06.webp\"\/><\/p>\n<p><img decoding=\"async\" src=\"\/wp-content\/uploads\/factory-07.webp\"\/><\/p>\n<h3>V\u00e6rksted for pulverlakering<\/h3>\n<p><img decoding=\"async\" src=\"\/wp-content\/uploads\/factory-09.webp\"\/><\/p>\n<h3>Anodiseringsv\u00e6rksted<\/h3>\n<p><img decoding=\"async\" src=\"\/wp-content\/uploads\/factory-10.webp\"\/><\/p>\n<h3>Workshop om dyb behandling<\/h3>\n<p><img decoding=\"async\" src=\"\/wp-content\/uploads\/factory-11.webp\"\/><\/p>\n<h3>V\u00e6rksted for CNC-pr\u00e6cisionsbearbejdning<\/h3>\n<p><img decoding=\"async\" src=\"\/wp-content\/uploads\/factory-11.5.webp\"\/><\/p>\n<h3>F\u00e6rdigvare- og eksportlager<\/h3>\n<p><img decoding=\"async\" src=\"\/wp-content\/uploads\/factory-12.webp\"\/><\/p>\n<p><img decoding=\"async\" src=\"\/wp-content\/uploads\/factory-13.webp\"\/><\/p>\n<p><img decoding=\"async\" src=\"\/wp-content\/uploads\/factory-14.webp\"\/><\/p>\n<h2>OFTE STILLEDE SP\u00d8RGSM\u00c5L<\/h2>\n<p><p><b>1. Hvad bruges en ekstruderet aluminiumsprofil til trekant- og rektangelr\u00f8r til?<\/b><\/p>\n<p>Ekstruderede aluminiumsprofiler til trekantede og rektangul\u00e6re r\u00f8r bruges ofte til arkitektoniske, strukturelle og industrielle form\u00e5l p\u00e5 grund af deres geometriske alsidighed og styrke.<br \/>\n<\/p><br \/>\n<br \/>\n<p><b>2. Hvad er fordelene ved at bruge legeringen 6063 i ekstruderede aluminiumsprofiler?<\/b><\/p>\n<p>6063 aluminiumslegering har fremragende korrosionsbestandighed, god svejsbarhed og en glat overfladefinish, hvilket g\u00f8r den ideel til anodisering og arkitektonisk brug.<br \/>\n<\/p><br \/>\n<br \/>\n<p><b>3. Hvorfor v\u00e6lge trekantede og rektangul\u00e6re aluminiumsr\u00f8rprofiler?<\/b><\/p>\n<p>Trekantede og rektangul\u00e6re aluminiumsprofiler giver unikke designmuligheder, optimeret strukturel ydeevne og pladsbesparende l\u00f8sninger til forskellige anvendelser.<br \/>\n<\/p><br \/>\n<br \/>\n<p><b>4. Hvilke overfladebehandlinger er tilg\u00e6ngelige for disse aluminiumsprofiler?<\/b><\/p>\n<p>Disse profiler f\u00e5s med anodiseret og fr\u00e6set overflade, hvilket giver forbedret korrosionsbeskyttelse, holdbarhed og \u00e6stetisk appel.<br \/>\n<\/p><br \/>\n<br \/>\n<p><b>5. Hvad er fordelene ved anodisering af 6063 aluminiumsprofiler?<\/b><\/p>\n<p>Anodisering forbedrer overfladens h\u00e5rdhed, korrosionsbestandighed og farvestabilitet, hvilket g\u00f8r 6063 aluminiumsprofiler mere holdbare og attraktive.<br \/>\n<\/p><br \/>\n<br \/>\n<p><b>6. Kan ekstruderede trekantede og rektangul\u00e6re aluminiumsr\u00f8r tilpasses?<\/b><\/p>\n<p>Ja, de kan specialdesignes med hensyn til st\u00f8rrelse, v\u00e6gtykkelse og overfladebehandling for at opfylde specifikke projekt- og funktionskrav.<br \/>\n<\/p><br \/>\n<br \/>\n<p><b>7. Hvilke industrier bruger almindeligvis ekstruderede aluminiumsprofiler med legering 6063?<\/b><\/p>\n<p>Industrier som byggeri, transport, m\u00f8bler og solenergi bruger 6063 ekstruderede aluminiumsprofiler p\u00e5 grund af deres styrke, formbarhed og visuelle kvalitet.<br \/>\n<\/p><br \/><\/p>","protected":false},"featured_media":6293,"template":"","categories":[60],"class_list":["post-6294","product","type-product","status-publish","has-post-thumbnail","hentry","category-general-tubes-and-bars"],"meta_box":{"hilight_text_group":{"product_hilight_text":"<li>Made from 6063 alloy for excellent strength and corrosion resistance<\/li>\r\r\n<li>Available in triangle and rectangle shapes for versatile structural use<\/li>\r\r\n<li>Extruded with high precision for consistent dimensions and quality<\/li>\r\r\n<li>Surface options include anodized and mill finish for different needs<\/li>\r\r\n<li>Ideal for architectural, construction, and framing applications<\/li>","product_chanpin_chanpin":"<li><a href=\"https:\/\/sinoextrud.com\/product\/oem-aluminum-channel-tube-and-pipe-extrusions-profile-for-constuction\/\" target=\"_blank\">OEM Aluminum Channel Tube And Pipe Extrusions Profile For Constuction<\/a><\/li>\r\n<li><a href=\"https:\/\/sinoextrud.com\/product\/aluminium-curtain-guide-rail\/\" target=\"_blank\">Aluminium Curtain Guide Rail<\/a><\/li>\r\n<li><a href=\"https:\/\/sinoextrud.com\/product\/round-aluminium-profile\/\" target=\"_blank\">Round Aluminium Profile<\/a><\/li>\r\n<li><a href=\"https:\/\/sinoextrud.com\/product\/aluminium-tube\/\" target=\"_blank\">Aluminium Tube<\/a><\/li>\r\n<li><a href=\"https:\/\/sinoextrud.com\/product\/extruded-aluminium-profile-for-triangle-and-rectangle-pipe-with-6063-alloy-anodized-mill-finish-surface\/\" target=\"_blank\">Extruded Aluminium Profile For Triangle And Rectangle Pipe With 6063 Alloy Anodized Mill Finish Surface<\/a><\/li>\r\n<li><a href=\"https:\/\/sinoextrud.com\/product\/aluminium-hollow-tube\/\" target=\"_blank\">Aluminium Hollow Tube<\/a><\/li>\r\n<li><a href=\"https:\/\/sinoextrud.com\/product\/customized-6063-extruded-aluminum-flat-bar\/\" target=\"_blank\">Customized 6063 Extruded Aluminum Flat Bar<\/a><\/li>\r\n<li><a href=\"https:\/\/sinoextrud.com\/product\/aluminum-irrigation-pipe-for-sale\/\" target=\"_blank\">Aluminum Irrigation Pipe For Sale<\/a><\/li>\r\n<li><a href=\"https:\/\/sinoextrud.com\/product\/professional-aluminium-tubing\/\" target=\"_blank\">Professional Aluminium Tubing<\/a><\/li>\r\n<li><a href=\"https:\/\/sinoextrud.com\/product\/anodized-extruded-aluminum-j-channel\/\" target=\"_blank\">Anodized Extruded Aluminum J Channel<\/a><\/li>\r\n<li><a href=\"https:\/\/sinoextrud.com\/product\/linear-rail-aluminium-extrusion\/\" target=\"_blank\">Linear Rail Aluminium Extrusion<\/a><\/li>"},"feature_list":[]},"_links":{"self":[{"href":"https:\/\/sinoextrud.com\/da\/wp-json\/wp\/v2\/product\/6294","targetHints":{"allow":["GET"]}}],"collection":[{"href":"https:\/\/sinoextrud.com\/da\/wp-json\/wp\/v2\/product"}],"about":[{"href":"https:\/\/sinoextrud.com\/da\/wp-json\/wp\/v2\/types\/product"}],"wp:featuredmedia":[{"embeddable":true,"href":"https:\/\/sinoextrud.com\/da\/wp-json\/wp\/v2\/media\/6293"}],"wp:attachment":[{"href":"https:\/\/sinoextrud.com\/da\/wp-json\/wp\/v2\/media?parent=6294"}],"wp:term":[{"taxonomy":"category","embeddable":true,"href":"https:\/\/sinoextrud.com\/da\/wp-json\/wp\/v2\/categories?post=6294"}],"curies":[{"name":"wp","href":"https:\/\/api.w.org\/{rel}","templated":true}]}}