{"id":6288,"date":"2025-05-26T08:59:59","date_gmt":"2025-05-26T08:59:59","guid":{"rendered":"https:\/\/sinoextrud.com\/product\/aluminium-tube\/"},"modified":"2025-06-24T06:10:37","modified_gmt":"2025-06-24T06:10:37","slug":"aluminiumsror","status":"publish","type":"product","link":"https:\/\/sinoextrud.com\/da\/product\/aluminium-tube\/","title":{"rendered":"Aluminiumsr\u00f8r"},"content":{"rendered":"<h2>Detaljer om produkter<\/h2>\n<table class=\"custom-table\">\n<tr>\n<td class=\"label\">Vare<\/td>\n<td>Aluminiumsr\u00f8r\/aluminiumsr\u00f8r<\/td>\n<\/tr>\n<tr>\n<td class=\"label\">Materiale<\/td>\n<td>Aluminiumslegering<\/td>\n<\/tr>\n<tr>\n<td class=\"label\">Karakter<\/td>\n<td>6000-serien: 6063<\/td>\n<\/tr>\n<tr>\n<td class=\"label\">standarder<\/td>\n<td>ASTM, ASME, EN, JIS, DIN, GB\/T osv.<\/td>\n<\/tr>\n<tr>\n<td class=\"label\">St\u00f8rrelse<\/td>\n<td>Ydre diameter: 3-250 mm<br \/>V\u00e6gtykkelse: 0,3-50 mm<br \/>L\u00e6ngde: 10mm -6000mm<\/td>\n<\/tr>\n<tr>\n<td class=\"label\">Overfladebehandling<\/td>\n<td>Fr\u00e6set finish<\/td>\n<\/tr>\n<tr>\n<td class=\"label\">Overfladefarver<\/td>\n<td>Natur, s\u00f8lv, bronze, champagne, sort, gloden osv.<\/td>\n<\/tr>\n<tr>\n<td class=\"label\">Temperament<\/td>\n<td>T3-T8<\/td>\n<\/tr>\n<tr>\n<td class=\"label\">St\u00f8bning\/m\u00f8nster<\/td>\n<td>Brug af vores forme, intet gebyr<\/td>\n<\/tr>\n<tr>\n<td class=\"label\">Anvendelse<\/td>\n<td>1. arkitektonisk udseende, indvendig udsmykning: loft, metop,<\/td>\n<\/tr>\n<\/table>\n<h2>Vores produktionsbase<\/h2>\n<h3>Panorama over fabrikken<\/h3>\n<p><img decoding=\"async\" src=\"\/wp-content\/uploads\/factory-01.webp\"\/><\/p>\n<h3>V\u00e6rksted til fremstilling af aluminiumst\u00e6nger<\/h3>\n<p><img decoding=\"async\" src=\"\/wp-content\/uploads\/factory-02.webp\"\/><\/p>\n<\/p>\n<p><img decoding=\"async\" src=\"\/wp-content\/uploads\/factory-03.webp\"\/><\/p>\n<h3>Lager til opbevaring af skimmelsvampe<\/h3>\n<p><img decoding=\"async\" src=\"\/wp-content\/uploads\/factory-04.webp\"\/><\/p>\n<h3>43 ekstruderingslinjer for aluminium (500-5500 ton)<\/h3>\n<p><img decoding=\"async\" src=\"\/wp-content\/uploads\/factory-05.webp\"\/><\/p>\n<p><img decoding=\"async\" src=\"\/wp-content\/uploads\/factory-06.webp\"\/><\/p>\n<p><img decoding=\"async\" src=\"\/wp-content\/uploads\/factory-07.webp\"\/><\/p>\n<h3>V\u00e6rksted for pulverlakering<\/h3>\n<p><img decoding=\"async\" src=\"\/wp-content\/uploads\/factory-09.webp\"\/><\/p>\n<h3>Anodiseringsv\u00e6rksted<\/h3>\n<p><img decoding=\"async\" src=\"\/wp-content\/uploads\/factory-10.webp\"\/><\/p>\n<h3>Workshop om dyb behandling<\/h3>\n<p><img decoding=\"async\" src=\"\/wp-content\/uploads\/factory-11.webp\"\/><\/p>\n<h3>V\u00e6rksted for CNC-pr\u00e6cisionsbearbejdning<\/h3>\n<p><img decoding=\"async\" src=\"\/wp-content\/uploads\/factory-11.5.webp\"\/><\/p>\n<h3>F\u00e6rdigvare- og eksportlager<\/h3>\n<p><img decoding=\"async\" src=\"\/wp-content\/uploads\/factory-12.webp\"\/><\/p>\n<p><img decoding=\"async\" src=\"\/wp-content\/uploads\/factory-13.webp\"\/><\/p>\n<p><img decoding=\"async\" src=\"\/wp-content\/uploads\/factory-14.webp\"\/><\/p>\n<h2>OFTE STILLEDE SP\u00d8RGSM\u00c5L<\/h2>\n<p><b>1. Hvad bruges et aluminiumsr\u00f8r til?<\/b><\/p>\n<p>Aluminiumsr\u00f8r bruges i bygge-, bil-, rumfarts- og m\u00f8belindustrien p\u00e5 grund af deres lette v\u00e6gt, styrke og korrosionsbestandighed.\n<\/p>\n<p><\/p>\n<p><b>2. Hvad er de vigtigste fordele ved at bruge aluminiumsr\u00f8r?<\/b><\/p>\n<p>Aluminiumsr\u00f8r har et fremragende forhold mellem styrke og v\u00e6gt, korrosionsbestandighed, varmeledningsevne og er nemme at sk\u00e6re og fremstille.\n<\/p>\n<p><\/p>\n<p><b>3. Hvorfor v\u00e6lge aluminiumsr\u00f8r frem for st\u00e5l eller plast?<\/b><\/p>\n<p>Aluminiumsr\u00f8r er lettere end st\u00e5l og mere holdbare end plast, hvilket g\u00f8r dem til en omkostningseffektiv og langtidsholdbar l\u00f8sning til forskellige anvendelser.\n<\/p>\n<p><\/p>\n<p><b>4. Kan aluminiumsr\u00f8r tilpasses i st\u00f8rrelse og form?<\/b><\/p>\n<p>Ja, aluminiumsr\u00f8r kan specialekstruderes i forskellige diametre, v\u00e6gtykkelser og l\u00e6ngder for at opfylde specifikke projektkrav.\n<\/p>\n<p><\/p>\n<p><b>5. Hvilke overfladebehandlinger kan man f\u00e5 til aluminiumsr\u00f8r?<\/b><\/p>\n<p>Almindelige overflader omfatter anodisering, pulverlakering og polering, som forbedrer holdbarheden, korrosionsbestandigheden og udseendet.\n<\/p>\n<p><\/p>\n<p><b>6. Er aluminiumsr\u00f8r egnet til udend\u00f8rs og maritim brug?<\/b><\/p>\n<p>Ja, aluminiumsr\u00f8r er ideelle til udend\u00f8rs og marine anvendelser p\u00e5 grund af deres naturlige modstandsdygtighed over for rust og barske vejrforhold.\n<\/p>\n<p><\/p>\n<p><b>7. Er aluminiumsr\u00f8r milj\u00f8venlige?<\/b><\/p>\n<p>Ja, aluminium er 100% genanvendeligt og energieffektivt, hvilket g\u00f8r aluminiumsr\u00f8r til et b\u00e6redygtigt valg til milj\u00f8bevidste projekter.\n<\/p>\n<p><\/p>","protected":false},"featured_media":6291,"template":"","categories":[60],"class_list":["post-6288","product","type-product","status-publish","has-post-thumbnail","hentry","category-general-tubes-and-bars"],"meta_box":{"hilight_text_group":{"product_hilight_text":"<li>Lightweight yet strong, ideal for structural and mechanical use<\/li>\r\r\n<li>Excellent corrosion resistance for long-term durability<\/li>\r\r\n<li>Available in various shapes and sizes to suit different applications<\/li>\r\r\n<li>Supports custom lengths, wall thicknesses, and finishes<\/li>\r\r\n<li>Suitable for welding, machining, and surface treatment processes<\/li>","product_chanpin_chanpin":"<li><a href=\"https:\/\/sinoextrud.com\/product\/aluminium-tube-suppliers-offer-extruded-aluminium-square-tube-profile-with-anodized-powder-coating-surface-treatment\/\" target=\"_blank\">Aluminium Tube Suppliers Offer Extruded Aluminium Square Tube Profile With Anodized Powder Coating Surface Treatment<\/a><\/li>\r\n<li><a href=\"https:\/\/sinoextrud.com\/product\/oem-aluminum-channel-tube-and-pipe-extrusions-profile-for-constuction\/\" target=\"_blank\">OEM Aluminum Channel Tube And Pipe Extrusions Profile For Constuction<\/a><\/li>\r\n<li><a href=\"https:\/\/sinoextrud.com\/product\/aluminium-curtain-guide-rail\/\" target=\"_blank\">Aluminium Curtain Guide Rail<\/a><\/li>\r\n<li><a href=\"https:\/\/sinoextrud.com\/product\/round-aluminium-profile\/\" target=\"_blank\">Round Aluminium Profile<\/a><\/li>\r\n<li><a href=\"https:\/\/sinoextrud.com\/product\/aluminium-tube\/\" target=\"_blank\">Aluminium Tube<\/a><\/li>\r\n<li><a href=\"https:\/\/sinoextrud.com\/product\/extruded-aluminium-profile-for-triangle-and-rectangle-pipe-with-6063-alloy-anodized-mill-finish-surface\/\" target=\"_blank\">Extruded Aluminium Profile For Triangle And Rectangle Pipe With 6063 Alloy Anodized Mill Finish Surface<\/a><\/li>\r\n<li><a href=\"https:\/\/sinoextrud.com\/product\/aluminium-hollow-tube\/\" target=\"_blank\">Aluminium Hollow Tube<\/a><\/li>\r\n<li><a href=\"https:\/\/sinoextrud.com\/product\/customized-6063-extruded-aluminum-flat-bar\/\" target=\"_blank\">Customized 6063 Extruded Aluminum Flat Bar<\/a><\/li>\r\n<li><a href=\"https:\/\/sinoextrud.com\/product\/aluminum-irrigation-pipe-for-sale\/\" target=\"_blank\">Aluminum Irrigation Pipe For Sale<\/a><\/li>\r\n<li><a href=\"https:\/\/sinoextrud.com\/product\/structural-aluminium-profiles\/\" target=\"_blank\">Structural Aluminium Profiles<\/a><\/li>\r\n<li><a href=\"https:\/\/sinoextrud.com\/product\/slotted-aluminum-profile-export-to-maylsia\/\" target=\"_blank\">Slotted Aluminum Profile Export To Maylsia<\/a><\/li>"},"feature_list":[]},"_links":{"self":[{"href":"https:\/\/sinoextrud.com\/da\/wp-json\/wp\/v2\/product\/6288","targetHints":{"allow":["GET"]}}],"collection":[{"href":"https:\/\/sinoextrud.com\/da\/wp-json\/wp\/v2\/product"}],"about":[{"href":"https:\/\/sinoextrud.com\/da\/wp-json\/wp\/v2\/types\/product"}],"wp:featuredmedia":[{"embeddable":true,"href":"https:\/\/sinoextrud.com\/da\/wp-json\/wp\/v2\/media\/6291"}],"wp:attachment":[{"href":"https:\/\/sinoextrud.com\/da\/wp-json\/wp\/v2\/media?parent=6288"}],"wp:term":[{"taxonomy":"category","embeddable":true,"href":"https:\/\/sinoextrud.com\/da\/wp-json\/wp\/v2\/categories?post=6288"}],"curies":[{"name":"wp","href":"https:\/\/api.w.org\/{rel}","templated":true}]}}