{"id":6280,"date":"2025-05-26T08:51:29","date_gmt":"2025-05-26T08:51:29","guid":{"rendered":"https:\/\/sinoextrud.com\/product\/aluminium-tube-suppliers-offer-extruded-aluminium-square-tube-profile-with-anodized-powder-coating-surface-treatment\/"},"modified":"2025-06-24T04:00:00","modified_gmt":"2025-06-24T04:00:00","slug":"leverandorer-af-aluminiumsror-tilbyder-ekstruderet-firkantet-aluminiumsrorprofil-med-anodiseret-pulverlakering-af-overfladebehandling","status":"publish","type":"product","link":"https:\/\/sinoextrud.com\/da\/product\/aluminium-tube-suppliers-offer-extruded-aluminium-square-tube-profile-with-anodized-powder-coating-surface-treatment\/","title":{"rendered":"Leverand\u00f8rer af aluminiumsr\u00f8r tilbyder ekstruderet firkantet aluminiumsr\u00f8rprofil med anodiseret pulverlakering af overfladebehandling"},"content":{"rendered":"<h2>Detaljer om produkter<\/h2>\n<table class=\"custom-table\">\n<tr>\n<td class=\"label\">1. Punkt<\/td>\n<td>Leverand\u00f8rer af aluminiumsr\u00f8r tilbyder ekstruderet firkantet aluminiumsr\u00f8rprofil med anodiseret pulverlakering af overfladebehandling<\/td>\n<\/tr>\n<tr>\n<td class=\"label\">2. Sektionsformer<\/td>\n<td>I, U, T, C, Z, L, H, firkantede, runde, flade, hule, t-not og andre komplicerede former efter brugerdefineret design<\/td>\n<\/tr>\n<tr>\n<td class=\"label\">3. Overfladebehandling<\/td>\n<td>Mill finish\/Anodiseret (oxidering)\/Sandbl\u00e6sning\/Pulverlakering\/Elektroforese\/Tr\u00e6korn<\/td>\n<\/tr>\n<tr>\n<td class=\"label\">4. MOQ<\/td>\n<td>200 kg for hvert emne<\/td>\n<\/tr>\n<tr>\n<td class=\"label\">5. Materiale<\/td>\n<td>100%-legering: 6063 T5 \/ 6061 T6<\/td>\n<\/tr>\n<tr>\n<td class=\"label\">6. L\u00e6ngde<\/td>\n<td>Normal=6m, 1-9meter eller tilpasset<\/td>\n<\/tr>\n<tr>\n<td class=\"label\">7. Anvendelse<\/td>\n<td>1) - til vindues- og d\u00f8rkarme<br \/>3) - til bygning af glasforh\u00e6ngte v\u00e6gge<br \/>4) - til solpanelrammer, solmonterings\/tagbeslag<br \/>5) - til udstyr til industriens samleb\u00e5nd<br \/>6) - til k\u00f8lelegemer<br \/>7) - til LED-belysning<br \/>8) - andet efter specialdesignet st\u00f8rrelse og dimension<\/td>\n<\/tr>\n<tr>\n<td class=\"label\">8. Serviceydelser<\/td>\n<td>1). OEM-service.<br \/>2). Design i henhold til kundernes krav.<br \/>3). 25 \u00e5rs professionel erfaring inden for forskning, produktion<br \/>4). Vores moderne dybbearbejdningscenter kan levere bearbejdning som sk\u00e6ring, stansning, boring, b\u00f8jning, gevindsk\u00e6ring osv.<\/td>\n<\/tr>\n<tr>\n<td class=\"label\">9. Kvalitetskontrol<\/td>\n<td>Vi har det strengeste kvalitetskontrolsystem, 100%-inspektion f\u00f8r afsendelse<\/td>\n<\/tr>\n<tr>\n<td class=\"label\">10. Proces<\/td>\n<td>Foresp\u00f8rgsel - Pr\u00f8ve eller CAD-tegning (leveret af kunder) -CAD-tegning (vores firma) - Tegningsbekr\u00e6ftelse - Formfremstilling - Pr\u00f8vetilpasning - Masseproduktion - Inspektion<\/td>\n<td>Levering<br \/>11. , Foshan<\/td>\n<\/tr>\n<tr>\n<td class=\"label\">12. Betaling<\/td>\n<td>T \/ T: 30% for depositum, saldoen betales f\u00f8r eller efter forsendelse (eller det hele afh\u00e6nger)<\/td>\n<\/tr>\n<tr>\n<td class=\"label\">13. Emballage detaljer<\/td>\n<td>Indeni: Pakket med plastfilm for at beskytte hver enkelt del<br \/>Udenfor: Indpakning af bundter med vandt\u00e6t h\u00e5ndv\u00e6rkspapir eller EPE-film. Tilpasset anmodning tilg\u00e6ngelig<\/td>\n<\/tr>\n<tr>\n<td class=\"label\">14. Genneml\u00f8bstid<\/td>\n<td>Formudvikling og pr\u00f8vetestning: 8-15 dage<br \/>Masseproduktion: 20-25 dage<\/td>\n<\/tr>\n<\/table>\n<h2>Vores produktionsbase<\/h2>\n<h3>Panorama over fabrikken<\/h3>\n<p><img decoding=\"async\" src=\"\/wp-content\/uploads\/factory-01.webp\"\/><\/p>\n<h3>V\u00e6rksted til fremstilling af aluminiumst\u00e6nger<\/h3>\n<p><img decoding=\"async\" src=\"\/wp-content\/uploads\/factory-02.webp\"\/><\/p>\n<p><img decoding=\"async\" src=\"\/wp-content\/uploads\/factory-03.webp\"\/><\/p>\n<h3>Lager til opbevaring af skimmelsvampe<\/h3>\n<p><img decoding=\"async\" src=\"\/wp-content\/uploads\/factory-04.webp\"\/><\/p>\n<h3>43 ekstruderingslinjer for aluminium (500-5500 ton)<\/h3>\n<p><img decoding=\"async\" src=\"\/wp-content\/uploads\/factory-05.webp\"\/><\/p>\n<p><img decoding=\"async\" src=\"\/wp-content\/uploads\/factory-06.webp\"\/><\/p>\n<p><img decoding=\"async\" src=\"\/wp-content\/uploads\/factory-07.webp\"\/><\/p>\n<h3>V\u00e6rksted for pulverlakering<\/h3>\n<p><img decoding=\"async\" src=\"\/wp-content\/uploads\/factory-09.webp\"\/><\/p>\n<h3>Anodiseringsv\u00e6rksted<\/h3>\n<p><img decoding=\"async\" src=\"\/wp-content\/uploads\/factory-10.webp\"\/><\/p>\n<h3>Workshop om dyb behandling<\/h3>\n<p><img decoding=\"async\" src=\"\/wp-content\/uploads\/factory-11.webp\"\/><\/p>\n<h3>V\u00e6rksted for CNC-pr\u00e6cisionsbearbejdning<\/h3>\n<p><img decoding=\"async\" src=\"\/wp-content\/uploads\/factory-11.5.webp\"\/><\/p>\n<h3>F\u00e6rdigvare- og eksportlager<\/h3>\n<p><img decoding=\"async\" src=\"\/wp-content\/uploads\/factory-12.webp\"\/><\/p>\n<p><img decoding=\"async\" src=\"\/wp-content\/uploads\/factory-13.webp\"\/><\/p>\n<p><img decoding=\"async\" src=\"\/wp-content\/uploads\/factory-14.webp\"\/><\/p>\n<h2>OFTE STILLEDE SP\u00d8RGSM\u00c5L<\/h2>\n<p><p><b>1. Hvad er de vigtigste fordele ved ekstruderede firkantede aluminiumsr\u00f8rprofiler?<\/b><\/p>\n<p>Ekstruderede firkantede aluminiumsprofiler giver letv\u00e6gtsstyrke, korrosionsbestandighed og ensartet form, hvilket g\u00f8r dem ideelle til strukturelle og dekorative anvendelser.<br \/>\n<\/p><br \/>\n<br \/>\n<p><b>2. Hvorfor v\u00e6lge leverand\u00f8rer af aluminiumsr\u00f8r, der tilbyder anodiseret og pulverlakeret overfladebehandling?<\/b><\/p>\n<p>Leverand\u00f8rer, der tilbyder anodiserede og pulverlakerede aluminiumsr\u00f8r, sikrer forbedret holdbarhed, korrosionsbestandighed og en f\u00f8rsteklasses finish til indend\u00f8rs og udend\u00f8rs brug.<br \/>\n<\/p><br \/>\n<br \/>\n<p><b>3. Hvordan gavner anodiseret overfladebehandling firkantede aluminiumsr\u00f8r?<\/b><\/p>\n<p>Anodisering skaber et beskyttende oxidlag p\u00e5 firkantede aluminiumsr\u00f8r, hvilket forbedrer korrosionsbestandigheden, slidstyrken og giver mulighed for dekorativ farvning.<br \/>\n<\/p><br \/>\n<br \/>\n<p><b>4. Hvad g\u00f8r pulverlakerede firkantede aluminiumsr\u00f8r til et popul\u00e6rt valg?<\/b><\/p>\n<p>Pulverlakering giver firkantede aluminiumsr\u00f8r en h\u00e5rd, attraktiv og vejrbestandig finish, som g\u00f8r dem velegnede til en lang r\u00e6kke industrielle og arkitektoniske form\u00e5l.<br \/>\n<\/p><br \/>\n<br \/>\n<p><b>5. Kan ekstruderede firkantede aluminiumsr\u00f8r tilpasses i st\u00f8rrelse og tykkelse?<\/b><\/p>\n<p>Ja, leverand\u00f8rer af aluminiumsr\u00f8r kan tilpasse ekstruderede firkantede r\u00f8rprofiler, s\u00e5 de opfylder specifikke dimensionelle og strukturelle krav til forskellige projekter.<br \/>\n<\/p><br \/>\n<br \/>\n<p><b>6. Er anodiserede og pulverlakerede aluminiumsr\u00f8r egnede til udend\u00f8rs brug?<\/b><\/p>\n<p>Disse overfladebehandlinger giver en fremragende vejr- og UV-bestandighed, hvilket g\u00f8r de firkantede aluminiumsr\u00f8r meget velegnede til udend\u00f8rs milj\u00f8er.<br \/>\n<\/p><br \/>\n<br \/>\n<p><b>7. Hvorfor arbejde med specialiserede leverand\u00f8rer af aluminiumsr\u00f8r?<\/b><\/p>\n<p>Specialiserede leverand\u00f8rer tilbyder ensartet kvalitet, en bred vifte af overflader, tilpassede st\u00f8rrelser og teknisk support, hvilket sikrer p\u00e5lidelig ydeevne og langsigtet v\u00e6rdi.<br \/>\n<\/p><br \/><\/p>","protected":false},"featured_media":6279,"template":"","categories":[60],"class_list":["post-6280","product","type-product","status-publish","has-post-thumbnail","hentry","category-general-tubes-and-bars"],"meta_box":{"hilight_text_group":{"product_hilight_text":"<li>Available in various specifications to meet industrial customization needs<\/li>\r\r\n<li>Extrusion process ensures dimensional accuracy and structural strength<\/li>\r\r\n<li>Anodized and powder-coated surface for enhanced corrosion resistance and aesthetics<\/li>\r\r\n<li>OEM\/ODM services supported for versatile industry applications<\/li>\r\r\n<li>High-volume supply capacity with short lead times to support project schedules<\/li>","product_chanpin_chanpin":"<li><a href=\"https:\/\/sinoextrud.com\/product\/aluminum-profile-doors\/\" target=\"_blank\">Aluminum Profile Doors<\/a><\/li>\r\n<li><a href=\"https:\/\/sinoextrud.com\/product\/aluminium-gate-fence\/\" target=\"_blank\">Aluminium gate fence<\/a><\/li>\r\n<li><a href=\"https:\/\/sinoextrud.com\/product\/aluminum-windows-and-doors\/\" target=\"_blank\">Aluminum Windows And Doors<\/a><\/li>\r\n<li><a href=\"https:\/\/sinoextrud.com\/product\/oem-aluminum-extrusion-profile-for-windows-and-doors\/\" target=\"_blank\">OEM Aluminum Extrusion Profile for Windows and Doors<\/a><\/li>\r\n<li><a href=\"https:\/\/sinoextrud.com\/product\/aluminium-tube-suppliers-offer-extruded-aluminium-square-tube-profile-with-anodized-powder-coating-surface-treatment\/\" target=\"_blank\">Aluminium Tube Suppliers Offer Extruded Aluminium Square Tube Profile With Anodized Powder Coating Surface Treatment<\/a><\/li>\r\n<li><a href=\"https:\/\/sinoextrud.com\/product\/oem-aluminum-channel-tube-and-pipe-extrusions-profile-for-constuction\/\" target=\"_blank\">OEM Aluminum Channel Tube And Pipe Extrusions Profile For Constuction<\/a><\/li>\r\n<li><a href=\"https:\/\/sinoextrud.com\/product\/aluminium-curtain-guide-rail\/\" target=\"_blank\">Aluminium Curtain Guide Rail<\/a><\/li>\r\n<li><a href=\"https:\/\/sinoextrud.com\/product\/round-aluminium-profile\/\" target=\"_blank\">Round Aluminium Profile<\/a><\/li>\r\n<li><a href=\"https:\/\/sinoextrud.com\/product\/aluminium-tube\/\" target=\"_blank\">Aluminium Tube<\/a><\/li>\r\n<li><a href=\"https:\/\/sinoextrud.com\/product\/linear-sliding-modules-aluminum-profiles\/\" target=\"_blank\">Linear Sliding Modules Aluminum Profiles<\/a><\/li>\r\n<li><a href=\"https:\/\/sinoextrud.com\/product\/aluminum-channel\/\" target=\"_blank\">Aluminum Channel<\/a><\/li>"},"feature_list":[]},"_links":{"self":[{"href":"https:\/\/sinoextrud.com\/da\/wp-json\/wp\/v2\/product\/6280","targetHints":{"allow":["GET"]}}],"collection":[{"href":"https:\/\/sinoextrud.com\/da\/wp-json\/wp\/v2\/product"}],"about":[{"href":"https:\/\/sinoextrud.com\/da\/wp-json\/wp\/v2\/types\/product"}],"wp:featuredmedia":[{"embeddable":true,"href":"https:\/\/sinoextrud.com\/da\/wp-json\/wp\/v2\/media\/6279"}],"wp:attachment":[{"href":"https:\/\/sinoextrud.com\/da\/wp-json\/wp\/v2\/media?parent=6280"}],"wp:term":[{"taxonomy":"category","embeddable":true,"href":"https:\/\/sinoextrud.com\/da\/wp-json\/wp\/v2\/categories?post=6280"}],"curies":[{"name":"wp","href":"https:\/\/api.w.org\/{rel}","templated":true}]}}