{"id":6278,"date":"2025-05-26T07:34:52","date_gmt":"2025-05-26T07:34:52","guid":{"rendered":"https:\/\/sinoextrud.com\/product\/oem-aluminum-extrusion-profile-for-windows-and-doors\/"},"modified":"2025-06-24T03:59:58","modified_gmt":"2025-06-24T03:59:58","slug":"oem-aluminiumsprofil-til-vinduer-og-dore","status":"publish","type":"product","link":"https:\/\/sinoextrud.com\/da\/product\/oem-aluminum-extrusion-profile-for-windows-and-doors\/","title":{"rendered":"OEM aluminiumsekstruderingsprofil til vinduer og d\u00f8re"},"content":{"rendered":"<h2>Detaljer om produkter<\/h2>\n<table class=\"custom-table\">\n<tr>\n<td class=\"label\">Anvendelse<\/td>\n<td>tilbeh\u00f8r til glasd\u00f8re og vinduer i aluminium til kontorer<\/td>\n<\/tr>\n<tr>\n<td class=\"label\">Betegnelse:<\/td>\n<td>6 eller andre serier efter dit behov<\/td>\n<\/tr>\n<tr>\n<td class=\"label\">l\u00e6ngde<\/td>\n<td>Tilpasset<\/td>\n<\/tr>\n<tr>\n<td class=\"label\">tykkelse<\/td>\n<td>Tilpasset<\/td>\n<\/tr>\n<tr>\n<td class=\"label\">Beskrivelse<\/td>\n<td>aluminiumsprofil, aluminiumsekstrudering, aluminiumsr\u00f8r, aluminiumslegering, aluminiumsd\u00f8re og -vinduer, aluminiumsvindue, aluminiumsskyded\u00f8r, aluminiumsbyggemateriale<\/td>\n<\/tr>\n<tr>\n<td class=\"label\">Overfladebehandling<\/td>\n<td>fr\u00e6sning (uden behandling), polering, anodisering, power coating, tr\u00e6maling, sandbl\u00e6sning, elektroforese osv.<\/td>\n<\/tr>\n<tr>\n<td class=\"label\">Dimension<\/td>\n<td>valgfri<\/td>\n<\/tr>\n<tr>\n<td class=\"label\">Pakning<\/td>\n<td>Kraftpapir, karton, beskyttelsesskum, varmekontraheret plastfilm osv. efter dit behov.<\/td>\n<\/tr>\n<tr>\n<td class=\"label\">Certifikater<\/td>\n<td>ISO 9001.CE, SGS,<\/td>\n<\/tr>\n<tr>\n<td class=\"label\">Farve<\/td>\n<td>S\u00f8lv, sort, s\u00f8lv, bronze, champagne, tr\u00e6korn osv.<\/td>\n<\/tr>\n<tr>\n<td class=\"label\">Form<\/td>\n<td>Forskellige former, parametre og farver til r\u00e5dighed<\/td>\n<\/tr>\n<tr>\n<td class=\"label\">Leveringsdetaljer<\/td>\n<td>10-20 dage \/ afh\u00e6nger af m\u00e6ngde og tegninger<\/td>\n<\/tr>\n<tr>\n<td class=\"label\">Kvalitet<\/td>\n<td>Kvaliteten er i overensstemmelse med international standard.<\/td>\n<\/tr>\n<tr>\n<td class=\"label\">Design<\/td>\n<td>OEM eller ODM er tilg\u00e6ngelig, send os din tegning<\/td>\n<\/tr>\n<tr>\n<td class=\"label\">Funktion<\/td>\n<td>H\u00f8j korrosionsbestandighed, vejrbestandighed, varmebestandighed, alkalibestandighed<\/td>\n<\/tr>\n<\/table>\n<h2>Vores produktionsbase<\/h2>\n<h3>Panorama over fabrikken<\/h3>\n<p><img decoding=\"async\" src=\"\/wp-content\/uploads\/factory-01.webp\"\/><\/p>\n<h3>V\u00e6rksted til fremstilling af aluminiumst\u00e6nger<\/h3>\n<p><img decoding=\"async\" src=\"\/wp-content\/uploads\/factory-02.webp\"\/><\/p>\n<p><img decoding=\"async\" src=\"\/wp-content\/uploads\/factory-03.webp\"\/><\/p>\n<h3>Lager til opbevaring af skimmelsvampe<\/h3>\n<p><img decoding=\"async\" src=\"\/wp-content\/uploads\/factory-04.webp\"\/><\/p>\n<h3>43 ekstruderingslinjer for aluminium (500-5500 ton)<\/h3>\n<p><img decoding=\"async\" src=\"\/wp-content\/uploads\/factory-05.webp\"\/><\/p>\n<p><img decoding=\"async\" src=\"\/wp-content\/uploads\/factory-06.webp\"\/><\/p>\n<p><img decoding=\"async\" src=\"\/wp-content\/uploads\/factory-07.webp\"\/><\/p>\n<h3>V\u00e6rksted for pulverlakering<\/h3>\n<p><img decoding=\"async\" src=\"\/wp-content\/uploads\/factory-09.webp\"\/><\/p>\n<h3>Anodiseringsv\u00e6rksted<\/h3>\n<p><img decoding=\"async\" src=\"\/wp-content\/uploads\/factory-10.webp\"\/><\/p>\n<h3>Workshop om dyb behandling<\/h3>\n<p><img decoding=\"async\" src=\"\/wp-content\/uploads\/factory-11.webp\"\/><\/p>\n<h3>V\u00e6rksted for CNC-pr\u00e6cisionsbearbejdning<\/h3>\n<p><img decoding=\"async\" src=\"\/wp-content\/uploads\/factory-11.5.webp\"\/><\/p>\n<h3>F\u00e6rdigvare- og eksportlager<\/h3>\n<p><img decoding=\"async\" src=\"\/wp-content\/uploads\/factory-12.webp\"\/><\/p>\n<p><img decoding=\"async\" src=\"\/wp-content\/uploads\/factory-13.webp\"\/><\/p>\n<p><img decoding=\"async\" src=\"\/wp-content\/uploads\/factory-14.webp\"\/><\/p>\n<h2>OFTE STILLEDE SP\u00d8RGSM\u00c5L<\/h2>\n<p><p><b>1. Hvad er fordelene ved OEM-ekstruderingsprofiler i aluminium til vinduer og d\u00f8re?<\/b><\/p>\n<p>OEM-aluminiumprofiler har h\u00f8j styrke, korrosionsbestandighed og pr\u00e6cise dimensioner, hvilket g\u00f8r dem ideelle til holdbare og energieffektive vindues- og d\u00f8rsystemer.<br \/>\n<\/p><br \/>\n<br \/>\n<p><b>2. Kan OEM-aluminiumsprofiler tilpasses til specifikke vindues- og d\u00f8rdesigns?<\/b><\/p>\n<p>Ja, OEM-ekstruderingsprofiler i aluminium kan tilpasses fuldt ud med hensyn til form, st\u00f8rrelse og overfladefinish for at opfylde unikke arkitektoniske og funktionelle krav.<br \/>\n<\/p><br \/>\n<br \/>\n<p><b>3. Hvilke overfladebehandlinger er tilg\u00e6ngelige for ekstruderede aluminiumsprofiler?<\/b><\/p>\n<p>Almindelige overflader omfatter anodisering, pulverlakering og elektroforese, som forbedrer korrosionsbestandigheden, \u00e6stetikken og levetiden.<br \/>\n<\/p><br \/>\n<br \/>\n<p><b>4. Hvorfor v\u00e6lge aluminiumsprofiler til d\u00f8re og vinduer?<\/b><\/p>\n<p>Aluminiumsprofiler er lette, milj\u00f8venlige og giver fremragende varmeisolering og strukturel integritet, perfekt til moderne byggeri.<br \/>\n<\/p><br \/>\n<br \/>\n<p><b>5. Er OEM-aluminiumsprofiler egnede til barske vejrforhold?<\/b><\/p>\n<p>Ja, OEM-aluminiumprofiler er konstrueret til at modst\u00e5 ekstremt vejr p\u00e5 grund af deres h\u00f8je korrosionsbestandighed og holdbarhed.<br \/>\n<\/p><br \/>\n<br \/>\n<p><b>6. Hvordan forbedrer OEM-ekstrudering af aluminium produktionseffektiviteten?<\/b><\/p>\n<p>OEM-aluminiumsprofiler er pr\u00e6cisionsekstruderede, hvilket reducerer bearbejdningstiden, forbedrer monteringseffektiviteten og sikrer ensartet kvalitet.<br \/>\n<\/p><br \/>\n<br \/>\n<p><b>7. Er direkte levering fra fabrik tilg\u00e6ngelig for OEM-vindues- og d\u00f8rprofiler i aluminium?<\/b><\/p>\n<p>Ja, mange producenter tilbyder direkte levering fra fabrikken, hvilket sikrer konkurrencedygtige priser, kvalitetskontrol og hurtigere leveringstider.<br \/>\n<\/p><br \/><\/p>","protected":false},"featured_media":6277,"template":"","categories":[59],"class_list":["post-6278","product","type-product","status-publish","has-post-thumbnail","hentry","category-aluminum-window-door-system"],"meta_box":{"hilight_text_group":{"product_hilight_text":"<li>Customizable dimensions and structures to meet diverse project needs<\/li>\r\r\n<li>High-strength aluminum alloy, corrosion-resistant for various climates<\/li>\r\r\n<li>Multiple surface finishes (anodizing, electrophoresis, powder coating) for durability and aesthetics<\/li>\r\r\n<li>Factory direct supply for shorter lead times and reduced procurement costs<\/li>\r\r\n<li>Precision extrusion ensures easy installation and excellent sealing performance<\/li>","product_chanpin_chanpin":"<li><a href=\"https:\/\/sinoextrud.com\/product\/aluminium-mosquito-net-windows-and-door\/\" target=\"_blank\">Aluminium Mosquito Net Windows And Door<\/a><\/li>\r\n<li><a href=\"https:\/\/sinoextrud.com\/product\/aluminum-profile-doors\/\" target=\"_blank\">Aluminum Profile Doors<\/a><\/li>\r\n<li><a href=\"https:\/\/sinoextrud.com\/product\/aluminium-gate-fence\/\" target=\"_blank\">Aluminium gate fence<\/a><\/li>\r\n<li><a href=\"https:\/\/sinoextrud.com\/product\/aluminum-windows-and-doors\/\" target=\"_blank\">Aluminum Windows And Doors<\/a><\/li>\r\n<li><a href=\"https:\/\/sinoextrud.com\/product\/oem-aluminum-extrusion-profile-for-windows-and-doors\/\" target=\"_blank\">OEM Aluminum Extrusion Profile for Windows and Doors<\/a><\/li>\r\n<li><a href=\"https:\/\/sinoextrud.com\/product\/aluminium-tube-suppliers-offer-extruded-aluminium-square-tube-profile-with-anodized-powder-coating-surface-treatment\/\" target=\"_blank\">Aluminium Tube Suppliers Offer Extruded Aluminium Square Tube Profile With Anodized Powder Coating Surface Treatment<\/a><\/li>\r\n<li><a href=\"https:\/\/sinoextrud.com\/product\/oem-aluminum-channel-tube-and-pipe-extrusions-profile-for-constuction\/\" target=\"_blank\">OEM Aluminum Channel Tube And Pipe Extrusions Profile For Constuction<\/a><\/li>\r\n<li><a href=\"https:\/\/sinoextrud.com\/product\/aluminium-curtain-guide-rail\/\" target=\"_blank\">Aluminium Curtain Guide Rail<\/a><\/li>\r\n<li><a href=\"https:\/\/sinoextrud.com\/product\/round-aluminium-profile\/\" target=\"_blank\">Round Aluminium Profile<\/a><\/li>\r\n<li><a href=\"https:\/\/sinoextrud.com\/product\/extruded-aluminum-triangle-electrical-instrument-shell-housing\/\" target=\"_blank\">Extruded Aluminum Triangle Electrical Instrument Shell Housing<\/a><\/li>\r\n<li><a href=\"https:\/\/sinoextrud.com\/product\/aluminum-mirror-frame-extrusions\/\" target=\"_blank\">Aluminum Mirror Frame Extrusions<\/a><\/li>"},"feature_list":[]},"_links":{"self":[{"href":"https:\/\/sinoextrud.com\/da\/wp-json\/wp\/v2\/product\/6278","targetHints":{"allow":["GET"]}}],"collection":[{"href":"https:\/\/sinoextrud.com\/da\/wp-json\/wp\/v2\/product"}],"about":[{"href":"https:\/\/sinoextrud.com\/da\/wp-json\/wp\/v2\/types\/product"}],"wp:featuredmedia":[{"embeddable":true,"href":"https:\/\/sinoextrud.com\/da\/wp-json\/wp\/v2\/media\/6277"}],"wp:attachment":[{"href":"https:\/\/sinoextrud.com\/da\/wp-json\/wp\/v2\/media?parent=6278"}],"wp:term":[{"taxonomy":"category","embeddable":true,"href":"https:\/\/sinoextrud.com\/da\/wp-json\/wp\/v2\/categories?post=6278"}],"curies":[{"name":"wp","href":"https:\/\/api.w.org\/{rel}","templated":true}]}}