{"id":6276,"date":"2025-05-26T07:30:56","date_gmt":"2025-05-26T07:30:56","guid":{"rendered":"https:\/\/sinoextrud.com\/product\/aluminum-windows-and-doors\/"},"modified":"2025-06-24T03:59:47","modified_gmt":"2025-06-24T03:59:47","slug":"vinduer-og-dore-i-aluminium","status":"publish","type":"product","link":"https:\/\/sinoextrud.com\/da\/product\/aluminum-windows-and-doors\/","title":{"rendered":"Aluminiumsvinduer og -d\u00f8re"},"content":{"rendered":"<h2>Detaljer om produkter<\/h2>\n<table class=\"custom-table\">\n<tr>\n<td class=\"label\">Materiale<\/td>\n<td>Legering 6063 T5<\/td>\n<\/tr>\n<tr>\n<td class=\"label\">Anvendelse<\/td>\n<td>Vinduer og d\u00f8re i aluminium<\/td>\n<\/tr>\n<tr>\n<td class=\"label\">Certifikat<\/td>\n<td>ISO9001, ISO14001<\/td>\n<\/tr>\n<tr>\n<td class=\"label\">Kapacitet<\/td>\n<td>\u00c5rlig produktion p\u00e5 mere end 60.000 tons<\/td>\n<\/tr>\n<tr>\n<td class=\"label\">Farve<\/td>\n<td>Tilpasset til r\u00e5dighed<\/td>\n<\/tr>\n<tr>\n<td class=\"label\">L\u00e6ngde<\/td>\n<td>1-9 meter eller tilpasset<\/td>\n<\/tr>\n<tr>\n<td class=\"label\">Tykkelse<\/td>\n<td>Tilpasset<\/td>\n<\/tr>\n<tr>\n<td class=\"label\">Overfladefinish<\/td>\n<td>fr\u00e6sning, anodisering, pulverlakering, overf\u00f8rsel af tr\u00e6korn, b\u00f8rstet, polering, elektroforese osv.<\/td>\n<\/tr>\n<tr>\n<td class=\"label\">Anvendelse<\/td>\n<td>vindues- og d\u00f8rparti i aluminium, facadev\u00e6g<\/td>\n<\/tr>\n<tr>\n<td class=\"label\">Lastning af port<\/td>\n<td>Foshan, Shenzhen, Guangzhou<\/td>\n<\/tr>\n<tr>\n<td class=\"label\">Betaling<\/td>\n<td>T \/ T, 30% udbetaling, mens saldoen skal betales f\u00f8r levering<\/td>\n<\/tr>\n<tr>\n<td class=\"label\">Pakke<\/td>\n<td>1.Inside: pakket med beskyttende plastfilm for at beskytte hver profil<br \/>2.Outside: pakket med vandt\u00e6t h\u00e5ndv\u00e6rkspapir<\/td>\n<\/tr>\n<tr>\n<td class=\"label\">Levering<\/td>\n<td>25-30 dage efter udbetaling<\/td>\n<\/tr>\n<tr>\n<td class=\"label\">Bestillingsr\u00e6kkef\u00f8lge<\/td>\n<td>1. Bekr\u00e6ft tegninger, overfladebehandling og pris;<br \/>2. Betal formgebyret, og vi begynder at lave forme;<br \/>3. Vi sender pr\u00f8ver til dig for at f\u00e5 din bekr\u00e6ftelse;<br \/>4. Foretag betaling af 30%-indskud, start produktionen;<\/td>\n<\/tr>\n<\/table>\n<h2>Vores produktionsbase<\/h2>\n<h3>Panorama over fabrikken<\/h3>\n<p><img decoding=\"async\" src=\"\/wp-content\/uploads\/factory-01.webp\"\/><\/p>\n<h3>V\u00e6rksted til fremstilling af aluminiumst\u00e6nger<\/h3>\n<p><img decoding=\"async\" src=\"\/wp-content\/uploads\/factory-02.webp\"\/><\/p>\n<p><img decoding=\"async\" src=\"\/wp-content\/uploads\/factory-03.webp\"\/><\/p>\n<h3>Lager til opbevaring af skimmelsvampe<\/h3>\n<p><img decoding=\"async\" src=\"\/wp-content\/uploads\/factory-04.webp\"\/><\/p>\n<h3>43 ekstruderingslinjer for aluminium (500-5500 ton)<\/h3>\n<p><img decoding=\"async\" src=\"\/wp-content\/uploads\/factory-05.webp\"\/><\/p>\n<p><img decoding=\"async\" src=\"\/wp-content\/uploads\/factory-06.webp\"\/><\/p>\n<p><img decoding=\"async\" src=\"\/wp-content\/uploads\/factory-07.webp\"\/><\/p>\n<h3>V\u00e6rksted for pulverlakering<\/h3>\n<p><img decoding=\"async\" src=\"\/wp-content\/uploads\/factory-09.webp\"\/><\/p>\n<h3>Anodiseringsv\u00e6rksted<\/h3>\n<p><img decoding=\"async\" src=\"\/wp-content\/uploads\/factory-10.webp\"\/><\/p>\n<h3>Workshop om dyb behandling<\/h3>\n<p><img decoding=\"async\" src=\"\/wp-content\/uploads\/factory-11.webp\"\/><\/p>\n<h3>V\u00e6rksted for CNC-pr\u00e6cisionsbearbejdning<\/h3>\n<p><img decoding=\"async\" src=\"\/wp-content\/uploads\/factory-11.5.webp\"\/><\/p>\n<h3>F\u00e6rdigvare- og eksportlager<\/h3>\n<p><img decoding=\"async\" src=\"\/wp-content\/uploads\/factory-12.webp\"\/><\/p>\n<p><img decoding=\"async\" src=\"\/wp-content\/uploads\/factory-13.webp\"\/><\/p>\n<p><img decoding=\"async\" src=\"\/wp-content\/uploads\/factory-14.webp\"\/><\/p>\n<h2>OFTE STILLEDE SP\u00d8RGSM\u00c5L<\/h2>\n<p><p><b>1. Hvad er aluminiumsvinduer og -d\u00f8re?<\/b><\/p>\n<p>Aluminiumsvinduer og -d\u00f8re er h\u00f8jtydende rammesystemer fremstillet af en holdbar aluminiumslegering, designet til bolig- og erhvervsform\u00e5l.<br \/>\n<\/p><br \/>\n<br \/>\n<p><b>2. Hvorfor v\u00e6lge aluminiumsvinduer og -d\u00f8re?<\/b><\/p>\n<p>Aluminiumsvinduer og -d\u00f8re har et overlegent forhold mellem styrke og v\u00e6gt, en elegant, moderne \u00e6stetik og langvarig korrosionsbestandighed sammenlignet med andre materialer.<br \/>\n<\/p><br \/>\n<br \/>\n<p><b>3. Hvordan forbedrer aluminiumsvinduer og -d\u00f8re energieffektiviteten?<\/b><\/p>\n<p>Energieffektive aluminiumsvinduer og -d\u00f8re har termisk brydningsteknologi og rammer med flere kamre for at minimere varmeoverf\u00f8rsel og reducere elregningen.<br \/>\n<\/p><br \/>\n<br \/>\n<p><b>4. kr\u00e6ver aluminiumsvinduer og -d\u00f8re kun lidt vedligeholdelse?<\/b><\/p>\n<p>Ja, aluminiumsvinduer og -d\u00f8re kr\u00e6ver kun regelm\u00e6ssig reng\u00f8ring og sm\u00f8ring af h\u00e6ngsler med fabriksfremstillede overflader, der modst\u00e5r falmning og korrosion.<br \/>\n<\/p><br \/>\n<br \/>\n<p><b>5. kan aluminiumsvinduer og -d\u00f8re tilpasses?<\/b><\/p>\n<p>Aluminiumsvinduer og -d\u00f8re underst\u00f8tter brugerdefinerede profiler, pulverlakerede farver, anodiserede overflader og en r\u00e6kke glasmuligheder til enhver arkitektonisk stil.<br \/>\n<\/p><br \/>\n<br \/>\n<p><b>6. Hvilke sikkerhedsfunktioner har aluminiumsvinduer og -d\u00f8re?<\/b><\/p>\n<p>Forst\u00e6rkede aluminiumsvinduer og -d\u00f8re har flerpunktsl\u00e5sesystemer, lamineret eller h\u00e6rdet glas og robust hardware for \u00f8get sikkerhed.<br \/>\n<\/p><br \/>\n<br \/>\n<p><b>7. Hvordan klarer aluminiumsvinduer og -d\u00f8re sig i barske klimaer?<\/b><\/p>\n<p>Vejrbestandige aluminiumsvinduer og -d\u00f8re modst\u00e5r UV-eksponering, fugt og ekstreme temperaturer uden at vride sig eller ruste.<br \/>\n<\/p><br \/>\n<br \/>\n<p><b>8. Giver aluminiumsvinduer og -d\u00f8re lydisolering?<\/b><\/p>\n<p>Aluminiumsvinduer og -d\u00f8re med integrerede t\u00e6tninger og dobbelt- eller tredobbelt glas giver fremragende akustisk ydeevne og reducerer ekstern st\u00f8j.<br \/>\n<\/p><br \/>\n<br \/>\n<p><b>9. Er aluminiumsvinduer og -d\u00f8re milj\u00f8venlige?<\/b><\/p>\n<p>Aluminiumsvinduer og -d\u00f8re er fuldt genanvendelige, kr\u00e6ver mindre energi at producere end st\u00e5l og underst\u00f8tter gr\u00f8nne bygningscertificeringer som LEED.<br \/>\n<\/p><br \/>\n<br \/>\n<p><b>10. Hvor kan jeg k\u00f8be kvalitetsvinduer og -d\u00f8re i aluminium?<\/b><\/p>\n<p>F\u00f8rende producenter af aluminiumsvinduer og -d\u00f8re tilbyder ISO-certificerede produkter, global distribution og dedikeret teknisk support og installationssupport.<br \/>\n<\/p><br \/><\/p>","protected":false},"featured_media":6275,"template":"","categories":[59],"class_list":["post-6276","product","type-product","status-publish","has-post-thumbnail","hentry","category-aluminum-window-door-system"],"meta_box":{"hilight_text_group":{"product_hilight_text":"<li>Constructed from 6063-T5 aluminum alloy for exceptional strength and corrosion resistance<\/li>\r\r\n<li>Precision-extruded profiles with \u00c2\u00b10.1 mm tolerance for seamless assembly and airtight sealing<\/li>\r\r\n<li>Optional thermal break and multi-chamber designs to optimize energy efficiency and reduce condensation<\/li>\r\r\n<li>Wide range of finish options (anodized, powder-coated, woodgrain) for design flexibility<\/li>\r\r\n<li>Heavy-duty hardware and multi-point locking systems for enhanced security and compliance<\/li>\r\r\n<li>Integrated drainage and ventilation channels to prevent water buildup and ensure durability<\/li>\r\r\n<li>Pre-drilled mounting holes and snap-fit connectors for fast, error-free installation<\/li>\r\r\n<li>RoHS\/REACH-compliant and fully recyclable for sustainable building projects<\/li>","product_chanpin_chanpin":"<li><a href=\"https:\/\/sinoextrud.com\/product\/thermal-break-aluminium-profiles\/\" target=\"_blank\">Thermal Break Aluminium Profiles<\/a><\/li>\r\n<li><a href=\"https:\/\/sinoextrud.com\/product\/aluminium-mosquito-net-windows-and-door\/\" target=\"_blank\">Aluminium Mosquito Net Windows And Door<\/a><\/li>\r\n<li><a href=\"https:\/\/sinoextrud.com\/product\/aluminum-profile-doors\/\" target=\"_blank\">Aluminum Profile Doors<\/a><\/li>\r\n<li><a href=\"https:\/\/sinoextrud.com\/product\/aluminium-gate-fence\/\" target=\"_blank\">Aluminium gate fence<\/a><\/li>\r\n<li><a href=\"https:\/\/sinoextrud.com\/product\/aluminum-windows-and-doors\/\" target=\"_blank\">Aluminum Windows And Doors<\/a><\/li>\r\n<li><a href=\"https:\/\/sinoextrud.com\/product\/oem-aluminum-extrusion-profile-for-windows-and-doors\/\" target=\"_blank\">OEM Aluminum Extrusion Profile for Windows and Doors<\/a><\/li>\r\n<li><a href=\"https:\/\/sinoextrud.com\/product\/aluminium-tube-suppliers-offer-extruded-aluminium-square-tube-profile-with-anodized-powder-coating-surface-treatment\/\" target=\"_blank\">Aluminium Tube Suppliers Offer Extruded Aluminium Square Tube Profile With Anodized Powder Coating Surface Treatment<\/a><\/li>\r\n<li><a href=\"https:\/\/sinoextrud.com\/product\/oem-aluminum-channel-tube-and-pipe-extrusions-profile-for-constuction\/\" target=\"_blank\">OEM Aluminum Channel Tube And Pipe Extrusions Profile For Constuction<\/a><\/li>\r\n<li><a href=\"https:\/\/sinoextrud.com\/product\/aluminium-curtain-guide-rail\/\" target=\"_blank\">Aluminium Curtain Guide Rail<\/a><\/li>\r\n<li><a href=\"https:\/\/sinoextrud.com\/product\/6063-t5-aluminum-profile-tslot-for-production-line\/\" target=\"_blank\">6063 t5 aluminum profile Tslot for production line<\/a><\/li>\r\n<li><a href=\"https:\/\/sinoextrud.com\/product\/aluminum-extrusion-6063-anodized-clothes-drive-airer-aluminum-rack-profile\/\" target=\"_blank\">Aluminum Extrusion 6063 Anodized Clothes Drive Airer Aluminum Rack Profile<\/a><\/li>"},"feature_list":[]},"_links":{"self":[{"href":"https:\/\/sinoextrud.com\/da\/wp-json\/wp\/v2\/product\/6276","targetHints":{"allow":["GET"]}}],"collection":[{"href":"https:\/\/sinoextrud.com\/da\/wp-json\/wp\/v2\/product"}],"about":[{"href":"https:\/\/sinoextrud.com\/da\/wp-json\/wp\/v2\/types\/product"}],"wp:featuredmedia":[{"embeddable":true,"href":"https:\/\/sinoextrud.com\/da\/wp-json\/wp\/v2\/media\/6275"}],"wp:attachment":[{"href":"https:\/\/sinoextrud.com\/da\/wp-json\/wp\/v2\/media?parent=6276"}],"wp:term":[{"taxonomy":"category","embeddable":true,"href":"https:\/\/sinoextrud.com\/da\/wp-json\/wp\/v2\/categories?post=6276"}],"curies":[{"name":"wp","href":"https:\/\/api.w.org\/{rel}","templated":true}]}}