{"id":6270,"date":"2025-05-26T07:23:26","date_gmt":"2025-05-26T07:23:26","guid":{"rendered":"https:\/\/sinoextrud.com\/product\/aluminium-mosquito-net-windows-and-door\/"},"modified":"2025-06-24T03:59:15","modified_gmt":"2025-06-24T03:59:15","slug":"vinduer-og-dore-med-myggenet-i-aluminium","status":"publish","type":"product","link":"https:\/\/sinoextrud.com\/da\/product\/aluminium-mosquito-net-windows-and-door\/","title":{"rendered":"Aluminiumsvinduer og -d\u00f8re med myggenet"},"content":{"rendered":"<h2>Detaljer om produkter<\/h2>\n<table class=\"custom-table\">\n<tr>\n<td class=\"label\">Vare nr.<\/td>\n<td>Aluminiumsvinduer og -d\u00f8re med myggenet<\/td>\n<\/tr>\n<tr>\n<td class=\"label\">Navn<\/td>\n<td>Farver efter kundernes behov design af myggenetd\u00f8r i aluminium til haven<\/td>\n<\/tr>\n<tr>\n<td class=\"label\">Materiale<\/td>\n<td>Sk\u00e6rmramme - aluminiumslegering 6063T5<\/td>\n<\/tr>\n<tr>\n<td class=\"label\">ST\u00d8RRELSE<\/td>\n<td>Som du beder om<\/td>\n<\/tr>\n<tr>\n<td class=\"label\">Mesh-farve<\/td>\n<td>Sort, gr\u00e5<\/td>\n<\/tr>\n<tr>\n<td class=\"label\">Sk\u00e6rm Rammefarve<\/td>\n<td>Hvid, gr\u00e5, bronzefarvet, usynlig gr\u00f8n, m\u00f8rkegr\u00e5, imiteret st\u00e5l, gul tr\u00e6farve, r\u00f8d tr\u00e6farve osv. eller tilpasset<\/td>\n<\/tr>\n<tr>\n<td class=\"label\">K\u00f8bstilstand<\/td>\n<td>Halvfabrikata \/ fast st\u00f8rrelse<\/td>\n<\/tr>\n<tr>\n<td class=\"label\">Vigtige funktioner<\/td>\n<td>Brugervenlig, robust og moderne;<br \/>Frav\u00e6ret af skinner p\u00e5 gulvet g\u00f8r det nemt at reng\u00f8re og transportere.<br \/>Let at installere og fjerne ved hj\u00e6lp af specielle plastikklemmer<br \/>Muligt at forbinde mere end \u00e9n d\u00f8r, hvilket g\u00f8r det muligt at d\u00e6kke store bredder<br \/>F\u00e5s til alle dine eksisterende d\u00f8re, enkelt\/dobbelt<br \/>Ideel til store balkoner, verandaer, franske d\u00f8re, dobbeltd\u00f8re og garage osv.<br \/>Alt tilbeh\u00f8r kan leveres individuelt<\/td>\n<\/tr>\n<tr>\n<td class=\"label\">Pakning<\/td>\n<td>Indvendig: PE-pose krympet, indpakket i boblepose<\/td>\n<\/tr>\n<tr>\n<td class=\"label\">Leveringstid<\/td>\n<td>15 dage efter modtagelse af din betaling<\/td>\n<\/tr>\n<tr>\n<td class=\"label\">Leveringsklausul<\/td>\n<td>FOB FOSHAN ,GUANGZHOU ,SHENZHEN<\/td>\n<\/tr>\n<tr>\n<td class=\"label\">Betalingsbetingelser<\/td>\n<td>Forudbetalt T\/T og L\/C<\/td>\n<\/tr>\n<\/table>\n<h2>Vores produktionsbase<\/h2>\n<h3>Panorama over fabrikken<\/h3>\n<p><img decoding=\"async\" src=\"\/wp-content\/uploads\/factory-01.webp\"\/><\/p>\n<h3>V\u00e6rksted til fremstilling af aluminiumst\u00e6nger<\/h3>\n<p><img decoding=\"async\" src=\"\/wp-content\/uploads\/factory-02.webp\"\/><\/p>\n<p><img decoding=\"async\" src=\"\/wp-content\/uploads\/factory-03.webp\"\/><\/p>\n<h3>Lager til opbevaring af skimmelsvampe<\/h3>\n<p><img decoding=\"async\" src=\"\/wp-content\/uploads\/factory-04.webp\"\/><\/p>\n<h3>43 ekstruderingslinjer for aluminium (500-5500 ton)<\/h3>\n<p><img decoding=\"async\" src=\"\/wp-content\/uploads\/factory-05.webp\"\/><\/p>\n<p><img decoding=\"async\" src=\"\/wp-content\/uploads\/factory-06.webp\"\/><\/p>\n<p><img decoding=\"async\" src=\"\/wp-content\/uploads\/factory-07.webp\"\/><\/p>\n<h3>V\u00e6rksted for pulverlakering<\/h3>\n<p><img decoding=\"async\" src=\"\/wp-content\/uploads\/factory-09.webp\"\/><\/p>\n<h3>Anodiseringsv\u00e6rksted<\/h3>\n<p><img decoding=\"async\" src=\"\/wp-content\/uploads\/factory-10.webp\"\/><\/p>\n<h3>Workshop om dyb behandling<\/h3>\n<p><img decoding=\"async\" src=\"\/wp-content\/uploads\/factory-11.webp\"\/><\/p>\n<h3>V\u00e6rksted for CNC-pr\u00e6cisionsbearbejdning<\/h3>\n<p><img decoding=\"async\" src=\"\/wp-content\/uploads\/factory-11.5.webp\"\/><\/p>\n<h3>F\u00e6rdigvare- og eksportlager<\/h3>\n<p><img decoding=\"async\" src=\"\/wp-content\/uploads\/factory-12.webp\"\/><\/p>\n<p><img decoding=\"async\" src=\"\/wp-content\/uploads\/factory-13.webp\"\/><\/p>\n<p><img decoding=\"async\" src=\"\/wp-content\/uploads\/factory-14.webp\"\/><\/p>\n<h2>OFTE STILLEDE SP\u00d8RGSM\u00c5L<\/h2>\n<p><p><b>1. Hvad er et myggenetvindue og -d\u00f8r i aluminium?<\/b><\/p>\n<p>Et myggenetvindue og -d\u00f8r i aluminium er et holdbart, korrosionsbestandigt rammesystem med integrerede finmaskede sk\u00e6rme til insektbeskyttelse og ventilation.<br \/>\n<\/p><br \/>\n<br \/>\n<p><b>2. Hvorfor v\u00e6lge et vindue og en d\u00f8r med myggenet i aluminium?<\/b><\/p>\n<p>Myggenetvinduer og -d\u00f8re i aluminium kombinerer letv\u00e6gtsstyrke, rustfri ydeevne og nem betjening med effektiv udelukkelse af myg og skadedyr.<br \/>\n<\/p><br \/>\n<br \/>\n<p><b>3. Hvordan forbedrer et myggenetvindue og -d\u00f8r i aluminium luftgennemstr\u00f8mningen?<\/b><\/p>\n<p>Det fine net i aluminiumsvinduer og -d\u00f8re med myggenet giver maksimal luftgennemstr\u00f8mning, samtidig med at det forhindrer insekter i at komme ind og forbedrer indeklimaet.<br \/>\n<\/p><br \/>\n<br \/>\n<p><b>4. Er vindues- og d\u00f8rrammer med myggenet i aluminium vedligeholdelsesvenlige?<\/b><\/p>\n<p>Ja, myggenetvinduer og -d\u00f8re i aluminium kr\u00e6ver kun regelm\u00e6ssig reng\u00f8ring af rammer og sk\u00e6rme for at opretholde korrosionsbestandighed og problemfri drift.<br \/>\n<\/p><br \/>\n<br \/>\n<p><b>5. kan myggenetvinduer og d\u00f8rsk\u00e6rme i aluminium tilpasses?<\/b><\/p>\n<p>Myggenet i aluminium til vinduer og d\u00f8re underst\u00f8tter brugerdefinerede masket\u00e6theder, rammefarver og st\u00f8rrelser, s\u00e5 de passer til enhver vindues- eller d\u00f8r\u00e5bning.<br \/>\n<\/p><br \/>\n<br \/>\n<p><b>6. Hvordan fungerer vindues- og d\u00f8rrammer af aluminium med myggenet i barske klimaer?<\/b><\/p>\n<p>Vejrbestandige myggenetvinduer og -d\u00f8re i aluminium modst\u00e5r UV-eksponering, saltluft og fugt uden at blive sk\u00e6ve eller falme.<br \/>\n<\/p><br \/>\n<br \/>\n<p><b>7. Hvilke sikkerhedsfunktioner findes der for aluminiumsvinduer og -d\u00f8re med myggenet?<\/b><\/p>\n<p>Forst\u00e6rkede vindues- og d\u00f8rrammer med myggenet i aluminium kan indeholde flerpunktsl\u00e5se og forst\u00e6rket net for ekstra sikkerhed og ro i sindet.<br \/>\n<\/p><br \/>\n<br \/>\n<p><b>8. Er vindues- og d\u00f8rsystemer med myggenet i aluminium nemme at installere?<\/b><\/p>\n<p>Myggenets\u00e6t til vinduer og d\u00f8re i aluminium har forborede rammer og snap-in-net til hurtig g\u00f8r-det-selv-montering eller professionel installation.<br \/>\n<\/p><br \/>\n<br \/>\n<p><b>9. Hvor milj\u00f8venlige er vindues- og d\u00f8rprodukter med myggenet i aluminium?<\/b><\/p>\n<p>Myggenetvinduer og -d\u00f8re i aluminium er fuldt genanvendelige, energieffektive at producere og bidrager til b\u00e6redygtig byggepraksis.<br \/>\n<\/p><br \/>\n<br \/>\n<p><b>10. Hvor kan jeg k\u00f8be kvalitetsl\u00f8sninger til vinduer og d\u00f8re med myggenet i aluminium?<\/b><\/p>\n<p>F\u00f8rende producenter af myggenetvinduer og -d\u00f8re i aluminium tilbyder ISO-certificerede produkter, global distribution og dedikeret teknisk support.<br \/>\n<\/p><br \/><\/p>","protected":false},"featured_media":6269,"template":"","categories":[59],"class_list":["post-6270","product","type-product","status-publish","has-post-thumbnail","hentry","category-aluminum-window-door-system"],"meta_box":{"hilight_text_group":{"product_hilight_text":"<li>Multi-chamber thermal break design for superior insulation and reduced energy costs<\/li>\r\r\n<li>High-strength 6063-T5 alloy construction ensuring structural rigidity<\/li>\r\r\n<li>Precision extrusion with \u00c2\u00b10.1 mm tolerance for seamless assembly<\/li>\r\r\n<li>Customizable profiles and lengths to suit diverse architectural requirements<\/li>\r\r\n<li>Optional finishes (anodized, powder-coated) for corrosion protection and aesthetics<\/li>\r\r\n<li>Integrated drainage and condensation channels for reliable water management<\/li>\r\r\n<li>Compliant with international thermal performance standards (EN, ASTM)<\/li>\r\r\n<li>RoHS-compliant and fully recyclable for sustainable building practices<\/li>","product_chanpin_chanpin":"<li><a href=\"https:\/\/sinoextrud.com\/product\/aluminum-casement-window-double-hung-single-hung-jalousie-security-door-and-window\/\" target=\"_blank\">aluminum casement window Double Hung Single Hung Jalousie Security Door And Window<\/a><\/li>\r\n<li><a href=\"https:\/\/sinoextrud.com\/product\/aluminum-window\/\" target=\"_blank\">Aluminum Window<\/a><\/li>\r\n<li><a href=\"https:\/\/sinoextrud.com\/product\/aluminum-profile-windows-extrusion-companies-in-china\/\" target=\"_blank\">aluminum profile windows extrusion companies in china<\/a><\/li>\r\n<li><a href=\"https:\/\/sinoextrud.com\/product\/thermal-break-aluminium-profiles\/\" target=\"_blank\">Thermal Break Aluminium Profiles<\/a><\/li>\r\n<li><a href=\"https:\/\/sinoextrud.com\/product\/aluminium-mosquito-net-windows-and-door\/\" target=\"_blank\">Aluminium Mosquito Net Windows And Door<\/a><\/li>\r\n<li><a href=\"https:\/\/sinoextrud.com\/product\/aluminum-profile-doors\/\" target=\"_blank\">Aluminum Profile Doors<\/a><\/li>\r\n<li><a href=\"https:\/\/sinoextrud.com\/product\/aluminium-gate-fence\/\" target=\"_blank\">Aluminium gate fence<\/a><\/li>\r\n<li><a href=\"https:\/\/sinoextrud.com\/product\/aluminum-windows-and-doors\/\" target=\"_blank\">Aluminum Windows And Doors<\/a><\/li>\r\n<li><a href=\"https:\/\/sinoextrud.com\/product\/oem-aluminum-extrusion-profile-for-windows-and-doors\/\" target=\"_blank\">OEM Aluminum Extrusion Profile for Windows and Doors<\/a><\/li>\r\n<li><a href=\"https:\/\/sinoextrud.com\/product\/aluminium-enclosure\/\" target=\"_blank\">Aluminium Enclosure<\/a><\/li>\r\n<li><a href=\"https:\/\/sinoextrud.com\/product\/aluminum-hydraulic-oil-tank\/\" target=\"_blank\">Aluminum Hydraulic Oil Tank<\/a><\/li>"},"feature_list":[]},"_links":{"self":[{"href":"https:\/\/sinoextrud.com\/da\/wp-json\/wp\/v2\/product\/6270","targetHints":{"allow":["GET"]}}],"collection":[{"href":"https:\/\/sinoextrud.com\/da\/wp-json\/wp\/v2\/product"}],"about":[{"href":"https:\/\/sinoextrud.com\/da\/wp-json\/wp\/v2\/types\/product"}],"wp:featuredmedia":[{"embeddable":true,"href":"https:\/\/sinoextrud.com\/da\/wp-json\/wp\/v2\/media\/6269"}],"wp:attachment":[{"href":"https:\/\/sinoextrud.com\/da\/wp-json\/wp\/v2\/media?parent=6270"}],"wp:term":[{"taxonomy":"category","embeddable":true,"href":"https:\/\/sinoextrud.com\/da\/wp-json\/wp\/v2\/categories?post=6270"}],"curies":[{"name":"wp","href":"https:\/\/api.w.org\/{rel}","templated":true}]}}