{"id":6258,"date":"2025-05-26T06:59:40","date_gmt":"2025-05-26T06:59:40","guid":{"rendered":"https:\/\/sinoextrud.com\/product\/aluminum-window-frame\/"},"modified":"2025-06-24T03:56:02","modified_gmt":"2025-06-24T03:56:02","slug":"vinduesramme-i-aluminium","status":"publish","type":"product","link":"https:\/\/sinoextrud.com\/da\/product\/aluminum-window-frame\/","title":{"rendered":"Vinduesramme af aluminium"},"content":{"rendered":"<h2>Detaljer om produkter<\/h2>\n<table class=\"custom-table\">\n<tr>\n<td class=\"label\">Vare<\/td>\n<td>Vinduesramme i aluminium<\/td>\n<\/tr>\n<tr>\n<td class=\"label\">Materiale<\/td>\n<td>Legering 6063 T5<\/td>\n<\/tr>\n<tr>\n<td class=\"label\">Anvendelse<\/td>\n<td>Vinduer og d\u00f8re i aluminium<\/td>\n<\/tr>\n<tr>\n<td class=\"label\">Certifikat<\/td>\n<td>ISO9001, ISO14001<\/td>\n<\/tr>\n<tr>\n<td class=\"label\">Kapacitet<\/td>\n<td>\u00c5rlig produktion p\u00e5 mere end 200.000 tons<\/td>\n<\/tr>\n<tr>\n<td class=\"label\">Farve<\/td>\n<td>Tilpasset til r\u00e5dighed<\/td>\n<\/tr>\n<tr>\n<td class=\"label\">L\u00e6ngde<\/td>\n<td>1-9 meter eller tilpasset<\/td>\n<\/tr>\n<tr>\n<td class=\"label\">Tykkelse<\/td>\n<td>Tilpasset<\/td>\n<\/tr>\n<tr>\n<td class=\"label\">Overfladefinish<\/td>\n<td>anodisering, pulverlakering, overf\u00f8rsel af tr\u00e6korn, elektroforese osv.<\/td>\n<\/tr>\n<tr>\n<td class=\"label\">Anvendelse<\/td>\n<td>vindues- og d\u00f8rparti i aluminium, facadev\u00e6g<\/td>\n<\/tr>\n<tr>\n<td class=\"label\">Lastning af port<\/td>\n<td>Foshan, Shenzhen, Guangzhou<\/td>\n<\/tr>\n<tr>\n<td class=\"label\">Betaling<\/td>\n<td>T \/ T, 30% udbetaling, mens saldoen skal betales f\u00f8r levering<\/td>\n<\/tr>\n<tr>\n<td class=\"label\">Pakke<\/td>\n<td>1.Inside: pakket med beskyttende plastfilm for at beskytte hver profil<br \/>2.Outside: pakket med vandt\u00e6t h\u00e5ndv\u00e6rkspapir<\/td>\n<\/tr>\n<tr>\n<td class=\"label\">Levering<\/td>\n<td>25-30 dage efter udbetaling<\/td>\n<\/tr>\n<tr>\n<td class=\"label\">Bestillingsr\u00e6kkef\u00f8lge<\/td>\n<td>1. Bekr\u00e6ft tegninger, overfladebehandling og pris;<br \/>2. Betal formgebyret, og vi begynder at lave forme;<br \/>3. Vi sender pr\u00f8ver til dig for at f\u00e5 din bekr\u00e6ftelse;<br \/>4. Foretag betaling af 30%-indskud, start produktionen;<\/td>\n<\/tr>\n<\/table>\n<h2>Vores produktionsbase<\/h2>\n<h3>Panorama over fabrikken<\/h3>\n<p><img decoding=\"async\" src=\"\/wp-content\/uploads\/factory-01.webp\"\/><\/p>\n<h3>V\u00e6rksted til fremstilling af aluminiumst\u00e6nger<\/h3>\n<p><img decoding=\"async\" src=\"\/wp-content\/uploads\/factory-02.webp\"\/><\/p>\n<\/p>\n<p><img decoding=\"async\" src=\"\/wp-content\/uploads\/factory-03.webp\"\/><\/p>\n<h3>Lager til opbevaring af skimmelsvampe<\/h3>\n<p><img decoding=\"async\" src=\"\/wp-content\/uploads\/factory-04.webp\"\/><\/p>\n<h3>43 ekstruderingslinjer for aluminium (500-5500 ton)<\/h3>\n<p><img decoding=\"async\" src=\"\/wp-content\/uploads\/factory-05.webp\"\/><\/p>\n<p><img decoding=\"async\" src=\"\/wp-content\/uploads\/factory-06.webp\"\/><\/p>\n<p><img decoding=\"async\" src=\"\/wp-content\/uploads\/factory-07.webp\"\/><\/p>\n<h3>V\u00e6rksted for pulverlakering<\/h3>\n<p><img decoding=\"async\" src=\"\/wp-content\/uploads\/factory-09.webp\"\/><\/p>\n<h3>Anodiseringsv\u00e6rksted<\/h3>\n<p><img decoding=\"async\" src=\"\/wp-content\/uploads\/factory-10.webp\"\/><\/p>\n<h3>Workshop om dyb behandling<\/h3>\n<p><img decoding=\"async\" src=\"\/wp-content\/uploads\/factory-11.webp\"\/><\/p>\n<h3>V\u00e6rksted for CNC-pr\u00e6cisionsbearbejdning<\/h3>\n<p><img decoding=\"async\" src=\"\/wp-content\/uploads\/factory-11.5.webp\"\/><\/p>\n<h3>F\u00e6rdigvare- og eksportlager<\/h3>\n<p><img decoding=\"async\" src=\"\/wp-content\/uploads\/factory-12.webp\"\/><\/p>\n<p><img decoding=\"async\" src=\"\/wp-content\/uploads\/factory-13.webp\"\/><\/p>\n<p><img decoding=\"async\" src=\"\/wp-content\/uploads\/factory-14.webp\"\/><\/p>\n<h2>OFTE STILLEDE SP\u00d8RGSM\u00c5L<\/h2>\n<p><b>1. Hvad er en vinduesramme af aluminium?<\/b><\/p>\n<p>En vinduesramme i aluminium er en pr\u00e6cisionsekstruderet strukturel komponent fremstillet af en h\u00f8jstyrkealuminiumlegering, der er designet til at underst\u00f8tte glasruder og give holdbare vinduessamlinger.\n<\/p>\n<p><\/p>\n<p><b>2. Hvorfor v\u00e6lge en vinduesramme i aluminium til moderne bygninger?<\/b><\/p>\n<p>En vinduesramme i aluminium har en slank profil, et overlegent forhold mellem styrke og v\u00e6gt og en moderne \u00e6stetik, der er ideel til erhvervs- og boligarkitektur.\n<\/p>\n<p><\/p>\n<p><b>3. Hvordan forbedrer en vinduesramme af aluminium energieffektiviteten?<\/b><\/p>\n<p>Energieffektive vinduesrammer i aluminium har termisk brydningsteknologi og design med flere kamre for at reducere varmeoverf\u00f8rsel og s\u00e6nke varme- og k\u00f8leomkostninger.\n<\/p>\n<p><\/p>\n<p><b>4. Er vinduesrammer af aluminium holdbare og korrosionsbestandige?<\/b><\/p>\n<p>Vinduesrammer af aluminium modst\u00e5r rust, UV-nedbrydning og vejrlig, hvilket sikrer langvarig ydeevne med minimal vedligeholdelse i kystn\u00e6re og fugtige milj\u00f8er.\n<\/p>\n<p><\/p>\n<p><b>5. Kan vinduesrammer i aluminium tilpasses til designfleksibilitet?<\/b><\/p>\n<p>Ja, vinduesrammer i aluminium underst\u00f8tter tilpassede ekstruderingsprofiler, finish, pulverlakering og anodisering, s\u00e5 de passer til enhver arkitektonisk stil og farvepalet.\n<\/p>\n<p><\/p>\n<p><b>6. Hvordan fungerer vinduesrammer i aluminium under ekstreme vejrforhold?<\/b><\/p>\n<p>H\u00f8jtydende vinduesrammer i aluminium opretholder den strukturelle integritet under store vindbelastninger, regn og temperatursvingninger uden at blive sk\u00e6ve eller falme.\n<\/p>\n<p><\/p>\n<p><b>7. Hvilken vedligeholdelse er n\u00f8dvendig for vinduesrammer af aluminium?<\/b><\/p>\n<p>Aluminiumsrammer med lav vedligeholdelse kr\u00e6ver kun regelm\u00e6ssig reng\u00f8ring og inspektion, og der kr\u00e6ves ingen maling eller forsegling takket v\u00e6re den holdbare fabriksmonterede finish.\n<\/p>\n<p><\/p>\n<p><b>8. Giver vinduesrammer af aluminium \u00f8get sikkerhed?<\/b><\/p>\n<p>Forst\u00e6rkede vinduesrammer af aluminium har flerpunktsl\u00e5s og lamineret glas, hvilket giver st\u00e6rk modstand mod indbrud og forbedret sikkerhed.\n<\/p>\n<p><\/p>\n<p><b>9. Er vinduesrammer af aluminium milj\u00f8venlige og genanvendelige?<\/b><\/p>\n<p>Vinduesrammer i aluminium er fuldt genanvendelige, bruger mindre energi i produktionen og underst\u00f8tter b\u00e6redygtige bygningscertificeringer som LEED og BREEAM.\n<\/p>\n<p><\/p>\n<p><b>10. Hvor kan jeg k\u00f8be vinduesrammer i aluminium af h\u00f8j kvalitet?<\/b><\/p>\n<p>F\u00f8rende producenter leverer certificerede vinduesrammer i aluminium med ISO-standarder, global distribution og teknisk support til problemfri vinduesinstallation.\n<\/p>\n<p><\/p>","protected":false},"featured_media":6257,"template":"","categories":[59],"class_list":["post-6258","product","type-product","status-publish","has-post-thumbnail","hentry","category-aluminum-window-door-system"],"meta_box":{"hilight_text_group":{"product_hilight_text":"<li>Manufactured from 6063-T5 aluminum alloy for exceptional strength and durability<\/li>\r\r\n<li>Precision-engineered profiles with \u00c2\u00b10.1 mm tolerance for seamless assembly<\/li>\r\r\n<li>Optional thermal break design to improve energy efficiency and reduce condensation<\/li>\r\r\n<li>Multiple finish options (anodized, powder-coated) for corrosion resistance and design flexibility<\/li>\r\r\n<li>Integrated drainage and ventilation channels to prevent water buildup<\/li>\r\r\n<li>Pre-drilled mounting holes and snap-fit corners for quick, error-free installation<\/li>\r\r\n<li>Compatible with standard glazing beads and weather seals for superior airtightness<\/li>\r\r\n<li>Lightweight yet robust construction reduces shipping costs and handling effort<\/li>","product_chanpin_chanpin":"<li><a href=\"https:\/\/sinoextrud.com\/product\/6063t6-aluminium-profile-corner\/\" target=\"_blank\">6063T6 Aluminium Profile Corner<\/a><\/li>\r\n<li><a href=\"https:\/\/sinoextrud.com\/product\/extruded-aluminum-sliding-channel\/\" target=\"_blank\">Extruded Aluminum Sliding Channel<\/a><\/li>\r\n<li><a href=\"https:\/\/sinoextrud.com\/product\/aluminum-door-frame-profile\/\" target=\"_blank\">Aluminum Door Frame Profile<\/a><\/li>\r\n<li><a href=\"https:\/\/sinoextrud.com\/product\/sliding-window-aluminum-window-track\/\" target=\"_blank\">Sliding Window Aluminum Window Track<\/a><\/li>\r\n<li><a href=\"https:\/\/sinoextrud.com\/product\/aluminum-window-frame\/\" target=\"_blank\">Aluminum Window Frame<\/a><\/li>\r\n<li><a href=\"https:\/\/sinoextrud.com\/product\/aluminum-window-profile\/\" target=\"_blank\">Aluminum Window Profile<\/a><\/li>\r\n<li><a href=\"https:\/\/sinoextrud.com\/product\/aluminum-casement-window-double-hung-single-hung-jalousie-security-door-and-window\/\" target=\"_blank\">aluminum casement window Double Hung Single Hung Jalousie Security Door And Window<\/a><\/li>\r\n<li><a href=\"https:\/\/sinoextrud.com\/product\/aluminum-window\/\" target=\"_blank\">Aluminum Window<\/a><\/li>\r\n<li><a href=\"https:\/\/sinoextrud.com\/product\/aluminum-profile-windows-extrusion-companies-in-china\/\" target=\"_blank\">aluminum profile windows extrusion companies in china<\/a><\/li>\r\n<li><a href=\"https:\/\/sinoextrud.com\/product\/fluorocarbon-coated-heavy-duty-exposed-aluminium-frame-glazed-building-curtain-wall-aluminium-profile\/\" target=\"_blank\">Fluorocarbon coated heavy duty exposed aluminium frame glazed building curtain wall aluminium profile<\/a><\/li>\r\n<li><a href=\"https:\/\/sinoextrud.com\/product\/greenhouse-aluminum-extrusions-blade-window\/\" target=\"_blank\">Greenhouse Aluminum Extrusions Blade Window<\/a><\/li>"},"feature_list":[]},"_links":{"self":[{"href":"https:\/\/sinoextrud.com\/da\/wp-json\/wp\/v2\/product\/6258","targetHints":{"allow":["GET"]}}],"collection":[{"href":"https:\/\/sinoextrud.com\/da\/wp-json\/wp\/v2\/product"}],"about":[{"href":"https:\/\/sinoextrud.com\/da\/wp-json\/wp\/v2\/types\/product"}],"wp:featuredmedia":[{"embeddable":true,"href":"https:\/\/sinoextrud.com\/da\/wp-json\/wp\/v2\/media\/6257"}],"wp:attachment":[{"href":"https:\/\/sinoextrud.com\/da\/wp-json\/wp\/v2\/media?parent=6258"}],"wp:term":[{"taxonomy":"category","embeddable":true,"href":"https:\/\/sinoextrud.com\/da\/wp-json\/wp\/v2\/categories?post=6258"}],"curies":[{"name":"wp","href":"https:\/\/api.w.org\/{rel}","templated":true}]}}