{"id":6252,"date":"2025-05-26T06:52:58","date_gmt":"2025-05-26T06:52:58","guid":{"rendered":"https:\/\/sinoextrud.com\/product\/extruded-aluminum-sliding-channel\/"},"modified":"2025-06-24T03:55:56","modified_gmt":"2025-06-24T03:55:56","slug":"glideskinne-i-ekstruderet-aluminium","status":"publish","type":"product","link":"https:\/\/sinoextrud.com\/da\/product\/extruded-aluminum-sliding-channel\/","title":{"rendered":"Glideskinne af ekstruderet aluminium"},"content":{"rendered":"<h2>Detaljer om produkter<\/h2>\n<table class=\"custom-table\">\n<tr>\n<td class=\"label\">Navn<\/td>\n<td>Glideskinne i ekstruderet aluminium<\/td>\n<\/tr>\n<tr>\n<td class=\"label\">Kategori<\/td>\n<td>Sektioner af aluminium<\/td>\n<\/tr>\n<tr>\n<td class=\"label\">Type<\/td>\n<td>Tung eller let type er tilg\u00e6ngelig<\/td>\n<\/tr>\n<tr>\n<td class=\"label\">Materiale<\/td>\n<td>6061 er meget udbredt. 6063, 6463, 6005, 6082 er ogs\u00e5 tilg\u00e6ngelige.<\/td>\n<\/tr>\n<tr>\n<td class=\"label\">Temperament<\/td>\n<td>T5-T8<\/td>\n<\/tr>\n<tr>\n<td class=\"label\">L\u00e6ngde<\/td>\n<td>1-9M eller tilpasning<\/td>\n<\/tr>\n<tr>\n<td class=\"label\">St\u00f8rrelse (mm)<\/td>\n<td>Som p\u00e5 tegningen<\/td>\n<\/tr>\n<tr>\n<td class=\"label\">Form<\/td>\n<td>Enkelt \/ Dobbelt \/ Tredobbelt<\/td>\n<\/tr>\n<tr>\n<td class=\"label\">Overfladebehandling<\/td>\n<td>Fr\u00e6set f\u00e6rdig, anodiseret, sandbl\u00e6sning, elektroforese, power coating osv.<\/td>\n<\/tr>\n<tr>\n<td class=\"label\">Farve<\/td>\n<td>S\u00f8lv, sort, hvid, r\u00f8d, gul, champagne eller tilpasset farve<\/td>\n<\/tr>\n<tr>\n<td class=\"label\">Standard<\/td>\n<td>ASTM, GB, DIN<\/td>\n<\/tr>\n<tr>\n<td class=\"label\">Fra<\/td>\n<td>Guangdong, Kina<\/td>\n<\/tr>\n<tr>\n<td class=\"label\">Anvendelse<\/td>\n<td>Vindue og d\u00f8r, samt skinne, glidebane, spalte i industrien<\/td>\n<\/tr>\n<\/table>\n<h2>Vores produktionsbase<\/h2>\n<h3>Panorama over fabrikken<\/h3>\n<p><img decoding=\"async\" src=\"\/wp-content\/uploads\/factory-01.webp\"\/><\/p>\n<h3>V\u00e6rksted til fremstilling af aluminiumst\u00e6nger<\/h3>\n<p><img decoding=\"async\" src=\"\/wp-content\/uploads\/factory-02.webp\"\/><\/p>\n<p><img decoding=\"async\" src=\"\/wp-content\/uploads\/factory-03.webp\"\/><\/p>\n<h3>Lager til opbevaring af skimmelsvampe<\/h3>\n<p><img decoding=\"async\" src=\"\/wp-content\/uploads\/factory-04.webp\"\/><\/p>\n<h3>43 ekstruderingslinjer for aluminium (500-5500 ton)<\/h3>\n<p><img decoding=\"async\" src=\"\/wp-content\/uploads\/factory-05.webp\"\/><\/p>\n<p><img decoding=\"async\" src=\"\/wp-content\/uploads\/factory-06.webp\"\/><\/p>\n<p><img decoding=\"async\" src=\"\/wp-content\/uploads\/factory-07.webp\"\/><\/p>\n<h3>V\u00e6rksted for pulverlakering<\/h3>\n<p><img decoding=\"async\" src=\"\/wp-content\/uploads\/factory-09.webp\"\/><\/p>\n<h3>Anodiseringsv\u00e6rksted<\/h3>\n<p><img decoding=\"async\" src=\"\/wp-content\/uploads\/factory-10.webp\"\/><\/p>\n<h3>Workshop om dyb behandling<\/h3>\n<p><img decoding=\"async\" src=\"\/wp-content\/uploads\/factory-11.webp\"\/><\/p>\n<h3>V\u00e6rksted for CNC-pr\u00e6cisionsbearbejdning<\/h3>\n<p><img decoding=\"async\" src=\"\/wp-content\/uploads\/factory-11.5.webp\"\/><\/p>\n<h3>F\u00e6rdigvare- og eksportlager<\/h3>\n<p><img decoding=\"async\" src=\"\/wp-content\/uploads\/factory-12.webp\"\/><\/p>\n<p><img decoding=\"async\" src=\"\/wp-content\/uploads\/factory-13.webp\"\/><\/p>\n<p><img decoding=\"async\" src=\"\/wp-content\/uploads\/factory-14.webp\"\/><\/p>\n<h2>OFTE STILLEDE SP\u00d8RGSM\u00c5L<\/h2>\n<p><p><b>1. Hvad er en glidekanal i ekstruderet aluminium?<\/b><\/p>\n<p>En skydeskinne i ekstruderet aluminium er et pr\u00e6cisionsfremstillet skinnesystem i aluminium, der er designet til glatte, holdbare skydeanvendelser i d\u00f8re, vinduer og paneler.<br \/>\n<\/p><br \/>\n<br \/>\n<p><b>2. Hvad er de vigtigste egenskaber ved en glidekanal i ekstruderet aluminium?<\/b><\/p>\n<p>N\u00f8glefunktionerne omfatter ekstrudering med h\u00f8j styrke, korrosionsbestandighed, sn\u00e6vre dimensionelle tolerancer, tilpassede l\u00e6ngder og glideflader med lav friktion.<br \/>\n<\/p><br \/>\n<br \/>\n<p><b>3. Hvordan forbedrer en glidekanal i ekstruderet aluminium ydeevnen?<\/b><\/p>\n<p>Glideskinner af ekstruderet aluminium sikrer ensartet, j\u00e6vn bev\u00e6gelse, reduceret slid p\u00e5 ruller og forbedret b\u00e6reevne for tunge glidepaneler.<br \/>\n<\/p><br \/>\n<br \/>\n<p><b>4. Hvorfor v\u00e6lge skydeskinner i ekstruderet aluminium frem for plast eller st\u00e5l?<\/b><\/p>\n<p>Glideskinner af ekstruderet aluminium giver et overlegent styrke\/v\u00e6gt-forhold, naturlig korrosionsbestandighed, bedre termisk stabilitet og fordele ved genanvendeligt materiale.<br \/>\n<\/p><br \/>\n<br \/>\n<p><b>5. Kan skydekanaler af ekstruderet aluminium anodiseres eller coates?<\/b><\/p>\n<p>Ja, skydeskinner i ekstruderet aluminium kan anodiseres, pulverlakeres og specialbehandles for at forbedre \u00e6stetikken, ridsefastheden og den langsigtede holdbarhed.<br \/>\n<\/p><br \/>\n<br \/>\n<p><b>6. Hvilke applikationer drager fordel af ekstruderede aluminiumsskinner?<\/b><\/p>\n<p>Skydekanaler af ekstruderet aluminium er ideelle til skyded\u00f8re i boliger og erhverv, glasskillev\u00e6gge, skabsskuffer og afsk\u00e6rmning af industrimaskiner.<br \/>\n<\/p><br \/>\n<br \/>\n<p><b>7. Hvordan installerer man en skydeskinne i ekstruderet aluminium?<\/b><\/p>\n<p>Installationen omfatter fastg\u00f8relse af kanalen til monteringsoverfladen med skruer eller kl\u00e6bemidler, justering af ruller eller f\u00f8ringer og justering, s\u00e5 den glider j\u00e6vnt.<br \/>\n<\/p><br \/>\n<br \/>\n<p><b>8. Er skydeskinner af ekstruderet aluminium vedligeholdelsesfrie?<\/b><\/p>\n<p>Vedligeholdelse af glidekanaler af ekstruderet aluminium er minimal - periodisk reng\u00f8ring og sm\u00f8ring af glideelementer sikrer optimal ydeevne og lang levetid.<br \/>\n<\/p><br \/>\n<br \/>\n<p><b>9. Hvilke tilpasningsmuligheder findes der for skydekanaler i ekstruderet aluminium?<\/b><\/p>\n<p>Producenterne tilbyder skr\u00e6ddersyede tv\u00e6rsnit, slidsekonfigurationer, hulm\u00f8nstre og l\u00e6ngdesnit til skr\u00e6ddersyede l\u00f8sninger med skydekanaler i ekstruderet aluminium.<br \/>\n<\/p><br \/>\n<br \/>\n<p><b>10. Hvor kan jeg k\u00f8be skydekanaler i ekstruderet aluminium af h\u00f8j kvalitet?<\/b><\/p>\n<p>F\u00f8rende ekstruderingsleverand\u00f8rer leverer certificerede ekstruderede aluminiumsglideskinner med ISO-kvalitetssikring, global forsendelse og teknisk support.<br \/>\n<\/p><br \/><\/p>","protected":false},"featured_media":6251,"template":"","categories":[59],"class_list":["post-6252","product","type-product","status-publish","has-post-thumbnail","hentry","category-aluminum-window-door-system"],"meta_box":{"hilight_text_group":{"product_hilight_text":"<li>High-precision extrusion for uniform sliding action and minimal friction<\/li>\r\r\n<li>Hard-anodized surface for enhanced wear resistance and corrosion protection<\/li>\r\r\n<li>Customizable channel dimensions and profiles to fit diverse application needs<\/li>\r\r\n<li>Integrated drainage slots to prevent debris build-up and ensure smooth operation<\/li>\r\r\n<li>Lightweight 6061-T6 aluminum construction for strength-to-weight optimization<\/li>\r\r\n<li>Compatible with standard bearings and sliders for easy assembly<\/li>\r\r\n<li>Low maintenance with self-lubricating track options available<\/li>\r\r\n<li>RoHS-compliant and fully recyclable for sustainable manufacturing<\/li>","product_chanpin_chanpin":"<li><a href=\"https:\/\/sinoextrud.com\/product\/extruded-aluminum-alloy-profile-for-glass-floor-channel\/\" target=\"_blank\">Extruded Aluminum Alloy Profile For Glass Floor Channel<\/a><\/li>\r\n<li><a href=\"https:\/\/sinoextrud.com\/product\/aluminum-extrusion-aerospace-grade-2024-aluminum-alloy-tubes\/\" target=\"_blank\">Aluminum Extrusion Aerospace-Grade 2024 Aluminum Alloy Tubes<\/a><\/li>\r\n<li><a href=\"https:\/\/sinoextrud.com\/product\/aluminum-casement-door\/\" target=\"_blank\">Aluminum Casement Door<\/a><\/li>\r\n<li><a href=\"https:\/\/sinoextrud.com\/product\/6063t6-aluminium-profile-corner\/\" target=\"_blank\">6063T6 Aluminium Profile Corner<\/a><\/li>\r\n<li><a href=\"https:\/\/sinoextrud.com\/product\/extruded-aluminum-sliding-channel\/\" target=\"_blank\">Extruded Aluminum Sliding Channel<\/a><\/li>\r\n<li><a href=\"https:\/\/sinoextrud.com\/product\/aluminum-door-frame-profile\/\" target=\"_blank\">Aluminum Door Frame Profile<\/a><\/li>\r\n<li><a href=\"https:\/\/sinoextrud.com\/product\/sliding-window-aluminum-window-track\/\" target=\"_blank\">Sliding Window Aluminum Window Track<\/a><\/li>\r\n<li><a href=\"https:\/\/sinoextrud.com\/product\/aluminum-window-frame\/\" target=\"_blank\">Aluminum Window Frame<\/a><\/li>\r\n<li><a href=\"https:\/\/sinoextrud.com\/product\/aluminum-window-profile\/\" target=\"_blank\">Aluminum Window Profile<\/a><\/li>\r\n<li><a href=\"https:\/\/sinoextrud.com\/product\/customized-aluminum-porch-railing\/\" target=\"_blank\">Customized Aluminum Porch Railing<\/a><\/li>\r\n<li><a href=\"https:\/\/sinoextrud.com\/product\/high-quality-aluminium-extrusion-profile-for-curtain-wall\/\" target=\"_blank\">High Quality Aluminium Extrusion Profile for Curtain Wall<\/a><\/li>"},"feature_list":[]},"_links":{"self":[{"href":"https:\/\/sinoextrud.com\/da\/wp-json\/wp\/v2\/product\/6252","targetHints":{"allow":["GET"]}}],"collection":[{"href":"https:\/\/sinoextrud.com\/da\/wp-json\/wp\/v2\/product"}],"about":[{"href":"https:\/\/sinoextrud.com\/da\/wp-json\/wp\/v2\/types\/product"}],"wp:featuredmedia":[{"embeddable":true,"href":"https:\/\/sinoextrud.com\/da\/wp-json\/wp\/v2\/media\/6251"}],"wp:attachment":[{"href":"https:\/\/sinoextrud.com\/da\/wp-json\/wp\/v2\/media?parent=6252"}],"wp:term":[{"taxonomy":"category","embeddable":true,"href":"https:\/\/sinoextrud.com\/da\/wp-json\/wp\/v2\/categories?post=6252"}],"curies":[{"name":"wp","href":"https:\/\/api.w.org\/{rel}","templated":true}]}}