{"id":6250,"date":"2025-05-26T06:33:58","date_gmt":"2025-05-26T06:33:58","guid":{"rendered":"https:\/\/sinoextrud.com\/product\/6063t6-aluminium-profile-corner\/"},"modified":"2025-06-24T03:55:46","modified_gmt":"2025-06-24T03:55:46","slug":"6063t6-aluminium-profil-hjorne","status":"publish","type":"product","link":"https:\/\/sinoextrud.com\/da\/product\/6063t6-aluminium-profile-corner\/","title":{"rendered":"6063T6 Aluminium Profil Hj\u00f8rne"},"content":{"rendered":"<h2>Detaljer om produkter<\/h2>\n<table class=\"custom-table\">\n<tr>\n<td class=\"label\">Produktets navn<\/td>\n<td>Triangle Corner Aluminum Section, Corner Aluminum Profile, Alumium Corner Profile, 6063T6 Aluminium Profile Corner<\/td>\n<\/tr>\n<tr>\n<td class=\"label\">Materiale<\/td>\n<td>Aluminiumslegering 6063,6005, 6005A,6061,6082,6463<\/td>\n<\/tr>\n<tr>\n<td class=\"label\">Temperament<\/td>\n<td>T3-T8 til hj\u00f8rne af aluminiumsprofil<\/td>\n<\/tr>\n<tr>\n<td class=\"label\">F\u00e6rdig<\/td>\n<td>Mill finish, anodisering, pulverlakering, PVDF, tr\u00e6korn, b\u00f8rste osv.<\/td>\n<\/tr>\n<tr>\n<td class=\"label\">Coler<\/td>\n<td>S\u00f8lv, sort, champagne, bronze, hvid, RAL-farver, guld, tr\u00e6farve osv.<\/td>\n<\/tr>\n<tr>\n<td class=\"label\">MOQ<\/td>\n<td>200KGS<\/td>\n<\/tr>\n<tr>\n<td class=\"label\">Anvendelse<\/td>\n<td>Byggeri, industri, energi, transport osv.<\/td>\n<\/tr>\n<tr>\n<td class=\"label\">Fabrikationsservice<\/td>\n<td>Stansning, boring, svejsning, b\u00f8jning, CNC-maskinservice kan tilbydes, hvis det er n\u00f8dvendigt<\/td>\n<\/tr>\n<\/table>\n<h2>Vores produktionsbase<\/h2>\n<h3>Panorama over fabrikken<\/h3>\n<p><img decoding=\"async\" src=\"\/wp-content\/uploads\/factory-01.webp\"\/><\/p>\n<h3>V\u00e6rksted til fremstilling af aluminiumst\u00e6nger<\/h3>\n<p><img decoding=\"async\" src=\"\/wp-content\/uploads\/factory-02.webp\"\/><\/p>\n<p><img decoding=\"async\" src=\"\/wp-content\/uploads\/factory-03.webp\"\/><\/p>\n<h3>Lager til opbevaring af skimmelsvampe<\/h3>\n<p><img decoding=\"async\" src=\"\/wp-content\/uploads\/factory-04.webp\"\/><\/p>\n<h3>43 ekstruderingslinjer for aluminium (500-5500 ton)<\/h3>\n<p><img decoding=\"async\" src=\"\/wp-content\/uploads\/factory-05.webp\"\/><\/p>\n<p><img decoding=\"async\" src=\"\/wp-content\/uploads\/factory-06.webp\"\/><\/p>\n<p><img decoding=\"async\" src=\"\/wp-content\/uploads\/factory-07.webp\"\/><\/p>\n<h3>V\u00e6rksted for pulverlakering<\/h3>\n<p><img decoding=\"async\" src=\"\/wp-content\/uploads\/factory-09.webp\"\/><\/p>\n<h3>Anodiseringsv\u00e6rksted<\/h3>\n<p><img decoding=\"async\" src=\"\/wp-content\/uploads\/factory-10.webp\"\/><\/p>\n<h3>Workshop om dyb behandling<\/h3>\n<p><img decoding=\"async\" src=\"\/wp-content\/uploads\/factory-11.webp\"\/><\/p>\n<h3>V\u00e6rksted for CNC-pr\u00e6cisionsbearbejdning<\/h3>\n<p><img decoding=\"async\" src=\"\/wp-content\/uploads\/factory-11.5.webp\"\/><\/p>\n<h3>F\u00e6rdigvare- og eksportlager<\/h3>\n<p><img decoding=\"async\" src=\"\/wp-content\/uploads\/factory-12.webp\"\/><\/p>\n<p><img decoding=\"async\" src=\"\/wp-content\/uploads\/factory-13.webp\"\/><\/p>\n<p><img decoding=\"async\" src=\"\/wp-content\/uploads\/factory-14.webp\"\/><\/p>\n<h2>OFTE STILLEDE SP\u00d8RGSM\u00c5L<\/h2>\n<p><p><b>1. Hvad er et 6063T6 aluminiumsprofilhj\u00f8rne?<\/b><\/p>\n<p>Et 6063T6 aluminiumprofilhj\u00f8rne er en pr\u00e6cisionsekstruderet hj\u00f8rneprofil fremstillet af 6063-T6 aluminiumlegering, designet til robuste indramnings- og kantanvendelser.<br \/>\n<\/p><br \/>\n<br \/>\n<p><b>2. Hvorfor v\u00e6lge 6063T6 aluminiumsprofilhj\u00f8rne til indramning?<\/b><\/p>\n<p>Profilhj\u00f8rner i 6063T6 aluminium har et fremragende forhold mellem styrke og v\u00e6gt, hvilket sikrer let, men holdbar strukturel st\u00f8tte i arkitektoniske og industrielle rammer.<br \/>\n<\/p><br \/>\n<br \/>\n<p><b>3. Hvordan er korrosionsbestandigheden af 6063T6 Aluminium Profile Corner?<\/b><\/p>\n<p>6063T6 Aluminium Profile Corners har en overlegen korrosionsbestandighed, hvilket g\u00f8r dem ideelle til indend\u00f8rs og udend\u00f8rs milj\u00f8er uden nedbrydning af overfladen.<br \/>\n<\/p><br \/>\n<br \/>\n<p><b>4. Kan 6063T6 Aluminium Profile Corner anodiseres?<\/b><\/p>\n<p>Ja, 6063T6 aluminiumsprofilhj\u00f8rner kan anodiseres eller pulverlakeres for at forbedre overfladeh\u00e5rdheden, \u00e6stetikken og den langsigtede vejrbestandighed.<br \/>\n<\/p><br \/>\n<br \/>\n<p><b>5. Hvilken fremstillingsproces giver 6063T6 aluminiumsprofilhj\u00f8rner?<\/b><\/p>\n<p>6063T6 aluminiumsprofilhj\u00f8rner produceres gennem ekstrudering af aluminium med h\u00f8j pr\u00e6cision, hvilket sikrer ensartede tv\u00e6rsnit og sn\u00e6vre dimensionstolerancer.<br \/>\n<\/p><br \/>\n<br \/>\n<p><b>6. Hvad er de vigtigste fordele ved et 6063T6 aluminiumsprofilhj\u00f8rne?<\/b><\/p>\n<p>De vigtigste fordele er h\u00f8j bearbejdelighed, fremragende svejsbarhed, ensartet finish og evnen til at forme komplekse hj\u00f8rnegeometrier med minimal sekund\u00e6r bearbejdning.<br \/>\n<\/p><br \/>\n<br \/>\n<p><b>7. Hvordan er den termiske ydeevne af 6063T6 Aluminium Profile Corner til gavn for applikationer?<\/b><\/p>\n<p>6063T6 Aluminium Profile Corners har en god varmeledningsevne og stabilitet, hvilket g\u00f8r dem velegnede til varmeafledende rammer i elektronik og glassystemer.<br \/>\n<\/p><br \/>\n<br \/>\n<p><b>8. Er 6063T6 aluminiumsprofilhj\u00f8rner milj\u00f8venlige?<\/b><\/p>\n<p>Ja, 6063T6 aluminiumsprofilhj\u00f8rner er fuldt genanvendelige, hvilket reducerer milj\u00f8p\u00e5virkningen og underst\u00f8tter b\u00e6redygtige bygge- og produktionsmetoder.<br \/>\n<\/p><br \/>\n<br \/>\n<p><b>9. Hvilke tilpasningsmuligheder findes der for 6063T6 Aluminium Profile Corner?<\/b><\/p>\n<p>Producenterne tilbyder tilpassede l\u00e6ngder, hj\u00f8rnevinkler, slidsdesign og overfladebehandlinger til 6063T6 aluminiumsprofilhj\u00f8rner for at opfylde specifikke projektkrav.<br \/>\n<\/p><br \/>\n<br \/>\n<p><b>10. Hvor kan jeg k\u00f8be 6063T6 aluminiumsprofilhj\u00f8rner af h\u00f8j kvalitet?<\/b><\/p>\n<p>F\u00f8rende leverand\u00f8rer af aluminiumsekstrudering leverer certificerede 6063T6 aluminiumsprofilhj\u00f8rner med ISO-kvalitetssikring og global distribution for p\u00e5lidelig levering.<br \/>\n<\/p><br \/><\/p>","protected":false},"featured_media":6249,"template":"","categories":[59],"class_list":["post-6250","product","type-product","status-publish","has-post-thumbnail","hentry","category-aluminum-window-door-system"],"meta_box":{"hilight_text_group":{"product_hilight_text":"<li>Made from 6063-T6 aluminum alloy with tensile strength \u2265220 MPa for robust structural support<\/li>\r\r\n<li>Angle accuracy of 90\u00b0 \u00b1 0.1\u00b0 ensures precise assembly without secondary machining<\/li>\r\r\n<li>Optional anodized or powder-coated finishes for superior corrosion and wear resistance<\/li>\r\r\n<li>Standardized T-slot design compatible with a wide range of connectors and accessories<\/li>\r\r\n<li>Lightweight construction at 2.70 g\/cm3 reduces overall weight for easier handling and transport<\/li>\r\r\n<li>Customizable lengths and cross-sections to meet diverse project requirements<\/li>\r\r\n<li>Eco-friendly and fully recyclable, compliant with RoHS and REACH regulations<\/li>\r\r\n<li>Comprehensive in-process QC, including dimensional checks and hardness tests for consistent quality<\/li>","product_chanpin_chanpin":"<li><a href=\"https:\/\/sinoextrud.com\/product\/aluminium-extrusion-frameless-glass-railing-aluminum-profiles\/\" target=\"_blank\">Aluminium Extrusion Frameless Glass Railing Aluminum Profiles<\/a><\/li>\r\n<li><a href=\"https:\/\/sinoextrud.com\/product\/extruded-aluminum-alloy-profile-for-glass-floor-channel\/\" target=\"_blank\">Extruded Aluminum Alloy Profile For Glass Floor Channel<\/a><\/li>\r\n<li><a href=\"https:\/\/sinoextrud.com\/product\/aluminum-extrusion-aerospace-grade-2024-aluminum-alloy-tubes\/\" target=\"_blank\">Aluminum Extrusion Aerospace-Grade 2024 Aluminum Alloy Tubes<\/a><\/li>\r\n<li><a href=\"https:\/\/sinoextrud.com\/product\/aluminum-casement-door\/\" target=\"_blank\">Aluminum Casement Door<\/a><\/li>\r\n<li><a href=\"https:\/\/sinoextrud.com\/product\/6063t6-aluminium-profile-corner\/\" target=\"_blank\">6063T6 Aluminium Profile Corner<\/a><\/li>\r\n<li><a href=\"https:\/\/sinoextrud.com\/product\/extruded-aluminum-sliding-channel\/\" target=\"_blank\">Extruded Aluminum Sliding Channel<\/a><\/li>\r\n<li><a href=\"https:\/\/sinoextrud.com\/product\/aluminum-door-frame-profile\/\" target=\"_blank\">Aluminum Door Frame Profile<\/a><\/li>\r\n<li><a href=\"https:\/\/sinoextrud.com\/product\/sliding-window-aluminum-window-track\/\" target=\"_blank\">Sliding Window Aluminum Window Track<\/a><\/li>\r\n<li><a href=\"https:\/\/sinoextrud.com\/product\/aluminum-window-frame\/\" target=\"_blank\">Aluminum Window Frame<\/a><\/li>\r\n<li><a href=\"https:\/\/sinoextrud.com\/product\/aluminum-extrusion-brackets\/\" target=\"_blank\">Aluminum Extrusion Brackets<\/a><\/li>\r\n<li><a href=\"https:\/\/sinoextrud.com\/product\/extruded-aluminum-slide\/\" target=\"_blank\">Extruded Aluminum Slide<\/a><\/li>"},"feature_list":[]},"_links":{"self":[{"href":"https:\/\/sinoextrud.com\/da\/wp-json\/wp\/v2\/product\/6250","targetHints":{"allow":["GET"]}}],"collection":[{"href":"https:\/\/sinoextrud.com\/da\/wp-json\/wp\/v2\/product"}],"about":[{"href":"https:\/\/sinoextrud.com\/da\/wp-json\/wp\/v2\/types\/product"}],"wp:featuredmedia":[{"embeddable":true,"href":"https:\/\/sinoextrud.com\/da\/wp-json\/wp\/v2\/media\/6249"}],"wp:attachment":[{"href":"https:\/\/sinoextrud.com\/da\/wp-json\/wp\/v2\/media?parent=6250"}],"wp:term":[{"taxonomy":"category","embeddable":true,"href":"https:\/\/sinoextrud.com\/da\/wp-json\/wp\/v2\/categories?post=6250"}],"curies":[{"name":"wp","href":"https:\/\/api.w.org\/{rel}","templated":true}]}}