{"id":6242,"date":"2025-05-26T06:17:57","date_gmt":"2025-05-26T06:17:57","guid":{"rendered":"https:\/\/sinoextrud.com\/product\/aluminium-extrusion-frameless-glass-railing-aluminum-profiles\/"},"modified":"2025-06-24T03:55:34","modified_gmt":"2025-06-24T03:55:34","slug":"aluminiumsekstrudering-rammelost-glasgelaender-aluminiumsprofiler","status":"publish","type":"product","link":"https:\/\/sinoextrud.com\/da\/product\/aluminium-extrusion-frameless-glass-railing-aluminum-profiles\/","title":{"rendered":"Aluminiumsekstrudering Rammel\u00f8st glasgel\u00e6nder Aluminiumsprofiler"},"content":{"rendered":"<h2>Detaljer om produkter<\/h2>\n<table class=\"custom-table\">\n<tr>\n<td class=\"label\">Produktets navn<\/td>\n<td>Aluminiumsekstrudering Rammel\u00f8st glasgel\u00e6nder Aluminiumsprofiler<\/td>\n<\/tr>\n<tr>\n<td class=\"label\">Produktsortiment<\/td>\n<td>aluminiumsprofiler til aluminiumskanal, U-formet kanal, glasr\u00e6kv\u00e6rk, rammel\u00f8s r\u00e6kv\u00e6rksbeskyttelse, aluminiumsr\u00e6kv\u00e6rkets glasklemme osv.<\/td>\n<\/tr>\n<tr>\n<td class=\"label\">Egnede systemer Typer<\/td>\n<td>Aluminiumslegering Altan Glas R\u00e6kv\u00e6rk Glas H\u00e5ndlister Altan R\u00e6kv\u00e6rk, Rammel\u00f8s Glas R\u00e6kv\u00e6rk R\u00e6kv\u00e6rk H\u00e5ndlister Altan R\u00e6kv\u00e6rk osv.<\/td>\n<\/tr>\n<tr>\n<td class=\"label\">Aluminiumslegering<\/td>\n<td>5000-serien, 6000-serien, 7000-serien<\/td>\n<\/tr>\n<tr>\n<td class=\"label\">Temperament<\/td>\n<td>T5-T8<\/td>\n<\/tr>\n<tr>\n<td class=\"label\">Form<\/td>\n<td>Tilpasning<\/td>\n<\/tr>\n<tr>\n<td class=\"label\">Farve<\/td>\n<td>Tilpasning<\/td>\n<\/tr>\n<tr>\n<td class=\"label\">Overfladebehandling<\/td>\n<td>fr\u00e6set f\u00e6rdig, anodiseret, tr\u00e6korn, power coating, sandbl\u00e6sning, elektroforese, b\u00f8rstet, polering osv.<\/td>\n<\/tr>\n<tr>\n<td class=\"label\">CNC-dybbearbejdning<\/td>\n<td>sk\u00e6ring, boring, bearbejdning, stansning, bukning, gevindsk\u00e6ring og s\u00e5 videre<\/td>\n<\/tr>\n<tr>\n<td class=\"label\">Certificeringer<\/td>\n<td>CE, ISO, SGS, TUV, ROHS<\/td>\n<\/tr>\n<tr>\n<td class=\"label\">Pr\u00f8ver<\/td>\n<td>Gratis pr\u00f8ve. 1-3 dage leveret til dig.<\/td>\n<\/tr>\n<tr>\n<td class=\"label\">MOQ<\/td>\n<td>200 kg for hver profil<\/td>\n<\/tr>\n<tr>\n<td class=\"label\">Leveringstid<\/td>\n<td>Formudvikling og pr\u00f8vekonformitet er 12-15 dage, derefter er produktionsvarigheden 15-25 dage efter modtagelse af depositum fra k\u00f8ber.<\/td>\n<\/tr>\n<tr>\n<td class=\"label\">Betalingsbetingelser<\/td>\n<td>30% depositum f\u00f8r produktion og balance f\u00f8r forsendelse.<\/td>\n<\/tr>\n<\/table>\n<h2>Vores produktionsbase<\/h2>\n<h3>Panorama over fabrikken<\/h3>\n<p><img decoding=\"async\" src=\"\/wp-content\/uploads\/factory-01.webp\"\/><\/p>\n<h3>V\u00e6rksted til fremstilling af aluminiumst\u00e6nger<\/h3>\n<p><img decoding=\"async\" src=\"\/wp-content\/uploads\/factory-02.webp\"\/><\/p>\n<\/p>\n<p><img decoding=\"async\" src=\"\/wp-content\/uploads\/factory-03.webp\"\/><\/p>\n<h3>Lager til opbevaring af skimmelsvampe<\/h3>\n<p><img decoding=\"async\" src=\"\/wp-content\/uploads\/factory-04.webp\"\/><\/p>\n<h3>43 ekstruderingslinjer for aluminium (500-5500 ton)<\/h3>\n<p><img decoding=\"async\" src=\"\/wp-content\/uploads\/factory-05.webp\"\/><\/p>\n<p><img decoding=\"async\" src=\"\/wp-content\/uploads\/factory-06.webp\"\/><\/p>\n<p><img decoding=\"async\" src=\"\/wp-content\/uploads\/factory-07.webp\"\/><\/p>\n<h3>V\u00e6rksted for pulverlakering<\/h3>\n<p><img decoding=\"async\" src=\"\/wp-content\/uploads\/factory-09.webp\"\/><\/p>\n<h3>Anodiseringsv\u00e6rksted<\/h3>\n<p><img decoding=\"async\" src=\"\/wp-content\/uploads\/factory-10.webp\"\/><\/p>\n<h3>Workshop om dyb behandling<\/h3>\n<p><img decoding=\"async\" src=\"\/wp-content\/uploads\/factory-11.webp\"\/><\/p>\n<h3>V\u00e6rksted for CNC-pr\u00e6cisionsbearbejdning<\/h3>\n<p><img decoding=\"async\" src=\"\/wp-content\/uploads\/factory-11.5.webp\"\/><\/p>\n<h3>F\u00e6rdigvare- og eksportlager<\/h3>\n<p><img decoding=\"async\" src=\"\/wp-content\/uploads\/factory-12.webp\"\/><\/p>\n<p><img decoding=\"async\" src=\"\/wp-content\/uploads\/factory-13.webp\"\/><\/p>\n<p><img decoding=\"async\" src=\"\/wp-content\/uploads\/factory-14.webp\"\/><\/p>\n<h2>OFTE STILLEDE SP\u00d8RGSM\u00c5L<\/h2>\n<p><b>1. Hvad er aluminiumsekstrudering rammel\u00f8se glasr\u00e6kv\u00e6rk aluminiumsprofiler? <\/b><\/p>\n<p> De er ekstruderede aluminiumsprofiler, der er designet til at holde rammel\u00f8se glaspaneler sikkert fast i r\u00e6kv\u00e6rkssystemer, hvilket giver styrke og et moderne, s\u00f8ml\u00f8st look.\n<\/p>\n<p><\/p>\n<p><b>2. Hvilke fordele er der ved at bruge aluminiumsprofiler til rammel\u00f8se glasgel\u00e6ndere? <\/b><\/p>\n<p> Aluminiumsprofiler giver letv\u00e6gtsstyrke, korrosionsbestandighed, nem installation og en slank \u00e6stetik, der forbedrer gennemsigtigheden af glasgel\u00e6ndere.\n<\/p>\n<p><\/p>\n<p><b>3. Hvorfor v\u00e6lge aluminiumsekstrudering til rammel\u00f8se glasr\u00e6kv\u00e6rksprofiler? <\/b><\/p>\n<p> Ekstrudering giver mulighed for pr\u00e6cis formgivning, ensartet kvalitet og holdbare profiler, der sikkert underst\u00f8tter glaspaneler uden store rammer.\n<\/p>\n<p><\/p>\n<p><b>4. Hvor bruges aluminiumsprofiler til rammel\u00f8se glasgel\u00e6ndere ofte? <\/b><\/p>\n<p> De bruges p\u00e5 altaner, trapper, kommercielle bygninger, terrasser og poolhegn for at skabe en sikker og uhindret udsigt.\n<\/p>\n<p><\/p>\n<p><b>5. Er aluminiumsprofiler til glasgel\u00e6ndere korrosionsbestandige? <\/b><\/p>\n<p> Ja, aluminium modst\u00e5r naturligt korrosion og kan anodiseres eller pulverlakeres for at modst\u00e5 udend\u00f8rs vejr og fugtige milj\u00f8er.\n<\/p>\n<p><\/p>\n<p><b>6. Kan rammel\u00f8se glasr\u00e6kv\u00e6rksprofiler i aluminium tilpasses? <\/b><\/p>\n<p> Absolut, de kan ekstruderes til specifikke st\u00f8rrelser, former og finish, s\u00e5 de passer til designkrav og glastykkelser.\n<\/p>\n<p><\/p>\n<p><b>7. Hvilke overflader kan man f\u00e5 til glasr\u00e6kv\u00e6rksprofiler i aluminium? <\/b><\/p>\n<p> Almindelige overflader omfatter anodiseret, pulverlakeret, b\u00f8rstet og poleret for at give b\u00e5de beskyttelse og visuel appel.\n<\/p>\n<p><\/p>\n<p><b>8. Forbedrer aluminiumsprofiler sikkerheden ved rammel\u00f8se glasgel\u00e6ndere? <\/b><\/p>\n<p> Ja, de giver sikker fastsp\u00e6nding og st\u00f8tte til glaspaneler, hvilket forbedrer den strukturelle integritet og brugersikkerheden.\n<\/p>\n<p><\/p>\n<p><b>9. Er aluminiumsprofiler nemme at installere i glasr\u00e6kv\u00e6rkssystemer? <\/b><\/p>\n<p> Ja, de er designet til enkel installation med kompatibelt hardware, hvilket reducerer arbejdstiden og sikrer en pr\u00e6cis pasform.\n<\/p>\n<p><\/p>\n<p><b>10. Hvordan forbedrer rammel\u00f8se glasgel\u00e6nderprofiler af aluminium den arkitektoniske \u00e6stetik? <\/b><\/p>\n<p> Deres slanke, minimalistiske design maksimerer gennemsigtighed og lysgennemstr\u00f8mning og skaber elegante og moderne r\u00e6kv\u00e6rksl\u00f8sninger.\n<\/p>\n<p><\/p>","protected":false},"featured_media":6241,"template":"","categories":[58],"class_list":["post-6242","product","type-product","status-publish","has-post-thumbnail","hentry","category-aluminium-extrusion-profiles"],"meta_box":{"hilight_text_group":{"product_hilight_text":"<li>Sleek design enables seamless frameless glass railing installation<\/li>\r\r\n<li>High-strength aluminum provides robust structural support<\/li>\r\r\n<li>Corrosion-resistant finish suitable for indoor and outdoor use<\/li>\r\r\n<li>Custom profiles to fit various glass thicknesses and railing systems<\/li>\r\r\n<li>Lightweight and easy to install, reducing labor costs<\/li>","product_chanpin_chanpin":"<li><a href=\"https:\/\/sinoextrud.com\/product\/aluminum-extrusion-minimalist-office-partition-aluminum-profiles\/\" target=\"_blank\">Aluminum Extrusion Minimalist Office Partition Aluminum Profiles<\/a><\/li>\r\n<li><a href=\"https:\/\/sinoextrud.com\/product\/aluminum-extrusion-ultra-small-material-aluminum-frame-profile\/\" target=\"_blank\">Aluminum Extrusion Ultra-small Material Aluminum Frame Profile<\/a><\/li>\r\n<li><a href=\"https:\/\/sinoextrud.com\/product\/aluminum-extrusion-6061-6082-automotive-bumper-beam\/\" target=\"_blank\">Aluminum Extrusion 6061 6082 Automotive Bumper Beam<\/a><\/li>\r\n<li><a href=\"https:\/\/sinoextrud.com\/product\/aluminium-window-extrusion-profile\/\" target=\"_blank\">Aluminium Window Extrusion Profile<\/a><\/li>\r\n<li><a href=\"https:\/\/sinoextrud.com\/product\/aluminium-extrusion-frameless-glass-railing-aluminum-profiles\/\" target=\"_blank\">Aluminium Extrusion Frameless Glass Railing Aluminum Profiles<\/a><\/li>\r\n<li><a href=\"https:\/\/sinoextrud.com\/product\/extruded-aluminum-alloy-profile-for-glass-floor-channel\/\" target=\"_blank\">Extruded Aluminum Alloy Profile For Glass Floor Channel<\/a><\/li>\r\n<li><a href=\"https:\/\/sinoextrud.com\/product\/aluminum-extrusion-aerospace-grade-2024-aluminum-alloy-tubes\/\" target=\"_blank\">Aluminum Extrusion Aerospace-Grade 2024 Aluminum Alloy Tubes<\/a><\/li>\r\n<li><a href=\"https:\/\/sinoextrud.com\/product\/aluminum-casement-door\/\" target=\"_blank\">Aluminum Casement Door<\/a><\/li>\r\n<li><a href=\"https:\/\/sinoextrud.com\/product\/6063t6-aluminium-profile-corner\/\" target=\"_blank\">6063T6 Aluminium Profile Corner<\/a><\/li>\r\n<li><a href=\"https:\/\/sinoextrud.com\/product\/aluminum-extrusion-connectors-for-window-door-aluminum\/\" target=\"_blank\">Aluminum Extrusion Connectors For Window Door Aluminum<\/a><\/li>\r\n<li><a href=\"https:\/\/sinoextrud.com\/product\/customize-6063-z-section-aluminium-extrusion\/\" target=\"_blank\">Customize 6063 Z Section Aluminium Extrusion<\/a><\/li>"},"feature_list":[]},"_links":{"self":[{"href":"https:\/\/sinoextrud.com\/da\/wp-json\/wp\/v2\/product\/6242","targetHints":{"allow":["GET"]}}],"collection":[{"href":"https:\/\/sinoextrud.com\/da\/wp-json\/wp\/v2\/product"}],"about":[{"href":"https:\/\/sinoextrud.com\/da\/wp-json\/wp\/v2\/types\/product"}],"wp:featuredmedia":[{"embeddable":true,"href":"https:\/\/sinoextrud.com\/da\/wp-json\/wp\/v2\/media\/6241"}],"wp:attachment":[{"href":"https:\/\/sinoextrud.com\/da\/wp-json\/wp\/v2\/media?parent=6242"}],"wp:term":[{"taxonomy":"category","embeddable":true,"href":"https:\/\/sinoextrud.com\/da\/wp-json\/wp\/v2\/categories?post=6242"}],"curies":[{"name":"wp","href":"https:\/\/api.w.org\/{rel}","templated":true}]}}