{"id":6240,"date":"2025-05-26T04:05:05","date_gmt":"2025-05-26T04:05:05","guid":{"rendered":"https:\/\/sinoextrud.com\/product\/aluminium-window-extrusion-profile\/"},"modified":"2025-06-24T03:55:33","modified_gmt":"2025-06-24T03:55:33","slug":"ekstruderingsprofil-til-vinduer-i-aluminium","status":"publish","type":"product","link":"https:\/\/sinoextrud.com\/da\/product\/aluminium-window-extrusion-profile\/","title":{"rendered":"Ekstruderet aluminiumsprofil til vinduer"},"content":{"rendered":"<h2>Detaljer om produkter<\/h2>\n<table class=\"custom-table\">\n<tr>\n<td class=\"label\">Produktets navn<\/td>\n<td>Ekstruderingsprofil til vinduer i aluminium<\/td>\n<\/tr>\n<tr>\n<td class=\"label\">Produktsortiment<\/td>\n<td>aluminiumsprofiler til vinduesrammer, glaslister, vindueskarme, termoruder, ovenlysvinduer, vindueskanaler, snedkerarbejde, myggenet osv.<\/td>\n<\/tr>\n<tr>\n<td class=\"label\">Passende vinduestyper<\/td>\n<td>skydevinduer, sprossevinduer, oplukkelige vinduer osv.<\/td>\n<\/tr>\n<tr>\n<td class=\"label\">Temperament<\/td>\n<td>T3-T8<\/td>\n<\/tr>\n<tr>\n<td class=\"label\">Form<\/td>\n<td>specialfremstillet<\/td>\n<\/tr>\n<tr>\n<td class=\"label\">Farve<\/td>\n<td>specialfremstillet<\/td>\n<\/tr>\n<tr>\n<td class=\"label\">Overfladebehandling<\/td>\n<td>fr\u00e6set f\u00e6rdig, anodiseret, power coating, sandbl\u00e6sning, elektroforese, b\u00f8rstet, polering osv.<\/td>\n<\/tr>\n<tr>\n<td class=\"label\">CNC-dybbearbejdning<\/td>\n<td>sk\u00e6ring, boring, bearbejdning, stansning, bukning, gevindsk\u00e6ring og s\u00e5 videre<\/td>\n<\/tr>\n<tr>\n<td class=\"label\">Certificeringer<\/td>\n<td>CE, ISO, SGS, TUV, ROHS<\/td>\n<\/tr>\n<tr>\n<td class=\"label\">Pr\u00f8ver<\/td>\n<td>Gratis pr\u00f8ve. 1-3 dage leveret til dig.<\/td>\n<\/tr>\n<tr>\n<td class=\"label\">MOQ<\/td>\n<td>200 kg for hver profil<\/td>\n<\/tr>\n<tr>\n<td class=\"label\">Leveringstid<\/td>\n<td>Skimmeludvikling og pr\u00f8vekonformation er 12-15 dage, derefter er produktionsvarigheden 15-25 dage efter modtagelse af depositum fra k\u00f8ber.<\/td>\n<\/tr>\n<\/table>\n<h2>Vores produktionsbase<\/h2>\n<h3>Panorama over fabrikken<\/h3>\n<p><img decoding=\"async\" src=\"\/wp-content\/uploads\/factory-01.webp\"\/><\/p>\n<h3>V\u00e6rksted til fremstilling af aluminiumst\u00e6nger<\/h3>\n<p><img decoding=\"async\" src=\"\/wp-content\/uploads\/factory-02.webp\"\/><\/p>\n<\/p>\n<p><img decoding=\"async\" src=\"\/wp-content\/uploads\/factory-03.webp\"\/><\/p>\n<h3>Lager til opbevaring af skimmelsvampe<\/h3>\n<p><img decoding=\"async\" src=\"\/wp-content\/uploads\/factory-04.webp\"\/><\/p>\n<h3>43 ekstruderingslinjer for aluminium (500-5500 ton)<\/h3>\n<p><img decoding=\"async\" src=\"\/wp-content\/uploads\/factory-05.webp\"\/><\/p>\n<p><img decoding=\"async\" src=\"\/wp-content\/uploads\/factory-06.webp\"\/><\/p>\n<p><img decoding=\"async\" src=\"\/wp-content\/uploads\/factory-07.webp\"\/><\/p>\n<h3>V\u00e6rksted for pulverlakering<\/h3>\n<p><img decoding=\"async\" src=\"\/wp-content\/uploads\/factory-09.webp\"\/><\/p>\n<h3>Anodiseringsv\u00e6rksted<\/h3>\n<p><img decoding=\"async\" src=\"\/wp-content\/uploads\/factory-10.webp\"\/><\/p>\n<h3>Workshop om dyb behandling<\/h3>\n<p><img decoding=\"async\" src=\"\/wp-content\/uploads\/factory-11.webp\"\/><\/p>\n<h3>V\u00e6rksted for CNC-pr\u00e6cisionsbearbejdning<\/h3>\n<p><img decoding=\"async\" src=\"\/wp-content\/uploads\/factory-11.5.webp\"\/><\/p>\n<h3>F\u00e6rdigvare- og eksportlager<\/h3>\n<p><img decoding=\"async\" src=\"\/wp-content\/uploads\/factory-12.webp\"\/><\/p>\n<p><img decoding=\"async\" src=\"\/wp-content\/uploads\/factory-13.webp\"\/><\/p>\n<p><img decoding=\"async\" src=\"\/wp-content\/uploads\/factory-14.webp\"\/><\/p>\n<h2>OFTE STILLEDE SP\u00d8RGSM\u00c5L<\/h2>\n<p><b>1. Hvad er en ekstruderingsprofil til aluminiumsvinduer? <\/b><\/p>\n<p> Det er en specialdesignet ekstruderet aluminiumsprofil, der bruges til at fremstille vinduesrammer og giver holdbarhed, pr\u00e6cision og korrosionsbestandighed.\n<\/p>\n<p><\/p>\n<p><b>2. Hvad er fordelene ved ekstruderingsprofiler til aluminiumsvinduer? <\/b><\/p>\n<p> Vinduesprofiler i aluminium giver letv\u00e6gtsstyrke, fremragende vejrbestandighed, termisk effektivitet og lav vedligeholdelse for langtidsholdbare vinduesl\u00f8sninger.\n<\/p>\n<p><\/p>\n<p><b>3. Hvorfor v\u00e6lge aluminiumsekstrudering til vinduesprofiler? <\/b><\/p>\n<p> Ekstrudering af aluminium giver mulighed for pr\u00e6cise former, ensartet kvalitet og komplekse designs, der forbedrer vinduernes ydeevne og \u00e6stetik.\n<\/p>\n<p><\/p>\n<p><b>4. Hvor bliver vinduesprofiler af aluminium ofte brugt? <\/b><\/p>\n<p> De bruges i vid udstr\u00e6kning i bolig-, erhvervs- og industribygninger til fremstilling af holdbare, energieffektive vinduesrammer.\n<\/p>\n<p><\/p>\n<p><b>5. Er vinduesprofiler af aluminium korrosionsbestandige? <\/b><\/p>\n<p> Ja, vinduesprofiler i aluminium er naturligt modstandsdygtige over for rust og korrosion og kan anodiseres eller pulverlakeres for yderligere beskyttelse.\n<\/p>\n<p><\/p>\n<p><b>6. Kan ekstruderingsprofiler til aluminiumsvinduer tilpasses? <\/b><\/p>\n<p> Absolut, profiler kan skr\u00e6ddersys i dimensioner, former, farver og finish for at opfylde specifikke arkitektoniske og funktionelle krav.\n<\/p>\n<p><\/p>\n<p><b>7. Hvilke overfladebehandlinger kan man f\u00e5 til vinduesprofiler i aluminium? <\/b><\/p>\n<p> De tilg\u00e6ngelige overflader omfatter anodiseret, pulverlakeret, tr\u00e6korn og malede muligheder for at matche forskellige design\u00e6stetikker.\n<\/p>\n<p><\/p>\n<p><b>8. Forbedrer ekstruderingsprofiler til aluminiumsvinduer energieffektiviteten? <\/b><\/p>\n<p> Ja, n\u00e5r de kombineres med termoruder og termoruder, bidrager aluminiumsprofiler til bedre isolering og energibesparelser.\n<\/p>\n<p><\/p>\n<p><b>9. Er vinduesprofiler i aluminium nemme at montere? <\/b><\/p>\n<p> Ja, aluminiumsprofiler er designet til at v\u00e6re nemme at fremstille, sk\u00e6re og montere, hvilket g\u00f8r det nemmere at installere vinduer hurtigt og effektivt.\n<\/p>\n<p><\/p>\n<p><b>10. Hvordan er vinduesprofiler af aluminium sammenlignet med andre materialer? <\/b><\/p>\n<p> Aluminium giver et overlegent forhold mellem styrke og v\u00e6gt, korrosionsbestandighed og designfleksibilitet sammenlignet med vinduesrammer af tr\u00e6, PVC eller st\u00e5l.\n<\/p>\n<p><\/p>","protected":false},"featured_media":6239,"template":"","categories":[58],"class_list":["post-6240","product","type-product","status-publish","has-post-thumbnail","hentry","category-aluminium-extrusion-profiles"],"meta_box":{"hilight_text_group":{"product_hilight_text":"<li>High-strength aluminum ensures durable and secure window frames<\/li>\r\r\n<li>Excellent corrosion resistance for long-term outdoor performance<\/li>\r\r\n<li>Energy-efficient design supports insulation and weather sealing<\/li>\r\r\n<li>Customizable profiles to fit various window types and styles<\/li>\r\r\n<li>Lightweight for easier installation and reduced structural load<\/li>","product_chanpin_chanpin":"<li><a href=\"https:\/\/sinoextrud.com\/product\/aluminum-extrusion-cable-clamp-profile-cnc-custom-cable-cleat-aluminum-profile\/\" target=\"_blank\">Aluminum Extrusion Cable Clamp Profile CNC Custom Cable Cleat Aluminum Profile<\/a><\/li>\r\n<li><a href=\"https:\/\/sinoextrud.com\/product\/aluminum-extrusion-minimalist-office-partition-aluminum-profiles\/\" target=\"_blank\">Aluminum Extrusion Minimalist Office Partition Aluminum Profiles<\/a><\/li>\r\n<li><a href=\"https:\/\/sinoextrud.com\/product\/aluminum-extrusion-ultra-small-material-aluminum-frame-profile\/\" target=\"_blank\">Aluminum Extrusion Ultra-small Material Aluminum Frame Profile<\/a><\/li>\r\n<li><a href=\"https:\/\/sinoextrud.com\/product\/aluminum-extrusion-6061-6082-automotive-bumper-beam\/\" target=\"_blank\">Aluminum Extrusion 6061 6082 Automotive Bumper Beam<\/a><\/li>\r\n<li><a href=\"https:\/\/sinoextrud.com\/product\/aluminium-window-extrusion-profile\/\" target=\"_blank\">Aluminium Window Extrusion Profile<\/a><\/li>\r\n<li><a href=\"https:\/\/sinoextrud.com\/product\/aluminium-extrusion-frameless-glass-railing-aluminum-profiles\/\" target=\"_blank\">Aluminium Extrusion Frameless Glass Railing Aluminum Profiles<\/a><\/li>\r\n<li><a href=\"https:\/\/sinoextrud.com\/product\/extruded-aluminum-alloy-profile-for-glass-floor-channel\/\" target=\"_blank\">Extruded Aluminum Alloy Profile For Glass Floor Channel<\/a><\/li>\r\n<li><a href=\"https:\/\/sinoextrud.com\/product\/aluminum-extrusion-aerospace-grade-2024-aluminum-alloy-tubes\/\" target=\"_blank\">Aluminum Extrusion Aerospace-Grade 2024 Aluminum Alloy Tubes<\/a><\/li>\r\n<li><a href=\"https:\/\/sinoextrud.com\/product\/aluminum-casement-door\/\" target=\"_blank\">Aluminum Casement Door<\/a><\/li>\r\n<li><a href=\"https:\/\/sinoextrud.com\/product\/aluminum-sliding-door-track\/\" target=\"_blank\">Aluminum Sliding Door Track<\/a><\/li>\r\n<li><a href=\"https:\/\/sinoextrud.com\/product\/t-shape-aluminum-extruded-profile\/\" target=\"_blank\">T Shape Aluminum Extruded Profile<\/a><\/li>"},"feature_list":[]},"_links":{"self":[{"href":"https:\/\/sinoextrud.com\/da\/wp-json\/wp\/v2\/product\/6240","targetHints":{"allow":["GET"]}}],"collection":[{"href":"https:\/\/sinoextrud.com\/da\/wp-json\/wp\/v2\/product"}],"about":[{"href":"https:\/\/sinoextrud.com\/da\/wp-json\/wp\/v2\/types\/product"}],"wp:featuredmedia":[{"embeddable":true,"href":"https:\/\/sinoextrud.com\/da\/wp-json\/wp\/v2\/media\/6239"}],"wp:attachment":[{"href":"https:\/\/sinoextrud.com\/da\/wp-json\/wp\/v2\/media?parent=6240"}],"wp:term":[{"taxonomy":"category","embeddable":true,"href":"https:\/\/sinoextrud.com\/da\/wp-json\/wp\/v2\/categories?post=6240"}],"curies":[{"name":"wp","href":"https:\/\/api.w.org\/{rel}","templated":true}]}}