{"id":6238,"date":"2025-05-26T04:00:22","date_gmt":"2025-05-26T04:00:22","guid":{"rendered":"https:\/\/sinoextrud.com\/product\/aluminum-extrusion-6061-6082-automotive-bumper-beam\/"},"modified":"2025-06-24T03:55:30","modified_gmt":"2025-06-24T03:55:30","slug":"aluminiumsekstrudering-6061-6082-kofangerbjaelke-til-biler","status":"publish","type":"product","link":"https:\/\/sinoextrud.com\/da\/product\/aluminum-extrusion-6061-6082-automotive-bumper-beam\/","title":{"rendered":"Aluminiumsekstrudering 6061 6082 kofangerbj\u00e6lke til biler"},"content":{"rendered":"<h2>Detaljer om produkter<\/h2>\n<table class=\"custom-table\">\n<tr>\n<td class=\"label\">Vare<\/td>\n<td>Aluminiumsekstrudering 6061 6082 kofangerbj\u00e6lke til biler<\/td>\n<\/tr>\n<tr>\n<td class=\"label\">Materiale<\/td>\n<td>6061 &amp; 6082 aluminiumslegering (EN AW-6061\/6082 standard)<\/td>\n<\/tr>\n<tr>\n<td class=\"label\">Tr\u00e6kstyrke<\/td>\n<td>- 6061: 124-290 MPa (18-42 ksi)<br \/>- 6082: 130-310 MPa (19-45 ksi)<\/td>\n<\/tr>\n<tr>\n<td class=\"label\">Udbyttestyrke<\/td>\n<td>- 6061: 55-276 MPa (8-40 ksi)<br \/>- 6082: 60-300 MPa (9-43 ksi)<\/td>\n<\/tr>\n<tr>\n<td class=\"label\">Forl\u00e6ngelse<\/td>\n<td>- 6061: 8-12%<br \/>- 6082: 6-10%<\/td>\n<\/tr>\n<tr>\n<td class=\"label\">Modstandsdygtighed over for korrosion<\/td>\n<td>Fremragende modstandsdygtighed over for korrosion, velegnet til barske milj\u00f8er<\/td>\n<\/tr>\n<tr>\n<td class=\"label\">Overfladefinish<\/td>\n<td>- Anodisering (farvetilpasning tilg\u00e6ngelig)<br \/>- Pulverlakering (100+ RAL-farver)<br \/>- Polering\/b\u00f8rstning<\/td>\n<\/tr>\n<tr>\n<td class=\"label\">Dimensioner<\/td>\n<td>- Bredde: Kan tilpasses (typisk 50-300 mm)<br \/>- H\u00f8jde: Kan tilpasses (typisk 20-150 mm)<br \/>- L\u00e6ngde: Op til 6.500 mm (tilpassede l\u00e6ngder kan f\u00e5s)<\/td>\n<\/tr>\n<tr>\n<td class=\"label\">V\u00e6ggens tykkelse<\/td>\n<td>Kan tilpasses baseret p\u00e5 designkrav<\/td>\n<\/tr>\n<tr>\n<td class=\"label\">Tolerancer<\/td>\n<td>- M\u00e5l: \u00b10,1 mm (laserverificeret)<br \/>- Fladhed: \u22640,2 mm\/m<\/td>\n<\/tr>\n<tr>\n<td class=\"label\">V\u00e6gt<\/td>\n<td>Letv\u00e6gt, ca. 2,7 g\/cm3 (varierer afh\u00e6ngigt af design)<\/td>\n<\/tr>\n<tr>\n<td class=\"label\">Varmebehandling<\/td>\n<td>T6-h\u00e6rdning for \u00f8get styrke og holdbarhed<\/td>\n<\/tr>\n<tr>\n<td class=\"label\">CNC-bearbejdning<\/td>\n<td>- Pr\u00e6cisionssk\u00e6ring, -boring og -fr\u00e6sning<br \/>- Brugerdefinerede huller, slidser og gevind er tilg\u00e6ngelige<\/td>\n<\/tr>\n<tr>\n<td class=\"label\">Overfladebehandling<\/td>\n<td>- Anodisering: 10-25 \u03bcm tykkelse, 1.000+ timers modstandsdygtighed over for saltt\u00e5ge (ASTM B117)<br \/>- Pulverlakering: 60-80 \u03bcm tykkelse, ridsefast<\/td>\n<\/tr>\n<tr>\n<td class=\"label\">Emballage<\/td>\n<td>- Skumforede kasser med hj\u00f8rnebeskyttere<br \/>- Specialfremstillede kasser til skr\u00f8belige komponenter<\/td>\n<\/tr>\n<tr>\n<td class=\"label\">Certificeringer<\/td>\n<td>ISO 9001 (kvalitetsstyring), ISO 14001 (milj\u00f8ledelse), overholdelse af RoHS<\/td>\n<\/tr>\n<tr>\n<td class=\"label\">Anvendelser<\/td>\n<td>- Personbiler<br \/>- Elektriske k\u00f8ret\u00f8jer (EV'er)<br \/>- Kommercielle k\u00f8ret\u00f8jer<br \/>- Racer- og performance-biler<\/td>\n<\/tr>\n<\/table>\n<h2>Vores produktionsbase<\/h2>\n<h3>Panorama over fabrikken<\/h3>\n<p><img decoding=\"async\" src=\"\/wp-content\/uploads\/factory-01.webp\"\/><\/p>\n<h3>V\u00e6rksted til fremstilling af aluminiumst\u00e6nger<\/h3>\n<p><img decoding=\"async\" src=\"\/wp-content\/uploads\/factory-02.webp\"\/><\/p>\n<p><img decoding=\"async\" src=\"\/wp-content\/uploads\/factory-03.webp\"\/><\/p>\n<h3>Lager til opbevaring af skimmelsvampe<\/h3>\n<p><img decoding=\"async\" src=\"\/wp-content\/uploads\/factory-04.webp\"\/><\/p>\n<h3>43 ekstruderingslinjer for aluminium (500-5500 ton)<\/h3>\n<p><img decoding=\"async\" src=\"\/wp-content\/uploads\/factory-05.webp\"\/><\/p>\n<p><img decoding=\"async\" src=\"\/wp-content\/uploads\/factory-06.webp\"\/><\/p>\n<p><img decoding=\"async\" src=\"\/wp-content\/uploads\/factory-07.webp\"\/><\/p>\n<h3>V\u00e6rksted for pulverlakering<\/h3>\n<p><img decoding=\"async\" src=\"\/wp-content\/uploads\/factory-09.webp\"\/><\/p>\n<h3>Anodiseringsv\u00e6rksted<\/h3>\n<p><img decoding=\"async\" src=\"\/wp-content\/uploads\/factory-10.webp\"\/><\/p>\n<h3>Workshop om dyb behandling<\/h3>\n<p><img decoding=\"async\" src=\"\/wp-content\/uploads\/factory-11.webp\"\/><\/p>\n<h3>V\u00e6rksted for CNC-pr\u00e6cisionsbearbejdning<\/h3>\n<p><img decoding=\"async\" src=\"\/wp-content\/uploads\/factory-11.5.webp\"\/><\/p>\n<h3>F\u00e6rdigvare- og eksportlager<\/h3>\n<p><img decoding=\"async\" src=\"\/wp-content\/uploads\/factory-12.webp\"\/><\/p>\n<p><img decoding=\"async\" src=\"\/wp-content\/uploads\/factory-13.webp\"\/><\/p>\n<p><img decoding=\"async\" src=\"\/wp-content\/uploads\/factory-14.webp\"\/><\/p>\n<h2>OFTE STILLEDE SP\u00d8RGSM\u00c5L<\/h2>\n<p><p><b>1. Hvad er en aluminiumsekstrudering 6061 6082 kofangerbj\u00e6lke til biler? <\/b><\/p>\n<p> Det er en strukturel bilkomponent fremstillet af 6061- eller 6082-aluminiumlegeringer gennem ekstrudering, designet til at absorbere st\u00f8d og forbedre k\u00f8ret\u00f8jets sikkerhed.<br \/>\n<\/p><br \/>\n<br \/>\n<p><b>2. Hvad er fordelene ved at bruge 6061- og 6082-aluminiumlegeringer til kofangerbj\u00e6lker? <\/b><\/p>\n<p> Disse legeringer har h\u00f8j styrke, fremragende korrosionsbestandighed, lette egenskaber og god svejsbarhed, hvilket er ideelt til sikkerhedskomponenter til biler.<br \/>\n<\/p><br \/>\n<br \/>\n<p><b>3. Hvorfor v\u00e6lge aluminiumsekstrudering til kofangerbj\u00e6lker til biler? <\/b><\/p>\n<p> Ekstrudering af aluminium giver mulighed for pr\u00e6cis formgivning, ensartet kvalitet og letv\u00e6gtskonstruktion, hvilket forbedrer br\u00e6ndstofeffektiviteten og kollisionsevnen.<br \/>\n<\/p><br \/>\n<br \/>\n<p><b>4. Hvordan forbedrer kofangerbj\u00e6lker i 6061 og 6082 aluminium k\u00f8ret\u00f8jets sikkerhed? <\/b><\/p>\n<p> Deres h\u00f8je styrke\/v\u00e6gt-forhold giver en effektiv energiabsorbering under kollisioner, hvilket reducerer skader og forbedrer beskyttelsen af passagererne.<br \/>\n<\/p><br \/>\n<br \/>\n<p><b>5. Er kofangerbj\u00e6lker af 6061 og 6082 aluminiumsekstrudering korrosionsbestandige? <\/b><\/p>\n<p> Ja, begge legeringer giver fremragende korrosionsbestandighed, hvilket forl\u00e6nger levetiden for kofangerbj\u00e6lker under barske milj\u00f8forhold.<br \/>\n<\/p><br \/>\n<br \/>\n<p><b>6. Kan kofangerbj\u00e6lker til biler tilpasses ved hj\u00e6lp af aluminiumsekstrudering? <\/b><\/p>\n<p> Absolut, kofangerbj\u00e6lker i aluminium kan ekstruderes p\u00e5 bestilling i forskellige profiler, l\u00e6ngder og tykkelser for at opfylde specifikke krav til k\u00f8ret\u00f8jsdesign.<br \/>\n<\/p><br \/>\n<br \/>\n<p><b>7. Hvilke overfladebehandlinger er tilg\u00e6ngelige for aluminiumskofangere til biler? <\/b><\/p>\n<p> Finishen omfatter fr\u00e6sning, anodisering, maling eller pulverlakering for at forbedre holdbarheden og \u00e6stetikken.<br \/>\n<\/p><br \/>\n<br \/>\n<p><b>8. Reducerer kofangerbj\u00e6lker af aluminiumsprofiler k\u00f8ret\u00f8jets samlede v\u00e6gt? <\/b><\/p>\n<p> Ja, aluminiumsbj\u00e6lker er betydeligt lettere end st\u00e5l, hvilket bidrager til forbedret br\u00e6ndstof\u00f8konomi og k\u00f8ret\u00f8jets ydeevne.<br \/>\n<\/p><br \/>\n<br \/>\n<p><b>9. Hvordan er 6061- og 6082-legeringer i forhold til kofangerbj\u00e6lker? <\/b><\/p>\n<p> 6061 giver fremragende bearbejdelighed og styrke, mens 6082 giver lidt h\u00f8jere styrke og bedre korrosionsbestandighed, begge dele velegnet til kofangerbj\u00e6lker.<br \/>\n<\/p><br \/>\n<br \/>\n<p><b>10. Hvorfor foretr\u00e6kkes ekstrudering af aluminium frem for andre fremstillingsmetoder til kofangerbj\u00e6lker? <\/b><\/p>\n<p> Ekstrudering giver designfleksibilitet, sn\u00e6vre tolerancer og effektiv produktion af komplekse tv\u00e6rsnit, der er afg\u00f8rende for moderne bilkofangere.<br \/>\n<\/p><br \/><\/p>","protected":false},"featured_media":6237,"template":"","categories":[58],"class_list":["post-6238","product","type-product","status-publish","has-post-thumbnail","hentry","category-aluminium-extrusion-profiles"],"meta_box":{"hilight_text_group":{"product_hilight_text":"<li>Made from 6061 and 6082 alloys offering high strength and impact resistance<\/li>\r\r\n<li>Lightweight design improves vehicle fuel efficiency and handling<\/li>\r\r\n<li>Excellent corrosion resistance for long-lasting durability<\/li>\r\r\n<li>Precision extrusion ensures consistent quality and fit<\/li>\r\r\n<li>Customizable profiles to meet various automotive bumper specifications<\/li>","product_chanpin_chanpin":"<li><a href=\"https:\/\/sinoextrud.com\/product\/aluminum-extrusion-7003-7075-aluminum-profile-cnc\/\" target=\"_blank\">Aluminum Extrusion 7003 7075 Pilates Equipment Aluminum Profile CNC Precision Aluminum Profile<\/a><\/li>\r\n<li><a href=\"https:\/\/sinoextrud.com\/product\/aluminum-extrusion-cable-clamp-profile-cnc-custom-cable-cleat-aluminum-profile\/\" target=\"_blank\">Aluminum Extrusion Cable Clamp Profile CNC Custom Cable Cleat Aluminum Profile<\/a><\/li>\r\n<li><a href=\"https:\/\/sinoextrud.com\/product\/aluminum-extrusion-minimalist-office-partition-aluminum-profiles\/\" target=\"_blank\">Aluminum Extrusion Minimalist Office Partition Aluminum Profiles<\/a><\/li>\r\n<li><a href=\"https:\/\/sinoextrud.com\/product\/aluminum-extrusion-ultra-small-material-aluminum-frame-profile\/\" target=\"_blank\">Aluminum Extrusion Ultra-small Material Aluminum Frame Profile<\/a><\/li>\r\n<li><a href=\"https:\/\/sinoextrud.com\/product\/aluminum-extrusion-6061-6082-automotive-bumper-beam\/\" target=\"_blank\">Aluminum Extrusion 6061 6082 Automotive Bumper Beam<\/a><\/li>\r\n<li><a href=\"https:\/\/sinoextrud.com\/product\/aluminium-window-extrusion-profile\/\" target=\"_blank\">Aluminium Window Extrusion Profile<\/a><\/li>\r\n<li><a href=\"https:\/\/sinoextrud.com\/product\/aluminium-extrusion-frameless-glass-railing-aluminum-profiles\/\" target=\"_blank\">Aluminium Extrusion Frameless Glass Railing Aluminum Profiles<\/a><\/li>\r\n<li><a href=\"https:\/\/sinoextrud.com\/product\/extruded-aluminum-alloy-profile-for-glass-floor-channel\/\" target=\"_blank\">Extruded Aluminum Alloy Profile For Glass Floor Channel<\/a><\/li>\r\n<li><a href=\"https:\/\/sinoextrud.com\/product\/aluminum-extrusion-aerospace-grade-2024-aluminum-alloy-tubes\/\" target=\"_blank\">Aluminum Extrusion Aerospace-Grade 2024 Aluminum Alloy Tubes<\/a><\/li>\r\n<li><a href=\"https:\/\/sinoextrud.com\/product\/wall-surface-edging-protection-skirtboard-baseboard-kicking-line-aluminium-profile\/\" target=\"_blank\">Wall surface edging protection Skirtboard Baseboard Kicking line aluminium profile<\/a><\/li>\r\n<li><a href=\"https:\/\/sinoextrud.com\/product\/aluminium-powder-coating\/\" target=\"_blank\">Aluminium Powder Coating<\/a><\/li>"},"feature_list":[]},"_links":{"self":[{"href":"https:\/\/sinoextrud.com\/da\/wp-json\/wp\/v2\/product\/6238","targetHints":{"allow":["GET"]}}],"collection":[{"href":"https:\/\/sinoextrud.com\/da\/wp-json\/wp\/v2\/product"}],"about":[{"href":"https:\/\/sinoextrud.com\/da\/wp-json\/wp\/v2\/types\/product"}],"wp:featuredmedia":[{"embeddable":true,"href":"https:\/\/sinoextrud.com\/da\/wp-json\/wp\/v2\/media\/6237"}],"wp:attachment":[{"href":"https:\/\/sinoextrud.com\/da\/wp-json\/wp\/v2\/media?parent=6238"}],"wp:term":[{"taxonomy":"category","embeddable":true,"href":"https:\/\/sinoextrud.com\/da\/wp-json\/wp\/v2\/categories?post=6238"}],"curies":[{"name":"wp","href":"https:\/\/api.w.org\/{rel}","templated":true}]}}