{"id":6236,"date":"2025-05-26T03:55:02","date_gmt":"2025-05-26T03:55:02","guid":{"rendered":"https:\/\/sinoextrud.com\/product\/aluminum-extrusion-ultra-small-material-aluminum-frame-profile\/"},"modified":"2025-06-24T03:55:28","modified_gmt":"2025-06-24T03:55:28","slug":"aluminiumsekstrudering-ultra-lille-materiale-aluminiumsrammeprofil","status":"publish","type":"product","link":"https:\/\/sinoextrud.com\/da\/product\/aluminum-extrusion-ultra-small-material-aluminum-frame-profile\/","title":{"rendered":"Aluminiumsekstrudering Ultra-lille materiale Aluminiumsrammeprofil"},"content":{"rendered":"<h2>Detaljer om produkter<\/h2>\n<table class=\"custom-table\">\n<tr>\n<td class=\"label\">Vare<\/td>\n<td>Aluminiumsekstrudering Ultra-lille materiale Aluminiumsrammeprofil<\/td>\n<\/tr>\n<tr>\n<td class=\"label\">Materiale<\/td>\n<td>F\u00f8rsteklasses 6063-T5 eller 6061-T6 aluminiumslegering (EN AW-6063\/6061 standard), der giver letv\u00e6gtsholdbarhed og korrosionsbestandighed.<\/td>\n<\/tr>\n<tr>\n<td class=\"label\">Profilens dimensioner<\/td>\n<td>I henhold til dine tegninger<\/td>\n<\/tr>\n<tr>\n<td class=\"label\">Tolerancer<\/td>\n<td>- M\u00e5l: \u00b10,1 mm (laserverificeret).<br \/>- Fladhed: \u22640,2 mm\/m.<\/td>\n<\/tr>\n<tr>\n<td class=\"label\">Overfladebehandling<\/td>\n<td>- Anodisering: 10-25 \u03bcm tykkelse, 1.000+ timers modstandsdygtighed over for saltt\u00e5ge (ASTM B117).<br \/>- Pulverlakering: 60-80 \u03bcm tykkelse, 100+ RAL-farver.<br \/>- Polering\/b\u00f8rstning: Valgfri glat eller struktureret finish.<\/td>\n<\/tr>\n<tr>\n<td class=\"label\">Tilpasningsmuligheder<\/td>\n<td>- Form: Firkantet, rektangul\u00e6r, cirkul\u00e6r eller brugerdefinerede geometrier.<br \/>- Huller\/spalter: Forborede til skruer, h\u00e6ngsler eller montering.<br \/>- Integrerede funktioner: Kanaler til kabler, riller til t\u00e6tninger eller \u00e5bninger til tilbeh\u00f8r.<\/td>\n<\/tr>\n<tr>\n<td class=\"label\">Dyb proces<\/td>\n<td>B\u00f8jning, afrulning, svejsning, stansning, sk\u00e6ring osv.<\/td>\n<\/tr>\n<tr>\n<td class=\"label\">Kompatibilitet<\/td>\n<td>Kompatibel med glas-, plast- eller metalindsatser for forbedret funktionalitet.<\/td>\n<\/tr>\n<tr>\n<td class=\"label\">Milj\u00f8m\u00e6ssige standarder<\/td>\n<td>- ISO 14001: Milj\u00f8venlig produktion.<br \/>- RoHS og REACH: Blyfri, i overensstemmelse med EU's regler.<\/td>\n<\/tr>\n<tr>\n<td class=\"label\">Certificeringer<\/td>\n<td>ISO 9001 (kvalitetsstyring), SGS-testet for mekaniske egenskaber, brandklasse A (BS 476).<\/td>\n<\/tr>\n<tr>\n<td class=\"label\">Genneml\u00f8bstid<\/td>\n<td>15-25 dage<\/td>\n<\/tr>\n<tr>\n<td class=\"label\">MOQ<\/td>\n<td>500 kg.<\/td>\n<\/tr>\n<tr>\n<td class=\"label\">Global overholdelse<\/td>\n<td>Opfylder ASTM-, EN- og GB-standarder for pr\u00e6cisionsteknik og sikkerhed.<\/td>\n<\/tr>\n<\/table>\n<h2>Vores produktionsbase<\/h2>\n<h3>Panorama over fabrikken<\/h3>\n<p><img decoding=\"async\" src=\"\/wp-content\/uploads\/factory-01.webp\"\/><\/p>\n<h3>V\u00e6rksted til fremstilling af aluminiumst\u00e6nger<\/h3>\n<p><img decoding=\"async\" src=\"\/wp-content\/uploads\/factory-02.webp\"\/><\/p>\n<p><img decoding=\"async\" src=\"\/wp-content\/uploads\/factory-03.webp\"\/><\/p>\n<h3>Lager til opbevaring af skimmelsvampe<\/h3>\n<p><img decoding=\"async\" src=\"\/wp-content\/uploads\/factory-04.webp\"\/><\/p>\n<h3>43 ekstruderingslinjer for aluminium (500-5500 ton)<\/h3>\n<p><img decoding=\"async\" src=\"\/wp-content\/uploads\/factory-05.webp\"\/><\/p>\n<p><img decoding=\"async\" src=\"\/wp-content\/uploads\/factory-06.webp\"\/><\/p>\n<p><img decoding=\"async\" src=\"\/wp-content\/uploads\/factory-07.webp\"\/><\/p>\n<h3>V\u00e6rksted for pulverlakering<\/h3>\n<p><img decoding=\"async\" src=\"\/wp-content\/uploads\/factory-09.webp\"\/><\/p>\n<h3>Anodiseringsv\u00e6rksted<\/h3>\n<p><img decoding=\"async\" src=\"\/wp-content\/uploads\/factory-10.webp\"\/><\/p>\n<h3>Workshop om dyb behandling<\/h3>\n<p><img decoding=\"async\" src=\"\/wp-content\/uploads\/factory-11.webp\"\/><\/p>\n<h3>V\u00e6rksted for CNC-pr\u00e6cisionsbearbejdning<\/h3>\n<p><img decoding=\"async\" src=\"\/wp-content\/uploads\/factory-11.5.webp\"\/><\/p>\n<h3>F\u00e6rdigvare- og eksportlager<\/h3>\n<p><img decoding=\"async\" src=\"\/wp-content\/uploads\/factory-12.webp\"\/><\/p>\n<p><img decoding=\"async\" src=\"\/wp-content\/uploads\/factory-13.webp\"\/><\/p>\n<p><img decoding=\"async\" src=\"\/wp-content\/uploads\/factory-14.webp\"\/><\/p>\n<h2>OFTE STILLEDE SP\u00d8RGSM\u00c5L<\/h2>\n<p><p><b>1. Hvad er en aluminiumsekstrudering ultra-lille materiale aluminiumsrammeprofil? <\/b><\/p>\n<p> Det er en pr\u00e6cist ekstruderet aluminiumsprofil designet med ultrasm\u00e5 dimensioner, der bruges til kompakte rammel\u00f8sninger, der kr\u00e6ver h\u00f8j styrke og letv\u00e6gtsegenskaber.<br \/>\n<\/p><br \/>\n<br \/>\n<p><b>2. Hvad er fordelene ved ultrasm\u00e5 rammeprofiler i aluminium? <\/b><\/p>\n<p> Ultrasm\u00e5 aluminiumsprofiler giver et fremragende forhold mellem styrke og v\u00e6gt, korrosionsbestandighed, pr\u00e6cision og alsidighed til miniature- og pladsbesparende anvendelser.<br \/>\n<\/p><br \/>\n<br \/>\n<p><b>3. Hvorfor v\u00e6lge aluminiumsekstrudering til ultrasm\u00e5 rammeprofiler? <\/b><\/p>\n<p> Ekstrudering af aluminium giver sn\u00e6vre tolerancer, tilpassede former og ensartet kvalitet, som er afg\u00f8rende for fremstilling af ultrasm\u00e5 rammekomponenter.<br \/>\n<\/p><br \/>\n<br \/>\n<p><b>4. Hvor bruges ultrasm\u00e5 rammeprofiler af aluminiumsekstrudering ofte? <\/b><\/p>\n<p> De bruges i vid udstr\u00e6kning i elektronikkabinetter, miniaturemaskiner, medicinsk udstyr, robotteknologi og kompakte konstruktionsenheder.<br \/>\n<\/p><br \/>\n<br \/>\n<p><b>5. Kan ultrasm\u00e5 aluminiumsrammeprofiler tilpasses? <\/b><\/p>\n<p> Ja, disse profiler kan specialekstruderes med specifikke tv\u00e6rsnit, l\u00e6ngder, legeringer og overflader, s\u00e5 de passer til pr\u00e6cise design- og funktionsbehov.<br \/>\n<\/p><br \/>\n<br \/>\n<p><b>6. Hvilke overflader er tilg\u00e6ngelige for ultrasm\u00e5 aluminiumsrammeprofiler? <\/b><\/p>\n<p> De tilg\u00e6ngelige overflader omfatter fr\u00e6sede, anodiserede, pulverlakerede og b\u00f8rstede overflader, hvilket forbedrer holdbarheden og \u00e6stetikken.<br \/>\n<\/p><br \/>\n<br \/>\n<p><b>7. Giver ultrasm\u00e5 aluminiumsprofiler god korrosionsbestandighed? <\/b><\/p>\n<p> Absolut, aluminium modst\u00e5r naturligt korrosion og kan anodiseres for forbedret beskyttelse i forskellige milj\u00f8er.<br \/>\n<\/p><br \/>\n<br \/>\n<p><b>8. Hvordan forbedrer aluminiumsekstrudering fremstillingen af ultrasm\u00e5 rammeprofiler? <\/b><\/p>\n<p> Ekstrudering giver mulighed for effektiv produktion af komplekse, pr\u00e6cise sm\u00e5 profiler med minimalt materialespild og overlegen overfladekvalitet.<br \/>\n<\/p><br \/>\n<br \/>\n<p><b>9. Er ultrasm\u00e5 aluminiumsrammeprofiler lette og alligevel st\u00e6rke? <\/b><\/p>\n<p> Ja, disse profiler bevarer aluminiums iboende letv\u00e6gts- og styrkefordele, hvilket g\u00f8r dem ideelle til kompakte, men holdbare rammer.<br \/>\n<\/p><br \/>\n<br \/>\n<p><b>10. Hvorfor foretr\u00e6kkes ultrasm\u00e5 aluminiumsprofiler frem for andre materialer? <\/b><\/p>\n<p> Aluminium giver overlegen bearbejdelighed, korrosionsbestandighed og styrke i ultrasm\u00e5 profiler sammenlignet med plast eller tungere metaller.<br \/>\n<\/p><br \/><\/p>","protected":false},"featured_media":6235,"template":"","categories":[58],"class_list":["post-6236","product","type-product","status-publish","has-post-thumbnail","hentry","category-aluminium-extrusion-profiles"],"meta_box":{"hilight_text_group":{"product_hilight_text":"<li>Ultra-small profiles enable precise and compact structural designs<\/li>\r\r\n<li>High-strength aluminum ensures durability despite minimal size<\/li>\r\r\n<li>Lightweight for easy handling and integration into delicate assemblies<\/li>\r\r\n<li>Corrosion-resistant surface suitable for electronics and small devices<\/li>\r\r\n<li>Supports custom shapes and finishes to meet specialized requirements<\/li>","product_chanpin_chanpin":"<li><a href=\"https:\/\/sinoextrud.com\/product\/aluminum-extrusion-advertising-signs-aluminum-frame-profile\/\" target=\"_blank\">Aluminum Extrusion Advertising Signs Aluminum Frame Profile<\/a><\/li>\r\n<li><a href=\"https:\/\/sinoextrud.com\/product\/aluminum-extrusion-7003-7075-aluminum-profile-cnc\/\" target=\"_blank\">Aluminum Extrusion 7003 7075 Pilates Equipment Aluminum Profile CNC Precision Aluminum Profile<\/a><\/li>\r\n<li><a href=\"https:\/\/sinoextrud.com\/product\/aluminum-extrusion-cable-clamp-profile-cnc-custom-cable-cleat-aluminum-profile\/\" target=\"_blank\">Aluminum Extrusion Cable Clamp Profile CNC Custom Cable Cleat Aluminum Profile<\/a><\/li>\r\n<li><a href=\"https:\/\/sinoextrud.com\/product\/aluminum-extrusion-minimalist-office-partition-aluminum-profiles\/\" target=\"_blank\">Aluminum Extrusion Minimalist Office Partition Aluminum Profiles<\/a><\/li>\r\n<li><a href=\"https:\/\/sinoextrud.com\/product\/aluminum-extrusion-ultra-small-material-aluminum-frame-profile\/\" target=\"_blank\">Aluminum Extrusion Ultra-small Material Aluminum Frame Profile<\/a><\/li>\r\n<li><a href=\"https:\/\/sinoextrud.com\/product\/aluminum-extrusion-6061-6082-automotive-bumper-beam\/\" target=\"_blank\">Aluminum Extrusion 6061 6082 Automotive Bumper Beam<\/a><\/li>\r\n<li><a href=\"https:\/\/sinoextrud.com\/product\/aluminium-window-extrusion-profile\/\" target=\"_blank\">Aluminium Window Extrusion Profile<\/a><\/li>\r\n<li><a href=\"https:\/\/sinoextrud.com\/product\/aluminium-extrusion-frameless-glass-railing-aluminum-profiles\/\" target=\"_blank\">Aluminium Extrusion Frameless Glass Railing Aluminum Profiles<\/a><\/li>\r\n<li><a href=\"https:\/\/sinoextrud.com\/product\/extruded-aluminum-alloy-profile-for-glass-floor-channel\/\" target=\"_blank\">Extruded Aluminum Alloy Profile For Glass Floor Channel<\/a><\/li>\r\n<li><a href=\"https:\/\/sinoextrud.com\/product\/aluminium-frame-extrusion-profile-picture-frame-profile-for-interior-decoration\/\" target=\"_blank\">Aluminium Frame Extrusion Profile Picture Frame Profile For Interior Decoration<\/a><\/li>\r\n<li><a href=\"https:\/\/sinoextrud.com\/product\/office-partition-aluminum-profile\/\" target=\"_blank\">Office Partition Aluminum Profile<\/a><\/li>"},"feature_list":[]},"_links":{"self":[{"href":"https:\/\/sinoextrud.com\/da\/wp-json\/wp\/v2\/product\/6236","targetHints":{"allow":["GET"]}}],"collection":[{"href":"https:\/\/sinoextrud.com\/da\/wp-json\/wp\/v2\/product"}],"about":[{"href":"https:\/\/sinoextrud.com\/da\/wp-json\/wp\/v2\/types\/product"}],"wp:featuredmedia":[{"embeddable":true,"href":"https:\/\/sinoextrud.com\/da\/wp-json\/wp\/v2\/media\/6235"}],"wp:attachment":[{"href":"https:\/\/sinoextrud.com\/da\/wp-json\/wp\/v2\/media?parent=6236"}],"wp:term":[{"taxonomy":"category","embeddable":true,"href":"https:\/\/sinoextrud.com\/da\/wp-json\/wp\/v2\/categories?post=6236"}],"curies":[{"name":"wp","href":"https:\/\/api.w.org\/{rel}","templated":true}]}}