{"id":6234,"date":"2025-05-26T03:18:25","date_gmt":"2025-05-26T03:18:25","guid":{"rendered":"https:\/\/sinoextrud.com\/product\/aluminum-extrusion-minimalist-office-partition-aluminum-profiles\/"},"modified":"2025-06-24T03:55:26","modified_gmt":"2025-06-24T03:55:26","slug":"aluminiumsekstrudering-minimalistisk-kontorskillevaeg-aluminiumsprofiler","status":"publish","type":"product","link":"https:\/\/sinoextrud.com\/da\/product\/aluminum-extrusion-minimalist-office-partition-aluminum-profiles\/","title":{"rendered":"Aluminiumsekstrudering Minimalistisk kontorskillev\u00e6g Aluminiumsprofiler"},"content":{"rendered":"<h2>Detaljer om produkter<\/h2>\n<table class=\"custom-table\">\n<tr>\n<td class=\"label\">Vare<\/td>\n<td>Aluminiumsekstrudering Minimalistisk kontorskillev\u00e6g Aluminiumsprofiler<\/td>\n<\/tr>\n<tr>\n<td class=\"label\">Materiale<\/td>\n<td>F\u00f8rsteklasses aluminiumslegering (6063-T5 eller tilsvarende)<\/td>\n<\/tr>\n<tr>\n<td class=\"label\">Overfladebehandling<\/td>\n<td>Anodisering, pulverlakering, polering eller b\u00f8rstning (kan tilpasses)<\/td>\n<\/tr>\n<tr>\n<td class=\"label\">Tykkelse<\/td>\n<td>1,2 mm - 3,0 mm (afh\u00e6ngigt af anvendelse og belastningskrav)<\/td>\n<\/tr>\n<tr>\n<td class=\"label\">Bredde<\/td>\n<td>20 mm - 200 mm (kan tilpasses til specifikke designbehov)<\/td>\n<\/tr>\n<tr>\n<td class=\"label\">H\u00f8jde<\/td>\n<td>Op til 6 meter (kan tilpasses baseret p\u00e5 projektkrav)<\/td>\n<\/tr>\n<tr>\n<td class=\"label\">V\u00e6gt<\/td>\n<td>Letv\u00e6gt, ca. 2,7 g\/cm3 (varierer afh\u00e6ngigt af profilst\u00f8rrelse og -tykkelse)<\/td>\n<\/tr>\n<tr>\n<td class=\"label\">Farvemuligheder<\/td>\n<td>S\u00f8lv, sort, hvid, guld, bronze eller brugerdefinerede RAL-farver<\/td>\n<\/tr>\n<tr>\n<td class=\"label\">F\u00e6rdigg\u00f8r<\/td>\n<td>Mat, blank eller satin (afh\u00e6ngigt af overfladebehandling)<\/td>\n<\/tr>\n<tr>\n<td class=\"label\">Tolerance<\/td>\n<td>\u00b10,1 mm (pr\u00e6cisionsudviklet til perfekt pasform og justering)<\/td>\n<\/tr>\n<tr>\n<td class=\"label\">Modstandsdygtighed over for brand<\/td>\n<td>Ikke-br\u00e6ndbart, opfylder brandsikkerhedsstandarder<\/td>\n<\/tr>\n<tr>\n<td class=\"label\">Modstandsdygtighed over for korrosion<\/td>\n<td>H\u00f8j modstandsdygtighed over for rust og korrosion, velegnet til indend\u00f8rs og udend\u00f8rs brug<\/td>\n<\/tr>\n<tr>\n<td class=\"label\">Belastningskapacitet<\/td>\n<td>H\u00f8j strukturel styrke, der kan b\u00e6re yderligere inventar eller paneler<\/td>\n<\/tr>\n<tr>\n<td class=\"label\">Installation<\/td>\n<td>Let at installere med modul\u00e6rt design, kompatibelt med standardmonteringssystemer<\/td>\n<\/tr>\n<tr>\n<td class=\"label\">Certificeringer<\/td>\n<td>ISO 9001, ISO 14001, SGS og andre internationale kvalitetsstandarder<\/td>\n<\/tr>\n<tr>\n<td class=\"label\">Emballage<\/td>\n<td>Beskyttende indpakning, specialfremstillede kasser og sikker m\u00e6rkning til sikker transport<\/td>\n<\/tr>\n<tr>\n<td class=\"label\">Anvendelser<\/td>\n<td>Kontorskillev\u00e6gge, modul\u00e6re arbejdsstationer, butiksdisplays og dekorative rammer<\/td>\n<\/tr>\n<\/table>\n<h2>Vores produktionsbase<\/h2>\n<h3>Panorama over fabrikken<\/h3>\n<p><img decoding=\"async\" src=\"\/wp-content\/uploads\/factory-01.webp\"\/><\/p>\n<h3>V\u00e6rksted til fremstilling af aluminiumst\u00e6nger<\/h3>\n<p><img decoding=\"async\" src=\"\/wp-content\/uploads\/factory-02.webp\"\/><\/p>\n<p><img decoding=\"async\" src=\"\/wp-content\/uploads\/factory-03.webp\"\/><\/p>\n<h3>Lager til opbevaring af skimmelsvampe<\/h3>\n<p><img decoding=\"async\" src=\"\/wp-content\/uploads\/factory-04.webp\"\/><\/p>\n<h3>43 ekstruderingslinjer for aluminium (500-5500 ton)<\/h3>\n<p><img decoding=\"async\" src=\"\/wp-content\/uploads\/factory-05.webp\"\/><\/p>\n<p><img decoding=\"async\" src=\"\/wp-content\/uploads\/factory-06.webp\"\/><\/p>\n<p><img decoding=\"async\" src=\"\/wp-content\/uploads\/factory-07.webp\"\/><\/p>\n<h3>V\u00e6rksted for pulverlakering<\/h3>\n<p><img decoding=\"async\" src=\"\/wp-content\/uploads\/factory-09.webp\"\/><\/p>\n<h3>Anodiseringsv\u00e6rksted<\/h3>\n<p><img decoding=\"async\" src=\"\/wp-content\/uploads\/factory-10.webp\"\/><\/p>\n<h3>Workshop om dyb behandling<\/h3>\n<p><img decoding=\"async\" src=\"\/wp-content\/uploads\/factory-11.webp\"\/><\/p>\n<h3>V\u00e6rksted for CNC-pr\u00e6cisionsbearbejdning<\/h3>\n<p><img decoding=\"async\" src=\"\/wp-content\/uploads\/factory-11.5.webp\"\/><\/p>\n<h3>F\u00e6rdigvare- og eksportlager<\/h3>\n<p><img decoding=\"async\" src=\"\/wp-content\/uploads\/factory-12.webp\"\/><\/p>\n<p><img decoding=\"async\" src=\"\/wp-content\/uploads\/factory-13.webp\"\/><\/p>\n<p><img decoding=\"async\" src=\"\/wp-content\/uploads\/factory-14.webp\"\/><\/p>\n<h2>OFTE STILLEDE SP\u00d8RGSM\u00c5L<\/h2>\n<p><p><b>1. hvad er aluminiumsekstrudering minimalistisk kontorskillev\u00e6g aluminiumsprofiler? <\/b><\/p>\n<p> Det er slanke, ekstruderede aluminiumsprofiler, der er designet til at skabe moderne, minimalistiske kontorskillev\u00e6gge med holdbarhed og \u00e6stetisk appel.<br \/>\n<\/p><br \/>\n<br \/>\n<p><b>2. Hvad er fordelene ved at bruge aluminiumsprofiler til kontorskillev\u00e6gge? <\/b><\/p>\n<p> Aluminiumsprofiler giver letv\u00e6gtsstyrke, korrosionsbestandighed, nem installation og et rent, moderne udseende, der er ideelt til moderne kontorlokaler.<br \/>\n<\/p><br \/>\n<br \/>\n<p><b>3. Hvorfor v\u00e6lge aluminiumsprofiler til minimalistiske kontorskillev\u00e6gge? <\/b><\/p>\n<p> Ekstrudering giver mulighed for pr\u00e6cise, tilpassede profilformer, der giver strukturel integritet og samtidig opretholder slanke, minimalistiske designs.<br \/>\n<\/p><br \/>\n<br \/>\n<p><b>4. Hvor bruges minimalistiske kontorskillev\u00e6gsprofiler i aluminium ofte? <\/b><\/p>\n<p> De bruges i virksomhedskontorer, coworking spaces, receptionsomr\u00e5der og konferencelokaler til at skabe funktionelle og stilfulde skillev\u00e6gge.<br \/>\n<\/p><br \/>\n<br \/>\n<p><b>5. Er skillev\u00e6gsprofiler i aluminium nemme at installere? <\/b><\/p>\n<p> Ja, aluminiumsprofiler er designet til hurtig montering med modul\u00e6re stik, hvilket reducerer installationstiden og giver mulighed for fleksible rumkonfigurationer.<br \/>\n<\/p><br \/>\n<br \/>\n<p><b>6. Kan skillev\u00e6gsprofiler i aluminium tilpasses? <\/b><\/p>\n<p> Absolut, profiler kan tilpasses i form, st\u00f8rrelse, finish og farve, s\u00e5 de passer til specifikke krav til kontordesign og branding.<br \/>\n<\/p><br \/>\n<br \/>\n<p><b>7. Hvilke overflader er tilg\u00e6ngelige for kontorskillev\u00e6gsprofiler i aluminium? <\/b><\/p>\n<p> Finishen omfatter anodiserede, pulverlakerede, b\u00f8rstede og malede muligheder for at forbedre holdbarheden og matche indretningen.<br \/>\n<\/p><br \/>\n<br \/>\n<p><b>8. Forbedrer skillev\u00e6gge af aluminiumsprofiler kontorakustikken? <\/b><\/p>\n<p> N\u00e5r de kombineres med akustikpaneler eller glas, hj\u00e6lper aluminiumsskillev\u00e6gge med at reducere st\u00f8j og forbedre privatlivets fred og koncentrationen i \u00e5bne kontorer.<br \/>\n<\/p><br \/>\n<br \/>\n<p><b>9. Er kontorskillev\u00e6gsprofiler i aluminium holdbare? <\/b><\/p>\n<p> Ja, aluminium giver fremragende modstandsdygtighed over for korrosion, slid og st\u00f8d, hvilket sikrer langtidsholdbare kontorskillev\u00e6gge.<br \/>\n<\/p><br \/>\n<br \/>\n<p><b>10. Hvordan forbedrer minimalistiske aluminiumsprofiler kontorets \u00e6stetik? <\/b><\/p>\n<p> Deres slanke, rene linjer og tilpassede finish skaber et moderne, elegant milj\u00f8, der fremmer produktivitet og et professionelt image.<br \/>\n<\/p><br \/><\/p>","protected":false},"featured_media":6233,"template":"","categories":[58],"class_list":["post-6234","product","type-product","status-publish","has-post-thumbnail","hentry","category-aluminium-extrusion-profiles"],"meta_box":{"hilight_text_group":{"product_hilight_text":"<li>Sleek minimalist design complements modern office aesthetics<\/li>\r\r\n<li>Lightweight yet sturdy aluminum ensures durable partitions<\/li>\r\r\n<li>Easy to assemble and reconfigure for flexible office layouts<\/li>\r\r\n<li>Corrosion-resistant surface suitable for long-term indoor use<\/li>\r\r\n<li>Customizable profiles and finishes to match branding and design needs<\/li>","product_chanpin_chanpin":"<li><a href=\"https:\/\/sinoextrud.com\/product\/aluminum-extrusion-bathroom-mirror-cabinet-aluminum-profile\/\" target=\"_blank\">Aluminum Extrusion Bathroom Mirror Cabinet Aluminum Profile<\/a><\/li>\r\n<li><a href=\"https:\/\/sinoextrud.com\/product\/aluminum-extrusion-advertising-signs-aluminum-frame-profile\/\" target=\"_blank\">Aluminum Extrusion Advertising Signs Aluminum Frame Profile<\/a><\/li>\r\n<li><a href=\"https:\/\/sinoextrud.com\/product\/aluminum-extrusion-7003-7075-aluminum-profile-cnc\/\" target=\"_blank\">Aluminum Extrusion 7003 7075 Pilates Equipment Aluminum Profile CNC Precision Aluminum Profile<\/a><\/li>\r\n<li><a href=\"https:\/\/sinoextrud.com\/product\/aluminum-extrusion-cable-clamp-profile-cnc-custom-cable-cleat-aluminum-profile\/\" target=\"_blank\">Aluminum Extrusion Cable Clamp Profile CNC Custom Cable Cleat Aluminum Profile<\/a><\/li>\r\n<li><a href=\"https:\/\/sinoextrud.com\/product\/aluminum-extrusion-minimalist-office-partition-aluminum-profiles\/\" target=\"_blank\">Aluminum Extrusion Minimalist Office Partition Aluminum Profiles<\/a><\/li>\r\n<li><a href=\"https:\/\/sinoextrud.com\/product\/aluminum-extrusion-ultra-small-material-aluminum-frame-profile\/\" target=\"_blank\">Aluminum Extrusion Ultra-small Material Aluminum Frame Profile<\/a><\/li>\r\n<li><a href=\"https:\/\/sinoextrud.com\/product\/aluminum-extrusion-6061-6082-automotive-bumper-beam\/\" target=\"_blank\">Aluminum Extrusion 6061 6082 Automotive Bumper Beam<\/a><\/li>\r\n<li><a href=\"https:\/\/sinoextrud.com\/product\/aluminium-window-extrusion-profile\/\" target=\"_blank\">Aluminium Window Extrusion Profile<\/a><\/li>\r\n<li><a href=\"https:\/\/sinoextrud.com\/product\/aluminium-extrusion-frameless-glass-railing-aluminum-profiles\/\" target=\"_blank\">Aluminium Extrusion Frameless Glass Railing Aluminum Profiles<\/a><\/li>\r\n<li><a href=\"https:\/\/sinoextrud.com\/product\/aluminum-extruded-profile\/\" target=\"_blank\">Aluminum Extruded Profile<\/a><\/li>\r\n<li><a href=\"https:\/\/sinoextrud.com\/product\/aluminum-profile-system\/\" target=\"_blank\">Aluminum Profile System<\/a><\/li>"},"feature_list":[]},"_links":{"self":[{"href":"https:\/\/sinoextrud.com\/da\/wp-json\/wp\/v2\/product\/6234","targetHints":{"allow":["GET"]}}],"collection":[{"href":"https:\/\/sinoextrud.com\/da\/wp-json\/wp\/v2\/product"}],"about":[{"href":"https:\/\/sinoextrud.com\/da\/wp-json\/wp\/v2\/types\/product"}],"wp:featuredmedia":[{"embeddable":true,"href":"https:\/\/sinoextrud.com\/da\/wp-json\/wp\/v2\/media\/6233"}],"wp:attachment":[{"href":"https:\/\/sinoextrud.com\/da\/wp-json\/wp\/v2\/media?parent=6234"}],"wp:term":[{"taxonomy":"category","embeddable":true,"href":"https:\/\/sinoextrud.com\/da\/wp-json\/wp\/v2\/categories?post=6234"}],"curies":[{"name":"wp","href":"https:\/\/api.w.org\/{rel}","templated":true}]}}