{"id":6232,"date":"2025-05-26T03:14:45","date_gmt":"2025-05-26T03:14:45","guid":{"rendered":"https:\/\/sinoextrud.com\/product\/aluminum-extrusion-cable-clamp-profile-cnc-custom-cable-cleat-aluminum-profile\/"},"modified":"2025-06-24T03:55:24","modified_gmt":"2025-06-24T03:55:24","slug":"aluminiumsekstrudering-kabelklemmeprofil-cnc-brugerdefineret-kabelklampe-aluminiumsprofil","status":"publish","type":"product","link":"https:\/\/sinoextrud.com\/da\/product\/aluminum-extrusion-cable-clamp-profile-cnc-custom-cable-cleat-aluminum-profile\/","title":{"rendered":"Aluminiumsekstrudering Kabelklemmeprofil CNC Custom Cable Cleat Aluminiumsprofil"},"content":{"rendered":"<h2>Detaljer om produkter<\/h2>\n<table class=\"custom-table\">\n<tr>\n<td class=\"label\">Vare<\/td>\n<td>Aluminiumsekstrudering Kabelklemmeprofil CNC Custom Cable Cleat Aluminiumsprofil<\/td>\n<\/tr>\n<tr>\n<td class=\"label\">Temperament<\/td>\n<td>T3-T8<\/td>\n<\/tr>\n<tr>\n<td class=\"label\">Procesflow<\/td>\n<td>Udvikling af st\u00f8beforme - Aluminiumssk\u00e6rver - Opvarmning - St\u00f8bning med r\u00e5 aluminium - Anodiseret pulverbel\u00e6gning<\/td>\n<\/tr>\n<tr>\n<td class=\"label\">Anvendelse<\/td>\n<td>elektriske installationer, telekommunikationsinfrastruktur, transportsystemer og industrimaskiner<\/td>\n<\/tr>\n<tr>\n<td class=\"label\">Form<\/td>\n<td>Tilpasning<\/td>\n<\/tr>\n<tr>\n<td class=\"label\">Overfladebehandling<\/td>\n<td>Fr\u00e6set f\u00e6rdig, anodiseret, power coating, sandbl\u00e6sning, elektroforese, b\u00f8rstet, polering osv.<\/td>\n<\/tr>\n<tr>\n<td class=\"label\">Farve<\/td>\n<td>Baseret p\u00e5 kundernes krav<\/td>\n<\/tr>\n<tr>\n<td class=\"label\">Dyb bearbejdning<\/td>\n<td>Sk\u00e6ring, boring, bearbejdning, stansning, bukning, gevindsk\u00e6ring og s\u00e5 videre<\/td>\n<\/tr>\n<tr>\n<td class=\"label\">MOQ<\/td>\n<td>200 kg for hver profil<\/td>\n<\/tr>\n<tr>\n<td class=\"label\">Leveringstid<\/td>\n<td>Skimmeludvikling og pr\u00f8vekonformation er 12-15 dage, derefter er produktionsvarigheden 15-25 dage efter modtagelse af depositum fra k\u00f8ber.<\/td>\n<\/tr>\n<tr>\n<td class=\"label\">Gratis pr\u00f8ve<\/td>\n<td>1-3 dage kan sendes<\/td>\n<\/tr>\n<\/table>\n<h2>Vores produktionsbase<\/h2>\n<h3>Panorama over fabrikken<\/h3>\n<p><img decoding=\"async\" src=\"\/wp-content\/uploads\/factory-01.webp\"\/><\/p>\n<h3>V\u00e6rksted til fremstilling af aluminiumst\u00e6nger<\/h3>\n<p><img decoding=\"async\" src=\"\/wp-content\/uploads\/factory-02.webp\"\/><\/p>\n<p><img decoding=\"async\" src=\"\/wp-content\/uploads\/factory-03.webp\"\/><\/p>\n<h3>Lager til opbevaring af skimmelsvampe<\/h3>\n<p><img decoding=\"async\" src=\"\/wp-content\/uploads\/factory-04.webp\"\/><\/p>\n<h3>43 ekstruderingslinjer for aluminium (500-5500 ton)<\/h3>\n<p><img decoding=\"async\" src=\"\/wp-content\/uploads\/factory-05.webp\"\/><\/p>\n<p><img decoding=\"async\" src=\"\/wp-content\/uploads\/factory-06.webp\"\/><\/p>\n<p><img decoding=\"async\" src=\"\/wp-content\/uploads\/factory-07.webp\"\/><\/p>\n<h3>V\u00e6rksted for pulverlakering<\/h3>\n<p><img decoding=\"async\" src=\"\/wp-content\/uploads\/factory-09.webp\"\/><\/p>\n<h3>Anodiseringsv\u00e6rksted<\/h3>\n<p><img decoding=\"async\" src=\"\/wp-content\/uploads\/factory-10.webp\"\/><\/p>\n<h3>Workshop om dyb behandling<\/h3>\n<p><img decoding=\"async\" src=\"\/wp-content\/uploads\/factory-11.webp\"\/><\/p>\n<h3>V\u00e6rksted for CNC-pr\u00e6cisionsbearbejdning<\/h3>\n<p><img decoding=\"async\" src=\"\/wp-content\/uploads\/factory-11.5.webp\"\/><\/p>\n<h3>F\u00e6rdigvare- og eksportlager<\/h3>\n<p><img decoding=\"async\" src=\"\/wp-content\/uploads\/factory-12.webp\"\/><\/p>\n<p><img decoding=\"async\" src=\"\/wp-content\/uploads\/factory-13.webp\"\/><\/p>\n<p><img decoding=\"async\" src=\"\/wp-content\/uploads\/factory-14.webp\"\/><\/p>\n<h2>OFTE STILLEDE SP\u00d8RGSM\u00c5L<\/h2>\n<p><p><b>1. Hvad er en kabelklemmeprofil af aluminiumsekstrudering? <\/b><\/p>\n<p> Det er en specielt ekstruderet aluminiumsprofil, der er designet til at fungere som en kabelklemme eller klampe, der fastg\u00f8r kabler i elektriske og industrielle applikationer.<br \/>\n<\/p><br \/>\n<br \/>\n<p><b>2. Hvad er fordelene ved at bruge kabelklemmeprofiler i aluminium? <\/b><\/p>\n<p> Kabelklemmeprofiler i aluminium giver letv\u00e6gtsstyrke, korrosionsbestandighed, fremragende varmeledningsevne og holdbarhed til p\u00e5lidelig kabelh\u00e5ndtering.<br \/>\n<\/p><br \/>\n<br \/>\n<p><b>3. Hvorfor v\u00e6lge CNC-tilpassede aluminiumsprofiler til kabelklodser? <\/b><\/p>\n<p> CNC-bearbejdning giver pr\u00e6cise dimensioner, glat finish og specialdesign, der er skr\u00e6ddersyet til specifikke kabelst\u00f8rrelser og installationskrav.<br \/>\n<\/p><br \/>\n<br \/>\n<p><b>4. Hvor bruges kabelklampeprofiler af aluminiumsekstrudering ofte? <\/b><\/p>\n<p> De bruges i kraftv\u00e6rker, transformerstationer, industrianl\u00e6g, vedvarende energiprojekter og infrastruktur til effektiv fastg\u00f8relse af kabler.<br \/>\n<\/p><br \/>\n<br \/>\n<p><b>5. Er kabelklemmeprofiler i aluminium korrosionsbestandige? <\/b><\/p>\n<p> Ja, aluminiumsprofiler modst\u00e5r korrosion, hvilket g\u00f8r dem velegnede til udend\u00f8rs, marine og barske milj\u00f8forhold.<br \/>\n<\/p><br \/>\n<br \/>\n<p><b>6. kan aluminiumskabelklampeprofiler tilpasses? <\/b><\/p>\n<p> Absolut, CNC tilpassede aluminiumsprofiler kan fremstilles i forskellige former, st\u00f8rrelser og overflader for at opfylde specifikke behov for kabelstyring.<br \/>\n<\/p><br \/>\n<br \/>\n<p><b>7. Hvilke overfladebehandlinger er tilg\u00e6ngelige for kabelklemmeprofiler i aluminium? <\/b><\/p>\n<p> Finishen omfatter anodiseret, pulverlakeret og fr\u00e6set finish, hvilket forbedrer beskyttelsen og \u00e6stetikken baseret p\u00e5 anvendelseskrav.<br \/>\n<\/p><br \/>\n<br \/>\n<p><b>8. Forbedrer kabelklemmer af aluminiumsprofiler sikkerheden? <\/b><\/p>\n<p> Ja, de holder kablerne sikkert p\u00e5 plads, forhindrer skader, reducerer mekanisk belastning og minimerer elektriske farer.<br \/>\n<\/p><br \/>\n<br \/>\n<p><b>9. Hvordan gavner ekstrudering af aluminium produktionen af kabelsko? <\/b><\/p>\n<p> Ekstrudering giver mulighed for komplekse profildesigns, ensartet kvalitet og materialeeffektivitet, mens CNC-bearbejdning sikrer pr\u00e6cision og brugertilpasning.<br \/>\n<\/p><br \/>\n<br \/>\n<p><b>10. Hvorfor foretr\u00e6kkes aluminium frem for andre materialer til kabelklemmeprofiler? <\/b><\/p>\n<p> Aluminium kombinerer letv\u00e6gtsegenskaber, korrosionsbestandighed, h\u00f8j styrke og nem fremstilling, hvilket g\u00f8r det ideelt til holdbare kabelf\u00f8ringsl\u00f8sninger.<br \/>\n<\/p><br \/><\/p>","protected":false},"featured_media":6231,"template":"","categories":[58],"class_list":["post-6232","product","type-product","status-publish","has-post-thumbnail","hentry","category-aluminium-extrusion-profiles"],"meta_box":{"hilight_text_group":{"product_hilight_text":"<li>Custom CNC machining ensures precise fit and reliable cable securing<\/li>\r\r\n<li>Durable aluminum provides strong support with lightweight benefits<\/li>\r\r\n<li>Corrosion-resistant finish suitable for indoor and outdoor installations<\/li>\r\r\n<li>Supports various cable sizes with adjustable clamp profiles<\/li>\r\r\n<li>Enhances cable management efficiency in industrial and commercial settings<\/li>","product_chanpin_chanpin":"<li><a href=\"https:\/\/sinoextrud.com\/product\/aluminum-extrusion-1060-2024-3003-5082-6061-6082-7003-7005-7075-aluminum-alloy-profile\/\" target=\"_blank\">Aluminum Extrusion 1060 2024 3003 5082 6061 6082 7003 7005 7075 Aluminum Alloy Profile<\/a><\/li>\r\n<li><a href=\"https:\/\/sinoextrud.com\/product\/aluminum-extrusion-bathroom-mirror-cabinet-aluminum-profile\/\" target=\"_blank\">Aluminum Extrusion Bathroom Mirror Cabinet Aluminum Profile<\/a><\/li>\r\n<li><a href=\"https:\/\/sinoextrud.com\/product\/aluminum-extrusion-advertising-signs-aluminum-frame-profile\/\" target=\"_blank\">Aluminum Extrusion Advertising Signs Aluminum Frame Profile<\/a><\/li>\r\n<li><a href=\"https:\/\/sinoextrud.com\/product\/aluminum-extrusion-7003-7075-aluminum-profile-cnc\/\" target=\"_blank\">Aluminum Extrusion 7003 7075 Pilates Equipment Aluminum Profile CNC Precision Aluminum Profile<\/a><\/li>\r\n<li><a href=\"https:\/\/sinoextrud.com\/product\/aluminum-extrusion-cable-clamp-profile-cnc-custom-cable-cleat-aluminum-profile\/\" target=\"_blank\">Aluminum Extrusion Cable Clamp Profile CNC Custom Cable Cleat Aluminum Profile<\/a><\/li>\r\n<li><a href=\"https:\/\/sinoextrud.com\/product\/aluminum-extrusion-minimalist-office-partition-aluminum-profiles\/\" target=\"_blank\">Aluminum Extrusion Minimalist Office Partition Aluminum Profiles<\/a><\/li>\r\n<li><a href=\"https:\/\/sinoextrud.com\/product\/aluminum-extrusion-ultra-small-material-aluminum-frame-profile\/\" target=\"_blank\">Aluminum Extrusion Ultra-small Material Aluminum Frame Profile<\/a><\/li>\r\n<li><a href=\"https:\/\/sinoextrud.com\/product\/aluminum-extrusion-6061-6082-automotive-bumper-beam\/\" target=\"_blank\">Aluminum Extrusion 6061 6082 Automotive Bumper Beam<\/a><\/li>\r\n<li><a href=\"https:\/\/sinoextrud.com\/product\/aluminium-window-extrusion-profile\/\" target=\"_blank\">Aluminium Window Extrusion Profile<\/a><\/li>\r\n<li><a href=\"https:\/\/sinoextrud.com\/product\/aluminium-extrusion-moulding\/\" target=\"_blank\">Aluminium Extrusion Moulding<\/a><\/li>\r\n<li><a href=\"https:\/\/sinoextrud.com\/product\/aluminium-profile-louver\/\" target=\"_blank\">Aluminium Profile Louver<\/a><\/li>"},"feature_list":[]},"_links":{"self":[{"href":"https:\/\/sinoextrud.com\/da\/wp-json\/wp\/v2\/product\/6232","targetHints":{"allow":["GET"]}}],"collection":[{"href":"https:\/\/sinoextrud.com\/da\/wp-json\/wp\/v2\/product"}],"about":[{"href":"https:\/\/sinoextrud.com\/da\/wp-json\/wp\/v2\/types\/product"}],"wp:featuredmedia":[{"embeddable":true,"href":"https:\/\/sinoextrud.com\/da\/wp-json\/wp\/v2\/media\/6231"}],"wp:attachment":[{"href":"https:\/\/sinoextrud.com\/da\/wp-json\/wp\/v2\/media?parent=6232"}],"wp:term":[{"taxonomy":"category","embeddable":true,"href":"https:\/\/sinoextrud.com\/da\/wp-json\/wp\/v2\/categories?post=6232"}],"curies":[{"name":"wp","href":"https:\/\/api.w.org\/{rel}","templated":true}]}}