{"id":6222,"date":"2025-05-26T02:57:14","date_gmt":"2025-05-26T02:57:14","guid":{"rendered":"https:\/\/sinoextrud.com\/product\/aluminum-extrusion-l-shaped-angle-aluminum-profile-in-china\/"},"modified":"2025-06-24T03:55:13","modified_gmt":"2025-06-24T03:55:13","slug":"aluminiumsekstrudering-l-formet-vinkel-aluminiumsprofil-i-kina","status":"publish","type":"product","link":"https:\/\/sinoextrud.com\/da\/product\/aluminum-extrusion-l-shaped-angle-aluminum-profile-in-china\/","title":{"rendered":"Aluminiumsekstrudering L-formet vinkel aluminiumsprofil i Kina"},"content":{"rendered":"<h2>Detaljer om produkter<\/h2>\n<table class=\"custom-table\">\n<tr>\n<td class=\"label\">Vare:<\/td>\n<td>Aluminiumsekstrudering L-formet vinkel Aluminiumsprofil Producent &amp; leverand\u00f8r i Kina<\/td>\n<\/tr>\n<tr>\n<td class=\"label\">Anvendelse:<\/td>\n<td>Industri, arkitektur, elektronik<\/td>\n<\/tr>\n<tr>\n<td class=\"label\">Form:<\/td>\n<td>L-formet, I-formet<\/td>\n<\/tr>\n<tr>\n<td class=\"label\">Procesflow:<\/td>\n<td>Form-\u00e5ben-ekstrudering-overfladebehandling-CNC-bearbejdning<\/td>\n<\/tr>\n<tr>\n<td class=\"label\">Standard:<\/td>\n<td>middel og h\u00f8j kvalitet<\/td>\n<\/tr>\n<tr>\n<td class=\"label\">Leveringstid:<\/td>\n<td>25-30 dage<\/td>\n<\/tr>\n<tr>\n<td class=\"label\">Betalingsperiode:<\/td>\n<td>T \/ T (30% depositum), L \/ C<\/td>\n<\/tr>\n<tr>\n<td class=\"label\">Havn:<\/td>\n<td>Guangzhou, Shenzhen<\/td>\n<\/tr>\n<tr>\n<td class=\"label\">Materiale:<\/td>\n<td>6063, 6061<\/td>\n<\/tr>\n<tr>\n<td class=\"label\">Produktets navn:<\/td>\n<td>Aluminiumsvinkel<\/td>\n<\/tr>\n<tr>\n<td class=\"label\">Legering eller ej:<\/td>\n<td>Aluminiumslegering<\/td>\n<\/tr>\n<tr>\n<td class=\"label\">Garanti:<\/td>\n<td>Overfladefarven kan v\u00e6re stabil i 10~20 \u00e5r<\/td>\n<\/tr>\n<tr>\n<td class=\"label\">Overfladebehandling:<\/td>\n<td>pulverlakering, elektroforese, tr\u00e6korn, anodiseret, b\u00f8rstet, polering<\/td>\n<\/tr>\n<tr>\n<td class=\"label\">MOQ:<\/td>\n<td>200 kg<\/td>\n<\/tr>\n<tr>\n<td class=\"label\">Behandling af service:<\/td>\n<td>B\u00f8jning, afrulning, svejsning, stansning, sk\u00e6ring<\/td>\n<\/tr>\n<tr>\n<td class=\"label\">L\u00e6ngde:<\/td>\n<td>1-9M eller tilpasset<\/td>\n<\/tr>\n<\/table>\n<h2>Vores produktionsbase<\/h2>\n<h3>Panorama over fabrikken<\/h3>\n<p><img decoding=\"async\" src=\"\/wp-content\/uploads\/factory-01.webp\"\/><\/p>\n<h3>V\u00e6rksted til fremstilling af aluminiumst\u00e6nger<\/h3>\n<p><img decoding=\"async\" src=\"\/wp-content\/uploads\/factory-02.webp\"\/><\/p>\n<\/p>\n<p><img decoding=\"async\" src=\"\/wp-content\/uploads\/factory-03.webp\"\/><\/p>\n<h3>Lager til opbevaring af skimmelsvampe<\/h3>\n<p><img decoding=\"async\" src=\"\/wp-content\/uploads\/factory-04.webp\"\/><\/p>\n<h3>43 ekstruderingslinjer for aluminium (500-5500 ton)<\/h3>\n<p><img decoding=\"async\" src=\"\/wp-content\/uploads\/factory-05.webp\"\/><\/p>\n<p><img decoding=\"async\" src=\"\/wp-content\/uploads\/factory-06.webp\"\/><\/p>\n<p><img decoding=\"async\" src=\"\/wp-content\/uploads\/factory-07.webp\"\/><\/p>\n<h3>V\u00e6rksted for pulverlakering<\/h3>\n<p><img decoding=\"async\" src=\"\/wp-content\/uploads\/factory-09.webp\"\/><\/p>\n<h3>Anodiseringsv\u00e6rksted<\/h3>\n<p><img decoding=\"async\" src=\"\/wp-content\/uploads\/factory-10.webp\"\/><\/p>\n<h3>Workshop om dyb behandling<\/h3>\n<p><img decoding=\"async\" src=\"\/wp-content\/uploads\/factory-11.webp\"\/><\/p>\n<h3>V\u00e6rksted for CNC-pr\u00e6cisionsbearbejdning<\/h3>\n<p><img decoding=\"async\" src=\"\/wp-content\/uploads\/factory-11.5.webp\"\/><\/p>\n<h3>F\u00e6rdigvare- og eksportlager<\/h3>\n<p><img decoding=\"async\" src=\"\/wp-content\/uploads\/factory-12.webp\"\/><\/p>\n<p><img decoding=\"async\" src=\"\/wp-content\/uploads\/factory-13.webp\"\/><\/p>\n<p><img decoding=\"async\" src=\"\/wp-content\/uploads\/factory-14.webp\"\/><\/p>\n<h2>OFTE STILLEDE SP\u00d8RGSM\u00c5L<\/h2>\n<p><b>1. Hvad er en L-formet vinkelprofil af aluminiumsekstrudering? <\/b><\/p>\n<p> Det er en ekstruderet aluminiumsprofil med en 90-graders L-form, der ofte bruges til strukturel indramning, kantbeskyttelse og st\u00f8tte i forskellige bygge- og industriapplikationer.\n<\/p>\n<p><\/p>\n<p><b>2. Hvad er fordelene ved at bruge L-formede aluminiumsprofiler? <\/b><\/p>\n<p> L-formede aluminiumsprofiler giver fremragende styrke, korrosionsbestandighed, letv\u00e6gtsegenskaber og nem installation til b\u00e5de indend\u00f8rs og udend\u00f8rs brug.\n<\/p>\n<p><\/p>\n<p><b>3. hvorfor v\u00e6lge en Kina-baseret producent af L-vinkelprofiler i aluminiumsekstrudering? <\/b><\/p>\n<p> Kina-baserede producenter tilbyder konkurrencedygtige priser, h\u00f8j produktionskapacitet, tilpassede ekstruderingstjenester og global forsendelse af L-vinkelprofiler i aluminium.\n<\/p>\n<p><\/p>\n<p><b>4. Hvilke industrier bruger L-formede ekstruderingsprofiler i aluminium? <\/b><\/p>\n<p> Disse profiler bruges i vid udstr\u00e6kning inden for byggeri, m\u00f8bler, bilindustrien, reolsystemer, indramning og st\u00f8ttestrukturer til LED-belysning.\n<\/p>\n<p><\/p>\n<p><b>5. Kan L-formede aluminiumsprofiler tilpasses af kinesiske leverand\u00f8rer? <\/b><\/p>\n<p> Ja, professionelle producenter i Kina leverer tilpassede l\u00e6ngder, tykkelser, legeringskvaliteter, udstansning af huller og overfladebehandlinger til L-formede aluminiumsprofiler.\n<\/p>\n<p><\/p>\n<p><b>6. Er L-vinkelprofiler i aluminium korrosionsbestandige? <\/b><\/p>\n<p> L-vinkler i aluminium er naturligt korrosionsbestandige og kan anodiseres eller pulverlakeres for \u00f8get holdbarhed og \u00e6stetik.\n<\/p>\n<p><\/p>\n<p><b>7. Hvilke overflader er tilg\u00e6ngelige fra kinesiske leverand\u00f8rer af L-formede aluminiumsprofiler? <\/b><\/p>\n<p> Almindelige overflader omfatter anodiseret, pulverlakeret, b\u00f8rstet, malet og fr\u00e6set finish for at opfylde forskellige funktionelle og dekorative behov.\n<\/p>\n<p><\/p>\n<p><b>8. Tilbyder kinesiske producenter OEM\/ODM-tjenester til L-profiler i aluminium? <\/b><\/p>\n<p> Ja, mange leverand\u00f8rer af aluminiumsekstrudering i Kina underst\u00f8tter OEM- og ODM-tjenester, herunder designassistance, v\u00e6rkt\u00f8j og produktion af private labels.\n<\/p>\n<p><\/p>\n<p><b>9. Er L-formede profiler af aluminiumsekstrudering egnede til strukturelle anvendelser? <\/b><\/p>\n<p> Ja, p\u00e5 grund af deres h\u00f8je styrke-til-v\u00e6gt-forhold er L-formede aluminiumsprofiler ideelle til strukturel forst\u00e6rkning og hj\u00f8rnesamling i forskellige rammer.\n<\/p>\n<p><\/p>\n<p><b>10. Hvordan finder man en p\u00e5lidelig leverand\u00f8r af L-profiler i aluminium i Kina? <\/b><\/p>\n<p> Se efter ISO-certificerede producenter med interne ekstruderingsfaciliteter, stor eksporterfaring, mulighed for specialtilpasning og positive kundeanmeldelser.\n<\/p>\n<p><\/p>","protected":false},"featured_media":6221,"template":"","categories":[58],"class_list":["post-6222","product","type-product","status-publish","has-post-thumbnail","hentry","category-aluminium-extrusion-profiles"],"meta_box":{"hilight_text_group":{"product_hilight_text":"<li>L-shaped design offers versatile support for framing and edge protection<\/li>\r\r\n<li>Made from high-quality aluminum with excellent strength-to-weight ratio<\/li>\r\r\n<li>Corrosion-resistant for indoor and outdoor applications<\/li>\r\r\n<li>Available in various sizes, thicknesses, and surface finishes<\/li>\r\r\n<li>Reliable supply and customization from experienced Chinese manufacturer<\/li>","product_chanpin_chanpin":"<li><a href=\"https:\/\/sinoextrud.com\/product\/aluminum-extrusion-aluminum-framing-profiles-for-sunroom\/\" target=\"_blank\">Aluminum Extrusion Aluminum Framing Profiles For Sunroom<\/a><\/li>\r\n<li><a href=\"https:\/\/sinoextrud.com\/product\/aluminum-extrusion-6063-large-diameter-aluminum-tube\/\" target=\"_blank\">Aluminum Extrusion 6063 Large Diameter Aluminum Tube<\/a><\/li>\r\n<li><a href=\"https:\/\/sinoextrud.com\/product\/aluminium-extrusion-3003-6082-7003-7075-aluminum-profile\/\" target=\"_blank\">Aluminium Extrusion 3003 6082 7003 7075 Aluminum Profile<\/a><\/li>\r\n<li><a href=\"https:\/\/sinoextrud.com\/product\/aluminum-extruded-aluminum-roofing-profiles\/\" target=\"_blank\">Aluminum Extruded Aluminum Roofing Profiles<\/a><\/li>\r\n<li><a href=\"https:\/\/sinoextrud.com\/product\/aluminum-extrusion-l-shaped-angle-aluminum-profile-in-china\/\" target=\"_blank\">Aluminum Extrusion L-shaped Angle Aluminum Profile in China<\/a><\/li>\r\n<li><a href=\"https:\/\/sinoextrud.com\/product\/aluminum-extrusion-1060-2024-3003-5082-6061-6082-7003-7005-7075-aluminum-alloy-profile\/\" target=\"_blank\">Aluminum Extrusion 1060 2024 3003 5082 6061 6082 7003 7005 7075 Aluminum Alloy Profile<\/a><\/li>\r\n<li><a href=\"https:\/\/sinoextrud.com\/product\/aluminum-extrusion-bathroom-mirror-cabinet-aluminum-profile\/\" target=\"_blank\">Aluminum Extrusion Bathroom Mirror Cabinet Aluminum Profile<\/a><\/li>\r\n<li><a href=\"https:\/\/sinoextrud.com\/product\/aluminum-extrusion-advertising-signs-aluminum-frame-profile\/\" target=\"_blank\">Aluminum Extrusion Advertising Signs Aluminum Frame Profile<\/a><\/li>\r\n<li><a href=\"https:\/\/sinoextrud.com\/product\/aluminum-extrusion-7003-7075-aluminum-profile-cnc\/\" target=\"_blank\">Aluminum Extrusion 7003 7075 Pilates Equipment Aluminum Profile CNC Precision Aluminum Profile<\/a><\/li>\r\n<li><a href=\"https:\/\/sinoextrud.com\/product\/aluminium-glass-profile\/\" target=\"_blank\">Aluminium Glass Profile<\/a><\/li>\r\n<li><a href=\"https:\/\/sinoextrud.com\/product\/extrusion-led-aluminum-channel\/\" target=\"_blank\">Extrusion Led Aluminum Channel<\/a><\/li>"},"feature_list":[]},"_links":{"self":[{"href":"https:\/\/sinoextrud.com\/da\/wp-json\/wp\/v2\/product\/6222","targetHints":{"allow":["GET"]}}],"collection":[{"href":"https:\/\/sinoextrud.com\/da\/wp-json\/wp\/v2\/product"}],"about":[{"href":"https:\/\/sinoextrud.com\/da\/wp-json\/wp\/v2\/types\/product"}],"wp:featuredmedia":[{"embeddable":true,"href":"https:\/\/sinoextrud.com\/da\/wp-json\/wp\/v2\/media\/6221"}],"wp:attachment":[{"href":"https:\/\/sinoextrud.com\/da\/wp-json\/wp\/v2\/media?parent=6222"}],"wp:term":[{"taxonomy":"category","embeddable":true,"href":"https:\/\/sinoextrud.com\/da\/wp-json\/wp\/v2\/categories?post=6222"}],"curies":[{"name":"wp","href":"https:\/\/api.w.org\/{rel}","templated":true}]}}