{"id":6220,"date":"2025-05-26T02:54:24","date_gmt":"2025-05-26T02:54:24","guid":{"rendered":"https:\/\/sinoextrud.com\/product\/aluminum-extruded-aluminum-roofing-profiles\/"},"modified":"2025-06-24T03:55:11","modified_gmt":"2025-06-24T03:55:11","slug":"ekstruderede-tagprofiler-af-aluminium","status":"publish","type":"product","link":"https:\/\/sinoextrud.com\/da\/product\/aluminum-extruded-aluminum-roofing-profiles\/","title":{"rendered":"Tagd\u00e6kningsprofiler af ekstruderet aluminium"},"content":{"rendered":"<h2>Detaljer om produkter<\/h2>\n<table class=\"custom-table\">\n<tr>\n<td class=\"label\">Produktets navn<\/td>\n<td>Tagd\u00e6kningsprofiler af ekstruderet aluminium<\/td>\n<\/tr>\n<tr>\n<td class=\"label\">Produktsortiment<\/td>\n<td>Aluminiumsekstrudering til ekstrudering af tagpaneler i aluminium, tagbekl\u00e6dning i aluminium, tagkanter i aluminium, tagrender i aluminium, tagh\u00e6tter i aluminium, tagudh\u00e6ng i aluminium, tagfascia i aluminium osv.<\/td>\n<\/tr>\n<tr>\n<td class=\"label\">Anvendelse<\/td>\n<td>bolig-, erhvervs- og arkitektonisk tagd\u00e6kning, landbrugsbygninger, montering af solpaneler osv.<\/td>\n<\/tr>\n<tr>\n<td class=\"label\">Aluminiumslegering<\/td>\n<td>6000-serien, 6063<\/td>\n<\/tr>\n<tr>\n<td class=\"label\">Temperament<\/td>\n<td>T5-T8<\/td>\n<\/tr>\n<tr>\n<td class=\"label\">Form<\/td>\n<td>Tilpasning<\/td>\n<\/tr>\n<tr>\n<td class=\"label\">Tykkelse<\/td>\n<td>0,65 mm, 0,8 mm, 1,0 mm<\/td>\n<\/tr>\n<tr>\n<td class=\"label\">L\u00e6ngde<\/td>\n<td>1-9M<\/td>\n<\/tr>\n<tr>\n<td class=\"label\">Overfladebehandling<\/td>\n<td>power coating eller tilpasning<\/td>\n<\/tr>\n<tr>\n<td class=\"label\">CNC-dybbearbejdning<\/td>\n<td>sk\u00e6ring, boring, bearbejdning, stansning, bukning, gevindsk\u00e6ring og s\u00e5 videre<\/td>\n<\/tr>\n<tr>\n<td class=\"label\">Certificeringer<\/td>\n<td>CE, ISO, SGS, TUV, ROHS<\/td>\n<\/tr>\n<tr>\n<td class=\"label\">Pr\u00f8ver<\/td>\n<td>Gratis pr\u00f8ve. 1-3 dage leveret til dig.<\/td>\n<\/tr>\n<tr>\n<td class=\"label\">MOQ<\/td>\n<td>200 kg for hver profil<\/td>\n<\/tr>\n<tr>\n<td class=\"label\">Leveringstid<\/td>\n<td>Formudvikling og pr\u00f8vekonformitet er 12-15 dage, derefter er produktionsvarigheden 15-25 dage efter modtagelse af depositum fra k\u00f8ber.<\/td>\n<\/tr>\n<tr>\n<td class=\"label\">Betalingsbetingelser<\/td>\n<td>30% depositum f\u00f8r produktion og balance f\u00f8r forsendelse.<\/td>\n<\/tr>\n<\/table>\n<h2>Vores produktionsbase<\/h2>\n<h3>Panorama over fabrikken<\/h3>\n<p><img decoding=\"async\" src=\"\/wp-content\/uploads\/factory-01.webp\"\/><\/p>\n<h3>V\u00e6rksted til fremstilling af aluminiumst\u00e6nger<\/h3>\n<p><img decoding=\"async\" src=\"\/wp-content\/uploads\/factory-02.webp\"\/><\/p>\n<p><img decoding=\"async\" src=\"\/wp-content\/uploads\/factory-03.webp\"\/><\/p>\n<h3>Lager til opbevaring af skimmelsvampe<\/h3>\n<p><img decoding=\"async\" src=\"\/wp-content\/uploads\/factory-04.webp\"\/><\/p>\n<h3>43 ekstruderingslinjer for aluminium (500-5500 ton)<\/h3>\n<p><img decoding=\"async\" src=\"\/wp-content\/uploads\/factory-05.webp\"\/><\/p>\n<p><img decoding=\"async\" src=\"\/wp-content\/uploads\/factory-06.webp\"\/><\/p>\n<p><img decoding=\"async\" src=\"\/wp-content\/uploads\/factory-07.webp\"\/><\/p>\n<h3>V\u00e6rksted for pulverlakering<\/h3>\n<p><img decoding=\"async\" src=\"\/wp-content\/uploads\/factory-09.webp\"\/><\/p>\n<h3>Anodiseringsv\u00e6rksted<\/h3>\n<p><img decoding=\"async\" src=\"\/wp-content\/uploads\/factory-10.webp\"\/><\/p>\n<h3>Workshop om dyb behandling<\/h3>\n<p><img decoding=\"async\" src=\"\/wp-content\/uploads\/factory-11.webp\"\/><\/p>\n<h3>V\u00e6rksted for CNC-pr\u00e6cisionsbearbejdning<\/h3>\n<p><img decoding=\"async\" src=\"\/wp-content\/uploads\/factory-11.5.webp\"\/><\/p>\n<h3>F\u00e6rdigvare- og eksportlager<\/h3>\n<p><img decoding=\"async\" src=\"\/wp-content\/uploads\/factory-12.webp\"\/><\/p>\n<p><img decoding=\"async\" src=\"\/wp-content\/uploads\/factory-13.webp\"\/><\/p>\n<p><img decoding=\"async\" src=\"\/wp-content\/uploads\/factory-14.webp\"\/><\/p>\n<h2>OFTE STILLEDE SP\u00d8RGSM\u00c5L<\/h2>\n<p><p><b>1. Hvad er ekstruderede tagprofiler i aluminium? <\/b><\/p>\n<p> Det er specialdesignede ekstruderede aluminiumsprofiler, der bruges i tagsystemer og giver strukturel st\u00f8tte, vandmodstand og en ren arkitektonisk finish.<br \/>\n<\/p><br \/>\n<br \/>\n<p><b>2. Hvad er fordelene ved tagprofiler i aluminium? <\/b><\/p>\n<p> Tagprofiler af aluminium giver letv\u00e6gtsstyrke, korrosionsbestandighed, lav vedligeholdelse og lang levetid til b\u00e5de bolig- og erhvervstagd\u00e6kning.<br \/>\n<\/p><br \/>\n<br \/>\n<p><b>3. Hvorfor v\u00e6lge ekstruderede aluminiumsprofiler til tagd\u00e6kning? <\/b><\/p>\n<p> Ekstruderet aluminium giver mulighed for pr\u00e6cise profilformer, h\u00f8j holdbarhed og ensartet kvalitet, ideelt til sammenl\u00e5sningssystemer, dr\u00e6ning og panelst\u00f8tte.<br \/>\n<\/p><br \/>\n<br \/>\n<p><b>4. Er tagprofiler af aluminium vejrbestandige? <\/b><\/p>\n<p> Ja, ekstruderede tagprofiler af aluminium er meget modstandsdygtige over for UV-str\u00e5ler, regn, sne og ekstreme temperaturer, hvilket g\u00f8r dem ideelle til alle klimaer.<br \/>\n<\/p><br \/>\n<br \/>\n<p><b>5. Hvor bruges ekstruderede tagprofiler af aluminium ofte? <\/b><\/p>\n<p> Disse profiler bruges til metaltagsystemer, montering af solpaneler, pergolaer, carporte og moderne arkitektoniske tage.<br \/>\n<\/p><br \/>\n<br \/>\n<p><b>6. Kan tagprofiler i aluminium tilpasses? <\/b><\/p>\n<p> De kan ekstruderes i tilpassede l\u00e6ngder, bredder, former og overflader, s\u00e5 de passer til specifikke projekt- og designkrav.<br \/>\n<\/p><br \/>\n<br \/>\n<p><b>7. Hvilke overflader er tilg\u00e6ngelige for tagprofiler i aluminium? <\/b><\/p>\n<p> Finishen omfatter anodiseret, pulverlakeret, malet og fr\u00e6set finish, hvilket giver forbedret beskyttelse og \u00e6stetiske muligheder i forskellige milj\u00f8er.<br \/>\n<\/p><br \/>\n<br \/>\n<p><b>8. Kr\u00e6ver tagprofiler af aluminium vedligeholdelse? <\/b><\/p>\n<p> Der kr\u00e6ves minimal vedligeholdelse - aluminium ruster ikke, og regelm\u00e6ssig reng\u00f8ring sikrer et langtidsholdbart udseende og ydeevne.<br \/>\n<\/p><br \/>\n<br \/>\n<p><b>9. Er ekstruderede tagprofiler af aluminium nemme at installere? <\/b><\/p>\n<p> Ja, disse profiler er designet til nem installation ved hj\u00e6lp af standardfastg\u00f8relser eller clips, hvilket fremskynder byggeriet og reducerer arbejdsomkostningerne.<br \/>\n<\/p><br \/>\n<br \/>\n<p><b>10. Hvordan forbedrer tagprofiler af aluminium bygningens ydeevne? <\/b><\/p>\n<p> De forbedrer tagets holdbarhed, reducerer konstruktionens v\u00e6gt, underst\u00f8tter energieffektivitet og giver et elegant, moderne udseende til bygningens ydre.<br \/>\n<\/p><br \/><\/p>","protected":false},"featured_media":6219,"template":"","categories":[58],"class_list":["post-6220","product","type-product","status-publish","has-post-thumbnail","hentry","category-aluminium-extrusion-profiles"],"meta_box":{"hilight_text_group":{"product_hilight_text":"<li>Lightweight yet strong, reducing structural load on buildings<\/li>\r\r\n<li>Corrosion-resistant aluminum ideal for all-weather roofing<\/li>\r\r\n<li>Easy to install with interlocking or snap-fit designs<\/li>\r\r\n<li>Custom profiles and finishes available for aesthetic versatility<\/li>\r\r\n<li>Low maintenance and long-lasting alternative to traditional materials<\/li>","product_chanpin_chanpin":"<li><a href=\"https:\/\/sinoextrud.com\/product\/aluminum-extrusion-sunflower-aluminum-profile\/\" target=\"_blank\">Aluminum Extrusion Sunflower Aluminum Profile<\/a><\/li>\r\n<li><a href=\"https:\/\/sinoextrud.com\/product\/aluminum-extrusion-aluminum-framing-profiles-for-sunroom\/\" target=\"_blank\">Aluminum Extrusion Aluminum Framing Profiles For Sunroom<\/a><\/li>\r\n<li><a href=\"https:\/\/sinoextrud.com\/product\/aluminum-extrusion-6063-large-diameter-aluminum-tube\/\" target=\"_blank\">Aluminum Extrusion 6063 Large Diameter Aluminum Tube<\/a><\/li>\r\n<li><a href=\"https:\/\/sinoextrud.com\/product\/aluminium-extrusion-3003-6082-7003-7075-aluminum-profile\/\" target=\"_blank\">Aluminium Extrusion 3003 6082 7003 7075 Aluminum Profile<\/a><\/li>\r\n<li><a href=\"https:\/\/sinoextrud.com\/product\/aluminum-extruded-aluminum-roofing-profiles\/\" target=\"_blank\">Aluminum Extruded Aluminum Roofing Profiles<\/a><\/li>\r\n<li><a href=\"https:\/\/sinoextrud.com\/product\/aluminum-extrusion-l-shaped-angle-aluminum-profile-in-china\/\" target=\"_blank\">Aluminum Extrusion L-shaped Angle Aluminum Profile in China<\/a><\/li>\r\n<li><a href=\"https:\/\/sinoextrud.com\/product\/aluminum-extrusion-1060-2024-3003-5082-6061-6082-7003-7005-7075-aluminum-alloy-profile\/\" target=\"_blank\">Aluminum Extrusion 1060 2024 3003 5082 6061 6082 7003 7005 7075 Aluminum Alloy Profile<\/a><\/li>\r\n<li><a href=\"https:\/\/sinoextrud.com\/product\/aluminum-extrusion-bathroom-mirror-cabinet-aluminum-profile\/\" target=\"_blank\">Aluminum Extrusion Bathroom Mirror Cabinet Aluminum Profile<\/a><\/li>\r\n<li><a href=\"https:\/\/sinoextrud.com\/product\/aluminum-extrusion-advertising-signs-aluminum-frame-profile\/\" target=\"_blank\">Aluminum Extrusion Advertising Signs Aluminum Frame Profile<\/a><\/li>\r\n<li><a href=\"https:\/\/sinoextrud.com\/product\/aluminium-sliding-door-profiles\/\" target=\"_blank\">Aluminium Sliding Door Profiles<\/a><\/li>\r\n<li><a href=\"https:\/\/sinoextrud.com\/product\/aluminium-system-profile\/\" target=\"_blank\">Aluminium System Profile<\/a><\/li>"},"feature_list":[]},"_links":{"self":[{"href":"https:\/\/sinoextrud.com\/da\/wp-json\/wp\/v2\/product\/6220","targetHints":{"allow":["GET"]}}],"collection":[{"href":"https:\/\/sinoextrud.com\/da\/wp-json\/wp\/v2\/product"}],"about":[{"href":"https:\/\/sinoextrud.com\/da\/wp-json\/wp\/v2\/types\/product"}],"wp:featuredmedia":[{"embeddable":true,"href":"https:\/\/sinoextrud.com\/da\/wp-json\/wp\/v2\/media\/6219"}],"wp:attachment":[{"href":"https:\/\/sinoextrud.com\/da\/wp-json\/wp\/v2\/media?parent=6220"}],"wp:term":[{"taxonomy":"category","embeddable":true,"href":"https:\/\/sinoextrud.com\/da\/wp-json\/wp\/v2\/categories?post=6220"}],"curies":[{"name":"wp","href":"https:\/\/api.w.org\/{rel}","templated":true}]}}