{"id":6212,"date":"2025-05-26T02:32:15","date_gmt":"2025-05-26T02:32:15","guid":{"rendered":"https:\/\/sinoextrud.com\/product\/aluminum-extrusion-aluminum-fence-panel-profile\/"},"modified":"2025-06-24T03:55:00","modified_gmt":"2025-06-24T03:55:00","slug":"aluminiumsekstrudering-aluminiumshegnpanelprofil","status":"publish","type":"product","link":"https:\/\/sinoextrud.com\/da\/product\/aluminum-extrusion-aluminum-fence-panel-profile\/","title":{"rendered":"Aluminiumsekstrudering Aluminiumshegn Panel Profil"},"content":{"rendered":"<h2>Detaljer om produkter<\/h2>\n<table class=\"custom-table\">\n<tr>\n<td class=\"label\">Vare<\/td>\n<td>Aluminiumsekstrudering Aluminiumshegn Panel Profil<\/td>\n<\/tr>\n<tr>\n<td class=\"label\">Materiale<\/td>\n<td>6063-T6<\/td>\n<\/tr>\n<tr>\n<td class=\"label\">Legering<\/td>\n<td>Legering<\/td>\n<\/tr>\n<tr>\n<td class=\"label\">Typer af produkter<\/td>\n<td>aluminiumshegn, aluminiumspanel, aluminiumsr\u00f8r, aluminiumsl\u00e6gte, aluminiumsfacade, aluminiumslameller<\/td>\n<\/tr>\n<tr>\n<td class=\"label\">Form<\/td>\n<td>I henhold til tegninger<\/td>\n<\/tr>\n<tr>\n<td class=\"label\">Overfladebehandling<\/td>\n<td>Fr\u00e6set finish, pulverlakering, fluorcarbon tr\u00e6struktur eller tilpasning.<\/td>\n<\/tr>\n<tr>\n<td class=\"label\">Standard<\/td>\n<td>Middel og h\u00f8j kvalitet<\/td>\n<\/tr>\n<tr>\n<td class=\"label\">Leveringstid<\/td>\n<td>Forhandlet<\/td>\n<\/tr>\n<tr>\n<td class=\"label\">Service<\/td>\n<td>Ekstrudering, fr\u00e6sning, boring, svejsning, bukning, overfladebehandling osv.<\/td>\n<\/tr>\n<tr>\n<td class=\"label\">Certificeret<\/td>\n<td>ISO 9000-9001<\/td>\n<\/tr>\n<tr>\n<td class=\"label\">OEM &amp; ODM<\/td>\n<td>Acceptabel<\/td>\n<\/tr>\n<tr>\n<td class=\"label\">Emballage<\/td>\n<td>Standard eksportemballage<\/td>\n<\/tr>\n<tr>\n<td class=\"label\">M\u00e5nedlig produktion<\/td>\n<td>2400 ton -3000 ton<\/td>\n<\/tr>\n<\/table>\n<h2>Vores produktionsbase<\/h2>\n<h3>Panorama over fabrikken<\/h3>\n<p><img decoding=\"async\" src=\"\/wp-content\/uploads\/factory-01.webp\"\/><\/p>\n<h3>V\u00e6rksted til fremstilling af aluminiumst\u00e6nger<\/h3>\n<p><img decoding=\"async\" src=\"\/wp-content\/uploads\/factory-02.webp\"\/><\/p>\n<p><img decoding=\"async\" src=\"\/wp-content\/uploads\/factory-03.webp\"\/><\/p>\n<h3>Lager til opbevaring af skimmelsvampe<\/h3>\n<p><img decoding=\"async\" src=\"\/wp-content\/uploads\/factory-04.webp\"\/><\/p>\n<h3>43 ekstruderingslinjer for aluminium (500-5500 ton)<\/h3>\n<p><img decoding=\"async\" src=\"\/wp-content\/uploads\/factory-05.webp\"\/><\/p>\n<p><img decoding=\"async\" src=\"\/wp-content\/uploads\/factory-06.webp\"\/><\/p>\n<p><img decoding=\"async\" src=\"\/wp-content\/uploads\/factory-07.webp\"\/><\/p>\n<h3>V\u00e6rksted for pulverlakering<\/h3>\n<p><img decoding=\"async\" src=\"\/wp-content\/uploads\/factory-09.webp\"\/><\/p>\n<h3>Anodiseringsv\u00e6rksted<\/h3>\n<p><img decoding=\"async\" src=\"\/wp-content\/uploads\/factory-10.webp\"\/><\/p>\n<h3>Workshop om dyb behandling<\/h3>\n<p><img decoding=\"async\" src=\"\/wp-content\/uploads\/factory-11.webp\"\/><\/p>\n<h3>V\u00e6rksted for CNC-pr\u00e6cisionsbearbejdning<\/h3>\n<p><img decoding=\"async\" src=\"\/wp-content\/uploads\/factory-11.5.webp\"\/><\/p>\n<h3>F\u00e6rdigvare- og eksportlager<\/h3>\n<p><img decoding=\"async\" src=\"\/wp-content\/uploads\/factory-12.webp\"\/><\/p>\n<p><img decoding=\"async\" src=\"\/wp-content\/uploads\/factory-13.webp\"\/><\/p>\n<p><img decoding=\"async\" src=\"\/wp-content\/uploads\/factory-14.webp\"\/><\/p>\n<h2>OFTE STILLEDE SP\u00d8RGSM\u00c5L<\/h2>\n<p><p><b>1. hvad er de vigtigste fordele ved aluminiumsekstruderede hegnspanelprofiler?<\/b><\/p>\n<p>Hegnspanelprofiler af ekstruderet aluminium giver letv\u00e6gtsstyrke, korrosionsbestandighed, design, der kan tilpasses, og langvarig holdbarhed til indhegning af boliger og erhverv.<br \/>\n<\/p><br \/>\n<br \/>\n<p><b>2. Hvordan forbedrer aluminiumsekstrudering hegnspanelets ydeevne?<\/b><\/p>\n<p>Ekstrudering af aluminium skaber pr\u00e6cise, ensartede profiler, der \u00f8ger den strukturelle integritet, forbedrer installationseffektiviteten og sikrer ensartet kvalitet i produktionen af hegnspaneler.<br \/>\n<\/p><br \/>\n<br \/>\n<p><b>3. er hegnspanelprofiler af aluminium modstandsdygtige over for rust og korrosion?<\/b><\/p>\n<p>Ja, hegnspanelprofiler af aluminium er naturligt rustfrie og korrosionsbestandige, hvilket g\u00f8r dem ideelle til udend\u00f8rs milj\u00f8er og kystomr\u00e5der.<br \/>\n<\/p><br \/>\n<br \/>\n<p><b>4. kan hegnspaneler af aluminiumsekstrudering tilpasses?<\/b><\/p>\n<p>Ja, disse paneler kan tilpasses i form, st\u00f8rrelse, farve og finish, s\u00e5 de passer til arkitektoniske krav og designpr\u00e6ferencer.<br \/>\n<\/p><br \/>\n<br \/>\n<p><b>5. Hvilke overflader er tilg\u00e6ngelige for hegnspaneler af ekstruderet aluminium?<\/b><\/p>\n<p>De tilg\u00e6ngelige overflader omfatter anodiseret, pulverlakeret og tr\u00e6korn, som alle forbedrer aluminiumsprofilernes udseende og vejrbestandighed.<br \/>\n<\/p><br \/>\n<br \/>\n<p><b>6. Er aluminiumshegn milj\u00f8venlige?<\/b><\/p>\n<p>Ja, hegnspanelprofiler af ekstruderet aluminium er milj\u00f8venlige, da aluminium er fuldt genanvendeligt og har en lav milj\u00f8p\u00e5virkning i hele sin livscyklus.<br \/>\n<\/p><br \/>\n<br \/>\n<p><b>7. Er hegnspaneler af aluminium nemme at installere?<\/b><\/p>\n<p>Ja, det modul\u00e6re og lette design af hegnspaneler af aluminiumsekstrudering sikrer hurtig, nem og omkostningseffektiv installation.<br \/>\n<\/p><br \/>\n<br \/>\n<p><b>8. Hvad g\u00f8r hegnspanelprofiler af aluminium ideelle til moderne byggeri?<\/b><\/p>\n<p>Deres slanke design, strukturelle styrke, lave vedligeholdelse og brede tilpasningsmuligheder g\u00f8r hegnspanelprofiler af aluminium perfekte til moderne byggeprojekter.<br \/>\n<\/p><br \/><\/p>","protected":false},"featured_media":6211,"template":"","categories":[58],"class_list":["post-6212","product","type-product","status-publish","has-post-thumbnail","hentry","category-aluminium-extrusion-profiles"],"meta_box":{"hilight_text_group":{"product_hilight_text":"<li>Customizable lengths and cross-sectional dimensions to meet various project requirements<\/li>\r\r\n<li>Made from high-strength aluminum with excellent corrosion resistance for outdoor use<\/li>\r\r\n<li>Multiple surface finishes available (anodizing, powder coating) for a durable and attractive appearance<\/li>\r\r\n<li>Modular design allows for easy transportation and quick on-site installation<\/li>\r\r\n<li>Complies with international building standards, suitable for global projects<\/li>","product_chanpin_chanpin":"<li><a href=\"https:\/\/sinoextrud.com\/product\/aluminium-extrusion-anodized-aluminum-profile\/\" target=\"_blank\">Aluminium Extrusion Anodized Aluminum Profile<\/a><\/li>\r\n<li><a href=\"https:\/\/sinoextrud.com\/product\/aluminium-extrusion-wood-grain-aluminum-profile\/\" target=\"_blank\">Aluminium Extrusion Wood Grain Aluminum Profile<\/a><\/li>\r\n<li><a href=\"https:\/\/sinoextrud.com\/product\/aluminum-extrusion-u-channel-profiles\/\" target=\"_blank\">Aluminum Extrusion U Channel Profiles<\/a><\/li>\r\n<li><a href=\"https:\/\/sinoextrud.com\/product\/aluminum-extrusion-car-truck-aluminum-profile\/\" target=\"_blank\">Aluminum Extrusion Car & Truck Aluminum Profile<\/a><\/li>\r\n<li><a href=\"https:\/\/sinoextrud.com\/product\/aluminum-extrusion-aluminum-fence-panel-profile\/\" target=\"_blank\">Aluminum Extrusion Aluminum Fence Panel Profile<\/a><\/li>\r\n<li><a href=\"https:\/\/sinoextrud.com\/product\/aluminum-extrusion-sunflower-aluminum-profile\/\" target=\"_blank\">Aluminum Extrusion Sunflower Aluminum Profile<\/a><\/li>\r\n<li><a href=\"https:\/\/sinoextrud.com\/product\/aluminum-extrusion-aluminum-framing-profiles-for-sunroom\/\" target=\"_blank\">Aluminum Extrusion Aluminum Framing Profiles For Sunroom<\/a><\/li>\r\n<li><a href=\"https:\/\/sinoextrud.com\/product\/aluminum-extrusion-6063-large-diameter-aluminum-tube\/\" target=\"_blank\">Aluminum Extrusion 6063 Large Diameter Aluminum Tube<\/a><\/li>\r\n<li><a href=\"https:\/\/sinoextrud.com\/product\/aluminium-extrusion-3003-6082-7003-7075-aluminum-profile\/\" target=\"_blank\">Aluminium Extrusion 3003 6082 7003 7075 Aluminum Profile<\/a><\/li>\r\n<li><a href=\"https:\/\/sinoextrud.com\/product\/aluminum-window-profile\/\" target=\"_blank\">Aluminum Window Profile<\/a><\/li>\r\n<li><a href=\"https:\/\/sinoextrud.com\/product\/anodized-aluminum-trim-molding\/\" target=\"_blank\">Anodized Aluminum Trim Molding<\/a><\/li>"},"feature_list":[]},"_links":{"self":[{"href":"https:\/\/sinoextrud.com\/da\/wp-json\/wp\/v2\/product\/6212","targetHints":{"allow":["GET"]}}],"collection":[{"href":"https:\/\/sinoextrud.com\/da\/wp-json\/wp\/v2\/product"}],"about":[{"href":"https:\/\/sinoextrud.com\/da\/wp-json\/wp\/v2\/types\/product"}],"wp:featuredmedia":[{"embeddable":true,"href":"https:\/\/sinoextrud.com\/da\/wp-json\/wp\/v2\/media\/6211"}],"wp:attachment":[{"href":"https:\/\/sinoextrud.com\/da\/wp-json\/wp\/v2\/media?parent=6212"}],"wp:term":[{"taxonomy":"category","embeddable":true,"href":"https:\/\/sinoextrud.com\/da\/wp-json\/wp\/v2\/categories?post=6212"}],"curies":[{"name":"wp","href":"https:\/\/api.w.org\/{rel}","templated":true}]}}