{"id":6202,"date":"2025-05-26T02:06:56","date_gmt":"2025-05-26T02:06:56","guid":{"rendered":"https:\/\/sinoextrud.com\/product\/aluminum-extrusion-u-channel-profiles\/"},"modified":"2025-06-24T03:54:57","modified_gmt":"2025-06-24T03:54:57","slug":"u-profiler-til-ekstrudering-af-aluminium","status":"publish","type":"product","link":"https:\/\/sinoextrud.com\/da\/product\/aluminum-extrusion-u-channel-profiles\/","title":{"rendered":"U-kanalprofiler af ekstruderet aluminium"},"content":{"rendered":"<h2>Detaljer om produkter<\/h2>\n<table class=\"custom-table\">\n<tr>\n<td class=\"label\">Vare<\/td>\n<td>U-kanalprofiler af ekstruderet aluminium<\/td>\n<\/tr>\n<tr>\n<td class=\"label\">Materiale<\/td>\n<td>6063, 6061 aluminiumslegering<\/td>\n<\/tr>\n<tr>\n<td class=\"label\">Overfladebehandling<\/td>\n<td>Anodisering, spr\u00f8jtning, pulverlakering osv.<\/td>\n<\/tr>\n<tr>\n<td class=\"label\">St\u00f8rrelsesomr\u00e5de<\/td>\n<td>Bredde: 10mm - 200mm; Tykkelse: 1mm - 10mm; L\u00e6ngde kan tilpasses<\/td>\n<\/tr>\n<tr>\n<td class=\"label\">Tolerance<\/td>\n<td>\u00b10,1 mm (afh\u00e6nger af det specifikke produkt)<\/td>\n<\/tr>\n<tr>\n<td class=\"label\">Styrke<\/td>\n<td>H\u00f8j styrke, fremragende mekaniske egenskaber og korrosionsbestandighed<\/td>\n<\/tr>\n<tr>\n<td class=\"label\">V\u00e6gt<\/td>\n<td>Letv\u00e6gt, nem at b\u00e6re og installere<\/td>\n<\/tr>\n<tr>\n<td class=\"label\">Termisk ledningsevne<\/td>\n<td>Fremragende varmeledningsevne, velegnet til varmeafledning.<\/td>\n<\/tr>\n<tr>\n<td class=\"label\">Anvendelse<\/td>\n<td>Byggeri, transport, elektronik, maskiner, m\u00f8bler, skilte osv.<\/td>\n<\/tr>\n<tr>\n<td class=\"label\">Emballage<\/td>\n<td>Tr\u00e6kasseemballage, boblefolieemballage, tilpasset emballage<\/td>\n<\/tr>\n<tr>\n<td class=\"label\">Standarder for kvalitetskontrol<\/td>\n<td>ISO9001 kvalitetsstyringssystem, efter flere tests<\/td>\n<\/tr>\n<tr>\n<td class=\"label\">Tilpasset service<\/td>\n<td>Underst\u00f8tter ODM\/OEM og leverer personlige l\u00f8sninger<\/td>\n<\/tr>\n<tr>\n<td class=\"label\">CNC-dybbearbejdningstjenester<\/td>\n<td>Sk\u00e6ring, fr\u00e6sning, boring, slibning osv.<\/td>\n<\/tr>\n<\/table>\n<h2>Vores produktionsbase<\/h2>\n<h3>Panorama over fabrikken<\/h3>\n<p><img decoding=\"async\" src=\"\/wp-content\/uploads\/factory-01.webp\"\/><\/p>\n<h3>V\u00e6rksted til fremstilling af aluminiumst\u00e6nger<\/h3>\n<p><img decoding=\"async\" src=\"\/wp-content\/uploads\/factory-02.webp\"\/><\/p>\n<p><img decoding=\"async\" src=\"\/wp-content\/uploads\/factory-03.webp\"\/><\/p>\n<h3>Lager til opbevaring af skimmelsvampe<\/h3>\n<p><img decoding=\"async\" src=\"\/wp-content\/uploads\/factory-04.webp\"\/><\/p>\n<h3>43 ekstruderingslinjer for aluminium (500-5500 ton)<\/h3>\n<p><img decoding=\"async\" src=\"\/wp-content\/uploads\/factory-05.webp\"\/><\/p>\n<p><img decoding=\"async\" src=\"\/wp-content\/uploads\/factory-06.webp\"\/><\/p>\n<p><img decoding=\"async\" src=\"\/wp-content\/uploads\/factory-07.webp\"\/><\/p>\n<h3>V\u00e6rksted for pulverlakering<\/h3>\n<p><img decoding=\"async\" src=\"\/wp-content\/uploads\/factory-09.webp\"\/><\/p>\n<h3>Anodiseringsv\u00e6rksted<\/h3>\n<p><img decoding=\"async\" src=\"\/wp-content\/uploads\/factory-10.webp\"\/><\/p>\n<h3>Workshop om dyb behandling<\/h3>\n<p><img decoding=\"async\" src=\"\/wp-content\/uploads\/factory-11.webp\"\/><\/p>\n<h3>V\u00e6rksted for CNC-pr\u00e6cisionsbearbejdning<\/h3>\n<p><img decoding=\"async\" src=\"\/wp-content\/uploads\/factory-11.5.webp\"\/><\/p>\n<h3>F\u00e6rdigvare- og eksportlager<\/h3>\n<p><img decoding=\"async\" src=\"\/wp-content\/uploads\/factory-12.webp\"\/><\/p>\n<p><img decoding=\"async\" src=\"\/wp-content\/uploads\/factory-13.webp\"\/><\/p>\n<p><img decoding=\"async\" src=\"\/wp-content\/uploads\/factory-14.webp\"\/><\/p>\n<h2>OFTE STILLEDE SP\u00d8RGSM\u00c5L<\/h2>\n<p><p><b>1. Hvad er U-kanalprofiler af aluminiumsekstrudering? <\/b><\/p>\n<p> U-profiler af ekstruderet aluminium er U-formede aluminiumsprofiler, der produceres gennem ekstrudering, og som ofte bruges til kantbeskyttelse, indramning og strukturel st\u00f8tte.<br \/>\n<\/p><br \/>\n<br \/>\n<p><b>2. Hvad er fordelene ved at bruge U-profiler i aluminium? <\/b><\/p>\n<p> U-profiler i aluminium giver letv\u00e6gtsstyrke, korrosionsbestandighed, nem installation og et rent, moderne udseende til forskellige anvendelser.<br \/>\n<\/p><br \/>\n<br \/>\n<p><b>3. Hvorfor v\u00e6lge aluminiumsekstrudering til U-profiler? <\/b><\/p>\n<p> Ekstrudering af aluminium giver mulighed for pr\u00e6cis formgivning, ensartet kvalitet og effektiv produktion af U-skinner, der er velegnede til arkitektonisk, industriel og g\u00f8r-det-selv-brug.<br \/>\n<\/p><br \/>\n<br \/>\n<p><b>4. Hvor bruges U-profiler i aluminium ofte? <\/b><\/p>\n<p> U-skinner i aluminium bruges i glassystemer, kabinetter, panelindramning, LED-b\u00e5ndhuse, indkapslinger og arkitektonisk trimarbejde.<br \/>\n<\/p><br \/>\n<br \/>\n<p><b>5. Er U-kanaler af ekstruderet aluminium korrosionsbestandige? <\/b><\/p>\n<p> Ja, U-profiler i aluminium er naturligt modstandsdygtige over for korrosion og kan anodiseres eller pulverlakeres for \u00f8get holdbarhed i barske milj\u00f8er.<br \/>\n<\/p><br \/>\n<br \/>\n<p><b>6. Kan U-kanalprofiler i aluminium tilpasses? <\/b><\/p>\n<p> De kan absolut tilpasses i dimensioner, v\u00e6gtykkelse, legeringstype og overfladefinish for at opfylde specifikke behov for design og ydeevne.<br \/>\n<\/p><br \/>\n<br \/>\n<p><b>7. Hvilke overfladebehandlinger er tilg\u00e6ngelige for U-skinner i aluminium? <\/b><\/p>\n<p> Almindelige overflader omfatter fr\u00e6sede, anodiserede, pulverlakerede, b\u00f8rstede og polerede overflader til b\u00e5de funktionelle og \u00e6stetiske form\u00e5l.<br \/>\n<\/p><br \/>\n<br \/>\n<p><b>8. Giver U-profiler i aluminium strukturel st\u00f8tte? <\/b><\/p>\n<p> Ja, U-skinner i aluminium giver moderat strukturel st\u00f8tte og er velegnede til letv\u00e6gtsindramning og kantbeskyttelse.<br \/>\n<\/p><br \/>\n<br \/>\n<p><b>9. Er U-skinner i aluminium nemme at installere og arbejde med? <\/b><\/p>\n<p> Ja, U-profiler i aluminium er nemme at sk\u00e6re, bore og montere, hvilket g\u00f8r dem ideelle til b\u00e5de professionelle og g\u00f8r-det-selv-brugere.<br \/>\n<\/p><br \/>\n<br \/>\n<p><b>10. Hvordan kan U-skinner af aluminiumsekstrudering sammenlignes med st\u00e5lskinner? <\/b><\/p>\n<p> U-skinner i aluminium er lettere, korrosionsbestandige, lettere at h\u00e5ndtere og kr\u00e6ver mindre vedligeholdelse end st\u00e5lskinner i mange anvendelser.<br \/>\n<\/p><br \/><\/p>","protected":false},"featured_media":6201,"template":"","categories":[58],"class_list":["post-6202","product","type-product","status-publish","has-post-thumbnail","hentry","category-aluminium-extrusion-profiles"],"meta_box":{"hilight_text_group":{"product_hilight_text":"<li>Simple U-shaped design for versatile structural and decorative use<\/li>\r\r\n<li>Lightweight and durable, suitable for framing and edge protection<\/li>\r\r\n<li>Corrosion-resistant finish for long-lasting indoor and outdoor performance<\/li>\r\r\n<li>Easy to cut, drill, and install with standard tools<\/li>\r\r\n<li>Available in various sizes, finishes, and custom lengths<\/li>","product_chanpin_chanpin":"<li><a href=\"https:\/\/sinoextrud.com\/product\/aluminum-extrusion-aluminum-roof-rack-profiles\/\" target=\"_blank\">Aluminum Extrusion Aluminum Roof Rack Profiles<\/a><\/li>\r\n<li><a href=\"https:\/\/sinoextrud.com\/product\/aluminum-extrusion-blackboard-whiteboard-frame-aluminum-profiles\/\" target=\"_blank\">Aluminum Extrusion Blackboard Whiteboard Frame Aluminum Profiles<\/a><\/li>\r\n<li><a href=\"https:\/\/sinoextrud.com\/product\/aluminium-extrusion-anodized-aluminum-profile\/\" target=\"_blank\">Aluminium Extrusion Anodized Aluminum Profile<\/a><\/li>\r\n<li><a href=\"https:\/\/sinoextrud.com\/product\/aluminium-extrusion-wood-grain-aluminum-profile\/\" target=\"_blank\">Aluminium Extrusion Wood Grain Aluminum Profile<\/a><\/li>\r\n<li><a href=\"https:\/\/sinoextrud.com\/product\/aluminum-extrusion-u-channel-profiles\/\" target=\"_blank\">Aluminum Extrusion U Channel Profiles<\/a><\/li>\r\n<li><a href=\"https:\/\/sinoextrud.com\/product\/aluminum-extrusion-car-truck-aluminum-profile\/\" target=\"_blank\">Aluminum Extrusion Car & Truck Aluminum Profile<\/a><\/li>\r\n<li><a href=\"https:\/\/sinoextrud.com\/product\/aluminum-extrusion-aluminum-fence-panel-profile\/\" target=\"_blank\">Aluminum Extrusion Aluminum Fence Panel Profile<\/a><\/li>\r\n<li><a href=\"https:\/\/sinoextrud.com\/product\/aluminum-extrusion-sunflower-aluminum-profile\/\" target=\"_blank\">Aluminum Extrusion Sunflower Aluminum Profile<\/a><\/li>\r\n<li><a href=\"https:\/\/sinoextrud.com\/product\/aluminum-extrusion-aluminum-framing-profiles-for-sunroom\/\" target=\"_blank\">Aluminum Extrusion Aluminum Framing Profiles For Sunroom<\/a><\/li>\r\n<li><a href=\"https:\/\/sinoextrud.com\/product\/extruded-aluminum-alloy-profile-for-glass-floor-channel\/\" target=\"_blank\">Extruded Aluminum Alloy Profile For Glass Floor Channel<\/a><\/li>\r\n<li><a href=\"https:\/\/sinoextrud.com\/product\/triangle-ceiling-system\/\" target=\"_blank\">Triangle Ceiling System (Triangle Ceiling)<\/a><\/li>"},"feature_list":[]},"_links":{"self":[{"href":"https:\/\/sinoextrud.com\/da\/wp-json\/wp\/v2\/product\/6202","targetHints":{"allow":["GET"]}}],"collection":[{"href":"https:\/\/sinoextrud.com\/da\/wp-json\/wp\/v2\/product"}],"about":[{"href":"https:\/\/sinoextrud.com\/da\/wp-json\/wp\/v2\/types\/product"}],"wp:featuredmedia":[{"embeddable":true,"href":"https:\/\/sinoextrud.com\/da\/wp-json\/wp\/v2\/media\/6201"}],"wp:attachment":[{"href":"https:\/\/sinoextrud.com\/da\/wp-json\/wp\/v2\/media?parent=6202"}],"wp:term":[{"taxonomy":"category","embeddable":true,"href":"https:\/\/sinoextrud.com\/da\/wp-json\/wp\/v2\/categories?post=6202"}],"curies":[{"name":"wp","href":"https:\/\/api.w.org\/{rel}","templated":true}]}}