{"id":6200,"date":"2025-05-26T02:00:22","date_gmt":"2025-05-26T02:00:22","guid":{"rendered":"https:\/\/sinoextrud.com\/product\/aluminium-extrusion-wood-grain-aluminum-profile\/"},"modified":"2025-06-24T03:54:55","modified_gmt":"2025-06-24T03:54:55","slug":"aluminiumsekstrudering-trae-korn-aluminiumsprofil","status":"publish","type":"product","link":"https:\/\/sinoextrud.com\/da\/product\/aluminium-extrusion-wood-grain-aluminum-profile\/","title":{"rendered":"Aluminiumsekstrudering Tr\u00e6korn i aluminiumsprofil"},"content":{"rendered":"<h2>Detaljer om produkter<\/h2>\n<table class=\"custom-table\">\n<tr>\n<td class=\"label\">Vare<\/td>\n<td>Teknologiens v\u00e6rdi<\/td>\n<\/tr>\n<tr>\n<td class=\"label\">Filmens h\u00e5rdhed<\/td>\n<td>DaHa2H<\/td>\n<\/tr>\n<tr>\n<td class=\"label\">Direkte p\u00e5virkning<\/td>\n<td>>=30<\/td>\n<\/tr>\n<tr>\n<td class=\"label\">Fleksibilitet<\/td>\n<td>v=N<\/td>\n<\/tr>\n<tr>\n<td class=\"label\">B\u00f8jningstest<\/td>\n<td>3\/16\u2033OK<\/td>\n<\/tr>\n<tr>\n<td class=\"label\">Likviditetskoefficient<\/td>\n<td>Da15a25<\/td>\n<\/tr>\n<tr>\n<td class=\"label\">Cirkulation<\/td>\n<td>20\u2033X200\u00b0C<\/td>\n<\/tr>\n<\/table>\n<h2>Vores produktionsbase<\/h2>\n<h3>Panorama over fabrikken<\/h3>\n<p><img decoding=\"async\" src=\"\/wp-content\/uploads\/factory-01.webp\"\/><\/p>\n<h3>V\u00e6rksted til fremstilling af aluminiumst\u00e6nger<\/h3>\n<p><img decoding=\"async\" src=\"\/wp-content\/uploads\/factory-02.webp\"\/><\/p>\n<p><img decoding=\"async\" src=\"\/wp-content\/uploads\/factory-03.webp\"\/><\/p>\n<h3>Lager til opbevaring af skimmelsvampe<\/h3>\n<p><img decoding=\"async\" src=\"\/wp-content\/uploads\/factory-04.webp\"\/><\/p>\n<h3>43 ekstruderingslinjer for aluminium (500-5500 ton)<\/h3>\n<p><img decoding=\"async\" src=\"\/wp-content\/uploads\/factory-05.webp\"\/><\/p>\n<p><img decoding=\"async\" src=\"\/wp-content\/uploads\/factory-06.webp\"\/><\/p>\n<p><img decoding=\"async\" src=\"\/wp-content\/uploads\/factory-07.webp\"\/><\/p>\n<h3>V\u00e6rksted for pulverlakering<\/h3>\n<p><img decoding=\"async\" src=\"\/wp-content\/uploads\/factory-09.webp\"\/><\/p>\n<h3>Anodiseringsv\u00e6rksted<\/h3>\n<p><img decoding=\"async\" src=\"\/wp-content\/uploads\/factory-10.webp\"\/><\/p>\n<h3>Workshop om dyb behandling<\/h3>\n<p><img decoding=\"async\" src=\"\/wp-content\/uploads\/factory-11.webp\"\/><\/p>\n<h3>V\u00e6rksted for CNC-pr\u00e6cisionsbearbejdning<\/h3>\n<p><img decoding=\"async\" src=\"\/wp-content\/uploads\/factory-11.5.webp\"\/><\/p>\n<h3>F\u00e6rdigvare- og eksportlager<\/h3>\n<p><img decoding=\"async\" src=\"\/wp-content\/uploads\/factory-12.webp\"\/><\/p>\n<p><img decoding=\"async\" src=\"\/wp-content\/uploads\/factory-13.webp\"\/><\/p>\n<p><img decoding=\"async\" src=\"\/wp-content\/uploads\/factory-14.webp\"\/><\/p>\n<h2>OFTE STILLEDE SP\u00d8RGSM\u00c5L<\/h2>\n<p><p><b>1. Hvad er en aluminiumsprofil med tr\u00e6korn i aluminium? <\/b><\/p>\n<p> Det er en ekstruderet aluminiumsprofil belagt med en tr\u00e6kornfinish, der giver udseendet af naturligt tr\u00e6 med aluminiums holdbarhed.<br \/>\n<\/p><br \/>\n<br \/>\n<p><b>2. Hvad er fordelene ved aluminiumsprofiler med tr\u00e6korn? <\/b><\/p>\n<p> Aluminiumsprofiler med tr\u00e6korn kombinerer tr\u00e6ets \u00e6stetik med aluminiums styrke, vejrbestandighed, lave vedligeholdelse og lange levetid.<br \/>\n<\/p><br \/>\n<br \/>\n<p><b>3. Hvorfor v\u00e6lge aluminiumsprofiler med tr\u00e6korn frem for \u00e6gte tr\u00e6? <\/b><\/p>\n<p> Tr\u00e6kornsprofiler i aluminium vrider sig ikke, r\u00e5dner ikke og falmer ikke som \u00e6gte tr\u00e6 og kr\u00e6ver ingen maling eller forsegling, hvilket g\u00f8r dem mere omkostningseffektive og holdbare.<br \/>\n<\/p><br \/>\n<br \/>\n<p><b>4. Hvor bruges ekstruderingsprofiler af aluminium med tr\u00e6korn ofte? <\/b><\/p>\n<p> Disse profiler bruges i vid udstr\u00e6kning til vinduer, d\u00f8re, facader, hegn, pergolaer, porte og dekorative arkitektoniske elementer.<br \/>\n<\/p><br \/>\n<br \/>\n<p><b>5. Er den tr\u00e6agtige finish p\u00e5 aluminiumsprofiler vejrbestandig? <\/b><\/p>\n<p> Ja, tr\u00e6kornfinishen er meget modstandsdygtig over for UV-str\u00e5ler, fugt og korrosion, hvilket g\u00f8r den ideel til b\u00e5de indend\u00f8rs og udend\u00f8rs brug.<br \/>\n<\/p><br \/>\n<br \/>\n<p><b>6. Kan aluminiumsprofiler med tr\u00e6korn tilpasses? <\/b><\/p>\n<p> Aluminiumsprofiler med tr\u00e6korn kan tilpasses i form, st\u00f8rrelse, legeringstype og tr\u00e6m\u00f8nster for at opfylde specifikke projektkrav.<br \/>\n<\/p><br \/>\n<br \/>\n<p><b>7. Hvordan anvendes tr\u00e6kornseffekten p\u00e5 ekstruderingsprofiler af aluminium? <\/b><\/p>\n<p> Tr\u00e6kornseffekten p\u00e5f\u00f8res ved hj\u00e6lp af sublimering eller pulverlakering, hvilket resulterer i en realistisk tekstur og en langtidsholdbar overflade.<br \/>\n<\/p><br \/>\n<br \/>\n<p><b>8. Er tr\u00e6strukturprofiler i aluminium milj\u00f8venlige? <\/b><\/p>\n<p> Ja, aluminium er 100% genanvendeligt, og ved at bruge tr\u00e6korn reduceres behovet for naturligt tr\u00e6, hvilket fremmer b\u00e6redygtigt byggeri.<br \/>\n<\/p><br \/>\n<br \/>\n<p><b>9. Kr\u00e6ver aluminiumsprofiler med tr\u00e6struktur vedligeholdelse? <\/b><\/p>\n<p> Der kr\u00e6ves minimal vedligeholdelse - bare regelm\u00e6ssig reng\u00f8ring, uden behov for maling, bejdsning eller forsegling som traditionelt tr\u00e6.<br \/>\n<\/p><br \/>\n<br \/>\n<p><b>10. Hvilke typer tr\u00e6finish kan man f\u00e5 til aluminiumsprofiler? <\/b><\/p>\n<p> Almindelige muligheder er eg, teak, valn\u00f8d, kirseb\u00e6r og brugerdefinerede tr\u00e6m\u00f8nstre, der passer til arkitektoniske designtemaer.<br \/>\n<\/p><br \/><\/p>","protected":false},"featured_media":6199,"template":"","categories":[58],"class_list":["post-6200","product","type-product","status-publish","has-post-thumbnail","hentry","category-aluminium-extrusion-profiles"],"meta_box":{"hilight_text_group":{"product_hilight_text":"<li>Realistic wood grain finish combines natural look with metal durability<\/li>\r\r\n<li>Weather-resistant and low maintenance, ideal for outdoor use<\/li>\r\r\n<li>Lightweight and strong for easy installation and structural support<\/li>\r\r\n<li>Available in multiple patterns and colors to match design needs<\/li>\r\r\n<li>Eco-friendly alternative to natural wood with longer lifespan<\/li>","product_chanpin_chanpin":"<li><a href=\"https:\/\/sinoextrud.com\/product\/aluminum-extrusion-telescopic-tube-octagon-tube\/\" target=\"_blank\">Aluminum Extrusion Telescopic Tube Octagon Tube<\/a><\/li>\r\n<li><a href=\"https:\/\/sinoextrud.com\/product\/aluminum-extrusion-aluminum-roof-rack-profiles\/\" target=\"_blank\">Aluminum Extrusion Aluminum Roof Rack Profiles<\/a><\/li>\r\n<li><a href=\"https:\/\/sinoextrud.com\/product\/aluminum-extrusion-blackboard-whiteboard-frame-aluminum-profiles\/\" target=\"_blank\">Aluminum Extrusion Blackboard Whiteboard Frame Aluminum Profiles<\/a><\/li>\r\n<li><a href=\"https:\/\/sinoextrud.com\/product\/aluminium-extrusion-anodized-aluminum-profile\/\" target=\"_blank\">Aluminium Extrusion Anodized Aluminum Profile<\/a><\/li>\r\n<li><a href=\"https:\/\/sinoextrud.com\/product\/aluminium-extrusion-wood-grain-aluminum-profile\/\" target=\"_blank\">Aluminium Extrusion Wood Grain Aluminum Profile<\/a><\/li>\r\n<li><a href=\"https:\/\/sinoextrud.com\/product\/aluminum-extrusion-u-channel-profiles\/\" target=\"_blank\">Aluminum Extrusion U Channel Profiles<\/a><\/li>\r\n<li><a href=\"https:\/\/sinoextrud.com\/product\/aluminum-extrusion-car-truck-aluminum-profile\/\" target=\"_blank\">Aluminum Extrusion Car & Truck Aluminum Profile<\/a><\/li>\r\n<li><a href=\"https:\/\/sinoextrud.com\/product\/aluminum-extrusion-aluminum-fence-panel-profile\/\" target=\"_blank\">Aluminum Extrusion Aluminum Fence Panel Profile<\/a><\/li>\r\n<li><a href=\"https:\/\/sinoextrud.com\/product\/aluminum-extrusion-sunflower-aluminum-profile\/\" target=\"_blank\">Aluminum Extrusion Sunflower Aluminum Profile<\/a><\/li>\r\n<li><a href=\"https:\/\/sinoextrud.com\/product\/square-aluminum-extrusion\/\" target=\"_blank\">Square Aluminum Extrusion<\/a><\/li>\r\n<li><a href=\"https:\/\/sinoextrud.com\/product\/aluminum-door-jamb-extrusion\/\" target=\"_blank\">Aluminum Door Jamb Extrusion<\/a><\/li>"},"feature_list":[]},"_links":{"self":[{"href":"https:\/\/sinoextrud.com\/da\/wp-json\/wp\/v2\/product\/6200","targetHints":{"allow":["GET"]}}],"collection":[{"href":"https:\/\/sinoextrud.com\/da\/wp-json\/wp\/v2\/product"}],"about":[{"href":"https:\/\/sinoextrud.com\/da\/wp-json\/wp\/v2\/types\/product"}],"wp:featuredmedia":[{"embeddable":true,"href":"https:\/\/sinoextrud.com\/da\/wp-json\/wp\/v2\/media\/6199"}],"wp:attachment":[{"href":"https:\/\/sinoextrud.com\/da\/wp-json\/wp\/v2\/media?parent=6200"}],"wp:term":[{"taxonomy":"category","embeddable":true,"href":"https:\/\/sinoextrud.com\/da\/wp-json\/wp\/v2\/categories?post=6200"}],"curies":[{"name":"wp","href":"https:\/\/api.w.org\/{rel}","templated":true}]}}