{"id":6182,"date":"2025-05-25T15:47:57","date_gmt":"2025-05-25T15:47:57","guid":{"rendered":"https:\/\/sinoextrud.com\/product\/aluminum-profile-roller-blinds-rails\/"},"modified":"2025-06-24T03:54:42","modified_gmt":"2025-06-24T03:54:42","slug":"skinner-til-rullegardiner-i-aluminiumsprofil","status":"publish","type":"product","link":"https:\/\/sinoextrud.com\/da\/product\/aluminum-profile-roller-blinds-rails\/","title":{"rendered":"Rullegardinskinner i aluminiumsprofil"},"content":{"rendered":"<h2>Detaljer om produkter<\/h2>\n<table class=\"custom-table\">\n<tr>\n<td class=\"label\">Produktets navn<\/td>\n<td>Rullegardinskinner i aluminiumsprofil<\/td>\n<\/tr>\n<tr>\n<td class=\"label\">Produktsortiment<\/td>\n<td>aluminiumsekstruderinger til aluminiumsgardinskinne, gardinskinnespor, aluminiumsgardinskinnespor, rulleskodde aluminiumsstyreskinne, transport\u00f8rstyreskinne, gardinskinner aluminium, rullegardiner sideskinner, aluminiumsgardinskinne, skyded\u00f8r aluminiumsstyreskinne, beslagsskinnestyringstransport\u00f8r osv.<\/td>\n<\/tr>\n<tr>\n<td class=\"label\">Produkttyper<\/td>\n<td>aluminiumsskinneprofiler, skinnetransport\u00f8r, gardinst\u00e6nger i aluminiumslegering, line\u00e6r b\u00e6ltef\u00f8ringsskinne, gliderulleoph\u00e6ng, skyded\u00f8rsr\u00e6kv\u00e6rk osv.<\/td>\n<\/tr>\n<tr>\n<td class=\"label\">Aluminiumslegering<\/td>\n<td>1000-serien, 200-serien, 3000-serien, 5000-serien, 6000-serien, 7000-serien<\/td>\n<\/tr>\n<tr>\n<td class=\"label\">Temperament<\/td>\n<td>T3-T8<\/td>\n<\/tr>\n<tr>\n<td class=\"label\">Form<\/td>\n<td>Tilpasning<\/td>\n<\/tr>\n<tr>\n<td class=\"label\">Farve<\/td>\n<td>Tilpasning<\/td>\n<\/tr>\n<tr>\n<td class=\"label\">Overfladebehandling<\/td>\n<td>fr\u00e6set f\u00e6rdig, anodiseret, tr\u00e6korn, power coating, sandbl\u00e6sning, elektroforese, b\u00f8rstet, polering osv.<\/td>\n<\/tr>\n<tr>\n<td class=\"label\">CNC-dybbearbejdning<\/td>\n<td>sk\u00e6ring, boring, bearbejdning, stansning, bukning, gevindsk\u00e6ring og s\u00e5 videre<\/td>\n<\/tr>\n<tr>\n<td class=\"label\">Certificeringer<\/td>\n<td>CE, ISO, SGS, TUV, ROHS<\/td>\n<\/tr>\n<tr>\n<td class=\"label\">Pr\u00f8ver<\/td>\n<td>Gratis pr\u00f8ve. 1-3 dage leveret til dig.<\/td>\n<\/tr>\n<tr>\n<td class=\"label\">MOQ<\/td>\n<td>200 kg for hver profil<\/td>\n<\/tr>\n<tr>\n<td class=\"label\">Leveringstid<\/td>\n<td>Formudvikling og pr\u00f8vekonformitet er 12-15 dage, derefter er produktionsvarigheden 15-25 dage efter modtagelse af depositum fra k\u00f8ber.<\/td>\n<\/tr>\n<tr>\n<td class=\"label\">Betalingsbetingelser<\/td>\n<td>30% depositum f\u00f8r produktion og balance f\u00f8r forsendelse.<\/td>\n<\/tr>\n<\/table>\n<h2>Vores produktionsbase<\/h2>\n<h3>Panorama over fabrikken<\/h3>\n<p><img decoding=\"async\" src=\"\/wp-content\/uploads\/factory-01.webp\"\/><\/p>\n<h3>V\u00e6rksted til fremstilling af aluminiumst\u00e6nger<\/h3>\n<p><img decoding=\"async\" src=\"\/wp-content\/uploads\/factory-02.webp\"\/><\/p>\n<p><img decoding=\"async\" src=\"\/wp-content\/uploads\/factory-03.webp\"\/><\/p>\n<h3>Lager til opbevaring af skimmelsvampe<\/h3>\n<p><img decoding=\"async\" src=\"\/wp-content\/uploads\/factory-04.webp\"\/><\/p>\n<h3>43 ekstruderingslinjer for aluminium (500-5500 ton)<\/h3>\n<p><img decoding=\"async\" src=\"\/wp-content\/uploads\/factory-05.webp\"\/><\/p>\n<p><img decoding=\"async\" src=\"\/wp-content\/uploads\/factory-06.webp\"\/><\/p>\n<p><img decoding=\"async\" src=\"\/wp-content\/uploads\/factory-07.webp\"\/><\/p>\n<h3>V\u00e6rksted for pulverlakering<\/h3>\n<p><img decoding=\"async\" src=\"\/wp-content\/uploads\/factory-09.webp\"\/><\/p>\n<h3>Anodiseringsv\u00e6rksted<\/h3>\n<p><img decoding=\"async\" src=\"\/wp-content\/uploads\/factory-10.webp\"\/><\/p>\n<h3>Workshop om dyb behandling<\/h3>\n<p><img decoding=\"async\" src=\"\/wp-content\/uploads\/factory-11.webp\"\/><\/p>\n<h3>V\u00e6rksted for CNC-pr\u00e6cisionsbearbejdning<\/h3>\n<p><img decoding=\"async\" src=\"\/wp-content\/uploads\/factory-11.5.webp\"\/><\/p>\n<h3>F\u00e6rdigvare- og eksportlager<\/h3>\n<p><img decoding=\"async\" src=\"\/wp-content\/uploads\/factory-12.webp\"\/><\/p>\n<p><img decoding=\"async\" src=\"\/wp-content\/uploads\/factory-13.webp\"\/><\/p>\n<p><img decoding=\"async\" src=\"\/wp-content\/uploads\/factory-14.webp\"\/><\/p>\n<h2>OFTE STILLEDE SP\u00d8RGSM\u00c5L<\/h2>\n<p><p><b>1. Hvad er rullegardinskinner af aluminiumsprofil? <\/b><\/p>\n<p> Rullegardinskinner i aluminiumsprofil er ekstruderede aluminiumsskinner, der er designet til at st\u00f8tte og styre rullegardiner i vinduesafsk\u00e6rmningssystemer.<br \/>\n<\/p><br \/>\n<br \/>\n<p><b>2. Hvad er fordelene ved at bruge aluminiumsskinner til rullegardiner? <\/b><\/p>\n<p> Aluminiumsskinner giver letv\u00e6gtsholdbarhed, korrosionsbestandighed, j\u00e6vn drift og et elegant udseende til moderne rullegardinsystemer.<br \/>\n<\/p><br \/>\n<br \/>\n<p><b>3. Hvorfor v\u00e6lge aluminiumsprofilskinner til rullegardiner? <\/b><\/p>\n<p> Aluminiumsprofilskinner giver st\u00e6rk strukturel st\u00f8tte, er nemme at installere og bevarer et rent, minimalt udseende i bolig- og erhvervsindretninger.<br \/>\n<\/p><br \/>\n<br \/>\n<p><b>4. Er skinner til aluminiumsrullegardiner velegnede til alle gardintyper? <\/b><\/p>\n<p> Ja, aluminiumsprofilskinner er kompatible med manuelle og motoriserede rullegardiner og kan tilpasses, s\u00e5 de passer til forskellige vinduesst\u00f8rrelser og -mekanismer.<br \/>\n<\/p><br \/>\n<br \/>\n<p><b>5. kan skinner til rullegardiner i aluminium tilpasses? <\/b><\/p>\n<p> Rullegardinskinner i aluminium kan ekstruderes i forskellige former, l\u00e6ngder og overflader, s\u00e5 de passer til specifikke design- og installationskrav.<br \/>\n<\/p><br \/>\n<br \/>\n<p><b>6. Er aluminiumsprofilskinner modstandsdygtige over for rust og slid? <\/b><\/p>\n<p> Ja, rullegardinskinner i aluminium er korrosionsbestandige og ideelle til langvarig brug i fugtige eller soleksponerede milj\u00f8er.<br \/>\n<\/p><br \/>\n<br \/>\n<p><b>7. Forbedrer aluminiumsskinner funktionaliteten af rullegardiner? <\/b><\/p>\n<p> Ja, pr\u00e6cisionsfremstillede aluminiumsskinner sikrer j\u00e6vnere rulning, reduceret st\u00f8j og forbedret justering for effektiv skyggeydelse.<br \/>\n<\/p><br \/>\n<br \/>\n<p><b>8. Hvilke overflader f\u00e5s til rullegardinprofiler i aluminium? <\/b><\/p>\n<p> Rullegardinskinner i aluminium f\u00e5s i anodiseret, pulverlakeret eller malet finish, s\u00e5 de passer til vinduesrammer og indretning.<br \/>\n<\/p><br \/>\n<br \/>\n<p><b>9. Hvor let er det at installere rullegardinskinner af aluminiumsprofil? <\/b><\/p>\n<p> Aluminiumsskinner er lette og pr\u00e6fabrikerede til nem og hurtig installation med monteringsbeslag eller clips.<br \/>\n<\/p><br \/>\n<br \/>\n<p><b>10. Hvor bruges rullegardinskinner af aluminiumsprofil ofte? <\/b><\/p>\n<p> Disse skinner bruges i hjem, kontorer, hoteller og kommercielle bygninger til vinduesafsk\u00e6rmning, privatliv og energieffektivitet.<br \/>\n<\/p><br \/><\/p>","protected":false},"featured_media":6181,"template":"","categories":[58],"class_list":["post-6182","product","type-product","status-publish","has-post-thumbnail","hentry","category-aluminium-extrusion-profiles"],"meta_box":{"hilight_text_group":{"product_hilight_text":"<li>Lightweight and durable aluminum ensures smooth blind operation<\/li>\r\r\n<li>Corrosion-resistant surface ideal for indoor and outdoor use<\/li>\r\r\n<li>Supports manual and motorized roller blind systems<\/li>\r\r\n<li>Custom lengths and finishes available for various window sizes<\/li>\r\r\n<li>Sleek design enhances modern interior aesthetics<\/li>","product_chanpin_chanpin":"<li><a href=\"https:\/\/sinoextrud.com\/product\/aluminium-extrusion-wood-grain-outdoor-louver-aluminum-profile\/\" target=\"_blank\">Aluminium Extrusion Wood Grain Outdoor Louver Aluminum Profile<\/a><\/li>\r\n<li><a href=\"https:\/\/sinoextrud.com\/product\/aluminium-extrusion-caravan-awning-aluminum-profile\/\" target=\"_blank\">Aluminium Extrusion Caravan Awning Aluminum Profile<\/a><\/li>\r\n<li><a href=\"https:\/\/sinoextrud.com\/product\/aluminium-extrusion-11-5m-ultra-long-mill-finished-profiles\/\" target=\"_blank\">Aluminium Extrusion 11.5m Ultra-long Mill Finished Profiles<\/a><\/li>\r\n<li><a href=\"https:\/\/sinoextrud.com\/product\/aluminium-u-channel\/\" target=\"_blank\">Aluminium U Channel<\/a><\/li>\r\n<li><a href=\"https:\/\/sinoextrud.com\/product\/aluminum-profile-roller-blinds-rails\/\" target=\"_blank\">Aluminum Profile Roller Blinds Rails<\/a><\/li>\r\n<li><a href=\"https:\/\/sinoextrud.com\/product\/aluminum-extrusion-aluminum-cladding-profile-wood-look-grain-aluminum-panels\/\" target=\"_blank\">Aluminum Extrusion Aluminum Cladding Profile Wood Look Grain Aluminum Panels<\/a><\/li>\r\n<li><a href=\"https:\/\/sinoextrud.com\/product\/aluminum-extrusion-6005-big-size-industrial-aluminum-profile\/\" target=\"_blank\">Aluminum Extrusion 6005 Big Size Industrial Aluminum Profile<\/a><\/li>\r\n<li><a href=\"https:\/\/sinoextrud.com\/product\/aluminum-extrusion-telescopic-tube-octagon-tube\/\" target=\"_blank\">Aluminum Extrusion Telescopic Tube Octagon Tube<\/a><\/li>\r\n<li><a href=\"https:\/\/sinoextrud.com\/product\/aluminum-extrusion-aluminum-roof-rack-profiles\/\" target=\"_blank\">Aluminum Extrusion Aluminum Roof Rack Profiles<\/a><\/li>\r\n<li><a href=\"https:\/\/sinoextrud.com\/product\/aluminum-window\/\" target=\"_blank\">Aluminum Window<\/a><\/li>\r\n<li><a href=\"https:\/\/sinoextrud.com\/product\/sliding-window-aluminum-window-track\/\" target=\"_blank\">Sliding Window Aluminum Window Track<\/a><\/li>"},"feature_list":[]},"_links":{"self":[{"href":"https:\/\/sinoextrud.com\/da\/wp-json\/wp\/v2\/product\/6182","targetHints":{"allow":["GET"]}}],"collection":[{"href":"https:\/\/sinoextrud.com\/da\/wp-json\/wp\/v2\/product"}],"about":[{"href":"https:\/\/sinoextrud.com\/da\/wp-json\/wp\/v2\/types\/product"}],"wp:featuredmedia":[{"embeddable":true,"href":"https:\/\/sinoextrud.com\/da\/wp-json\/wp\/v2\/media\/6181"}],"wp:attachment":[{"href":"https:\/\/sinoextrud.com\/da\/wp-json\/wp\/v2\/media?parent=6182"}],"wp:term":[{"taxonomy":"category","embeddable":true,"href":"https:\/\/sinoextrud.com\/da\/wp-json\/wp\/v2\/categories?post=6182"}],"curies":[{"name":"wp","href":"https:\/\/api.w.org\/{rel}","templated":true}]}}