{"id":6180,"date":"2025-05-25T15:45:18","date_gmt":"2025-05-25T15:45:18","guid":{"rendered":"https:\/\/sinoextrud.com\/product\/aluminium-u-channel\/"},"modified":"2025-06-24T03:54:40","modified_gmt":"2025-06-24T03:54:40","slug":"u-skinne-i-aluminium","status":"publish","type":"product","link":"https:\/\/sinoextrud.com\/da\/product\/aluminium-u-channel\/","title":{"rendered":"U-skinne i aluminium"},"content":{"rendered":"<h2>Detaljer om produkter<\/h2>\n<table class=\"custom-table\">\n<tr>\n<td class=\"label\">Vare:<\/td>\n<td>U-skinne i aluminium<\/td>\n<\/tr>\n<tr>\n<td class=\"label\">Temperament:<\/td>\n<td>T3-T8<\/td>\n<\/tr>\n<tr>\n<td class=\"label\">Form:<\/td>\n<td>Tilpasset<\/td>\n<\/tr>\n<tr>\n<td class=\"label\">Materiale:<\/td>\n<td>6063<\/td>\n<\/tr>\n<tr>\n<td class=\"label\">Farve:<\/td>\n<td>Tilpasset farve<\/td>\n<\/tr>\n<tr>\n<td class=\"label\">Leveringstid:<\/td>\n<td>25-30 dage<\/td>\n<\/tr>\n<tr>\n<td class=\"label\">Betalingsperiode:<\/td>\n<td>30% depositum, 70% saldo f\u00f8r levering<\/td>\n<\/tr>\n<tr>\n<td class=\"label\">Havn:<\/td>\n<td>Guangzhou, Shenzhen<\/td>\n<\/tr>\n<tr>\n<td class=\"label\">Karakter:<\/td>\n<td>6000-serien<\/td>\n<\/tr>\n<tr>\n<td class=\"label\">Oprindelsessted:<\/td>\n<td>Foshan, Guangdong<\/td>\n<\/tr>\n<tr>\n<td class=\"label\">Legering eller ej:<\/td>\n<td>Legering<\/td>\n<\/tr>\n<tr>\n<td class=\"label\">Brand:<\/td>\n<td>ZHL<\/td>\n<\/tr>\n<tr>\n<td class=\"label\">Overfladebehandling:<\/td>\n<td>Anodiseret, pulverlakeret, b\u00f8rstet, sandbl\u00e6st, tr\u00e6korn<\/td>\n<\/tr>\n<tr>\n<td class=\"label\">MOQ:<\/td>\n<td>200 KG<\/td>\n<\/tr>\n<tr>\n<td class=\"label\">Behandling af service:<\/td>\n<td>B\u00f8jning, afrulning, svejsning, stansning, sk\u00e6ring<\/td>\n<\/tr>\n<tr>\n<td class=\"label\">Garanti:<\/td>\n<td>Kundecertifikat, som BV, Soncap, ISO<\/td>\n<\/tr>\n<\/table>\n<h2>Vores produktionsbase<\/h2>\n<h3>Panorama over fabrikken<\/h3>\n<p><img decoding=\"async\" src=\"\/wp-content\/uploads\/factory-01.webp\"\/><\/p>\n<h3>V\u00e6rksted til fremstilling af aluminiumst\u00e6nger<\/h3>\n<p><img decoding=\"async\" src=\"\/wp-content\/uploads\/factory-02.webp\"\/><\/p>\n<p><img decoding=\"async\" src=\"\/wp-content\/uploads\/factory-03.webp\"\/><\/p>\n<h3>Lager til opbevaring af skimmelsvampe<\/h3>\n<p><img decoding=\"async\" src=\"\/wp-content\/uploads\/factory-04.webp\"\/><\/p>\n<h3>43 ekstruderingslinjer for aluminium (500-5500 ton)<\/h3>\n<p><img decoding=\"async\" src=\"\/wp-content\/uploads\/factory-05.webp\"\/><\/p>\n<p><img decoding=\"async\" src=\"\/wp-content\/uploads\/factory-06.webp\"\/><\/p>\n<p><img decoding=\"async\" src=\"\/wp-content\/uploads\/factory-07.webp\"\/><\/p>\n<h3>V\u00e6rksted for pulverlakering<\/h3>\n<p><img decoding=\"async\" src=\"\/wp-content\/uploads\/factory-09.webp\"\/><\/p>\n<h3>Anodiseringsv\u00e6rksted<\/h3>\n<p><img decoding=\"async\" src=\"\/wp-content\/uploads\/factory-10.webp\"\/><\/p>\n<h3>Workshop om dyb behandling<\/h3>\n<p><img decoding=\"async\" src=\"\/wp-content\/uploads\/factory-11.webp\"\/><\/p>\n<h3>V\u00e6rksted for CNC-pr\u00e6cisionsbearbejdning<\/h3>\n<p><img decoding=\"async\" src=\"\/wp-content\/uploads\/factory-11.5.webp\"\/><\/p>\n<h3>F\u00e6rdigvare- og eksportlager<\/h3>\n<p><img decoding=\"async\" src=\"\/wp-content\/uploads\/factory-12.webp\"\/><\/p>\n<p><img decoding=\"async\" src=\"\/wp-content\/uploads\/factory-13.webp\"\/><\/p>\n<p><img decoding=\"async\" src=\"\/wp-content\/uploads\/factory-14.webp\"\/><\/p>\n<h2>OFTE STILLEDE SP\u00d8RGSM\u00c5L<\/h2>\n<p><p><b>1. Hvad er en U-skinne i aluminium? <\/b><\/p>\n<p> En U-skinne i aluminium er en U-formet ekstruderet aluminiumsprofil, der bruges til kantbeskyttelse, strukturel indramning, trim og montering i forskellige bygge- og industriapplikationer.<br \/>\n<\/p><br \/>\n<br \/>\n<p><b>2. Hvad er fordelene ved at bruge U-skinner i aluminium? <\/b><\/p>\n<p> U-skinner i aluminium giver letv\u00e6gtsstyrke, korrosionsbestandighed, nem installation og ren \u00e6stetik til b\u00e5de indend\u00f8rs og udend\u00f8rs brug.<br \/>\n<\/p><br \/>\n<br \/>\n<p><b>3. Hvorfor v\u00e6lge aluminium til U-profiler? <\/b><\/p>\n<p> Aluminium er rustbestandigt, holdbart, let at sk\u00e6re og bearbejde og ideelt til U-skinner, der bruges i byggeri, fabrikation og dekorative projekter.<br \/>\n<\/p><br \/>\n<br \/>\n<p><b>4. Hvor bruges U-skinner i aluminium ofte? <\/b><\/p>\n<p> U-skinner i aluminium bruges i vid udstr\u00e6kning i glassystemer, panelindramning, LED-b\u00e5ndhuse, m\u00f8belkanter og arkitektonisk bekl\u00e6dning.<br \/>\n<\/p><br \/>\n<br \/>\n<p><b>5. Er U-skinnen i aluminium egnet til udend\u00f8rs brug? <\/b><\/p>\n<p> Ja, U-skinner i aluminium er korrosionsbestandige og kan anodiseres eller pulverlakeres for \u00f8get holdbarhed i udend\u00f8rs milj\u00f8er.<br \/>\n<\/p><br \/>\n<br \/>\n<p><b>6. Kan U-skinner i aluminium tilpasses? <\/b><\/p>\n<p> U-skinner i aluminium kan absolut specialekstruderes i forskellige st\u00f8rrelser, tykkelser, l\u00e6ngder og overfladebehandlinger for at opfylde specifikke projektbehov.<br \/>\n<\/p><br \/>\n<br \/>\n<p><b>7. Er U-skinner i aluminium nemme at installere? <\/b><\/p>\n<p> Ja, U-skinner i aluminium er nemme at arbejde med og kan bores, sk\u00e6res eller monteres med kl\u00e6bemidler eller mekaniske fastg\u00f8relsesmidler.<br \/>\n<\/p><br \/>\n<br \/>\n<p><b>8. Hvilke overflader er tilg\u00e6ngelige for U-skinner i aluminium? <\/b><\/p>\n<p> U-skinner i aluminium f\u00e5s i fr\u00e6set, anodiseret, pulverlakeret eller b\u00f8rstet finish, s\u00e5 de passer til b\u00e5de funktionelle og dekorative anvendelser.<br \/>\n<\/p><br \/>\n<br \/>\n<p><b>9. Giver U-skinner i aluminium strukturel st\u00f8tte? <\/b><\/p>\n<p> Ja, U-skinner i aluminium giver moderat strukturel st\u00f8tte og kantforst\u00e6rkning, is\u00e6r i lette ramme- eller pyntesystemer.<br \/>\n<\/p><br \/>\n<br \/>\n<p><b>10. Hvordan er U-skinner i aluminium sammenlignet med st\u00e5lskinner? <\/b><\/p>\n<p> U-skinner i aluminium er lettere, korrosionsbestandige og nemmere at h\u00e5ndtere end st\u00e5l, hvilket g\u00f8r dem ideelle til ikke-tunge opgaver og til udend\u00f8rs brug.<br \/>\n<\/p><br \/><\/p>","protected":false},"featured_media":0,"template":"","categories":[58],"class_list":["post-6180","product","type-product","status-publish","hentry","category-aluminium-extrusion-profiles"],"meta_box":{"hilight_text_group":{"product_hilight_text":"<li>Simple U-shaped design for easy integration into various structures<\/li>\r\r\n<li>Lightweight yet strong, suitable for framing and edge protection<\/li>\r\r\n<li>Corrosion-resistant for indoor and outdoor applications<\/li>\r\r\n<li>Available in multiple sizes and finishes for diverse needs<\/li>\r\r\n<li>Easy to cut, drill, and install with standard tools<\/li>","product_chanpin_chanpin":"<li><a href=\"https:\/\/sinoextrud.com\/product\/aluminum-tube-framing\/\" target=\"_blank\">Aluminum Tube Framing<\/a><\/li>\r\n<li><a href=\"https:\/\/sinoextrud.com\/product\/aluminium-extrusion-wood-grain-outdoor-louver-aluminum-profile\/\" target=\"_blank\">Aluminium Extrusion Wood Grain Outdoor Louver Aluminum Profile<\/a><\/li>\r\n<li><a href=\"https:\/\/sinoextrud.com\/product\/aluminium-extrusion-caravan-awning-aluminum-profile\/\" target=\"_blank\">Aluminium Extrusion Caravan Awning Aluminum Profile<\/a><\/li>\r\n<li><a href=\"https:\/\/sinoextrud.com\/product\/aluminium-extrusion-11-5m-ultra-long-mill-finished-profiles\/\" target=\"_blank\">Aluminium Extrusion 11.5m Ultra-long Mill Finished Profiles<\/a><\/li>\r\n<li><a href=\"https:\/\/sinoextrud.com\/product\/aluminium-u-channel\/\" target=\"_blank\">Aluminium U Channel<\/a><\/li>\r\n<li><a href=\"https:\/\/sinoextrud.com\/product\/aluminum-profile-roller-blinds-rails\/\" target=\"_blank\">Aluminum Profile Roller Blinds Rails<\/a><\/li>\r\n<li><a href=\"https:\/\/sinoextrud.com\/product\/aluminum-extrusion-aluminum-cladding-profile-wood-look-grain-aluminum-panels\/\" target=\"_blank\">Aluminum Extrusion Aluminum Cladding Profile Wood Look Grain Aluminum Panels<\/a><\/li>\r\n<li><a href=\"https:\/\/sinoextrud.com\/product\/aluminum-extrusion-6005-big-size-industrial-aluminum-profile\/\" target=\"_blank\">Aluminum Extrusion 6005 Big Size Industrial Aluminum Profile<\/a><\/li>\r\n<li><a href=\"https:\/\/sinoextrud.com\/product\/aluminum-extrusion-telescopic-tube-octagon-tube\/\" target=\"_blank\">Aluminum Extrusion Telescopic Tube Octagon Tube<\/a><\/li>\r\n<li><a href=\"https:\/\/sinoextrud.com\/product\/t-slot-extruded-aluminum-profile-cutting-for-sale-by-weight-of-aluminum-section-open-extrusion-die\/\" target=\"_blank\">t slot extruded aluminum profile cutting for sale by weight of aluminum section open extrusion die<\/a><\/li>\r\n<li><a href=\"https:\/\/sinoextrud.com\/product\/c-shaped-wind-resistant-linear-ceiling-system\/\" target=\"_blank\">C-Shaped Wind-Resistant Linear Ceiling System<\/a><\/li>"},"feature_list":[]},"_links":{"self":[{"href":"https:\/\/sinoextrud.com\/da\/wp-json\/wp\/v2\/product\/6180","targetHints":{"allow":["GET"]}}],"collection":[{"href":"https:\/\/sinoextrud.com\/da\/wp-json\/wp\/v2\/product"}],"about":[{"href":"https:\/\/sinoextrud.com\/da\/wp-json\/wp\/v2\/types\/product"}],"wp:attachment":[{"href":"https:\/\/sinoextrud.com\/da\/wp-json\/wp\/v2\/media?parent=6180"}],"wp:term":[{"taxonomy":"category","embeddable":true,"href":"https:\/\/sinoextrud.com\/da\/wp-json\/wp\/v2\/categories?post=6180"}],"curies":[{"name":"wp","href":"https:\/\/api.w.org\/{rel}","templated":true}]}}