{"id":6178,"date":"2025-05-25T15:42:56","date_gmt":"2025-05-25T15:42:56","guid":{"rendered":"https:\/\/sinoextrud.com\/product\/aluminium-extrusion-11-5m-ultra-long-mill-finished-profiles\/"},"modified":"2025-06-24T03:54:39","modified_gmt":"2025-06-24T03:54:39","slug":"aluminiumsekstrudering-11-5-m-ultra-lange-faerdige-profiler","status":"publish","type":"product","link":"https:\/\/sinoextrud.com\/da\/product\/aluminium-extrusion-11-5m-ultra-long-mill-finished-profiles\/","title":{"rendered":"Aluminiumsekstrudering 11,5 m ultralange, f\u00e6rdigbehandlede profiler"},"content":{"rendered":"<h2>Detaljer om produkter<\/h2>\n<table class=\"custom-table\">\n<tr>\n<td class=\"label\">Produktets navn<\/td>\n<td>Aluminiumsekstrudering 11,5 m ultralange, f\u00e6rdigbehandlede profiler<\/td>\n<\/tr>\n<tr>\n<td class=\"label\">Aluminiumslegering<\/td>\n<td>1000-serien, 200-serien, 3000-serien, 5000-serien, 6000-serien, 7000-serien<\/td>\n<\/tr>\n<tr>\n<td class=\"label\">Temperament<\/td>\n<td>T3-T8<\/td>\n<\/tr>\n<tr>\n<td class=\"label\">L\u00e6ngde<\/td>\n<td>11,5 m eller i henhold til tegning<\/td>\n<\/tr>\n<tr>\n<td class=\"label\">Farve<\/td>\n<td>M\u00f8llen er f\u00e6rdig<\/td>\n<\/tr>\n<tr>\n<td class=\"label\">Overfladebehandling<\/td>\n<td>Anodiseret, tr\u00e6korn, power coating, sandbl\u00e6sning, elektroforese, b\u00f8rstet, polering osv.<\/td>\n<\/tr>\n<tr>\n<td class=\"label\">CNC-dybbearbejdning<\/td>\n<td>sk\u00e6ring, boring, bearbejdning, stansning, bukning, gevindsk\u00e6ring og s\u00e5 videre<\/td>\n<\/tr>\n<tr>\n<td class=\"label\">Certificeringer<\/td>\n<td>CE, ISO, SGS, TUV, ROHS<\/td>\n<\/tr>\n<tr>\n<td class=\"label\">Pr\u00f8ver<\/td>\n<td>Gratis pr\u00f8ve. 1-3 dage leveret til dig.<\/td>\n<\/tr>\n<tr>\n<td class=\"label\">MOQ<\/td>\n<td>200 kg for hver profil<\/td>\n<\/tr>\n<tr>\n<td class=\"label\">Leveringstid<\/td>\n<td>Formudvikling og pr\u00f8vekonformitet er 12-15 dage, derefter er produktionsvarigheden 15-25 dage efter modtagelse af depositum fra k\u00f8ber.<\/td>\n<\/tr>\n<tr>\n<td class=\"label\">Betalingsbetingelser<\/td>\n<td>30% depositum f\u00f8r produktion og balance f\u00f8r forsendelse.<\/td>\n<\/tr>\n<\/table>\n<h2>Vores produktionsbase<\/h2>\n<h3>Panorama over fabrikken<\/h3>\n<p><img decoding=\"async\" src=\"\/wp-content\/uploads\/factory-01.webp\"\/><\/p>\n<h3>V\u00e6rksted til fremstilling af aluminiumst\u00e6nger<\/h3>\n<p><img decoding=\"async\" src=\"\/wp-content\/uploads\/factory-02.webp\"\/><\/p>\n<p><img decoding=\"async\" src=\"\/wp-content\/uploads\/factory-03.webp\"\/><\/p>\n<h3>Lager til opbevaring af skimmelsvampe<\/h3>\n<p><img decoding=\"async\" src=\"\/wp-content\/uploads\/factory-04.webp\"\/><\/p>\n<h3>43 ekstruderingslinjer for aluminium (500-5500 ton)<\/h3>\n<p><img decoding=\"async\" src=\"\/wp-content\/uploads\/factory-05.webp\"\/><\/p>\n<p><img decoding=\"async\" src=\"\/wp-content\/uploads\/factory-06.webp\"\/><\/p>\n<p><img decoding=\"async\" src=\"\/wp-content\/uploads\/factory-07.webp\"\/><\/p>\n<h3>V\u00e6rksted for pulverlakering<\/h3>\n<p><img decoding=\"async\" src=\"\/wp-content\/uploads\/factory-09.webp\"\/><\/p>\n<h3>Anodiseringsv\u00e6rksted<\/h3>\n<p><img decoding=\"async\" src=\"\/wp-content\/uploads\/factory-10.webp\"\/><\/p>\n<h3>Workshop om dyb behandling<\/h3>\n<p><img decoding=\"async\" src=\"\/wp-content\/uploads\/factory-11.webp\"\/><\/p>\n<h3>V\u00e6rksted for CNC-pr\u00e6cisionsbearbejdning<\/h3>\n<p><img decoding=\"async\" src=\"\/wp-content\/uploads\/factory-11.5.webp\"\/><\/p>\n<h3>F\u00e6rdigvare- og eksportlager<\/h3>\n<p><img decoding=\"async\" src=\"\/wp-content\/uploads\/factory-12.webp\"\/><\/p>\n<p><img decoding=\"async\" src=\"\/wp-content\/uploads\/factory-13.webp\"\/><\/p>\n<p><img decoding=\"async\" src=\"\/wp-content\/uploads\/factory-14.webp\"\/><\/p>\n<h2>OFTE STILLEDE SP\u00d8RGSM\u00c5L<\/h2>\n<p><p><b>1. Hvad er aluminiumsekstrudering 11,5 m ultra-lange f\u00e6rdige profiler? <\/b><\/p>\n<p> Det er ekstra lange aluminiumsprofiler, op til 11,5 meter lange, med en fr\u00e6set overflade, der er ideelle til strukturelle og industrielle anvendelser, der kr\u00e6ver s\u00f8ml\u00f8se sp\u00e6ndvidder.<br \/>\n<\/p><br \/>\n<br \/>\n<p><b>2. Hvad er fordelene ved 11,5 m ultralange ekstruderingsprofiler i aluminium? <\/b><\/p>\n<p> 11,5 m ultralange aluminiumsprofiler reducerer behovet for samlinger, sikrer strukturel konsistens, minimerer installationstiden og giver h\u00f8j materialestyrke.<br \/>\n<\/p><br \/>\n<br \/>\n<p><b>3. Hvad betyder \"f\u00e6rdigbehandlet\" i ekstruderingsprofiler af aluminium? <\/b><\/p>\n<p> Mill finished refererer til aluminiumsprofiler, der har en naturlig, ubehandlet overflade direkte fra ekstruderingspressen, ideel til yderligere bearbejdning eller anodisering.<br \/>\n<\/p><br \/>\n<br \/>\n<p><b>4. Hvorfor v\u00e6lge ultralange ekstruderingsprofiler i aluminium? <\/b><\/p>\n<p> Ultralange aluminiumsprofiler giver mulighed for s\u00f8ml\u00f8s konstruktion, f\u00e6rre forbindelsespunkter og \u00f8get styrke i arkitektoniske og industrielle projekter.<br \/>\n<\/p><br \/>\n<br \/>\n<p><b>5. Hvor bruges 11,5 m f\u00e6rdige aluminiumsprofiler? <\/b><\/p>\n<p> Disse profiler bruges i vid udstr\u00e6kning til gardinv\u00e6gge, rammer til solpaneler, transport, konstruktionsbj\u00e6lker og store industrielle samlinger.<br \/>\n<\/p><br \/>\n<br \/>\n<p><b>6. Er f\u00e6rdigbehandlede aluminiumsprofiler korrosionsbestandige? <\/b><\/p>\n<p> Mens fr\u00e6sefinish giver grundl\u00e6ggende beskyttelse, kan profiler anodiseres eller coates efter ekstrudering for at forbedre korrosionsbestandigheden til udend\u00f8rs eller maritim brug.<br \/>\n<\/p><br \/>\n<br \/>\n<p><b>7. Kan 11,5 m ultralange aluminiumsprofiler tilpasses? <\/b><\/p>\n<p> Ja, de kan tilpasses i form, tv\u00e6rsnit, legeringstype og tykkelse for at opfylde specifikke tekniske og designm\u00e6ssige krav.<br \/>\n<\/p><br \/>\n<br \/>\n<p><b>8. Er lange aluminiumsprofiler nemme at transportere? <\/b><\/p>\n<p> Det kr\u00e6ver s\u00e6rlig h\u00e5ndtering og logistik, men mange producenter tilbyder emballage- og forsendelsesl\u00f8sninger til 11,5 m ultralange aluminiumsprofiler.<br \/>\n<\/p><br \/>\n<br \/>\n<p><b>9. Forbedrer ultralange aluminiumsprofiler den strukturelle integritet? <\/b><\/p>\n<p> Ja, ved at bruge en enkelt ultralang profil reduceres forbindelsespunkterne, hvilket \u00f8ger stivheden, b\u00e6reevnen og den generelle strukturelle p\u00e5lidelighed.<br \/>\n<\/p><br \/>\n<br \/>\n<p><b>10. Hvilke legeringer bruges almindeligvis til 11,5 m aluminiumsprofiler? <\/b><\/p>\n<p> Almindelige legeringer omfatter 6061, 6063 og 6082, som giver fremragende styrke, svejsbarhed og bearbejdelighed til strukturelle anvendelser med lang sp\u00e6ndvidde.<br \/>\n<\/p><br \/><\/p>","protected":false},"featured_media":6177,"template":"","categories":[58],"class_list":["post-6178","product","type-product","status-publish","has-post-thumbnail","hentry","category-aluminium-extrusion-profiles"],"meta_box":{"hilight_text_group":{"product_hilight_text":"<li>Ultra-long 11.5m profiles reduce joint needs for large structures<\/li>\r\r\n<li>Mill finish offers a clean, ready-for-processing surface<\/li>\r\r\n<li>High straightness and dimensional stability for precision projects<\/li>\r\r\n<li>Ideal for curtain walls, transport, and industrial frameworks<\/li>\r\r\n<li>Supports custom alloy grades and cross-section designs<\/li>","product_chanpin_chanpin":"<li><a href=\"https:\/\/sinoextrud.com\/product\/aluminum-extrusion-gate-barrier-arm-aluminum-profile\/\" target=\"_blank\">Aluminum Extrusion Gate Barrier Arm Aluminum Profile<\/a><\/li>\r\n<li><a href=\"https:\/\/sinoextrud.com\/product\/aluminum-tube-framing\/\" target=\"_blank\">Aluminum Tube Framing<\/a><\/li>\r\n<li><a href=\"https:\/\/sinoextrud.com\/product\/aluminium-extrusion-wood-grain-outdoor-louver-aluminum-profile\/\" target=\"_blank\">Aluminium Extrusion Wood Grain Outdoor Louver Aluminum Profile<\/a><\/li>\r\n<li><a href=\"https:\/\/sinoextrud.com\/product\/aluminium-extrusion-caravan-awning-aluminum-profile\/\" target=\"_blank\">Aluminium Extrusion Caravan Awning Aluminum Profile<\/a><\/li>\r\n<li><a href=\"https:\/\/sinoextrud.com\/product\/aluminium-extrusion-11-5m-ultra-long-mill-finished-profiles\/\" target=\"_blank\">Aluminium Extrusion 11.5m Ultra-long Mill Finished Profiles<\/a><\/li>\r\n<li><a href=\"https:\/\/sinoextrud.com\/product\/aluminium-u-channel\/\" target=\"_blank\">Aluminium U Channel<\/a><\/li>\r\n<li><a href=\"https:\/\/sinoextrud.com\/product\/aluminum-profile-roller-blinds-rails\/\" target=\"_blank\">Aluminum Profile Roller Blinds Rails<\/a><\/li>\r\n<li><a href=\"https:\/\/sinoextrud.com\/product\/aluminum-extrusion-aluminum-cladding-profile-wood-look-grain-aluminum-panels\/\" target=\"_blank\">Aluminum Extrusion Aluminum Cladding Profile Wood Look Grain Aluminum Panels<\/a><\/li>\r\n<li><a href=\"https:\/\/sinoextrud.com\/product\/aluminum-extrusion-6005-big-size-industrial-aluminum-profile\/\" target=\"_blank\">Aluminum Extrusion 6005 Big Size Industrial Aluminum Profile<\/a><\/li>\r\n<li><a href=\"https:\/\/sinoextrud.com\/product\/anodised-aluminium\/\" target=\"_blank\">Anodised Aluminium<\/a><\/li>\r\n<li><a href=\"https:\/\/sinoextrud.com\/product\/aluminum-door-frame-profile\/\" target=\"_blank\">Aluminum Door Frame Profile<\/a><\/li>"},"feature_list":[]},"_links":{"self":[{"href":"https:\/\/sinoextrud.com\/da\/wp-json\/wp\/v2\/product\/6178","targetHints":{"allow":["GET"]}}],"collection":[{"href":"https:\/\/sinoextrud.com\/da\/wp-json\/wp\/v2\/product"}],"about":[{"href":"https:\/\/sinoextrud.com\/da\/wp-json\/wp\/v2\/types\/product"}],"wp:featuredmedia":[{"embeddable":true,"href":"https:\/\/sinoextrud.com\/da\/wp-json\/wp\/v2\/media\/6177"}],"wp:attachment":[{"href":"https:\/\/sinoextrud.com\/da\/wp-json\/wp\/v2\/media?parent=6178"}],"wp:term":[{"taxonomy":"category","embeddable":true,"href":"https:\/\/sinoextrud.com\/da\/wp-json\/wp\/v2\/categories?post=6178"}],"curies":[{"name":"wp","href":"https:\/\/api.w.org\/{rel}","templated":true}]}}