{"id":6174,"date":"2025-05-25T15:37:36","date_gmt":"2025-05-25T15:37:36","guid":{"rendered":"https:\/\/sinoextrud.com\/product\/aluminium-extrusion-wood-grain-outdoor-louver-aluminum-profile\/"},"modified":"2025-06-24T03:54:35","modified_gmt":"2025-06-24T03:54:35","slug":"aluminium-ekstrudering-trae-korn-udendors-louver-aluminium-profil","status":"publish","type":"product","link":"https:\/\/sinoextrud.com\/da\/product\/aluminium-extrusion-wood-grain-outdoor-louver-aluminum-profile\/","title":{"rendered":"Aluminiumsekstrudering Tr\u00e6korn Udend\u00f8rs Louver Aluminiumsprofil"},"content":{"rendered":"<h2>Detaljer om produkter<\/h2>\n<table class=\"custom-table\">\n<tr>\n<td class=\"label\">Produktets navn<\/td>\n<td>Aluminiumsekstrudering Tr\u00e6korn Udend\u00f8rs Louver Aluminiumsprofil<\/td>\n<\/tr>\n<tr>\n<td class=\"label\">Produktsortiment<\/td>\n<td>aluminiumsprofiler til udend\u00f8rs aluminiumslameller, aluminiumslameller, tilpassede udend\u00f8rs aluminiumslameller, udend\u00f8rs lameller med tr\u00e6korn, aluminiumsprofiler til skodder osv.<\/td>\n<\/tr>\n<tr>\n<td class=\"label\">Egnede systemer Typer<\/td>\n<td>aluminiumslegering aluminiumslukker, aluminiumsgitter, Aluminium Pergola Kina, udend\u00f8rs aluminiumslukker, aluminiumsgitterhegn, ametco gitterhegn, lamelltr\u00e6hegn, lamelltr\u00e6hegnpaneler osv.<\/td>\n<\/tr>\n<tr>\n<td class=\"label\">Aluminiumslegering<\/td>\n<td>5000-serien, 6000-serien, 7000-serien<\/td>\n<\/tr>\n<tr>\n<td class=\"label\">Temperament<\/td>\n<td>T5-T8<\/td>\n<\/tr>\n<tr>\n<td class=\"label\">Form<\/td>\n<td>Tilpasning<\/td>\n<\/tr>\n<tr>\n<td class=\"label\">Farve<\/td>\n<td>Tr\u00e6korn, pulverlakeret overf\u00f8rsel af tr\u00e6korn<\/td>\n<\/tr>\n<tr>\n<td class=\"label\">Overfladebehandling<\/td>\n<td>fr\u00e6set f\u00e6rdig, anodiseret, tr\u00e6korn, pulverlakering, sandbl\u00e6sning, elektroforese, b\u00f8rstet, polering osv.<\/td>\n<\/tr>\n<tr>\n<td class=\"label\">CNC-dybbearbejdning<\/td>\n<td>sk\u00e6ring, boring, bearbejdning, stansning, bukning, gevindsk\u00e6ring og s\u00e5 videre<\/td>\n<\/tr>\n<tr>\n<td class=\"label\">Certificeringer<\/td>\n<td>CE, ISO, SGS, TUV, ROHS<\/td>\n<\/tr>\n<tr>\n<td class=\"label\">Pr\u00f8ver<\/td>\n<td>Gratis pr\u00f8ve. 1-3 dage leveret til dig.<\/td>\n<\/tr>\n<tr>\n<td class=\"label\">MOQ<\/td>\n<td>200 kg for hver profil<\/td>\n<\/tr>\n<tr>\n<td class=\"label\">Leveringstid<\/td>\n<td>Formudvikling og pr\u00f8vekonformitet er 12-15 dage, derefter er produktionsvarigheden 15-25 dage efter modtagelse af depositum fra k\u00f8ber.<\/td>\n<\/tr>\n<tr>\n<td class=\"label\">Betalingsbetingelser<\/td>\n<td>30% depositum f\u00f8r produktion og balance f\u00f8r forsendelse.<\/td>\n<\/tr>\n<\/table>\n<h2>Vores produktionsbase<\/h2>\n<h3>Panorama over fabrikken<\/h3>\n<p><img decoding=\"async\" src=\"\/wp-content\/uploads\/factory-01.webp\"\/><\/p>\n<h3>V\u00e6rksted til fremstilling af aluminiumst\u00e6nger<\/h3>\n<p><img decoding=\"async\" src=\"\/wp-content\/uploads\/factory-02.webp\"\/><\/p>\n<p><img decoding=\"async\" src=\"\/wp-content\/uploads\/factory-03.webp\"\/><\/p>\n<h3>Lager til opbevaring af skimmelsvampe<\/h3>\n<p><img decoding=\"async\" src=\"\/wp-content\/uploads\/factory-04.webp\"\/><\/p>\n<h3>43 ekstruderingslinjer for aluminium (500-5500 ton)<\/h3>\n<p><img decoding=\"async\" src=\"\/wp-content\/uploads\/factory-05.webp\"\/><\/p>\n<p><img decoding=\"async\" src=\"\/wp-content\/uploads\/factory-06.webp\"\/><\/p>\n<p><img decoding=\"async\" src=\"\/wp-content\/uploads\/factory-07.webp\"\/><\/p>\n<h3>V\u00e6rksted for pulverlakering<\/h3>\n<p><img decoding=\"async\" src=\"\/wp-content\/uploads\/factory-09.webp\"\/><\/p>\n<h3>Anodiseringsv\u00e6rksted<\/h3>\n<p><img decoding=\"async\" src=\"\/wp-content\/uploads\/factory-10.webp\"\/><\/p>\n<h3>Workshop om dyb behandling<\/h3>\n<p><img decoding=\"async\" src=\"\/wp-content\/uploads\/factory-11.webp\"\/><\/p>\n<h3>V\u00e6rksted for CNC-pr\u00e6cisionsbearbejdning<\/h3>\n<p><img decoding=\"async\" src=\"\/wp-content\/uploads\/factory-11.5.webp\"\/><\/p>\n<h3>F\u00e6rdigvare- og eksportlager<\/h3>\n<p><img decoding=\"async\" src=\"\/wp-content\/uploads\/factory-12.webp\"\/><\/p>\n<p><img decoding=\"async\" src=\"\/wp-content\/uploads\/factory-13.webp\"\/><\/p>\n<p><img decoding=\"async\" src=\"\/wp-content\/uploads\/factory-14.webp\"\/><\/p>\n<h2>OFTE STILLEDE SP\u00d8RGSM\u00c5L<\/h2>\n<p><p><b>1. Hvad er en aluminiumsekstrudering tr\u00e6 korn udend\u00f8rs louver aluminiumsprofil? <\/b><\/p>\n<p> Det er en ekstruderet aluminiumsprofil med tr\u00e6strukturfinish, designet til udend\u00f8rs lamelsystemer, der kombinerer tr\u00e6ets udseende med aluminiumets holdbarhed.<br \/>\n<\/p><br \/>\n<br \/>\n<p><b>2. Hvad er fordelene ved lamelprofiler i aluminium med tr\u00e6struktur? <\/b><\/p>\n<p> Lamelprofiler i aluminium med tr\u00e6struktur giver vejrbestandighed, lav vedligeholdelse, \u00e6stetisk appel og langvarig ydeevne i udend\u00f8rs milj\u00f8er.<br \/>\n<\/p><br \/>\n<br \/>\n<p><b>3. Hvorfor v\u00e6lge aluminiumsprofiler med tr\u00e6korn til lameller? <\/b><\/p>\n<p> Ekstruderet aluminium med tr\u00e6strukturfinish giver det naturlige tr\u00e6udseende uden at vride sig, r\u00e5dne eller falme og sikrer overlegen strukturel integritet.<br \/>\n<\/p><br \/>\n<br \/>\n<p><b>4. Hvor bruges udend\u00f8rs aluminiumslameller med tr\u00e6korn? <\/b><\/p>\n<p> Disse profiler bruges ofte til facader, solafsk\u00e6rmning, pergolaer, hegn og afsk\u00e6rmning af privatlivets fred i b\u00e5de private og kommercielle udend\u00f8rs projekter.<br \/>\n<\/p><br \/>\n<br \/>\n<p><b>5. Er lamelprofiler i aluminium med tr\u00e6struktur vejrbestandige? <\/b><\/p>\n<p> Ja, aluminiumslameller med tr\u00e6struktur er meget modstandsdygtige over for UV-str\u00e5ler, regn, fugt og temperatur\u00e6ndringer, hvilket g\u00f8r dem perfekte til udend\u00f8rs brug.<br \/>\n<\/p><br \/>\n<br \/>\n<p><b>6. Kr\u00e6ver aluminiumsprofiler med tr\u00e6struktur vedligeholdelse? <\/b><\/p>\n<p> Nej, de er stort set vedligeholdelsesfrie og kr\u00e6ver kun lejlighedsvis reng\u00f8ring i mods\u00e6tning til \u00e6gte tr\u00e6, som skal forsegles eller males regelm\u00e6ssigt.<br \/>\n<\/p><br \/>\n<br \/>\n<p><b>7. Kan lameller af aluminiumsekstrudering tilpasses? <\/b><\/p>\n<p> De kan absolut tilpasses i form, st\u00f8rrelse, tr\u00e6struktur og farve for at opfylde specifikke arkitektoniske og designm\u00e6ssige krav.<br \/>\n<\/p><br \/>\n<br \/>\n<p><b>8. Er den tr\u00e6agtige finish p\u00e5 aluminiumslamellerne holdbar? <\/b><\/p>\n<p> Ja, tr\u00e6kornene p\u00e5f\u00f8res ved hj\u00e6lp af avancerede overfladebehandlingsteknikker som pulverlakering eller termisk overf\u00f8rsel, hvilket sikrer langvarig vedh\u00e6ftning og farvestabilitet.<br \/>\n<\/p><br \/>\n<br \/>\n<p><b>9. Er aluminiumslameller med tr\u00e6struktur milj\u00f8venlige? <\/b><\/p>\n<p> Ja, aluminium er genanvendeligt, og den tr\u00e6agtige finish reducerer behovet for skovrydning og er et b\u00e6redygtigt alternativ til naturligt tr\u00e6.<br \/>\n<\/p><br \/>\n<br \/>\n<p><b>10. Hvordan forbedrer aluminiumsprofiler med tr\u00e6korn bygningens \u00e6stetik? <\/b><\/p>\n<p> Disse lameller giver et varmt, naturligt tr\u00e6udseende, samtidig med at de rene linjer og den moderne appel fra pr\u00e6cisionsaluminiumprofiler bevares.<br \/>\n<\/p><br \/><\/p>","protected":false},"featured_media":6173,"template":"","categories":[58],"class_list":["post-6174","product","type-product","status-publish","has-post-thumbnail","hentry","category-aluminium-extrusion-profiles"],"meta_box":{"hilight_text_group":{"product_hilight_text":"<li>Realistic wood grain finish combines aesthetics with durability<\/li>\r\r\n<li>Weather-resistant and corrosion-proof for outdoor use<\/li>\r\r\n<li>Lightweight aluminum structure ensures easy installation<\/li>\r\r\n<li>Low maintenance compared to real wood materials<\/li>\r\r\n<li>Custom profiles and colors available for architectural design needs<\/li>","product_chanpin_chanpin":"<li><a href=\"https:\/\/sinoextrud.com\/product\/extruded-aluminum-heatsink\/\" target=\"_blank\">Extruded Aluminum Heatsink<\/a><\/li>\r\n<li><a href=\"https:\/\/sinoextrud.com\/product\/aluminium-light-box-profile\/\" target=\"_blank\">Aluminium Light Box Profile<\/a><\/li>\r\n<li><a href=\"https:\/\/sinoextrud.com\/product\/aluminum-extrusion-gate-barrier-arm-aluminum-profile\/\" target=\"_blank\">Aluminum Extrusion Gate Barrier Arm Aluminum Profile<\/a><\/li>\r\n<li><a href=\"https:\/\/sinoextrud.com\/product\/aluminum-tube-framing\/\" target=\"_blank\">Aluminum Tube Framing<\/a><\/li>\r\n<li><a href=\"https:\/\/sinoextrud.com\/product\/aluminium-extrusion-wood-grain-outdoor-louver-aluminum-profile\/\" target=\"_blank\">Aluminium Extrusion Wood Grain Outdoor Louver Aluminum Profile<\/a><\/li>\r\n<li><a href=\"https:\/\/sinoextrud.com\/product\/aluminium-extrusion-caravan-awning-aluminum-profile\/\" target=\"_blank\">Aluminium Extrusion Caravan Awning Aluminum Profile<\/a><\/li>\r\n<li><a href=\"https:\/\/sinoextrud.com\/product\/aluminium-extrusion-11-5m-ultra-long-mill-finished-profiles\/\" target=\"_blank\">Aluminium Extrusion 11.5m Ultra-long Mill Finished Profiles<\/a><\/li>\r\n<li><a href=\"https:\/\/sinoextrud.com\/product\/aluminium-u-channel\/\" target=\"_blank\">Aluminium U Channel<\/a><\/li>\r\n<li><a href=\"https:\/\/sinoextrud.com\/product\/aluminum-profile-roller-blinds-rails\/\" target=\"_blank\">Aluminum Profile Roller Blinds Rails<\/a><\/li>\r\n<li><a href=\"https:\/\/sinoextrud.com\/product\/aluminum-curtain-wall-extrusions\/\" target=\"_blank\">Aluminum Curtain Wall Extrusions<\/a><\/li>\r\n<li><a href=\"https:\/\/sinoextrud.com\/product\/t-slot-aluminium-profile-extrusion-bulk-selling-98-pure-aluminum-price\/\" target=\"_blank\">t-slot aluminium profile extrusion bulk selling 98% pure aluminum price<\/a><\/li>"},"feature_list":[]},"_links":{"self":[{"href":"https:\/\/sinoextrud.com\/da\/wp-json\/wp\/v2\/product\/6174","targetHints":{"allow":["GET"]}}],"collection":[{"href":"https:\/\/sinoextrud.com\/da\/wp-json\/wp\/v2\/product"}],"about":[{"href":"https:\/\/sinoextrud.com\/da\/wp-json\/wp\/v2\/types\/product"}],"wp:featuredmedia":[{"embeddable":true,"href":"https:\/\/sinoextrud.com\/da\/wp-json\/wp\/v2\/media\/6173"}],"wp:attachment":[{"href":"https:\/\/sinoextrud.com\/da\/wp-json\/wp\/v2\/media?parent=6174"}],"wp:term":[{"taxonomy":"category","embeddable":true,"href":"https:\/\/sinoextrud.com\/da\/wp-json\/wp\/v2\/categories?post=6174"}],"curies":[{"name":"wp","href":"https:\/\/api.w.org\/{rel}","templated":true}]}}