{"id":6170,"date":"2025-05-25T15:05:39","date_gmt":"2025-05-25T15:05:39","guid":{"rendered":"https:\/\/sinoextrud.com\/product\/aluminum-extrusion-gate-barrier-arm-aluminum-profile\/"},"modified":"2025-06-24T03:54:32","modified_gmt":"2025-06-24T03:54:32","slug":"aluminiumsekstrudering-gate-barrierearm-aluminiumsprofil","status":"publish","type":"product","link":"https:\/\/sinoextrud.com\/da\/product\/aluminum-extrusion-gate-barrier-arm-aluminum-profile\/","title":{"rendered":"Aluminiumsekstrudering Gate Barrier Arm Aluminiumsprofil"},"content":{"rendered":"<h2>Detaljer om produkter<\/h2>\n<table class=\"custom-table\">\n<tr>\n<td class=\"label\">Produktets navn<\/td>\n<td>Aluminiumsekstrudering Gate Barrier Arm Aluminiumsprofil<\/td>\n<\/tr>\n<tr>\n<td class=\"label\">Produktsortiment<\/td>\n<td>aluminiumsekstrudering til aluminiumsbarrierearmprofil, aluminiumsr\u00f8r, aluminiumsstang osv.<\/td>\n<\/tr>\n<tr>\n<td class=\"label\">Form<\/td>\n<td>S\u00f8jle, rund eller tilpasning<\/td>\n<\/tr>\n<tr>\n<td class=\"label\">St\u00f8rrelse<\/td>\n<td>Tilpasning<\/td>\n<\/tr>\n<tr>\n<td class=\"label\">Anvendelse<\/td>\n<td>Sikkerhedsporte og -barrierer, parkeringskontrolsystemer, betalingsanl\u00e6g og adgangskontrolsystemer til motorveje, ind- og udgange til fabrikker, gr\u00e6nsekontrolsteder<\/td>\n<\/tr>\n<tr>\n<td class=\"label\">Overfladebehandling<\/td>\n<td>fr\u00e6set f\u00e6rdig, anodiseret, tr\u00e6korn, power coating, sandbl\u00e6sning, elektroforese, b\u00f8rstet, polering osv.<\/td>\n<\/tr>\n<tr>\n<td class=\"label\">CNC-dybbearbejdning<\/td>\n<td>sk\u00e6ring, boring, bearbejdning, stansning, bukning, gevindsk\u00e6ring osv.<\/td>\n<\/tr>\n<tr>\n<td class=\"label\">Certificeringer<\/td>\n<td>CE, ISO, SGS, TUV, ROHS<\/td>\n<\/tr>\n<tr>\n<td class=\"label\">Pr\u00f8ver<\/td>\n<td>gratis pr\u00f8ve.<\/td>\n<\/tr>\n<tr>\n<td class=\"label\">MOQ<\/td>\n<td>200 kg for hver profil<\/td>\n<\/tr>\n<tr>\n<td class=\"label\">Leveringstid<\/td>\n<td>Formudvikling og pr\u00f8vekonformitet er 12-15 dage, derefter er produktionsvarigheden 15-25 dage efter modtagelse af depositum fra k\u00f8ber.<\/td>\n<\/tr>\n<tr>\n<td class=\"label\">Betalingsbetingelser<\/td>\n<td>30% depositum f\u00f8r produktion og balance f\u00f8r forsendelse.<\/td>\n<\/tr>\n<\/table>\n<h2>Vores produktionsbase<\/h2>\n<h3>Panorama over fabrikken<\/h3>\n<p><img decoding=\"async\" src=\"\/wp-content\/uploads\/factory-01.webp\"\/><\/p>\n<h3>V\u00e6rksted til fremstilling af aluminiumst\u00e6nger<\/h3>\n<p><img decoding=\"async\" src=\"\/wp-content\/uploads\/factory-02.webp\"\/><\/p>\n<p><img decoding=\"async\" src=\"\/wp-content\/uploads\/factory-03.webp\"\/><\/p>\n<h3>Lager til opbevaring af skimmelsvampe<\/h3>\n<p><img decoding=\"async\" src=\"\/wp-content\/uploads\/factory-04.webp\"\/><\/p>\n<h3>43 ekstruderingslinjer for aluminium (500-5500 ton)<\/h3>\n<p><img decoding=\"async\" src=\"\/wp-content\/uploads\/factory-05.webp\"\/><\/p>\n<p><img decoding=\"async\" src=\"\/wp-content\/uploads\/factory-06.webp\"\/><\/p>\n<p><img decoding=\"async\" src=\"\/wp-content\/uploads\/factory-07.webp\"\/><\/p>\n<h3>V\u00e6rksted for pulverlakering<\/h3>\n<p><img decoding=\"async\" src=\"\/wp-content\/uploads\/factory-09.webp\"\/><\/p>\n<h3>Anodiseringsv\u00e6rksted<\/h3>\n<p><img decoding=\"async\" src=\"\/wp-content\/uploads\/factory-10.webp\"\/><\/p>\n<h3>Workshop om dyb behandling<\/h3>\n<p><img decoding=\"async\" src=\"\/wp-content\/uploads\/factory-11.webp\"\/><\/p>\n<h3>V\u00e6rksted for CNC-pr\u00e6cisionsbearbejdning<\/h3>\n<p><img decoding=\"async\" src=\"\/wp-content\/uploads\/factory-11.5.webp\"\/><\/p>\n<h3>F\u00e6rdigvare- og eksportlager<\/h3>\n<p><img decoding=\"async\" src=\"\/wp-content\/uploads\/factory-12.webp\"\/><\/p>\n<p><img decoding=\"async\" src=\"\/wp-content\/uploads\/factory-13.webp\"\/><\/p>\n<p><img decoding=\"async\" src=\"\/wp-content\/uploads\/factory-14.webp\"\/><\/p>\n<h2>OFTE STILLEDE SP\u00d8RGSM\u00c5L<\/h2>\n<p><p><b>1. Hvad er en aluminiumsprofil til ekstrudering af gate-barrierearm? <\/b><\/p>\n<p> En portbarriereprofil af aluminiumsekstrudering er en specialdesignet aluminiumskomponent, der bruges i automatiske portsystemer til at fungere som den arm, der kontrollerer k\u00f8ret\u00f8jets adgang.<br \/>\n<\/p><br \/>\n<br \/>\n<p><b>2. Hvad er fordelene ved at bruge aluminiumsprofiler til portbarrierearme? <\/b><\/p>\n<p> Armprofiler til portbarrierer i aluminium giver letv\u00e6gtsstyrke, korrosionsbestandighed, holdbarhed og nem installation til effektive trafikkontrolsystemer.<br \/>\n<\/p><br \/>\n<br \/>\n<p><b>3. Hvorfor v\u00e6lge aluminiumsekstrudering til portbarrierearme? <\/b><\/p>\n<p> Ekstrudering af aluminium giver mulighed for pr\u00e6cis formgivning, et h\u00f8jt styrke\/v\u00e6gt-forhold og modstandsdygtighed over for vejrlig, hvilket g\u00f8r det ideelt til portbarrierearme, der bruges udend\u00f8rs.<br \/>\n<\/p><br \/>\n<br \/>\n<p><b>4. Hvor bruges gate-barrierearme af aluminiumsekstrudering ofte? <\/b><\/p>\n<p> Disse profiler bruges i vid udstr\u00e6kning i parkeringssystemer, betalingsanl\u00e6g, sikkerhedsporte og industrielle adgangskontrolsystemer til p\u00e5lidelig styring af k\u00f8ret\u00f8jer.<br \/>\n<\/p><br \/>\n<br \/>\n<p><b>5. Er aluminiumsprofiler til portbarrierearme vejrbestandige? <\/b><\/p>\n<p> Ja, aluminiumsprofiler til portbarrierearme er naturligt korrosionsbestandige og kan anodiseres eller pulverlakeres for at forbedre ydeevnen udend\u00f8rs.<br \/>\n<\/p><br \/>\n<br \/>\n<p><b>6. kan barriereprofiler i aluminium tilpasses? <\/b><\/p>\n<p> Absolut, portbarrierearm-profiler af aluminiumsekstrudering kan tilpasses i l\u00e6ngde, tv\u00e6rsnit, farve og integration af refleksstriber for sikkerhed og synlighed.<br \/>\n<\/p><br \/>\n<br \/>\n<p><b>7. Hvor holdbare er gate-barrierearme af aluminiumsekstrudering? <\/b><\/p>\n<p> Portbarrierearme af aluminium er meget holdbare og kan modst\u00e5 gentagne bev\u00e6gelser, milj\u00f8belastning og mekanisk p\u00e5virkning i omr\u00e5der med meget trafik.<br \/>\n<\/p><br \/>\n<br \/>\n<p><b>8. Er aluminiumsprofiler til portbarrierer lette? <\/b><\/p>\n<p> Ja, aluminiumsprofiler er betydeligt lettere end st\u00e5l, hvilket reducerer belastningen p\u00e5 motoren og muligg\u00f8r hurtigere og mere j\u00e6vn bev\u00e6gelse af portarmen.<br \/>\n<\/p><br \/>\n<br \/>\n<p><b>9. Underst\u00f8tter aluminiumsbarrierearme h\u00f8jhastighedsdrift? <\/b><\/p>\n<p> Ja, aluminiumsprofilernes lette v\u00e6gt og stivhed g\u00f8r dem ideelle til hurtigvirkende automatiske portbarrieresystemer.<br \/>\n<\/p><br \/>\n<br \/>\n<p><b>10. Hvilke overflader er tilg\u00e6ngelige for portbarrierearme af aluminiumsekstrudering? <\/b><\/p>\n<p> Portbarrierearme af aluminium kan f\u00e6rdigg\u00f8res med anodisering, pulverlakering eller reflekterende tape for at forbedre holdbarhed, udseende og synlighed.<br \/>\n<\/p><br \/><\/p>","protected":false},"featured_media":6169,"template":"","categories":[58],"class_list":["post-6170","product","type-product","status-publish","has-post-thumbnail","hentry","category-aluminium-extrusion-profiles"],"meta_box":{"hilight_text_group":{"product_hilight_text":"<li>High-strength aluminum ensures durability and impact resistance<\/li>\r\r\n<li>Lightweight design for smooth and efficient gate operation<\/li>\r\r\n<li>Corrosion-resistant coating suitable for outdoor environments<\/li>\r\r\n<li>Customizable length and profile for different barrier systems<\/li>\r\r\n<li>Supports reflective strips or LED integration for visibility<\/li>","product_chanpin_chanpin":"<li><a href=\"https:\/\/sinoextrud.com\/product\/anodized-small-aluminum-extrusions\/\" target=\"_blank\">Anodized Small Aluminum Extrusions<\/a><\/li>\r\n<li><a href=\"https:\/\/sinoextrud.com\/product\/t-slot-aluminium-extrusion-profile\/\" target=\"_blank\">T Slot Aluminium Extrusion Profile<\/a><\/li>\r\n<li><a href=\"https:\/\/sinoextrud.com\/product\/extruded-aluminum-heatsink\/\" target=\"_blank\">Extruded Aluminum Heatsink<\/a><\/li>\r\n<li><a href=\"https:\/\/sinoextrud.com\/product\/aluminium-light-box-profile\/\" target=\"_blank\">Aluminium Light Box Profile<\/a><\/li>\r\n<li><a href=\"https:\/\/sinoextrud.com\/product\/aluminum-extrusion-gate-barrier-arm-aluminum-profile\/\" target=\"_blank\">Aluminum Extrusion Gate Barrier Arm Aluminum Profile<\/a><\/li>\r\n<li><a href=\"https:\/\/sinoextrud.com\/product\/aluminum-tube-framing\/\" target=\"_blank\">Aluminum Tube Framing<\/a><\/li>\r\n<li><a href=\"https:\/\/sinoextrud.com\/product\/aluminium-extrusion-wood-grain-outdoor-louver-aluminum-profile\/\" target=\"_blank\">Aluminium Extrusion Wood Grain Outdoor Louver Aluminum Profile<\/a><\/li>\r\n<li><a href=\"https:\/\/sinoextrud.com\/product\/aluminium-extrusion-caravan-awning-aluminum-profile\/\" target=\"_blank\">Aluminium Extrusion Caravan Awning Aluminum Profile<\/a><\/li>\r\n<li><a href=\"https:\/\/sinoextrud.com\/product\/aluminium-extrusion-11-5m-ultra-long-mill-finished-profiles\/\" target=\"_blank\">Aluminium Extrusion 11.5m Ultra-long Mill Finished Profiles<\/a><\/li>\r\n<li><a href=\"https:\/\/sinoextrud.com\/product\/oval-aluminum-tube\/\" target=\"_blank\">Oval Aluminum Tube<\/a><\/li>\r\n<li><a href=\"https:\/\/sinoextrud.com\/product\/t-slot-aluminum-extursion\/\" target=\"_blank\">T-slot Aluminum Extursion<\/a><\/li>"},"feature_list":[]},"_links":{"self":[{"href":"https:\/\/sinoextrud.com\/da\/wp-json\/wp\/v2\/product\/6170","targetHints":{"allow":["GET"]}}],"collection":[{"href":"https:\/\/sinoextrud.com\/da\/wp-json\/wp\/v2\/product"}],"about":[{"href":"https:\/\/sinoextrud.com\/da\/wp-json\/wp\/v2\/types\/product"}],"wp:featuredmedia":[{"embeddable":true,"href":"https:\/\/sinoextrud.com\/da\/wp-json\/wp\/v2\/media\/6169"}],"wp:attachment":[{"href":"https:\/\/sinoextrud.com\/da\/wp-json\/wp\/v2\/media?parent=6170"}],"wp:term":[{"taxonomy":"category","embeddable":true,"href":"https:\/\/sinoextrud.com\/da\/wp-json\/wp\/v2\/categories?post=6170"}],"curies":[{"name":"wp","href":"https:\/\/api.w.org\/{rel}","templated":true}]}}