{"id":6168,"date":"2025-05-25T15:00:46","date_gmt":"2025-05-25T15:00:46","guid":{"rendered":"https:\/\/sinoextrud.com\/product\/aluminium-light-box-profile\/"},"modified":"2025-06-24T03:54:30","modified_gmt":"2025-06-24T03:54:30","slug":"lyskasseprofil-i-aluminium","status":"publish","type":"product","link":"https:\/\/sinoextrud.com\/da\/product\/aluminium-light-box-profile\/","title":{"rendered":"Lysboks-profil i aluminium"},"content":{"rendered":"<h2>Detaljer om produkter<\/h2>\n<table class=\"custom-table\">\n<tr>\n<td class=\"label\">Produktets navn<\/td>\n<td>lyskasseprofil i aluminium<\/td>\n<\/tr>\n<tr>\n<td class=\"label\">Produktsortiment<\/td>\n<td>aluminiumsprofiler til rammealuminiumsprofil til lyskasse, aluminiumsprofil til reklamelyskasser, lyskasserammealuminiumsprofil til lyskasse, slank lyskassealuminiumsprofil, aluminiumsprofil til lyskassev\u00e6g, profilaluminiumlyskasse, fotorammealuminiumsprofil til lyskasse, 8 cm aluminiumsprofil til udend\u00f8rs lyskasse osv.<\/td>\n<\/tr>\n<tr>\n<td class=\"label\">Aluminiumslegering<\/td>\n<td>1000-serien, 200-serien, 3000-serien, 5000-serien, 6000-serien, 7000-serien<\/td>\n<\/tr>\n<tr>\n<td class=\"label\">Temperament<\/td>\n<td>T3-T8<\/td>\n<\/tr>\n<tr>\n<td class=\"label\">Form<\/td>\n<td>Tilpasning<\/td>\n<\/tr>\n<tr>\n<td class=\"label\">Farve<\/td>\n<td>Tilpasning<\/td>\n<\/tr>\n<tr>\n<td class=\"label\">Overfladebehandling<\/td>\n<td>fr\u00e6set f\u00e6rdig, anodiseret, tr\u00e6korn, power coating, sandbl\u00e6sning, elektroforese, b\u00f8rstet, polering osv.<\/td>\n<\/tr>\n<tr>\n<td class=\"label\">CNC-dybbearbejdning<\/td>\n<td>sk\u00e6ring, boring, bearbejdning, stansning, bukning, gevindsk\u00e6ring og s\u00e5 videre<\/td>\n<\/tr>\n<tr>\n<td class=\"label\">Certificeringer<\/td>\n<td>CE, ISO, SGS, TUV, ROHS<\/td>\n<\/tr>\n<tr>\n<td class=\"label\">Pr\u00f8ver<\/td>\n<td>Gratis pr\u00f8ve. 1-3 dage leveret til dig.<\/td>\n<\/tr>\n<tr>\n<td class=\"label\">MOQ<\/td>\n<td>200 kg for hver profil<\/td>\n<\/tr>\n<tr>\n<td class=\"label\">Leveringstid<\/td>\n<td>Formudvikling og pr\u00f8vekonformitet er 12-15 dage, derefter er produktionsvarigheden 15-25 dage efter modtagelse af depositum fra k\u00f8ber.<\/td>\n<\/tr>\n<tr>\n<td class=\"label\">Betalingsbetingelser<\/td>\n<td>30% depositum f\u00f8r produktion og balance f\u00f8r forsendelse.<\/td>\n<\/tr>\n<\/table>\n<h2>Vores produktionsbase<\/h2>\n<h3>Panorama over fabrikken<\/h3>\n<p><img decoding=\"async\" src=\"\/wp-content\/uploads\/factory-01.webp\"\/><\/p>\n<h3>V\u00e6rksted til fremstilling af aluminiumst\u00e6nger<\/h3>\n<p><img decoding=\"async\" src=\"\/wp-content\/uploads\/factory-02.webp\"\/><\/p>\n<p><img decoding=\"async\" src=\"\/wp-content\/uploads\/factory-03.webp\"\/><\/p>\n<h3>Lager til opbevaring af skimmelsvampe<\/h3>\n<p><img decoding=\"async\" src=\"\/wp-content\/uploads\/factory-04.webp\"\/><\/p>\n<h3>43 ekstruderingslinjer for aluminium (500-5500 ton)<\/h3>\n<p><img decoding=\"async\" src=\"\/wp-content\/uploads\/factory-05.webp\"\/><\/p>\n<p><img decoding=\"async\" src=\"\/wp-content\/uploads\/factory-06.webp\"\/><\/p>\n<p><img decoding=\"async\" src=\"\/wp-content\/uploads\/factory-07.webp\"\/><\/p>\n<h3>V\u00e6rksted for pulverlakering<\/h3>\n<p><img decoding=\"async\" src=\"\/wp-content\/uploads\/factory-09.webp\"\/><\/p>\n<h3>Anodiseringsv\u00e6rksted<\/h3>\n<p><img decoding=\"async\" src=\"\/wp-content\/uploads\/factory-10.webp\"\/><\/p>\n<h3>Workshop om dyb behandling<\/h3>\n<p><img decoding=\"async\" src=\"\/wp-content\/uploads\/factory-11.webp\"\/><\/p>\n<h3>V\u00e6rksted for CNC-pr\u00e6cisionsbearbejdning<\/h3>\n<p><img decoding=\"async\" src=\"\/wp-content\/uploads\/factory-11.5.webp\"\/><\/p>\n<h3>F\u00e6rdigvare- og eksportlager<\/h3>\n<p><img decoding=\"async\" src=\"\/wp-content\/uploads\/factory-12.webp\"\/><\/p>\n<p><img decoding=\"async\" src=\"\/wp-content\/uploads\/factory-13.webp\"\/><\/p>\n<p><img decoding=\"async\" src=\"\/wp-content\/uploads\/factory-14.webp\"\/><\/p>\n<h2>OFTE STILLEDE SP\u00d8RGSM\u00c5L<\/h2>\n<p><p><b>1. Hvad er en lyskasseprofil i aluminium? <\/b><\/p>\n<p> En lyskasseprofil i aluminium er en strukturel aluminiumsramme, der bruges til at bygge oplyste skilte eller displaybokse, som underst\u00f8tter LED-lys og grafiske paneler.<br \/>\n<\/p><br \/>\n<br \/>\n<p><b>2. Hvad er fordelene ved lyskasseprofiler i aluminium? <\/b><\/p>\n<p> Lyskasseprofiler i aluminium giver letv\u00e6gtsholdbarhed, korrosionsbestandighed, moderne \u00e6stetik og nem integration med LED-belysningssystemer.<br \/>\n<\/p><br \/>\n<br \/>\n<p><b>3. Hvorfor v\u00e6lge aluminium til lysboksrammer? <\/b><\/p>\n<p> Aluminium er ideelt til rammer til lyskasser p\u00e5 grund af forholdet mellem styrke og v\u00e6gt, modstandsdygtigheden over for rust og evnen til at blive ekstruderet pr\u00e6cist og tilpasset.<br \/>\n<\/p><br \/>\n<br \/>\n<p><b>4. Hvor bruges lyskasseprofiler i aluminium ofte? <\/b><\/p>\n<p> Lysboksprofiler i aluminium bruges i vid udstr\u00e6kning i detailudstillinger, reklameskilte, udstillinger, lufthavne og indend\u00f8rs og udend\u00f8rs branding-systemer.<br \/>\n<\/p><br \/>\n<br \/>\n<p><b>5. Er lyskasseprofiler i aluminium egnede til udend\u00f8rs brug? <\/b><\/p>\n<p> Ja, anodiserede eller pulverlakerede lyskasseprofiler i aluminium er vejrbestandige og egnede til langvarig brug i udend\u00f8rs milj\u00f8er.<br \/>\n<\/p><br \/>\n<br \/>\n<p><b>6. Kan aluminiumslyskasseprofiler tilpasses? <\/b><\/p>\n<p> Lyskasseprofiler i aluminium kan skr\u00e6ddersys i st\u00f8rrelse, dybde, farve og monteringsstil, s\u00e5 de passer til specifikke behov for skiltning og belysning.<br \/>\n<\/p><br \/>\n<br \/>\n<p><b>7. Forbedrer lyskasseprofiler i aluminium lysets ydeevne? <\/b><\/p>\n<p> Ja, lysboksprofiler i aluminium hj\u00e6lper med at fordele LED-belysningen j\u00e6vnt og underst\u00f8tter varmestyring, hvilket resulterer i en klar og ensartet belysning.<br \/>\n<\/p><br \/>\n<br \/>\n<p><b>8. Er lyskasseprofiler i aluminium nemme at montere? <\/b><\/p>\n<p> Ja, lyskasseprofiler i aluminium er designet til hurtig montering ved hj\u00e6lp af hj\u00f8rnesamlinger, beslag og v\u00e6rkt\u00f8jsfrie systemer til effektiv installation.<br \/>\n<\/p><br \/>\n<br \/>\n<p><b>9. Hvilke overflader er tilg\u00e6ngelige for aluminiumslyskasseprofiler? <\/b><\/p>\n<p> Lyskasseprofiler i aluminium f\u00e5s i anodiseret, pulverlakeret, b\u00f8rstet eller specialfarvet finish, s\u00e5 de passer til forskellige brandingkrav.<br \/>\n<\/p><br \/>\n<br \/>\n<p><b>10. Hvordan underst\u00f8tter lyskasseprofiler i aluminium den visuelle effekt? <\/b><\/p>\n<p> Lyskasseprofiler i aluminium skaber slanke, rammel\u00f8se eller indrammede designs, der forbedrer synligheden og det professionelle udseende af baggrundsbelyste eller kantbelyste displays.<br \/>\n<\/p><br \/><\/p>","protected":false},"featured_media":6167,"template":"","categories":[58],"class_list":["post-6168","product","type-product","status-publish","has-post-thumbnail","hentry","category-aluminium-extrusion-profiles"],"meta_box":{"hilight_text_group":{"product_hilight_text":"<li>Lightweight and durable for easy installation and long-term use<\/li>\r\r\n<li>Provides sleek framing for professional light box displays<\/li>\r\r\n<li>Supports various lighting types including LED strips<\/li>\r\r\n<li>Custom sizes and finishes available for branding needs<\/li>\r\r\n<li>Corrosion-resistant surface suitable for indoor and outdoor use<\/li>","product_chanpin_chanpin":"<li><a href=\"https:\/\/sinoextrud.com\/product\/led-plant-growth-light-aluminum-profile\/\" target=\"_blank\">Led Plant Growth Light Aluminum Profile<\/a><\/li>\r\n<li><a href=\"https:\/\/sinoextrud.com\/product\/anodized-small-aluminum-extrusions\/\" target=\"_blank\">Anodized Small Aluminum Extrusions<\/a><\/li>\r\n<li><a href=\"https:\/\/sinoextrud.com\/product\/t-slot-aluminium-extrusion-profile\/\" target=\"_blank\">T Slot Aluminium Extrusion Profile<\/a><\/li>\r\n<li><a href=\"https:\/\/sinoextrud.com\/product\/extruded-aluminum-heatsink\/\" target=\"_blank\">Extruded Aluminum Heatsink<\/a><\/li>\r\n<li><a href=\"https:\/\/sinoextrud.com\/product\/aluminium-light-box-profile\/\" target=\"_blank\">Aluminium Light Box Profile<\/a><\/li>\r\n<li><a href=\"https:\/\/sinoextrud.com\/product\/aluminum-extrusion-gate-barrier-arm-aluminum-profile\/\" target=\"_blank\">Aluminum Extrusion Gate Barrier Arm Aluminum Profile<\/a><\/li>\r\n<li><a href=\"https:\/\/sinoextrud.com\/product\/aluminum-tube-framing\/\" target=\"_blank\">Aluminum Tube Framing<\/a><\/li>\r\n<li><a href=\"https:\/\/sinoextrud.com\/product\/aluminium-extrusion-wood-grain-outdoor-louver-aluminum-profile\/\" target=\"_blank\">Aluminium Extrusion Wood Grain Outdoor Louver Aluminum Profile<\/a><\/li>\r\n<li><a href=\"https:\/\/sinoextrud.com\/product\/aluminium-extrusion-caravan-awning-aluminum-profile\/\" target=\"_blank\">Aluminium Extrusion Caravan Awning Aluminum Profile<\/a><\/li>\r\n<li><a href=\"https:\/\/sinoextrud.com\/product\/slotted-aluminum-extrusion\/\" target=\"_blank\">Slotted Aluminum Extrusion<\/a><\/li>\r\n<li><a href=\"https:\/\/sinoextrud.com\/product\/cnc-anodized-6063-curved-aluminum-extrusions\/\" target=\"_blank\">CNC Anodized 6063 Curved Aluminum Extrusions<\/a><\/li>"},"feature_list":[]},"_links":{"self":[{"href":"https:\/\/sinoextrud.com\/da\/wp-json\/wp\/v2\/product\/6168","targetHints":{"allow":["GET"]}}],"collection":[{"href":"https:\/\/sinoextrud.com\/da\/wp-json\/wp\/v2\/product"}],"about":[{"href":"https:\/\/sinoextrud.com\/da\/wp-json\/wp\/v2\/types\/product"}],"wp:featuredmedia":[{"embeddable":true,"href":"https:\/\/sinoextrud.com\/da\/wp-json\/wp\/v2\/media\/6167"}],"wp:attachment":[{"href":"https:\/\/sinoextrud.com\/da\/wp-json\/wp\/v2\/media?parent=6168"}],"wp:term":[{"taxonomy":"category","embeddable":true,"href":"https:\/\/sinoextrud.com\/da\/wp-json\/wp\/v2\/categories?post=6168"}],"curies":[{"name":"wp","href":"https:\/\/api.w.org\/{rel}","templated":true}]}}