{"id":6166,"date":"2025-05-25T14:57:38","date_gmt":"2025-05-25T14:57:38","guid":{"rendered":"https:\/\/sinoextrud.com\/product\/extruded-aluminum-heatsink\/"},"modified":"2025-06-24T03:54:28","modified_gmt":"2025-06-24T03:54:28","slug":"kolelegeme-af-ekstruderet-aluminium","status":"publish","type":"product","link":"https:\/\/sinoextrud.com\/da\/product\/extruded-aluminum-heatsink\/","title":{"rendered":"K\u00f8lelegeme af ekstruderet aluminium"},"content":{"rendered":"<h2>Detaljer om produkter<\/h2>\n<table class=\"custom-table\">\n<tr>\n<td class=\"label\">Produktets navn<\/td>\n<td>K\u00f8lelegeme af ekstruderet aluminium<\/td>\n<\/tr>\n<tr>\n<td class=\"label\">Produktsortiment<\/td>\n<td>aluminiumsprofiler til radiatoraluminium, solsikkealuminiumsprofil, aluminiumsvarmeradiator, aluminiumsradiatorr\u00f8r, aluminiumsradiatorvarmer, aluminiumsradiatorkerne, brugerdefineret aluminiumsradiator osv.<\/td>\n<\/tr>\n<tr>\n<td class=\"label\">Egnede systemer Typer<\/td>\n<td>aluminiumsk\u00f8leprofil, rund k\u00f8lelegeme, k\u00f8lelegeme 40 mm, stort k\u00f8lelegeme, bilk\u00f8ler i aluminium, radiatorvarmesystem, varme- og k\u00f8lesystem osv.<\/td>\n<\/tr>\n<tr>\n<td class=\"label\">Anvendelse<\/td>\n<td>maskiner, biler, batterier, vindkraft, byggemaskiner, luftkompressorer, jernbanelokomotiver, husholdning osv.<\/td>\n<\/tr>\n<tr>\n<td class=\"label\">Aluminium-serien<\/td>\n<td>6000-serien<\/td>\n<\/tr>\n<tr>\n<td class=\"label\">Temperament<\/td>\n<td>T3-T8<\/td>\n<\/tr>\n<tr>\n<td class=\"label\">Form<\/td>\n<td>Rund, firkantet, solsikke eller tilpasning<\/td>\n<\/tr>\n<tr>\n<td class=\"label\">Farve<\/td>\n<td>Tilpasning<\/td>\n<\/tr>\n<tr>\n<td class=\"label\">Overfladebehandling<\/td>\n<td>fr\u00e6set f\u00e6rdig, anodiseret, tr\u00e6korn, power coating, sandbl\u00e6sning, elektroforese, b\u00f8rstet, polering osv.<\/td>\n<\/tr>\n<tr>\n<td class=\"label\">CNC-dybbearbejdning<\/td>\n<td>sk\u00e6ring, boring, bearbejdning, stansning, bukning, gevindsk\u00e6ring og s\u00e5 videre<\/td>\n<\/tr>\n<tr>\n<td class=\"label\">Certificeringer<\/td>\n<td>CE, ISO, SGS, TUV, ROHS<\/td>\n<\/tr>\n<tr>\n<td class=\"label\">Pr\u00f8ver<\/td>\n<td>Gratis pr\u00f8ve. 1-3 dage leveret til dig.<\/td>\n<\/tr>\n<tr>\n<td class=\"label\">MOQ<\/td>\n<td>200 kg for hver profil<\/td>\n<\/tr>\n<tr>\n<td class=\"label\">Leveringstid<\/td>\n<td>Formudvikling og pr\u00f8vekonformitet er 12-15 dage, derefter er produktionsvarigheden 15-25 dage efter modtagelse af depositum fra k\u00f8ber.<\/td>\n<\/tr>\n<tr>\n<td class=\"label\">Betalingsbetingelser<\/td>\n<td>30% depositum f\u00f8r produktion og balance f\u00f8r forsendelse.<\/td>\n<\/tr>\n<tr>\n<td class=\"label\">Forsendelse<\/td>\n<td>Med 20GP, 40GP, 40HQ container eller bulkskib<\/td>\n<\/tr>\n<\/table>\n<h2>Vores produktionsbase<\/h2>\n<h3>Panorama over fabrikken<\/h3>\n<p><img decoding=\"async\" src=\"\/wp-content\/uploads\/factory-01.webp\"\/><\/p>\n<h3>V\u00e6rksted til fremstilling af aluminiumst\u00e6nger<\/h3>\n<p><img decoding=\"async\" src=\"\/wp-content\/uploads\/factory-02.webp\"\/><\/p>\n<p><img decoding=\"async\" src=\"\/wp-content\/uploads\/factory-03.webp\"\/><\/p>\n<h3>Lager til opbevaring af skimmelsvampe<\/h3>\n<p><img decoding=\"async\" src=\"\/wp-content\/uploads\/factory-04.webp\"\/><\/p>\n<h3>43 ekstruderingslinjer for aluminium (500-5500 ton)<\/h3>\n<p><img decoding=\"async\" src=\"\/wp-content\/uploads\/factory-05.webp\"\/><\/p>\n<p><img decoding=\"async\" src=\"\/wp-content\/uploads\/factory-06.webp\"\/><\/p>\n<p><img decoding=\"async\" src=\"\/wp-content\/uploads\/factory-07.webp\"\/><\/p>\n<h3>V\u00e6rksted for pulverlakering<\/h3>\n<p><img decoding=\"async\" src=\"\/wp-content\/uploads\/factory-09.webp\"\/><\/p>\n<h3>Anodiseringsv\u00e6rksted<\/h3>\n<p><img decoding=\"async\" src=\"\/wp-content\/uploads\/factory-10.webp\"\/><\/p>\n<h3>Workshop om dyb behandling<\/h3>\n<p><img decoding=\"async\" src=\"\/wp-content\/uploads\/factory-11.webp\"\/><\/p>\n<h3>V\u00e6rksted for CNC-pr\u00e6cisionsbearbejdning<\/h3>\n<p><img decoding=\"async\" src=\"\/wp-content\/uploads\/factory-11.5.webp\"\/><\/p>\n<h3>F\u00e6rdigvare- og eksportlager<\/h3>\n<p><img decoding=\"async\" src=\"\/wp-content\/uploads\/factory-12.webp\"\/><\/p>\n<p><img decoding=\"async\" src=\"\/wp-content\/uploads\/factory-13.webp\"\/><\/p>\n<p><img decoding=\"async\" src=\"\/wp-content\/uploads\/factory-14.webp\"\/><\/p>\n<h2>OFTE STILLEDE SP\u00d8RGSM\u00c5L<\/h2>\n<p><p><b>1. Hvad er en k\u00f8lelegeme af ekstruderet aluminium? <\/b><\/p>\n<p> En k\u00f8lelegeme af ekstruderet aluminium er en varmestyringskomponent, der fremstilles ved at skubbe aluminium gennem en matrice for at skabe en profil med finner, der afleder varme fra elektroniske enheder.<br \/>\n<\/p><br \/>\n<br \/>\n<p><b>2. Hvad er fordelene ved at bruge k\u00f8lelegemer af ekstruderet aluminium? <\/b><\/p>\n<p> K\u00f8lelegemer af ekstruderet aluminium giver fremragende varmeledningsevne, letv\u00e6gtsstyrke, korrosionsbestandighed og omkostningseffektiv varmeafledning.<br \/>\n<\/p><br \/>\n<br \/>\n<p><b>3. Hvorfor v\u00e6lge aluminium til ekstruderede k\u00f8lelegemer? <\/b><\/p>\n<p> Aluminium er ideelt til k\u00f8lelegemer p\u00e5 grund af dets h\u00f8je varmeledningsevne, lave v\u00e6gt og evne til let at blive ekstruderet til komplekse former med stort overfladeareal.<br \/>\n<\/p><br \/>\n<br \/>\n<p><b>4. Hvordan fungerer en k\u00f8lelegeme af ekstruderet aluminium? <\/b><\/p>\n<p> K\u00f8lelegemer af ekstruderet aluminium absorberer varmen fra komponenterne og spreder den i luften gennem forl\u00e6ngede overfladefinner, hvilket reducerer driftstemperaturen.<br \/>\n<\/p><br \/>\n<br \/>\n<p><b>5. Hvor bruges k\u00f8lelegemer af ekstruderet aluminium ofte? <\/b><\/p>\n<p> K\u00f8lelegemer af ekstruderet aluminium bruges i LED-belysning, str\u00f8mforsyninger, forst\u00e6rkere, bilelektronik og industrielle kontrolsystemer.<br \/>\n<\/p><br \/>\n<br \/>\n<p><b>6. Kan k\u00f8lelegemer af ekstruderet aluminium tilpasses? <\/b><\/p>\n<p> Ja, k\u00f8lelegemer af ekstruderet aluminium kan tilpasses med hensyn til lamelt\u00e6thed, bredde, l\u00e6ngde og finish, s\u00e5 de passer til specifikke termiske og mekaniske krav.<br \/>\n<\/p><br \/>\n<br \/>\n<p><b>7. Forbedrer k\u00f8lelegemer af ekstruderet aluminium enhedens levetid? <\/b><\/p>\n<p> Absolut, ved effektivt at aflede varme hj\u00e6lper k\u00f8lelegemer af ekstruderet aluminium med at forhindre overophedning og forl\u00e6nge levetiden for elektroniske komponenter.<br \/>\n<\/p><br \/>\n<br \/>\n<p><b>8. Er k\u00f8lelegemer af ekstruderet aluminium korrosionsbestandige? <\/b><\/p>\n<p> Ja, aluminium modst\u00e5r naturligt korrosion og kan anodiseres eller coates for ekstra beskyttelse i barske milj\u00f8er.<br \/>\n<\/p><br \/>\n<br \/>\n<p><b>9. Kan k\u00f8lelegemer af ekstruderet aluminium anodiseres? <\/b><\/p>\n<p> Ja, anodisering af k\u00f8lelegemer af ekstruderet aluminium \u00f8ger overfladens holdbarhed, forbedrer varmestr\u00e5lingen og giver mulighed for farvetilpasning.<br \/>\n<\/p><br \/>\n<br \/>\n<p><b>10. Hvor omkostningseffektive er k\u00f8lelegemer af ekstruderet aluminium? <\/b><\/p>\n<p> K\u00f8lelegemer af ekstruderet aluminium er meget omkostningseffektive p\u00e5 grund af effektiv masseproduktion, genanvendelighed og fremragende termisk ydeevne til en lav materialepris.<br \/>\n<\/p><br \/><\/p>","protected":false},"featured_media":6165,"template":"","categories":[58],"class_list":["post-6166","product","type-product","status-publish","has-post-thumbnail","hentry","category-aluminium-extrusion-profiles"],"meta_box":{"hilight_text_group":{"product_hilight_text":"<li>High thermal conductivity for efficient heat dissipation<\/li>\r\r\n<li>Lightweight and strong, suitable for electronic and LED cooling<\/li>\r\r\n<li>Customizable fin designs to optimize airflow and performance<\/li>\r\r\n<li>Corrosion-resistant for reliable long-term operation<\/li>\r\r\n<li>Supports anodized finishes for enhanced durability and aesthetics<\/li>","product_chanpin_chanpin":"<li><a href=\"https:\/\/sinoextrud.com\/product\/aluminium-edge-trim-profiles\/\" target=\"_blank\">Aluminium Edge Trim Profiles<\/a><\/li>\r\n<li><a href=\"https:\/\/sinoextrud.com\/product\/led-plant-growth-light-aluminum-profile\/\" target=\"_blank\">Led Plant Growth Light Aluminum Profile<\/a><\/li>\r\n<li><a href=\"https:\/\/sinoextrud.com\/product\/anodized-small-aluminum-extrusions\/\" target=\"_blank\">Anodized Small Aluminum Extrusions<\/a><\/li>\r\n<li><a href=\"https:\/\/sinoextrud.com\/product\/t-slot-aluminium-extrusion-profile\/\" target=\"_blank\">T Slot Aluminium Extrusion Profile<\/a><\/li>\r\n<li><a href=\"https:\/\/sinoextrud.com\/product\/extruded-aluminum-heatsink\/\" target=\"_blank\">Extruded Aluminum Heatsink<\/a><\/li>\r\n<li><a href=\"https:\/\/sinoextrud.com\/product\/aluminium-light-box-profile\/\" target=\"_blank\">Aluminium Light Box Profile<\/a><\/li>\r\n<li><a href=\"https:\/\/sinoextrud.com\/product\/aluminum-extrusion-gate-barrier-arm-aluminum-profile\/\" target=\"_blank\">Aluminum Extrusion Gate Barrier Arm Aluminum Profile<\/a><\/li>\r\n<li><a href=\"https:\/\/sinoextrud.com\/product\/aluminum-tube-framing\/\" target=\"_blank\">Aluminum Tube Framing<\/a><\/li>\r\n<li><a href=\"https:\/\/sinoextrud.com\/product\/aluminium-extrusion-wood-grain-outdoor-louver-aluminum-profile\/\" target=\"_blank\">Aluminium Extrusion Wood Grain Outdoor Louver Aluminum Profile<\/a><\/li>\r\n<li><a href=\"https:\/\/sinoextrud.com\/product\/aluminium-extrusion-profile-handle\/\" target=\"_blank\">Aluminium Extrusion Profile Handle<\/a><\/li>\r\n<li><a href=\"https:\/\/sinoextrud.com\/product\/40mm-aluminium-extrusion\/\" target=\"_blank\">40mm Aluminium Extrusion<\/a><\/li>"},"feature_list":[]},"_links":{"self":[{"href":"https:\/\/sinoextrud.com\/da\/wp-json\/wp\/v2\/product\/6166","targetHints":{"allow":["GET"]}}],"collection":[{"href":"https:\/\/sinoextrud.com\/da\/wp-json\/wp\/v2\/product"}],"about":[{"href":"https:\/\/sinoextrud.com\/da\/wp-json\/wp\/v2\/types\/product"}],"wp:featuredmedia":[{"embeddable":true,"href":"https:\/\/sinoextrud.com\/da\/wp-json\/wp\/v2\/media\/6165"}],"wp:attachment":[{"href":"https:\/\/sinoextrud.com\/da\/wp-json\/wp\/v2\/media?parent=6166"}],"wp:term":[{"taxonomy":"category","embeddable":true,"href":"https:\/\/sinoextrud.com\/da\/wp-json\/wp\/v2\/categories?post=6166"}],"curies":[{"name":"wp","href":"https:\/\/api.w.org\/{rel}","templated":true}]}}