{"id":6162,"date":"2025-05-25T14:52:23","date_gmt":"2025-05-25T14:52:23","guid":{"rendered":"https:\/\/sinoextrud.com\/product\/anodized-small-aluminum-extrusions\/"},"modified":"2025-06-24T03:54:23","modified_gmt":"2025-06-24T03:54:23","slug":"anodiserede-sma-aluminiumsprofiler","status":"publish","type":"product","link":"https:\/\/sinoextrud.com\/da\/product\/anodized-small-aluminum-extrusions\/","title":{"rendered":"Anodiserede sm\u00e5 aluminiumsekstruderinger"},"content":{"rendered":"<h2>Detaljer om produkter<\/h2>\n<table class=\"custom-table\">\n<tr>\n<td class=\"label\">Produktets navn<\/td>\n<td>Anodiserede sm\u00e5 aluminiumsekstruderinger<\/td>\n<\/tr>\n<tr>\n<td class=\"label\">Produktsortiment<\/td>\n<td>aluminiumsprofiler til elektroniske skaller, tilbeh\u00f8r til udstyr, aluminiumsprodukter osv.<\/td>\n<\/tr>\n<tr>\n<td class=\"label\">Aluminiumslegering<\/td>\n<td>1000-serien, 200-serien, 3000-serien, 5000-serien, 6000-serien, 7000-serien<\/td>\n<\/tr>\n<tr>\n<td class=\"label\">Temperament<\/td>\n<td>T3-T8<\/td>\n<\/tr>\n<tr>\n<td class=\"label\">Form<\/td>\n<td>Tilpasning<\/td>\n<\/tr>\n<tr>\n<td class=\"label\">Farve<\/td>\n<td>Tilpasning<\/td>\n<\/tr>\n<tr>\n<td class=\"label\">Overfladebehandling<\/td>\n<td>fr\u00e6set f\u00e6rdig, anodiseret, tr\u00e6korn, power coating, sandbl\u00e6sning, elektroforese, b\u00f8rstet, polering osv.<\/td>\n<\/tr>\n<tr>\n<td class=\"label\">CNC-dybbearbejdning<\/td>\n<td>sk\u00e6ring, boring, bearbejdning, stansning, bukning, gevindsk\u00e6ring og s\u00e5 videre<\/td>\n<\/tr>\n<tr>\n<td class=\"label\">Certificeringer<\/td>\n<td>CE, ISO, SGS, TUV, ROHS<\/td>\n<\/tr>\n<tr>\n<td class=\"label\">Pr\u00f8ver<\/td>\n<td>Gratis pr\u00f8ve. 1-3 dage leveret til dig.<\/td>\n<\/tr>\n<tr>\n<td class=\"label\">MOQ<\/td>\n<td>200 kg for hver profil<\/td>\n<\/tr>\n<tr>\n<td class=\"label\">Leveringstid<\/td>\n<td>Formudvikling og pr\u00f8vekonformitet er 12-15 dage, derefter er produktionsvarigheden 15-25 dage efter modtagelse af depositum fra k\u00f8ber.<\/td>\n<\/tr>\n<tr>\n<td class=\"label\">Betalingsbetingelser<\/td>\n<td>30% depositum f\u00f8r produktion og balance f\u00f8r forsendelse.<\/td>\n<\/tr>\n<\/table>\n<h2>Vores produktionsbase<\/h2>\n<h3>Panorama over fabrikken<\/h3>\n<p><img decoding=\"async\" src=\"\/wp-content\/uploads\/factory-01.webp\"\/><\/p>\n<h3>V\u00e6rksted til fremstilling af aluminiumst\u00e6nger<\/h3>\n<p><img decoding=\"async\" src=\"\/wp-content\/uploads\/factory-02.webp\"\/><\/p>\n<p><img decoding=\"async\" src=\"\/wp-content\/uploads\/factory-03.webp\"\/><\/p>\n<h3>Lager til opbevaring af skimmelsvampe<\/h3>\n<p><img decoding=\"async\" src=\"\/wp-content\/uploads\/factory-04.webp\"\/><\/p>\n<h3>43 ekstruderingslinjer for aluminium (500-5500 ton)<\/h3>\n<p><img decoding=\"async\" src=\"\/wp-content\/uploads\/factory-05.webp\"\/><\/p>\n<p><img decoding=\"async\" src=\"\/wp-content\/uploads\/factory-06.webp\"\/><\/p>\n<p><img decoding=\"async\" src=\"\/wp-content\/uploads\/factory-07.webp\"\/><\/p>\n<h3>V\u00e6rksted for pulverlakering<\/h3>\n<p><img decoding=\"async\" src=\"\/wp-content\/uploads\/factory-09.webp\"\/><\/p>\n<h3>Anodiseringsv\u00e6rksted<\/h3>\n<p><img decoding=\"async\" src=\"\/wp-content\/uploads\/factory-10.webp\"\/><\/p>\n<h3>Workshop om dyb behandling<\/h3>\n<p><img decoding=\"async\" src=\"\/wp-content\/uploads\/factory-11.webp\"\/><\/p>\n<h3>V\u00e6rksted for CNC-pr\u00e6cisionsbearbejdning<\/h3>\n<p><img decoding=\"async\" src=\"\/wp-content\/uploads\/factory-11.5.webp\"\/><\/p>\n<h3>F\u00e6rdigvare- og eksportlager<\/h3>\n<p><img decoding=\"async\" src=\"\/wp-content\/uploads\/factory-12.webp\"\/><\/p>\n<p><img decoding=\"async\" src=\"\/wp-content\/uploads\/factory-13.webp\"\/><\/p>\n<p><img decoding=\"async\" src=\"\/wp-content\/uploads\/factory-14.webp\"\/><\/p>\n<h2>OFTE STILLEDE SP\u00d8RGSM\u00c5L<\/h2>\n<p><p><b>1. Hvad er anodiserede sm\u00e5 aluminiumsprofiler? <\/b><\/p>\n<p> Anodiserede sm\u00e5 aluminiumsprofiler er kompakte aluminiumsprofiler, der er behandlet med en anodiseringsproces for at forbedre overfladens holdbarhed, korrosionsbestandighed og udseende.<br \/>\n<\/p><br \/>\n<br \/>\n<p><b>2. Hvad er fordelene ved anodiserede sm\u00e5 aluminiumsprofiler? <\/b><\/p>\n<p> Anodiserede sm\u00e5 aluminiumsprofiler giver fremragende korrosionsbestandighed, forbedret overfladeh\u00e5rdhed, \u00e6stetisk finish og forbedret slidbeskyttelse.<br \/>\n<\/p><br \/>\n<br \/>\n<p><b>3. Hvorfor v\u00e6lge anodiseret aluminium til sm\u00e5 profiler? <\/b><\/p>\n<p> Anodisering \u00f8ger overfladestyrken og vejrbestandigheden af sm\u00e5 aluminiumsprofiler, hvilket g\u00f8r dem ideelle til dekorative og funktionelle anvendelser.<br \/>\n<\/p><br \/>\n<br \/>\n<p><b>4. Hvor bruges anodiserede sm\u00e5 aluminiumsprofiler ofte? <\/b><\/p>\n<p> Disse profiler bruges i elektronik, m\u00f8bler, belysningsarmaturer, arkitektoniske indretninger og g\u00f8r-det-selv-projekter, der kr\u00e6ver kompakte og holdbare komponenter.<br \/>\n<\/p><br \/>\n<br \/>\n<p><b>5. Er anodiserede sm\u00e5 aluminiumsprofiler korrosionsbestandige? <\/b><\/p>\n<p> Ja, anodiserede sm\u00e5 aluminiumsprofiler danner et beskyttende oxidlag, der forhindrer rust og korrosion, is\u00e6r i fugtige eller udend\u00f8rs milj\u00f8er.<br \/>\n<\/p><br \/>\n<br \/>\n<p><b>6. Kan anodiserede sm\u00e5 aluminiumsprofiler tilpasses? <\/b><\/p>\n<p> Absolut, sm\u00e5 anodiserede aluminiumsprofiler kan skr\u00e6ddersys i form, farve, l\u00e6ngde og monteringsmuligheder for at opfylde specifikke designbehov.<br \/>\n<\/p><br \/>\n<br \/>\n<p><b>7. Giver anodiserede profiler bedre \u00e6stetik? <\/b><\/p>\n<p> Ja, anodiserede aluminiumsprofiler giver en elegant, metallisk finish i forskellige farver, hvilket g\u00f8r dem visuelt tiltalende til synlige eller dekorative anvendelser.<br \/>\n<\/p><br \/>\n<br \/>\n<p><b>8. Er anodiserede sm\u00e5 aluminiumsprofiler milj\u00f8venlige? <\/b><\/p>\n<p> Ja, aluminium er fuldt genanvendeligt, og anodiseringsprocessen er giftfri, hvilket g\u00f8r disse profiler til et milj\u00f8venligt valg til b\u00e6redygtigt design.<br \/>\n<\/p><br \/>\n<br \/>\n<p><b>9. Hvor holdbare er anodiserede sm\u00e5 aluminiumsprofiler? <\/b><\/p>\n<p> Anodiserede sm\u00e5 aluminiumsprofiler er meget holdbare, modstandsdygtige over for ridser, falmning og korrosion, hvilket sikrer langvarig ydeevne.<br \/>\n<\/p><br \/>\n<br \/>\n<p><b>10. Er anodiserede aluminiumsprofiler nemme at bearbejde eller sk\u00e6re? <\/b><\/p>\n<p> Ja, sm\u00e5 anodiserede aluminiumsprofiler er nemme at sk\u00e6re, bore og samle, hvilket g\u00f8r dem ideelle til pr\u00e6cisionsopgaver og specialbygninger.<br \/>\n<\/p><br \/><\/p>","protected":false},"featured_media":6161,"template":"","categories":[58],"class_list":["post-6162","product","type-product","status-publish","has-post-thumbnail","hentry","category-aluminium-extrusion-profiles"],"meta_box":{"hilight_text_group":{"product_hilight_text":"<li>Durable anodized finish enhances corrosion and wear resistance<\/li>\r\r\n<li>Ideal for precision parts in electronics, furniture, and lighting<\/li>\r\r\n<li>Lightweight and strong for compact structural applications<\/li>\r\r\n<li>Available in various colors and finishes for aesthetic appeal<\/li>\r\r\n<li>Supports custom profiles for specialized small components<\/li>","product_chanpin_chanpin":"<li><a href=\"https:\/\/sinoextrud.com\/product\/aluminium-extrusion-motor-body\/\" target=\"_blank\">Aluminium Extrusion Motor Body<\/a><\/li>\r\n<li><a href=\"https:\/\/sinoextrud.com\/product\/aluminium-extrusion-6082-5083-aluminum-alloy-profile\/\" target=\"_blank\">Aluminium Extrusion 6082 5083 Aluminum Alloy Profile<\/a><\/li>\r\n<li><a href=\"https:\/\/sinoextrud.com\/product\/aluminium-edge-trim-profiles\/\" target=\"_blank\">Aluminium Edge Trim Profiles<\/a><\/li>\r\n<li><a href=\"https:\/\/sinoextrud.com\/product\/led-plant-growth-light-aluminum-profile\/\" target=\"_blank\">Led Plant Growth Light Aluminum Profile<\/a><\/li>\r\n<li><a href=\"https:\/\/sinoextrud.com\/product\/anodized-small-aluminum-extrusions\/\" target=\"_blank\">Anodized Small Aluminum Extrusions<\/a><\/li>\r\n<li><a href=\"https:\/\/sinoextrud.com\/product\/t-slot-aluminium-extrusion-profile\/\" target=\"_blank\">T Slot Aluminium Extrusion Profile<\/a><\/li>\r\n<li><a href=\"https:\/\/sinoextrud.com\/product\/extruded-aluminum-heatsink\/\" target=\"_blank\">Extruded Aluminum Heatsink<\/a><\/li>\r\n<li><a href=\"https:\/\/sinoextrud.com\/product\/aluminium-light-box-profile\/\" target=\"_blank\">Aluminium Light Box Profile<\/a><\/li>\r\n<li><a href=\"https:\/\/sinoextrud.com\/product\/aluminum-extrusion-gate-barrier-arm-aluminum-profile\/\" target=\"_blank\">Aluminum Extrusion Gate Barrier Arm Aluminum Profile<\/a><\/li>\r\n<li><a href=\"https:\/\/sinoextrud.com\/product\/t-slot-aluminum-extrusion-profile-for-industrial-assembly-line\/\" target=\"_blank\">T Slot Aluminum Extrusion Profile For Industrial Assembly Line<\/a><\/li>\r\n<li><a href=\"https:\/\/sinoextrud.com\/product\/clip-on-aluminium-profiles\/\" target=\"_blank\">Clip On Aluminium Profiles<\/a><\/li>"},"feature_list":[]},"_links":{"self":[{"href":"https:\/\/sinoextrud.com\/da\/wp-json\/wp\/v2\/product\/6162","targetHints":{"allow":["GET"]}}],"collection":[{"href":"https:\/\/sinoextrud.com\/da\/wp-json\/wp\/v2\/product"}],"about":[{"href":"https:\/\/sinoextrud.com\/da\/wp-json\/wp\/v2\/types\/product"}],"wp:featuredmedia":[{"embeddable":true,"href":"https:\/\/sinoextrud.com\/da\/wp-json\/wp\/v2\/media\/6161"}],"wp:attachment":[{"href":"https:\/\/sinoextrud.com\/da\/wp-json\/wp\/v2\/media?parent=6162"}],"wp:term":[{"taxonomy":"category","embeddable":true,"href":"https:\/\/sinoextrud.com\/da\/wp-json\/wp\/v2\/categories?post=6162"}],"curies":[{"name":"wp","href":"https:\/\/api.w.org\/{rel}","templated":true}]}}