{"id":6152,"date":"2025-05-25T14:36:46","date_gmt":"2025-05-25T14:36:46","guid":{"rendered":"https:\/\/sinoextrud.com\/product\/aluminum-sign-extrusions\/"},"modified":"2025-06-24T03:54:13","modified_gmt":"2025-06-24T03:54:13","slug":"skilteprofiler-af-aluminium","status":"publish","type":"product","link":"https:\/\/sinoextrud.com\/da\/product\/aluminum-sign-extrusions\/","title":{"rendered":"Skilteekstruderinger af aluminium"},"content":{"rendered":"<h2>Detaljer om produkter<\/h2>\n<table class=\"custom-table\">\n<tr>\n<td class=\"label\">Produktets navn<\/td>\n<td>Skilteprofiler af aluminium<\/td>\n<\/tr>\n<tr>\n<td class=\"label\">Produktsortiment<\/td>\n<td>aluminiumsprofiler til aluminiumsrammeskilt, aluminiumsskiltrammer, aluminiumsbaggrundsramme med lysskilt, a4 aluminiumsskiltestativ, displayramme standee off, plakatskiltestativ, plakatrammestativ osv.<\/td>\n<\/tr>\n<tr>\n<td class=\"label\">Egnede systemer Typer<\/td>\n<td>Enkeltsidet display, dobbeltsidet display, gulvst\u00e5ende, v\u00e6gmonteret osv.<\/td>\n<\/tr>\n<tr>\n<td class=\"label\">Aluminiumslegering<\/td>\n<td>1000 til 7000 aluminiumserier<\/td>\n<\/tr>\n<tr>\n<td class=\"label\">Temperament<\/td>\n<td>T3-T8<\/td>\n<\/tr>\n<tr>\n<td class=\"label\">Form<\/td>\n<td>Strimmel og tilpasset<\/td>\n<\/tr>\n<tr>\n<td class=\"label\">Farve<\/td>\n<td>tilpasset<\/td>\n<\/tr>\n<tr>\n<td class=\"label\">Overfladebehandling<\/td>\n<td>fr\u00e6set f\u00e6rdig, anodiseret, tr\u00e6korn, power coating, sandbl\u00e6sning, elektroforese, b\u00f8rstet, polering osv.<\/td>\n<\/tr>\n<tr>\n<td class=\"label\">CNC-dybbearbejdning<\/td>\n<td>sk\u00e6ring, boring, bearbejdning, stansning, bukning, gevindsk\u00e6ring og s\u00e5 videre<\/td>\n<\/tr>\n<tr>\n<td class=\"label\">Certificeringer<\/td>\n<td>CE, ISO, SGS, TUV, ROHS<\/td>\n<\/tr>\n<tr>\n<td class=\"label\">MOQ<\/td>\n<td>200 kg for hver profil<\/td>\n<\/tr>\n<tr>\n<td class=\"label\">Leveringstid<\/td>\n<td>Formudvikling og pr\u00f8vekonformitet er 12-15 dage, derefter er produktionsvarigheden 15-25 dage efter modtagelse af depositum fra k\u00f8ber.<\/td>\n<\/tr>\n<tr>\n<td class=\"label\">Betalingsbetingelser<\/td>\n<td>30% depositum f\u00f8r produktion og balance f\u00f8r forsendelse.<\/td>\n<\/tr>\n<\/table>\n<h2>Vores produktionsbase<\/h2>\n<h3>Panorama over fabrikken<\/h3>\n<p><img decoding=\"async\" src=\"\/wp-content\/uploads\/factory-01.webp\"\/><\/p>\n<h3>V\u00e6rksted til fremstilling af aluminiumst\u00e6nger<\/h3>\n<p><img decoding=\"async\" src=\"\/wp-content\/uploads\/factory-02.webp\"\/><\/p>\n<p><img decoding=\"async\" src=\"\/wp-content\/uploads\/factory-03.webp\"\/><\/p>\n<h3>Lager til opbevaring af skimmelsvampe<\/h3>\n<p><img decoding=\"async\" src=\"\/wp-content\/uploads\/factory-04.webp\"\/><\/p>\n<h3>43 ekstruderingslinjer for aluminium (500-5500 ton)<\/h3>\n<p><img decoding=\"async\" src=\"\/wp-content\/uploads\/factory-05.webp\"\/><\/p>\n<p><img decoding=\"async\" src=\"\/wp-content\/uploads\/factory-06.webp\"\/><\/p>\n<p><img decoding=\"async\" src=\"\/wp-content\/uploads\/factory-07.webp\"\/><\/p>\n<h3>V\u00e6rksted for pulverlakering<\/h3>\n<p><img decoding=\"async\" src=\"\/wp-content\/uploads\/factory-09.webp\"\/><\/p>\n<h3>Anodiseringsv\u00e6rksted<\/h3>\n<p><img decoding=\"async\" src=\"\/wp-content\/uploads\/factory-10.webp\"\/><\/p>\n<h3>Workshop om dyb behandling<\/h3>\n<p><img decoding=\"async\" src=\"\/wp-content\/uploads\/factory-11.webp\"\/><\/p>\n<h3>V\u00e6rksted for CNC-pr\u00e6cisionsbearbejdning<\/h3>\n<p><img decoding=\"async\" src=\"\/wp-content\/uploads\/factory-11.5.webp\"\/><\/p>\n<h3>F\u00e6rdigvare- og eksportlager<\/h3>\n<p><img decoding=\"async\" src=\"\/wp-content\/uploads\/factory-12.webp\"\/><\/p>\n<p><img decoding=\"async\" src=\"\/wp-content\/uploads\/factory-13.webp\"\/><\/p>\n<p><img decoding=\"async\" src=\"\/wp-content\/uploads\/factory-14.webp\"\/><\/p>\n<h2>OFTE STILLEDE SP\u00d8RGSM\u00c5L<\/h2>\n<p><p><b>1. Hvad er skilteprofiler af aluminium? <\/b><\/p>\n<p> Skilteprofiler af aluminium er specialdesignede aluminiumsprofiler, der bruges til at indramme, montere eller st\u00f8tte skilte i indend\u00f8rs og udend\u00f8rs applikationer.<br \/>\n<\/p><br \/>\n<br \/>\n<p><b>2. Hvad er fordelene ved at bruge skilteprofiler i aluminium? <\/b><\/p>\n<p> Skilteprofiler af aluminium giver letv\u00e6gtsstyrke, korrosionsbestandighed, elegant \u00e6stetik og nem tilpasning til forskellige skiltesystemer.<br \/>\n<\/p><br \/>\n<br \/>\n<p><b>3. Hvorfor v\u00e6lge aluminium til skilteprofiler? <\/b><\/p>\n<p> Aluminium er ideelt til skilteprofiler p\u00e5 grund af dets holdbarhed, vejrbestandighed og evne til let at blive bearbejdet, anodiseret eller pulverlakeret.<br \/>\n<\/p><br \/>\n<br \/>\n<p><b>4. Hvor bruges skilteprofiler af aluminium ofte? <\/b><\/p>\n<p> Skilteprofiler af aluminium bruges i vid udstr\u00e6kning til detailudstillinger, retningsskilte, arkitektoniske skilte og kommercielle brandinginstallationer.<br \/>\n<\/p><br \/>\n<br \/>\n<p><b>5. Er skilteprofiler af aluminium vejrbestandige? <\/b><\/p>\n<p> Ja, skilteprofiler af aluminium er korrosionsbestandige og egnede til udend\u00f8rs skiltning under alle vejrforhold, herunder regn, sol og sne.<br \/>\n<\/p><br \/>\n<br \/>\n<p><b>6. kan ekstruderede aluminiumsskilte tilpasses? <\/b><\/p>\n<p> Skilteprofiler i aluminium kan sk\u00e6res til i st\u00f8rrelse, formes og f\u00e6rdigg\u00f8res i forskellige farver for at matche specifikke branding- eller designkrav.<br \/>\n<\/p><br \/>\n<br \/>\n<p><b>7. Forbedrer aluminiumsprofiler skiltenes holdbarhed? <\/b><\/p>\n<p> Ja, brugen af aluminiumsprofiler styrker skiltenes strukturelle integritet og beskytter grafik og paneler mod at b\u00f8je eller vride sig med tiden.<br \/>\n<\/p><br \/>\n<br \/>\n<p><b>8. Er skilteprofiler af aluminium nemme at installere? <\/b><\/p>\n<p> Ja, skilteprofiler i aluminium er designet til hurtig montering med forborede huller, clips eller beslag, hvilket g\u00f8r installationen enkel og effektiv.<br \/>\n<\/p><br \/>\n<br \/>\n<p><b>9. Hvilke overflader er tilg\u00e6ngelige for aluminiumsskiltprofiler? <\/b><\/p>\n<p> Skilteprofiler i aluminium f\u00e5s i anodiseret, pulverlakeret, b\u00f8rstet eller slebet finish, hvilket giver b\u00e5de funktionel og \u00e6stetisk alsidighed.<br \/>\n<\/p><br \/>\n<br \/>\n<p><b>10. Hvordan forbedrer aluminiumsprofiler skiltenes udseende? <\/b><\/p>\n<p> Skilteprofiler i aluminium skaber rene kanter og en professionel indramning, som giver skiltene et poleret, eksklusivt udseende, der forbedrer den visuelle effekt og brandopfattelsen.<br \/>\n<\/p><br \/><\/p>","protected":false},"featured_media":6151,"template":"","categories":[58],"class_list":["post-6152","product","type-product","status-publish","has-post-thumbnail","hentry","category-aluminium-extrusion-profiles"],"meta_box":{"hilight_text_group":{"product_hilight_text":"<li>Durable and lightweight, ideal for indoor and outdoor signage<\/li>\r\r\n<li>Easy to cut and assemble for custom sign dimensions<\/li>\r\r\n<li>Clean, professional appearance enhances brand presentation<\/li>\r\r\n<li>Corrosion-resistant for long-term outdoor use<\/li>\r\r\n<li>Supports various mounting and insert options for flexibility<\/li>","product_chanpin_chanpin":"<li><a href=\"https:\/\/sinoextrud.com\/product\/aluminium-extrusion-profile-handle\/\" target=\"_blank\">Aluminium Extrusion Profile Handle<\/a><\/li>\r\n<li><a href=\"https:\/\/sinoextrud.com\/product\/linear-rail-aluminium-extrusion\/\" target=\"_blank\">Linear Rail Aluminium Extrusion<\/a><\/li>\r\n<li><a href=\"https:\/\/sinoextrud.com\/product\/led-strip-lights-aluminum-profile\/\" target=\"_blank\">Led Strip Lights Aluminum Profile<\/a><\/li>\r\n<li><a href=\"https:\/\/sinoextrud.com\/product\/retractable-awning-aluminum-tube\/\" target=\"_blank\">Retractable Awning Aluminum Tube<\/a><\/li>\r\n<li><a href=\"https:\/\/sinoextrud.com\/product\/aluminum-sign-extrusions\/\" target=\"_blank\">Aluminum Sign Extrusions<\/a><\/li>\r\n<li><a href=\"https:\/\/sinoextrud.com\/product\/aluminium-extrusion-motor-body\/\" target=\"_blank\">Aluminium Extrusion Motor Body<\/a><\/li>\r\n<li><a href=\"https:\/\/sinoextrud.com\/product\/aluminium-extrusion-6082-5083-aluminum-alloy-profile\/\" target=\"_blank\">Aluminium Extrusion 6082 5083 Aluminum Alloy Profile<\/a><\/li>\r\n<li><a href=\"https:\/\/sinoextrud.com\/product\/aluminium-edge-trim-profiles\/\" target=\"_blank\">Aluminium Edge Trim Profiles<\/a><\/li>\r\n<li><a href=\"https:\/\/sinoextrud.com\/product\/led-plant-growth-light-aluminum-profile\/\" target=\"_blank\">Led Plant Growth Light Aluminum Profile<\/a><\/li>\r\n<li><a href=\"https:\/\/sinoextrud.com\/product\/10x10-aluminum-extrusion-for-decoration\/\" target=\"_blank\">10\u00c3\u201410 Aluminum Extrusion For Decoration<\/a><\/li>\r\n<li><a href=\"https:\/\/sinoextrud.com\/product\/extruded-aluminum-sections\/\" target=\"_blank\">Extruded Aluminum Sections<\/a><\/li>"},"feature_list":[]},"_links":{"self":[{"href":"https:\/\/sinoextrud.com\/da\/wp-json\/wp\/v2\/product\/6152","targetHints":{"allow":["GET"]}}],"collection":[{"href":"https:\/\/sinoextrud.com\/da\/wp-json\/wp\/v2\/product"}],"about":[{"href":"https:\/\/sinoextrud.com\/da\/wp-json\/wp\/v2\/types\/product"}],"wp:featuredmedia":[{"embeddable":true,"href":"https:\/\/sinoextrud.com\/da\/wp-json\/wp\/v2\/media\/6151"}],"wp:attachment":[{"href":"https:\/\/sinoextrud.com\/da\/wp-json\/wp\/v2\/media?parent=6152"}],"wp:term":[{"taxonomy":"category","embeddable":true,"href":"https:\/\/sinoextrud.com\/da\/wp-json\/wp\/v2\/categories?post=6152"}],"curies":[{"name":"wp","href":"https:\/\/api.w.org\/{rel}","templated":true}]}}