{"id":6061,"date":"2025-05-24T06:19:14","date_gmt":"2025-05-24T06:19:14","guid":{"rendered":"https:\/\/sinoextrud.com\/product\/large-aluminum-extrusion-2\/"},"modified":"2025-06-24T03:53:59","modified_gmt":"2025-06-24T03:53:59","slug":"store-aluminiumsprofiler-2","status":"publish","type":"product","link":"https:\/\/sinoextrud.com\/da\/product\/large-aluminum-extrusion-2\/","title":{"rendered":"Stort ekstruderet aluminium"},"content":{"rendered":"<h2>Detaljer om produkter<\/h2>\n<table class=\"custom-table\">\n<tr>\n<td class=\"label\">Produktets navn<\/td>\n<td>store aluminiumsprofiler<\/td>\n<\/tr>\n<tr>\n<td class=\"label\">Produktsortiment<\/td>\n<td>mekaniske dele, bildele, industrielle dele, sportsudstyr<\/td>\n<\/tr>\n<tr>\n<td class=\"label\">Egnede systemer Typer<\/td>\n<td>Jernbanevogne, store skibe, h\u00f8jhastighedstog, undergrundsbaner og letbanetog, luft- og rumfart, fl\u00e5dev\u00e5ben og maskinindustri osv.<\/td>\n<\/tr>\n<tr>\n<td class=\"label\">Aluminiumslegering<\/td>\n<td>5000-serien, 6000-serien, 7000-serien<\/td>\n<\/tr>\n<tr>\n<td class=\"label\">Temperament<\/td>\n<td>T5-T8<\/td>\n<\/tr>\n<tr>\n<td class=\"label\">Form<\/td>\n<td>I henhold til kundens krav<\/td>\n<\/tr>\n<tr>\n<td class=\"label\">Farve<\/td>\n<td>I henhold til kundens krav<\/td>\n<\/tr>\n<tr>\n<td class=\"label\">Overfladebehandling<\/td>\n<td>fr\u00e6set f\u00e6rdig, anodiseret, tr\u00e6korn, power coating, sandbl\u00e6sning, elektroforese, b\u00f8rstet, polering osv.<\/td>\n<\/tr>\n<tr>\n<td class=\"label\">CNC-dybbearbejdning<\/td>\n<td>sk\u00e6ring, boring, bearbejdning, stansning, bukning, gevindsk\u00e6ring og s\u00e5 videre<\/td>\n<\/tr>\n<tr>\n<td class=\"label\">Certificeringer<\/td>\n<td>CE, ISO, SGS, TUV, ROHS<\/td>\n<\/tr>\n<tr>\n<td class=\"label\">Pr\u00f8ver<\/td>\n<td>Gratis pr\u00f8ve. 1-3 dage leveret til dig.<\/td>\n<\/tr>\n<tr>\n<td class=\"label\">MOQ<\/td>\n<td>200 kg for hver profil<\/td>\n<\/tr>\n<tr>\n<td class=\"label\">Leveringstid<\/td>\n<td>Formudvikling og pr\u00f8vekonformitet er 12-15 dage, derefter er produktionsvarigheden 15-25 dage efter modtagelse af depositum fra k\u00f8ber.<\/td>\n<\/tr>\n<tr>\n<td class=\"label\">Betalingsbetingelser<\/td>\n<td>30% depositum f\u00f8r produktion og balance f\u00f8r forsendelse.<\/td>\n<\/tr>\n<\/table>\n<h2>Vores produktionsbase<\/h2>\n<h3>Panorama over fabrikken<\/h3>\n<p><img decoding=\"async\" src=\"\/wp-content\/uploads\/factory-01.webp\"\/><\/p>\n<h3>V\u00e6rksted til fremstilling af aluminiumst\u00e6nger<\/h3>\n<p><img decoding=\"async\" src=\"\/wp-content\/uploads\/factory-02.webp\"\/><\/p>\n<p><img decoding=\"async\" src=\"\/wp-content\/uploads\/factory-03.webp\"\/><\/p>\n<h3>Lager til opbevaring af skimmelsvampe<\/h3>\n<p><img decoding=\"async\" src=\"\/wp-content\/uploads\/factory-04.webp\"\/><\/p>\n<h3>43 ekstruderingslinjer for aluminium (500-5500 ton)<\/h3>\n<p><img decoding=\"async\" src=\"\/wp-content\/uploads\/factory-05.webp\"\/><\/p>\n<p><img decoding=\"async\" src=\"\/wp-content\/uploads\/factory-06.webp\"\/><\/p>\n<p><img decoding=\"async\" src=\"\/wp-content\/uploads\/factory-07.webp\"\/><\/p>\n<h3>V\u00e6rksted for pulverlakering<\/h3>\n<p><img decoding=\"async\" src=\"\/wp-content\/uploads\/factory-09.webp\"\/><\/p>\n<h3>Anodiseringsv\u00e6rksted<\/h3>\n<p><img decoding=\"async\" src=\"\/wp-content\/uploads\/factory-10.webp\"\/><\/p>\n<h3>Workshop om dyb behandling<\/h3>\n<p><img decoding=\"async\" src=\"\/wp-content\/uploads\/factory-11.webp\"\/><\/p>\n<h3>V\u00e6rksted for CNC-pr\u00e6cisionsbearbejdning<\/h3>\n<p><img decoding=\"async\" src=\"\/wp-content\/uploads\/factory-11.5.webp\"\/><\/p>\n<h3>F\u00e6rdigvare- og eksportlager<\/h3>\n<p><img decoding=\"async\" src=\"\/wp-content\/uploads\/factory-12.webp\"\/><\/p>\n<p><img decoding=\"async\" src=\"\/wp-content\/uploads\/factory-13.webp\"\/><\/p>\n<p><img decoding=\"async\" src=\"\/wp-content\/uploads\/factory-14.webp\"\/><\/p>\n<h2>OFTE STILLEDE SP\u00d8RGSM\u00c5L<\/h2>\n<p><p><b>1. Hvad er store aluminiumsprofiler? <\/b><\/p>\n<p> Ekstrudering af stort aluminium refererer til processen med at forme store aluminiumsprofiler gennem en h\u00f8jtryksform, der ofte bruges i strukturelle og industrielle anvendelser.<br \/>\n<\/p><br \/>\n<br \/>\n<p><b>2. Hvad er fordelene ved at bruge store aluminiumsprofiler? <\/b><\/p>\n<p> Store aluminiumsprofiler giver styrke, letv\u00e6gt, korrosionsbestandighed og designfleksibilitet og er ideelle til byggeri, transport og rumfart.<br \/>\n<\/p><br \/>\n<br \/>\n<p><b>3. Hvorfor v\u00e6lge aluminium til store profiler? <\/b><\/p>\n<p> Aluminium er let, st\u00e6rkt, genanvendeligt og korrosionsbestandigt, hvilket g\u00f8r det perfekt til store ekstruderede profiler, der bruges til tunge opgaver.<br \/>\n<\/p><br \/>\n<br \/>\n<p><b>4. Hvordan fremstilles store aluminiumsprofiler? <\/b><\/p>\n<p> Store aluminiumsprofiler produceres ved at opvarme aluminiumsbolte og tvinge dem gennem specialfremstillede matricer, hvilket resulterer i pr\u00e6cisionsformede profiler med h\u00f8j styrke.<br \/>\n<\/p><br \/>\n<br \/>\n<p><b>5. Hvilke industrier bruger store aluminiumsprofiler? <\/b><\/p>\n<p> Industrier som rumfart, bilindustri, byggeri og vedvarende energi er afh\u00e6ngige af store aluminiumsprofiler til holdbare, lette konstruktionskomponenter.<br \/>\n<\/p><br \/>\n<br \/>\n<p><b>6. Kan store aluminiumsprofiler tilpasses? <\/b><\/p>\n<p> Ja, store aluminiumsprofiler kan specialdesignes i forskellige former, st\u00f8rrelser og overflader for at opfylde specifikke tekniske og arkitektoniske krav.<br \/>\n<\/p><br \/>\n<br \/>\n<p><b>7. Hvad er den maksimale st\u00f8rrelse for store aluminiumsprofiler? <\/b><\/p>\n<p> St\u00f8rrelsen p\u00e5 store aluminiumprofiler afh\u00e6nger af pressekapaciteten og v\u00e6rkt\u00f8jsdesignet, og nogle producenter tilbyder profiler, der er over 20 tommer brede eller mere.<br \/>\n<\/p><br \/>\n<br \/>\n<p><b>8. Hvordan er store aluminiumsprofiler sammenlignet med st\u00e5l? <\/b><\/p>\n<p> Store aluminiumsprofiler er lettere og mere korrosionsbestandige end st\u00e5l, hvilket giver lettere bearbejdning og bedre ydeevne i v\u00e6gtf\u00f8lsomme applikationer.<br \/>\n<\/p><br \/>\n<br \/>\n<p><b>9. Er store aluminiumsprofiler omkostningseffektive? <\/b><\/p>\n<p> Ja, store aluminiumsprofiler er omkostningseffektive p\u00e5 grund af lavt materialespild, lang levetid og reduceret v\u00e6gt, hvilket s\u00e6nker transport- og monteringsomkostningerne.<br \/>\n<\/p><br \/>\n<br \/>\n<p><b>10. Kan store aluminiumsprofiler anodiseres eller males? <\/b><\/p>\n<p> Absolut, store aluminiumsprofiler kan anodiseres eller pulverlakeres for at forbedre korrosionsbestandigheden, \u00e6stetikken og overfladens holdbarhed.<br \/>\n<\/p><br \/><\/p>","protected":false},"featured_media":6060,"template":"","categories":[58],"class_list":["post-6061","product","type-product","status-publish","has-post-thumbnail","hentry","category-aluminium-extrusion-profiles"],"meta_box":{"hilight_text_group":{"product_hilight_text":"<li>High strength and lightweight, ideal for load-bearing structures and equipment frames<\/li>\r\r\n<li>Custom extrusion available to meet diverse industrial design needs<\/li>\r\r\n<li>Excellent corrosion resistance for outdoor and high-humidity environments<\/li>\r\r\n<li>Various surface finishes available, including anodizing, electrophoresis, and powder coating<\/li>\r\r\n<li>Reliable bulk supply for large-scale projects and OEM orders<\/li>","product_chanpin_chanpin":"<li><a href=\"https:\/\/sinoextrud.com\/product\/custom-anodized-aluminium-profiles\/\" target=\"_blank\">Custom Anodized Aluminium Profiles<\/a><\/li>\r\n<li><a href=\"https:\/\/sinoextrud.com\/product\/aluminium-profile-corner-joint\/\" target=\"_blank\">Aluminium Profile Corner Joint<\/a><\/li>\r\n<li><a href=\"https:\/\/sinoextrud.com\/product\/industrial-aluminum-brushed-polish-profile-for-railing-and-showroom-decoration\/\" target=\"_blank\">Industrial Aluminum Brushed Polish Profile For Railing And Showroom Decoration<\/a><\/li>\r\n<li><a href=\"https:\/\/sinoextrud.com\/product\/anodized-aluminum\/\" target=\"_blank\">Anodized Aluminum<\/a><\/li>\r\n<li><a href=\"https:\/\/sinoextrud.com\/product\/large-aluminum-extrusion-2\/\" target=\"_blank\">Large Aluminum Extrusion<\/a><\/li>\r\n<li><a href=\"https:\/\/sinoextrud.com\/product\/aluminium-door-extrusions-profiles\/\" target=\"_blank\">Aluminium Door Extrusions Profiles<\/a><\/li>\r\n<li><a href=\"https:\/\/sinoextrud.com\/product\/aluminium-extrusion-profile-handle\/\" target=\"_blank\">Aluminium Extrusion Profile Handle<\/a><\/li>\r\n<li><a href=\"https:\/\/sinoextrud.com\/product\/linear-rail-aluminium-extrusion\/\" target=\"_blank\">Linear Rail Aluminium Extrusion<\/a><\/li>\r\n<li><a href=\"https:\/\/sinoextrud.com\/product\/led-strip-lights-aluminum-profile\/\" target=\"_blank\">Led Strip Lights Aluminum Profile<\/a><\/li>\r\n<li><a href=\"https:\/\/sinoextrud.com\/product\/building-material-aluminium-extrusion-profiles\/\" target=\"_blank\">Building Material Aluminium Extrusion Profiles<\/a><\/li>\r\n<li><a href=\"https:\/\/sinoextrud.com\/product\/clip-in-tile-ceiling-system\/\" target=\"_blank\">Clip-in Tile Ceiling System<\/a><\/li>"},"feature_list":[]},"_links":{"self":[{"href":"https:\/\/sinoextrud.com\/da\/wp-json\/wp\/v2\/product\/6061","targetHints":{"allow":["GET"]}}],"collection":[{"href":"https:\/\/sinoextrud.com\/da\/wp-json\/wp\/v2\/product"}],"about":[{"href":"https:\/\/sinoextrud.com\/da\/wp-json\/wp\/v2\/types\/product"}],"wp:featuredmedia":[{"embeddable":true,"href":"https:\/\/sinoextrud.com\/da\/wp-json\/wp\/v2\/media\/6060"}],"wp:attachment":[{"href":"https:\/\/sinoextrud.com\/da\/wp-json\/wp\/v2\/media?parent=6061"}],"wp:term":[{"taxonomy":"category","embeddable":true,"href":"https:\/\/sinoextrud.com\/da\/wp-json\/wp\/v2\/categories?post=6061"}],"curies":[{"name":"wp","href":"https:\/\/api.w.org\/{rel}","templated":true}]}}