{"id":6058,"date":"2025-05-24T03:40:03","date_gmt":"2025-05-24T03:40:03","guid":{"rendered":"https:\/\/sinoextrud.com\/product\/anodized-aluminum\/"},"modified":"2025-06-24T03:53:58","modified_gmt":"2025-06-24T03:53:58","slug":"anodiseret-aluminium","status":"publish","type":"product","link":"https:\/\/sinoextrud.com\/da\/product\/anodized-aluminum\/","title":{"rendered":"Anodiseret aluminium"},"content":{"rendered":"<h2>Detaljer om produkter<\/h2>\n<table class=\"custom-table\">\n<tr>\n<td class=\"label\">Produktets navn<\/td>\n<td>Anodiseret aluminium<\/td>\n<\/tr>\n<tr>\n<td class=\"label\">Materiale<\/td>\n<td>6000-serien, som 6063-t5<\/td>\n<\/tr>\n<tr>\n<td class=\"label\">Tykkelse<\/td>\n<td>Profilernes tykkelse: ?1,2 mm; anodiseret sp\u00e5nfasthed: 10 mikron<\/td>\n<\/tr>\n<tr>\n<td class=\"label\">L\u00e6ngde<\/td>\n<td>1 m - 9 m pr. stk.<\/td>\n<\/tr>\n<tr>\n<td class=\"label\">Form<\/td>\n<td>vinduesh\u00e5ndtag i aluminium, der tr\u00e6kker, 30*28mm<\/td>\n<\/tr>\n<tr>\n<td class=\"label\">Overfladebehandling<\/td>\n<td>anodiseret s\u00f8lvfarvet mat<\/td>\n<\/tr>\n<tr>\n<td class=\"label\">Farve<\/td>\n<td>splinter<\/td>\n<\/tr>\n<tr>\n<td class=\"label\">Anvendelse<\/td>\n<td>aluminiumsvindue, skyded\u00f8r. Decoratino-profil<\/td>\n<\/tr>\n<tr>\n<td class=\"label\">MOQ<\/td>\n<td>200 kg for hvert emne<\/td>\n<\/tr>\n<\/table>\n<h2>Vores produktionsbase<\/h2>\n<h3>Panorama over fabrikken<\/h3>\n<p><img decoding=\"async\" src=\"\/wp-content\/uploads\/factory-01.webp\"\/><\/p>\n<h3>V\u00e6rksted til fremstilling af aluminiumst\u00e6nger<\/h3>\n<p><img decoding=\"async\" src=\"\/wp-content\/uploads\/factory-02.webp\"\/><\/p>\n<\/p>\n<p><img decoding=\"async\" src=\"\/wp-content\/uploads\/factory-03.webp\"\/><\/p>\n<h3>Lager til opbevaring af skimmelsvampe<\/h3>\n<p><img decoding=\"async\" src=\"\/wp-content\/uploads\/factory-04.webp\"\/><\/p>\n<h3>43 ekstruderingslinjer for aluminium (500-5500 ton)<\/h3>\n<p><img decoding=\"async\" src=\"\/wp-content\/uploads\/factory-05.webp\"\/><\/p>\n<p><img decoding=\"async\" src=\"\/wp-content\/uploads\/factory-06.webp\"\/><\/p>\n<p><img decoding=\"async\" src=\"\/wp-content\/uploads\/factory-07.webp\"\/><\/p>\n<h3>V\u00e6rksted for pulverlakering<\/h3>\n<p><img decoding=\"async\" src=\"\/wp-content\/uploads\/factory-09.webp\"\/><\/p>\n<h3>Anodiseringsv\u00e6rksted<\/h3>\n<p><img decoding=\"async\" src=\"\/wp-content\/uploads\/factory-10.webp\"\/><\/p>\n<h3>Workshop om dyb behandling<\/h3>\n<p><img decoding=\"async\" src=\"\/wp-content\/uploads\/factory-11.webp\"\/><\/p>\n<h3>V\u00e6rksted for CNC-pr\u00e6cisionsbearbejdning<\/h3>\n<p><img decoding=\"async\" src=\"\/wp-content\/uploads\/factory-11.5.webp\"\/><\/p>\n<h3>F\u00e6rdigvare- og eksportlager<\/h3>\n<p><img decoding=\"async\" src=\"\/wp-content\/uploads\/factory-12.webp\"\/><\/p>\n<p><img decoding=\"async\" src=\"\/wp-content\/uploads\/factory-13.webp\"\/><\/p>\n<p><img decoding=\"async\" src=\"\/wp-content\/uploads\/factory-14.webp\"\/><\/p>\n<h2>OFTE STILLEDE SP\u00d8RGSM\u00c5L<\/h2>\n<p><b>1. Hvad er anodiseret aluminium? <\/b><\/p>\n<p> Anodiseret aluminium er aluminium, der er blevet behandlet gennem en elektrokemisk proces for at skabe et holdbart, korrosionsbestandigt og dekorativt oxidoverfladelag.\n<\/p>\n<p><\/p>\n<p><b>2. Hvad er de vigtigste fordele ved anodiseret aluminium? <\/b><\/p>\n<p> Anodiseret aluminium giver forbedret korrosionsbestandighed, \u00f8get overfladeh\u00e5rdhed, UV-beskyttelse, langtidsholdbar farve og en elegant metallisk finish.\n<\/p>\n<p><\/p>\n<p><b>3. Hvorfor v\u00e6lge anodiseret aluminium frem for ikke-anodiseret aluminium? <\/b><\/p>\n<p> Anodiseret aluminium er mere holdbart, ridsefast og visuelt tiltalende, hvilket g\u00f8r det ideelt til b\u00e5de funktionelle og dekorative anvendelser.\n<\/p>\n<p><\/p>\n<p><b>4. Er anodiseret aluminium egnet til udend\u00f8rs brug? <\/b><\/p>\n<p> Ja, den anodiserede overflade beskytter mod UV-str\u00e5ler, fugt og korrosion i omgivelserne, hvilket g\u00f8r den ideel til udend\u00f8rs og arkitektoniske anvendelser.\n<\/p>\n<p><\/p>\n<p><b>5. Kan anodiseret aluminium farves? <\/b><\/p>\n<p> Anodiseringsprocessen g\u00f8r det muligt at integrere forskellige farver, herunder sort, s\u00f8lv, bronze, guld og champagne, samtidig med at det metalliske look bevares.\n<\/p>\n<p><\/p>\n<p><b>6. Hvilke industrier bruger ofte anodiseret aluminium? <\/b><\/p>\n<p> Det bruges i vid udstr\u00e6kning inden for byggeri, elektronik, bilindustri, rumfart, m\u00f8bler, skiltning og forbrugerprodukter p\u00e5 grund af dets styrke og visuelle appel.\n<\/p>\n<p><\/p>\n<p><b>7. Hvor holdbar er den anodiserede finish? <\/b><\/p>\n<p> Det anodiserede lag er ekstremt holdbart, skaller ikke af og kan holde i \u00e5rtier under normale brugs- og milj\u00f8forhold.\n<\/p>\n<p><\/p>\n<p><b>8. Er anodiseret aluminium milj\u00f8venligt? <\/b><\/p>\n<p> Ja, aluminium er 100% genanvendeligt, og anodiseringsprocessen er giftfri og milj\u00f8venlig, hvilket g\u00f8r det til et b\u00e6redygtigt materialevalg.\n<\/p>\n<p><\/p>\n<p><b>9. Kr\u00e6ver anodiseret aluminium vedligeholdelse? <\/b><\/p>\n<p> Der er behov for minimal vedligeholdelse - den skal blot reng\u00f8res med mild s\u00e6be og vand for at bevare sit udseende og sin ydeevne.\n<\/p>\n<p><\/p>\n<p><b>10. Kan anodiseret aluminium tilpasses? <\/b><\/p>\n<p> Ja, det kan ekstruderes, formes og anodiseres i forskellige farver og overflader for at opfylde specifikke design- og funktionskrav.\n<\/p>\n<p><\/p>","protected":false},"featured_media":6057,"template":"","categories":[57],"class_list":["post-6058","product","type-product","status-publish","has-post-thumbnail","hentry","category-anodized-aluminum-profile"],"meta_box":{"hilight_text_group":{"product_hilight_text":"<li>Enhanced corrosion and wear resistance for long-term durability<\/li>\r\r\n<li>Attractive and uniform surface finish ideal for visible applications<\/li>\r\r\n<li>Available in various colors and textures for design flexibility<\/li>\r\r\n<li>Improved surface hardness suitable for demanding environments<\/li>\r\r\n<li>Low maintenance and environmentally friendly surface treatment<\/li>","product_chanpin_chanpin":"<li><a href=\"https:\/\/sinoextrud.com\/product\/extruded-aluminum-stock\/\" target=\"_blank\">Extruded Aluminum Stock<\/a><\/li>\r\n<li><a href=\"https:\/\/sinoextrud.com\/product\/custom-anodized-aluminium-profiles\/\" target=\"_blank\">Custom Anodized Aluminium Profiles<\/a><\/li>\r\n<li><a href=\"https:\/\/sinoextrud.com\/product\/aluminium-profile-corner-joint\/\" target=\"_blank\">Aluminium Profile Corner Joint<\/a><\/li>\r\n<li><a href=\"https:\/\/sinoextrud.com\/product\/industrial-aluminum-brushed-polish-profile-for-railing-and-showroom-decoration\/\" target=\"_blank\">Industrial Aluminum Brushed Polish Profile For Railing And Showroom Decoration<\/a><\/li>\r\n<li><a href=\"https:\/\/sinoextrud.com\/product\/anodized-aluminum\/\" target=\"_blank\">Anodized Aluminum<\/a><\/li>\r\n<li><a href=\"https:\/\/sinoextrud.com\/product\/large-aluminum-extrusion-2\/\" target=\"_blank\">Large Aluminum Extrusion<\/a><\/li>\r\n<li><a href=\"https:\/\/sinoextrud.com\/product\/aluminium-door-extrusions-profiles\/\" target=\"_blank\">Aluminium Door Extrusions Profiles<\/a><\/li>\r\n<li><a href=\"https:\/\/sinoextrud.com\/product\/aluminium-extrusion-profile-handle\/\" target=\"_blank\">Aluminium Extrusion Profile Handle<\/a><\/li>\r\n<li><a href=\"https:\/\/sinoextrud.com\/product\/linear-rail-aluminium-extrusion\/\" target=\"_blank\">Linear Rail Aluminium Extrusion<\/a><\/li>\r\n<li><a href=\"https:\/\/sinoextrud.com\/product\/aluminum-handrail-profiles\/\" target=\"_blank\">Aluminum Handrail Profiles<\/a><\/li>\r\n<li><a href=\"https:\/\/sinoextrud.com\/product\/round-aluminum-extrusion-profiles\/\" target=\"_blank\">Round Aluminum Extrusion Profiles<\/a><\/li>"},"feature_list":[]},"_links":{"self":[{"href":"https:\/\/sinoextrud.com\/da\/wp-json\/wp\/v2\/product\/6058","targetHints":{"allow":["GET"]}}],"collection":[{"href":"https:\/\/sinoextrud.com\/da\/wp-json\/wp\/v2\/product"}],"about":[{"href":"https:\/\/sinoextrud.com\/da\/wp-json\/wp\/v2\/types\/product"}],"wp:featuredmedia":[{"embeddable":true,"href":"https:\/\/sinoextrud.com\/da\/wp-json\/wp\/v2\/media\/6057"}],"wp:attachment":[{"href":"https:\/\/sinoextrud.com\/da\/wp-json\/wp\/v2\/media?parent=6058"}],"wp:term":[{"taxonomy":"category","embeddable":true,"href":"https:\/\/sinoextrud.com\/da\/wp-json\/wp\/v2\/categories?post=6058"}],"curies":[{"name":"wp","href":"https:\/\/api.w.org\/{rel}","templated":true}]}}