{"id":6056,"date":"2025-05-24T03:29:45","date_gmt":"2025-05-24T03:29:45","guid":{"rendered":"https:\/\/sinoextrud.com\/product\/industrial-aluminum-brushed-polish-profile-for-railing-and-showroom-decoration\/"},"modified":"2025-06-24T03:53:56","modified_gmt":"2025-06-24T03:53:56","slug":"industriel-borstet-aluminiumsprofil-til-raekvaerk-og-dekoration-af-udstillingslokaler","status":"publish","type":"product","link":"https:\/\/sinoextrud.com\/da\/product\/industrial-aluminum-brushed-polish-profile-for-railing-and-showroom-decoration\/","title":{"rendered":"Industriel b\u00f8rstet aluminiumsprofil til r\u00e6kv\u00e6rk og dekoration af udstillingslokaler"},"content":{"rendered":"<h2>Detaljer om produkter<\/h2>\n<table class=\"custom-table\">\n<tr>\n<td class=\"label\">Brand Name:<\/td>\n<td>Sinoextrud<\/td>\n<\/tr>\n<tr>\n<td class=\"label\">materiale:<\/td>\n<td>aluminiumslegering<\/td>\n<\/tr>\n<tr>\n<td class=\"label\">Betegnelse:<\/td>\n<td>6 eller andre serier efter dit behov<\/td>\n<\/tr>\n<tr>\n<td class=\"label\">l\u00e6ngde<\/td>\n<td>Tilpasset<\/td>\n<\/tr>\n<tr>\n<td class=\"label\">tykkelse<\/td>\n<td>Tilpasset<\/td>\n<\/tr>\n<tr>\n<td class=\"label\">Beskrivelse<\/td>\n<td>aluminiumsprofil, aluminiumsekstrudering, aluminiumsr\u00f8r, stang, aluminiumslegering, aluminiumsprodukter, aluminiumsd\u00f8re og -vinduer, byggemateriale<\/td>\n<\/tr>\n<tr>\n<td class=\"label\">Overfladebehandling<\/td>\n<td>fr\u00e6sning (uden behandling), polering, anodisering, power coating, tr\u00e6maling, sandbl\u00e6sning, elektroforese osv.<\/td>\n<\/tr>\n<tr>\n<td class=\"label\">Dimension<\/td>\n<td>valgfri<\/td>\n<\/tr>\n<tr>\n<td class=\"label\">Pakning<\/td>\n<td>Kraftpapir, karton, varmekontraheret plastfolie af beskyttelsesskum, polybag osv. efter dit behov.<\/td>\n<\/tr>\n<tr>\n<td class=\"label\">Certifikater<\/td>\n<td>ISO 9001.CE, SGS,<\/td>\n<\/tr>\n<tr>\n<td class=\"label\">Farve<\/td>\n<td>S\u00f8lv, sort, s\u00f8lv, bronze, champagne, tr\u00e6korn osv.<\/td>\n<\/tr>\n<tr>\n<td class=\"label\">Form<\/td>\n<td>Forskellige former, parametre og farver til r\u00e5dighed<\/td>\n<\/tr>\n<tr>\n<td class=\"label\">Almindelig sprogbrug<\/td>\n<td>vinduer, d\u00f8re, v\u00e6gge, m\u00f8bler, arkitektoniske, dekorative, civile, industrielle og IT osv,<\/td>\n<\/tr>\n<tr>\n<td class=\"label\">Leveringsdetaljer<\/td>\n<td>10-20 dage \/ afh\u00e6nger af m\u00e6ngde og tegninger<\/td>\n<\/tr>\n<tr>\n<td class=\"label\">Kvalitet<\/td>\n<td>Kvaliteten er i overensstemmelse med international standard.<\/td>\n<\/tr>\n<tr>\n<td class=\"label\">Design<\/td>\n<td>OEM eller ODM er tilg\u00e6ngelig, send os din tegning<\/td>\n<\/tr>\n<tr>\n<td class=\"label\">Funktion<\/td>\n<td>H\u00f8j korrosionsbestandighed, vejrbestandighed, varmebestandighed, alkalibestandighed<\/td>\n<\/tr>\n<\/table>\n<h2>Vores produktionsbase<\/h2>\n<h3>Panorama over fabrikken<\/h3>\n<p><img decoding=\"async\" src=\"\/wp-content\/uploads\/factory-01.webp\"\/><\/p>\n<h3>V\u00e6rksted til fremstilling af aluminiumst\u00e6nger<\/h3>\n<p><img decoding=\"async\" src=\"\/wp-content\/uploads\/factory-02.webp\"\/><\/p>\n<\/p>\n<p><img decoding=\"async\" src=\"\/wp-content\/uploads\/factory-03.webp\"\/><\/p>\n<h3>Lager til opbevaring af skimmelsvampe<\/h3>\n<p><img decoding=\"async\" src=\"\/wp-content\/uploads\/factory-04.webp\"\/><\/p>\n<h3>43 ekstruderingslinjer for aluminium (500-5500 ton)<\/h3>\n<p><img decoding=\"async\" src=\"\/wp-content\/uploads\/factory-05.webp\"\/><\/p>\n<p><img decoding=\"async\" src=\"\/wp-content\/uploads\/factory-06.webp\"\/><\/p>\n<p><img decoding=\"async\" src=\"\/wp-content\/uploads\/factory-07.webp\"\/><\/p>\n<h3>V\u00e6rksted for pulverlakering<\/h3>\n<p><img decoding=\"async\" src=\"\/wp-content\/uploads\/factory-09.webp\"\/><\/p>\n<h3>Anodiseringsv\u00e6rksted<\/h3>\n<p><img decoding=\"async\" src=\"\/wp-content\/uploads\/factory-10.webp\"\/><\/p>\n<h3>Workshop om dyb behandling<\/h3>\n<p><img decoding=\"async\" src=\"\/wp-content\/uploads\/factory-11.webp\"\/><\/p>\n<h3>V\u00e6rksted for CNC-pr\u00e6cisionsbearbejdning<\/h3>\n<p><img decoding=\"async\" src=\"\/wp-content\/uploads\/factory-11.5.webp\"\/><\/p>\n<h3>F\u00e6rdigvare- og eksportlager<\/h3>\n<p><img decoding=\"async\" src=\"\/wp-content\/uploads\/factory-12.webp\"\/><\/p>\n<p><img decoding=\"async\" src=\"\/wp-content\/uploads\/factory-13.webp\"\/><\/p>\n<p><img decoding=\"async\" src=\"\/wp-content\/uploads\/factory-14.webp\"\/><\/p>\n<h2>OFTE STILLEDE SP\u00d8RGSM\u00c5L<\/h2>\n<p><b>1. Hvad er en industriel b\u00f8rstet aluminiumsprofil til r\u00e6kv\u00e6rk og dekoration af udstillingslokaler? <\/b><\/p>\n<p> Det er en aluminiumsprofil med en b\u00f8rstet og poleret overfladefinish, der er designet til brug i r\u00e6kv\u00e6rkssystemer og showroomindretning for et slankt, moderne udseende.\n<\/p>\n<p><\/p>\n<p><b>2. Hvad er fordelene ved industrielle b\u00f8rstede aluminiumsprofiler? <\/b><\/p>\n<p> Disse profiler har en avanceret \u00e6stetik, fremragende korrosionsbestandighed, nem vedligeholdelse og holdbar ydeevne til b\u00e5de strukturelle og dekorative anvendelser.\n<\/p>\n<p><\/p>\n<p><b>3. Hvorfor v\u00e6lge b\u00f8rstet finish til aluminiumsprofiler? <\/b><\/p>\n<p> B\u00f8rstet polering giver et raffineret, mat metallook, der skjuler fingeraftryk og ridser, ideelt til omr\u00e5der med meget trafik og visuelt fremtr\u00e6dende omr\u00e5der som udstillingslokaler og gel\u00e6ndere.\n<\/p>\n<p><\/p>\n<p><b>4. Er den b\u00f8rstede, polerede aluminiumsprofil egnet til indend\u00f8rs og udend\u00f8rs brug? <\/b><\/p>\n<p> Ja, den b\u00f8rstede og polerede overflade, ofte kombineret med anodisering, g\u00f8r den modstandsdygtig over for fugt og UV-eksponering til langvarig indend\u00f8rs eller udend\u00f8rs brug.\n<\/p>\n<p><\/p>\n<p><b>5. Hvilke applikationer bruger industrielle b\u00f8rstede aluminiumsprofiler? <\/b><\/p>\n<p> Disse profiler bruges ofte til trappegel\u00e6ndere, balkongel\u00e6ndere, butiksinventar, udstillingsvinduer, skillev\u00e6gge og arkitektonisk bekl\u00e6dning.\n<\/p>\n<p><\/p>\n<p><b>6. Kan disse profiler tilpasses i st\u00f8rrelse og form? <\/b><\/p>\n<p> De kan absolut produceres i forskellige l\u00e6ngder, tv\u00e6rsnit og overflader for at opfylde specifikke design- og installationskrav.\n<\/p>\n<p><\/p>\n<p><b>7. Hvordan forbedrer b\u00f8rstet, poleret aluminium showroomets design? <\/b><\/p>\n<p> Det giver interi\u00f8ret et moderne, eksklusivt pr\u00e6g, reflekterer lyset p\u00e5 en attraktiv m\u00e5de og skaber et rent, professionelt look, der forbedrer produktpr\u00e6sentationen.\n<\/p>\n<p><\/p>\n<p><b>8. Er industrielle b\u00f8rstede aluminiumsprofiler nemme at vedligeholde? <\/b><\/p>\n<p> Ja, den glatte overflade er modstandsdygtig over for snavs og kr\u00e6ver kun lejlighedsvis reng\u00f8ring med en bl\u00f8d klud og et mildt reng\u00f8ringsmiddel for at forblive uber\u00f8rt.\n<\/p>\n<p><\/p>\n<p><b>9. Er b\u00f8rstet poleret aluminium milj\u00f8venligt? <\/b><\/p>\n<p> Ja, aluminium er 100% genanvendeligt, og efterbehandlingsprocessen er generelt lavemissions, hvilket g\u00f8r det til et b\u00e6redygtigt valg til moderne byggeri og design.\n<\/p>\n<p><\/p>\n<p><b>10. Hvor holdbar er en b\u00f8rstet, poleret aluminiumsprofil til gel\u00e6nderbrug? <\/b><\/p>\n<p> Meget holdbar - b\u00f8rstede og polerede aluminiumsprofiler er modstandsdygtige over for slid, korrosion og deformation, hvilket sikrer langvarig strukturel og visuel ydeevne.\n<\/p>\n<p><\/p>","protected":false},"featured_media":6055,"template":"","categories":[57],"class_list":["post-6056","product","type-product","status-publish","has-post-thumbnail","hentry","category-anodized-aluminum-profile"],"meta_box":{"hilight_text_group":{"product_hilight_text":"<li>Brushed polish finish offers a sleek, high-end aesthetic for modern spaces<\/li>\r\r\n<li>Durable aluminum construction ensures long-lasting performance and corrosion resistance<\/li>\r\r\n<li>Ideal for railings, showroom displays, and interior architectural accents<\/li>\r\r\n<li>Easy to fabricate and install, saving time and labor costs<\/li>\r\r\n<li>Customizable sizes and finishes to meet specific design and branding needs<\/li>","product_chanpin_chanpin":"<li><a href=\"https:\/\/sinoextrud.com\/product\/sandblasted-aluminum-profile\/\" target=\"_blank\">Sandblasted Aluminum Profile<\/a><\/li>\r\n<li><a href=\"https:\/\/sinoextrud.com\/product\/extruded-aluminum-stock\/\" target=\"_blank\">Extruded Aluminum Stock<\/a><\/li>\r\n<li><a href=\"https:\/\/sinoextrud.com\/product\/custom-anodized-aluminium-profiles\/\" target=\"_blank\">Custom Anodized Aluminium Profiles<\/a><\/li>\r\n<li><a href=\"https:\/\/sinoextrud.com\/product\/aluminium-profile-corner-joint\/\" target=\"_blank\">Aluminium Profile Corner Joint<\/a><\/li>\r\n<li><a href=\"https:\/\/sinoextrud.com\/product\/industrial-aluminum-brushed-polish-profile-for-railing-and-showroom-decoration\/\" target=\"_blank\">Industrial Aluminum Brushed Polish Profile For Railing And Showroom Decoration<\/a><\/li>\r\n<li><a href=\"https:\/\/sinoextrud.com\/product\/anodized-aluminum\/\" target=\"_blank\">Anodized Aluminum<\/a><\/li>\r\n<li><a href=\"https:\/\/sinoextrud.com\/product\/large-aluminum-extrusion-2\/\" target=\"_blank\">Large Aluminum Extrusion<\/a><\/li>\r\n<li><a href=\"https:\/\/sinoextrud.com\/product\/aluminium-door-extrusions-profiles\/\" target=\"_blank\">Aluminium Door Extrusions Profiles<\/a><\/li>\r\n<li><a href=\"https:\/\/sinoextrud.com\/product\/aluminium-extrusion-profile-handle\/\" target=\"_blank\">Aluminium Extrusion Profile Handle<\/a><\/li>\r\n<li><a href=\"https:\/\/sinoextrud.com\/product\/cnc-machining-aluminium-profile-connectors\/\" target=\"_blank\">CNC Machining Aluminium Profile Connectors<\/a><\/li>\r\n<li><a href=\"https:\/\/sinoextrud.com\/product\/oem-precision-cnc-machining-for-aluminum-parts\/\" target=\"_blank\">OEM Precision CNC Machining For Aluminum Parts<\/a><\/li>"},"feature_list":[]},"_links":{"self":[{"href":"https:\/\/sinoextrud.com\/da\/wp-json\/wp\/v2\/product\/6056","targetHints":{"allow":["GET"]}}],"collection":[{"href":"https:\/\/sinoextrud.com\/da\/wp-json\/wp\/v2\/product"}],"about":[{"href":"https:\/\/sinoextrud.com\/da\/wp-json\/wp\/v2\/types\/product"}],"wp:featuredmedia":[{"embeddable":true,"href":"https:\/\/sinoextrud.com\/da\/wp-json\/wp\/v2\/media\/6055"}],"wp:attachment":[{"href":"https:\/\/sinoextrud.com\/da\/wp-json\/wp\/v2\/media?parent=6056"}],"wp:term":[{"taxonomy":"category","embeddable":true,"href":"https:\/\/sinoextrud.com\/da\/wp-json\/wp\/v2\/categories?post=6056"}],"curies":[{"name":"wp","href":"https:\/\/api.w.org\/{rel}","templated":true}]}}