{"id":6052,"date":"2025-05-24T03:21:24","date_gmt":"2025-05-24T03:21:24","guid":{"rendered":"https:\/\/sinoextrud.com\/product\/custom-anodized-aluminium-profiles\/"},"modified":"2025-06-24T03:53:51","modified_gmt":"2025-06-24T03:53:51","slug":"specialfremstillede-anodiserede-aluminiumsprofiler","status":"publish","type":"product","link":"https:\/\/sinoextrud.com\/da\/product\/custom-anodized-aluminium-profiles\/","title":{"rendered":"Brugerdefinerede anodiserede aluminiumsprofiler"},"content":{"rendered":"<h2>Detaljer om produkter<\/h2>\n<table class=\"custom-table\">\n<tr>\n<td class=\"label\">Farve<\/td>\n<td>klar, naturlig, guld, s\u00f8lv, pink, hvid, sort, bl\u00e5, m\u00f8rk, brun, gr\u00e5, gr\u00f8n, champagne, flerfarvet<\/td>\n<\/tr>\n<tr>\n<td class=\"label\">Lysstyrke<\/td>\n<td>mat, blank<\/td>\n<\/tr>\n<tr>\n<td class=\"label\">metallisk effekt<\/td>\n<td>messing, kobber<\/td>\n<\/tr>\n<tr>\n<td class=\"label\">Overfladebehandling<\/td>\n<td>poleret anodiseret, b\u00f8rstet anodiseret, satinanodiseret, anodiseret pulverlakeret osv.<\/td>\n<\/tr>\n<tr>\n<td class=\"label\">Materiale af aluminiumslegering<\/td>\n<td>7075, 5052, 6063, 6061 osv. (Du kan tilpasse, hvad du vil have)<\/td>\n<\/tr>\n<tr>\n<td class=\"label\">Anvendelser<\/td>\n<td>skinne, fodpaneler, vinduesrammer, ramme, r\u00f8r, vinkel, vinkelbekl\u00e6dning, bageudstyr, blok, flad stang, k\u00f8kkengrej, facade, tagd\u00e6kning osv.<\/td>\n<\/tr>\n<\/table>\n<h2>Vores produktionsbase<\/h2>\n<h3>Panorama over fabrikken<\/h3>\n<p><img decoding=\"async\" src=\"\/wp-content\/uploads\/factory-01.webp\"\/><\/p>\n<h3>V\u00e6rksted til fremstilling af aluminiumst\u00e6nger<\/h3>\n<p><img decoding=\"async\" src=\"\/wp-content\/uploads\/factory-02.webp\"\/><\/p>\n<p><img decoding=\"async\" src=\"\/wp-content\/uploads\/factory-03.webp\"\/><\/p>\n<h3>Lager til opbevaring af skimmelsvampe<\/h3>\n<p><img decoding=\"async\" src=\"\/wp-content\/uploads\/factory-04.webp\"\/><\/p>\n<h3>43 ekstruderingslinjer for aluminium (500-5500 ton)<\/h3>\n<p><img decoding=\"async\" src=\"\/wp-content\/uploads\/factory-05.webp\"\/><\/p>\n<p><img decoding=\"async\" src=\"\/wp-content\/uploads\/factory-06.webp\"\/><\/p>\n<p><img decoding=\"async\" src=\"\/wp-content\/uploads\/factory-07.webp\"\/><\/p>\n<h3>V\u00e6rksted for pulverlakering<\/h3>\n<p><img decoding=\"async\" src=\"\/wp-content\/uploads\/factory-09.webp\"\/><\/p>\n<h3>Anodiseringsv\u00e6rksted<\/h3>\n<p><img decoding=\"async\" src=\"\/wp-content\/uploads\/factory-10.webp\"\/><\/p>\n<h3>Workshop om dyb behandling<\/h3>\n<p><img decoding=\"async\" src=\"\/wp-content\/uploads\/factory-11.webp\"\/><\/p>\n<h3>V\u00e6rksted for CNC-pr\u00e6cisionsbearbejdning<\/h3>\n<p><img decoding=\"async\" src=\"\/wp-content\/uploads\/factory-11.5.webp\"\/><\/p>\n<h3>F\u00e6rdigvare- og eksportlager<\/h3>\n<p><img decoding=\"async\" src=\"\/wp-content\/uploads\/factory-12.webp\"\/><\/p>\n<p><img decoding=\"async\" src=\"\/wp-content\/uploads\/factory-13.webp\"\/><\/p>\n<p><img decoding=\"async\" src=\"\/wp-content\/uploads\/factory-14.webp\"\/><\/p>\n<h2>OFTE STILLEDE SP\u00d8RGSM\u00c5L<\/h2>\n<p><p><b>1. Hvad er brugerdefinerede anodiserede aluminiumsprofiler? <\/b><\/p>\n<p> Custom Anodized Aluminium Profiles er aluminiumsprofiler, der er skr\u00e6ddersyet i form, st\u00f8rrelse og finish og derefter anodiseret for at forbedre overfladens holdbarhed, korrosionsbestandighed og udseende.<br \/>\n<\/p><br \/>\n<br \/>\n<p><b>2. Hvad er fordelene ved brugerdefinerede anodiserede aluminiumsprofiler? <\/b><\/p>\n<p> Disse profiler giver pr\u00e6cis tilpasning, langtidsholdbar anodiseret beskyttelse, \u00e6stetisk fleksibilitet og forbedret slid- og korrosionsbestandighed.<br \/>\n<\/p><br \/>\n<br \/>\n<p><b>3. Hvorfor v\u00e6lge anodisering til specialfremstillede aluminiumsprofiler? <\/b><\/p>\n<p> Anodisering styrker overfladen, forbedrer UV- og korrosionsbestandigheden og giver mulighed for en r\u00e6kke farve- og strukturmuligheder uden at g\u00e5 p\u00e5 kompromis med aluminiumsintegriteten.<br \/>\n<\/p><br \/>\n<br \/>\n<p><b>4. Kan brugerdefinerede anodiserede aluminiumsprofiler bruges udend\u00f8rs? <\/b><\/p>\n<p> Ja, den anodiserede bel\u00e6gning g\u00f8r dem meget modstandsdygtige over for vejrlig, hvilket g\u00f8r dem ideelle til udend\u00f8rs konstruktioner, facader og arkitektoniske anvendelser.<br \/>\n<\/p><br \/>\n<br \/>\n<p><b>5. Hvilke overflader er tilg\u00e6ngelige for brugerdefinerede anodiserede aluminiumsprofiler? <\/b><\/p>\n<p> De tilg\u00e6ngelige overflader omfatter mat, satin, b\u00f8rstet og blank med anodiserede farvemuligheder som s\u00f8lv, sort, bronze, guld og champagne.<br \/>\n<\/p><br \/>\n<br \/>\n<p><b>6. Er specialfremstillede anodiserede aluminiumsprofiler milj\u00f8venlige? <\/b><\/p>\n<p> Ja, aluminium er fuldt genanvendeligt, og anodisering er en giftfri, milj\u00f8venlig proces, hvilket g\u00f8r disse profiler til en b\u00e6redygtig designl\u00f8sning.<br \/>\n<\/p><br \/>\n<br \/>\n<p><b>7. Hvilke industrier bruger brugerdefinerede anodiserede aluminiumsprofiler? <\/b><\/p>\n<p> De bruges i vid udstr\u00e6kning inden for byggeri, bilindustri, rumfart, indretning, elektronik og m\u00f8bler til strukturelle og dekorative form\u00e5l.<br \/>\n<\/p><br \/>\n<br \/>\n<p><b>8. Hvor l\u00e6nge holder den anodiserede finish p\u00e5 specialfremstillede aluminiumsprofiler? <\/b><\/p>\n<p> Det anodiserede lag er ekstremt holdbart og giver beskyttelse i \u00e5rtier uden at skalle af, falme eller korrodere under normale forhold.<br \/>\n<\/p><br \/>\n<br \/>\n<p><b>9. Kan brugerdefinerede anodiserede aluminiumsprofiler produceres i sm\u00e5 serier? <\/b><\/p>\n<p> Ja, producenterne kan im\u00f8dekomme b\u00e5de store og sm\u00e5 ordrer, hvilket g\u00f8r dem velegnede til prototyper og specialiserede projekter.<br \/>\n<\/p><br \/>\n<br \/>\n<p><b>10. Er det nemt at installere anodiserede aluminiumsprofiler efter m\u00e5l? <\/b><\/p>\n<p> Disse profiler er lette, nemme at bearbejde og kan monteres eller samles ved hj\u00e6lp af standardbeslag og -forbindelser.<br \/>\n<\/p><br \/><\/p>","protected":false},"featured_media":6051,"template":"","categories":[57],"class_list":["post-6052","product","type-product","status-publish","has-post-thumbnail","hentry","category-anodized-aluminum-profile"],"meta_box":{"hilight_text_group":{"product_hilight_text":"<li>Custom profiles tailored to specific dimensions, shapes, and applications<\/li>\r\r\n<li>Anodized surface offers excellent corrosion, wear, and UV resistance<\/li>\r\r\n<li>Available in a variety of colors and finishes to match design requirements<\/li>\r\r\n<li>Durable, low-maintenance solution ideal for architectural and industrial use<\/li>\r\r\n<li>Improved surface hardness and aesthetic appeal for high-end projects<\/li>","product_chanpin_chanpin":"<li><a href=\"https:\/\/sinoextrud.com\/product\/extruded-aluminium-profile-with-sand-blasted-treatment\/\" target=\"_blank\">Extruded Aluminium Profile With Sand Blasted Treatment<\/a><\/li>\r\n<li><a href=\"https:\/\/sinoextrud.com\/product\/anodized-aluminum-trim-molding\/\" target=\"_blank\">Anodized Aluminum Trim Molding<\/a><\/li>\r\n<li><a href=\"https:\/\/sinoextrud.com\/product\/sandblasted-aluminum-profile\/\" target=\"_blank\">Sandblasted Aluminum Profile<\/a><\/li>\r\n<li><a href=\"https:\/\/sinoextrud.com\/product\/extruded-aluminum-stock\/\" target=\"_blank\">Extruded Aluminum Stock<\/a><\/li>\r\n<li><a href=\"https:\/\/sinoextrud.com\/product\/custom-anodized-aluminium-profiles\/\" target=\"_blank\">Custom Anodized Aluminium Profiles<\/a><\/li>\r\n<li><a href=\"https:\/\/sinoextrud.com\/product\/aluminium-profile-corner-joint\/\" target=\"_blank\">Aluminium Profile Corner Joint<\/a><\/li>\r\n<li><a href=\"https:\/\/sinoextrud.com\/product\/industrial-aluminum-brushed-polish-profile-for-railing-and-showroom-decoration\/\" target=\"_blank\">Industrial Aluminum Brushed Polish Profile For Railing And Showroom Decoration<\/a><\/li>\r\n<li><a href=\"https:\/\/sinoextrud.com\/product\/anodized-aluminum\/\" target=\"_blank\">Anodized Aluminum<\/a><\/li>\r\n<li><a href=\"https:\/\/sinoextrud.com\/product\/large-aluminum-extrusion-2\/\" target=\"_blank\">Large Aluminum Extrusion<\/a><\/li>\r\n<li><a href=\"https:\/\/sinoextrud.com\/product\/picture-frame-extrusions\/\" target=\"_blank\">Picture Frame Extrusions<\/a><\/li>\r\n<li><a href=\"https:\/\/sinoextrud.com\/product\/aluminum-extrusion-profile-rolling-shutter\/\" target=\"_blank\">Aluminum Extrusion Profile Rolling Shutter<\/a><\/li>"},"feature_list":[]},"_links":{"self":[{"href":"https:\/\/sinoextrud.com\/da\/wp-json\/wp\/v2\/product\/6052","targetHints":{"allow":["GET"]}}],"collection":[{"href":"https:\/\/sinoextrud.com\/da\/wp-json\/wp\/v2\/product"}],"about":[{"href":"https:\/\/sinoextrud.com\/da\/wp-json\/wp\/v2\/types\/product"}],"wp:featuredmedia":[{"embeddable":true,"href":"https:\/\/sinoextrud.com\/da\/wp-json\/wp\/v2\/media\/6051"}],"wp:attachment":[{"href":"https:\/\/sinoextrud.com\/da\/wp-json\/wp\/v2\/media?parent=6052"}],"wp:term":[{"taxonomy":"category","embeddable":true,"href":"https:\/\/sinoextrud.com\/da\/wp-json\/wp\/v2\/categories?post=6052"}],"curies":[{"name":"wp","href":"https:\/\/api.w.org\/{rel}","templated":true}]}}