{"id":6044,"date":"2025-05-24T03:09:21","date_gmt":"2025-05-24T03:09:21","guid":{"rendered":"https:\/\/sinoextrud.com\/product\/extruded-aluminium-profile-with-sand-blasted-treatment\/"},"modified":"2025-06-24T03:53:41","modified_gmt":"2025-06-24T03:53:41","slug":"ekstruderet-aluminiumsprofil-med-sandblaest-behandling","status":"publish","type":"product","link":"https:\/\/sinoextrud.com\/da\/product\/extruded-aluminium-profile-with-sand-blasted-treatment\/","title":{"rendered":"Ekstruderet aluminiumsprofil med sandbl\u00e6st behandling"},"content":{"rendered":"<h2>Detaljer om produkter<\/h2>\n<table class=\"custom-table\">\n<tr>\n<td class=\"label\">Vare:<\/td>\n<td> Ekstruderet aluminium, sandbl\u00e6st profil<\/td>\n<\/tr>\n<tr>\n<td class=\"label\">Temperament:<\/td>\n<td> T3-T8<\/td>\n<\/tr>\n<tr>\n<td class=\"label\">Legering:<\/td>\n<td> Legering<\/td>\n<\/tr>\n<tr>\n<td class=\"label\">Karakter:<\/td>\n<td> 6000-serien<\/td>\n<\/tr>\n<tr>\n<td class=\"label\">St\u00f8rrelse:<\/td>\n<td> Brugerdefineret<\/td>\n<\/tr>\n<tr>\n<td class=\"label\">Ekstra service:<\/td>\n<td> OEM<\/td>\n<\/tr>\n<tr>\n<td class=\"label\">Kvalitetskontrol:<\/td>\n<td> 100% Inspektion f\u00f8r afsendelse<\/td>\n<\/tr>\n<\/table>\n<h2>Vores produktionsbase<\/h2>\n<h3>Panorama over fabrikken<\/h3>\n<p><img decoding=\"async\" src=\"\/wp-content\/uploads\/factory-01.webp\"\/><\/p>\n<h3>V\u00e6rksted til fremstilling af aluminiumst\u00e6nger<\/h3>\n<p><img decoding=\"async\" src=\"\/wp-content\/uploads\/factory-02.webp\"\/><\/p>\n<p><img decoding=\"async\" src=\"\/wp-content\/uploads\/factory-03.webp\"\/><\/p>\n<h3>Lager til opbevaring af skimmelsvampe<\/h3>\n<p><img decoding=\"async\" src=\"\/wp-content\/uploads\/factory-04.webp\"\/><\/p>\n<h3>43 ekstruderingslinjer for aluminium (500-5500 ton)<\/h3>\n<p><img decoding=\"async\" src=\"\/wp-content\/uploads\/factory-05.webp\"\/><\/p>\n<p><img decoding=\"async\" src=\"\/wp-content\/uploads\/factory-06.webp\"\/><\/p>\n<p><img decoding=\"async\" src=\"\/wp-content\/uploads\/factory-07.webp\"\/><\/p>\n<h3>V\u00e6rksted for pulverlakering<\/h3>\n<p><img decoding=\"async\" src=\"\/wp-content\/uploads\/factory-09.webp\"\/><\/p>\n<h3>Anodiseringsv\u00e6rksted<\/h3>\n<p><img decoding=\"async\" src=\"\/wp-content\/uploads\/factory-10.webp\"\/><\/p>\n<h3>Workshop om dyb behandling<\/h3>\n<p><img decoding=\"async\" src=\"\/wp-content\/uploads\/factory-11.webp\"\/><\/p>\n<h3>V\u00e6rksted for CNC-pr\u00e6cisionsbearbejdning<\/h3>\n<p><img decoding=\"async\" src=\"\/wp-content\/uploads\/factory-11.5.webp\"\/><\/p>\n<h3>F\u00e6rdigvare- og eksportlager<\/h3>\n<p><img decoding=\"async\" src=\"\/wp-content\/uploads\/factory-12.webp\"\/><\/p>\n<p><img decoding=\"async\" src=\"\/wp-content\/uploads\/factory-13.webp\"\/><\/p>\n<p><img decoding=\"async\" src=\"\/wp-content\/uploads\/factory-14.webp\"\/><\/p>\n<h2>OFTE STILLEDE SP\u00d8RGSM\u00c5L<\/h2>\n<p><p><b>1. Hvad er en ekstruderet aluminiumsprofil med sandbl\u00e6st behandling? <\/b><\/p>\n<p> Det er en aluminiumsprofil, der er skabt gennem ekstrudering og afsluttet med sandbl\u00e6sning for at opn\u00e5 en glat, mat og ensartet overfladestruktur.<br \/>\n<\/p><br \/>\n<br \/>\n<p><b>2. Hvad er fordelene ved sandbl\u00e6ste ekstruderede aluminiumsprofiler? <\/b><\/p>\n<p> Disse profiler giver forbedret ensartethed i overfladen, reducerede mekaniske striber, forbedret \u00e6stetik og fremragende forbehandling til anodisering eller coating.<br \/>\n<\/p><br \/>\n<br \/>\n<p><b>3. Hvorfor v\u00e6lge sandbl\u00e6st behandling til aluminiumsprofiler? <\/b><\/p>\n<p> Sandbl\u00e6sning fjerner uj\u00e6vnheder i overfladen, forbedrer vedh\u00e6ftningen for finish og giver et moderne, mat look, der er ideelt til arkitektoniske og dekorative anvendelser.<br \/>\n<\/p><br \/>\n<br \/>\n<p><b>4. Er sandbl\u00e6st aluminium egnet til anodisering? <\/b><\/p>\n<p> Ja, sandbl\u00e6ste overflader er ideelle til anodisering, da behandlingen \u00f8ger overfladearealet og forbedrer bel\u00e6gningens vedh\u00e6ftning og ensartethed.<br \/>\n<\/p><br \/>\n<br \/>\n<p><b>5. Hvor bruges sandbl\u00e6ste ekstruderede aluminiumsprofiler ofte? <\/b><\/p>\n<p> De bruges i arkitektoniske udsmykninger, interi\u00f8r, forbrugerelektronik, bilbekl\u00e6dning og avancerede m\u00f8bler.<br \/>\n<\/p><br \/>\n<br \/>\n<p><b>6. P\u00e5virker sandbl\u00e6sning aluminiumsprofilens styrke? <\/b><\/p>\n<p> Nej, sandbl\u00e6sning p\u00e5virker kun overfladen og g\u00e5r ikke p\u00e5 kompromis med aluminiumsprofilens strukturelle styrke eller integritet.<br \/>\n<\/p><br \/>\n<br \/>\n<p><b>7. Kan sandbl\u00e6ste ekstruderede aluminiumsprofiler tilpasses? <\/b><\/p>\n<p> De kan absolut produceres i forskellige former, st\u00f8rrelser, legeringer og kombineres med anodiseret eller pulverlakeret finish.<br \/>\n<\/p><br \/>\n<br \/>\n<p><b>8. Er sandbl\u00e6ste aluminiumsprofiler egnede til udend\u00f8rs brug? <\/b><\/p>\n<p> Ja, is\u00e6r n\u00e5r de kombineres med anodisering eller pulverlakering, giver de fremragende korrosionsbestandighed og vejrbestandighed.<br \/>\n<\/p><br \/>\n<br \/>\n<p><b>9. Hvilke \u00e6stetiske fordele giver sandbl\u00e6st aluminium? <\/b><\/p>\n<p> Det giver en raffineret, ikke-reflekterende mat finish, der skjuler fingeraftryk og overfladefejl, hvilket g\u00f8r det ideelt til synlige komponenter.<br \/>\n<\/p><br \/>\n<br \/>\n<p><b>10. Er sandbl\u00e6st aluminium en milj\u00f8venlig l\u00f8sning? <\/b><\/p>\n<p> Ja, aluminium er genanvendeligt, og sandbl\u00e6sning er en t\u00f8r, kemikaliefri overfladebehandling, hvilket g\u00f8r det til et milj\u00f8m\u00e6ssigt ansvarligt valg.<br \/>\n<\/p><br \/><\/p>","protected":false},"featured_media":6043,"template":"","categories":[57],"class_list":["post-6044","product","type-product","status-publish","has-post-thumbnail","hentry","category-anodized-aluminum-profile"],"meta_box":{"hilight_text_group":{"product_hilight_text":"<li>Sand blasted finish delivers a uniform matte texture ideal for high-end applications<\/li>\r\r\n<li>Enhanced surface adhesion for anodizing, painting, or powder coating<\/li>\r\r\n<li>Removes surface imperfections for a clean and refined appearance<\/li>\r\r\n<li>Improved corrosion resistance when combined with anodized treatment<\/li>\r\r\n<li>Customizable profiles and finishes to suit architectural and industrial needs<\/li>","product_chanpin_chanpin":"<li><a href=\"https:\/\/sinoextrud.com\/product\/anodized-aluminium-extrusion-profile-for-frame-construction-system\/\" target=\"_blank\">Anodized aluminium extrusion profile for frame construction system<\/a><\/li>\r\n<li><a href=\"https:\/\/sinoextrud.com\/product\/anodized-mill-finish-auminium-extrusion-angle\/\" target=\"_blank\">Anodized Mill Finish Auminium Extrusion Angle<\/a><\/li>\r\n<li><a href=\"https:\/\/sinoextrud.com\/product\/anodised-aluminium-extrusions\/\" target=\"_blank\">Anodised Aluminium Extrusions<\/a><\/li>\r\n<li><a href=\"https:\/\/sinoextrud.com\/product\/anodized-extruded-aluminum-edging-for-plywood\/\" target=\"_blank\">Anodized Extruded Aluminum Edging For Plywood<\/a><\/li>\r\n<li><a href=\"https:\/\/sinoextrud.com\/product\/extruded-aluminium-profile-with-sand-blasted-treatment\/\" target=\"_blank\">Extruded Aluminium Profile With Sand Blasted Treatment<\/a><\/li>\r\n<li><a href=\"https:\/\/sinoextrud.com\/product\/anodized-aluminum-trim-molding\/\" target=\"_blank\">Anodized Aluminum Trim Molding<\/a><\/li>\r\n<li><a href=\"https:\/\/sinoextrud.com\/product\/sandblasted-aluminum-profile\/\" target=\"_blank\">Sandblasted Aluminum Profile<\/a><\/li>\r\n<li><a href=\"https:\/\/sinoextrud.com\/product\/extruded-aluminum-stock\/\" target=\"_blank\">Extruded Aluminum Stock<\/a><\/li>\r\n<li><a href=\"https:\/\/sinoextrud.com\/product\/custom-anodized-aluminium-profiles\/\" target=\"_blank\">Custom Anodized Aluminium Profiles<\/a><\/li>\r\n<li><a href=\"https:\/\/sinoextrud.com\/product\/aluminum-price-per-pound\/\" target=\"_blank\">Aluminum Price Per Pound<\/a><\/li>\r\n<li><a href=\"https:\/\/sinoextrud.com\/product\/aluminium-extrusion-table\/\" target=\"_blank\">Aluminium Extrusion Table<\/a><\/li>"},"feature_list":[]},"_links":{"self":[{"href":"https:\/\/sinoextrud.com\/da\/wp-json\/wp\/v2\/product\/6044","targetHints":{"allow":["GET"]}}],"collection":[{"href":"https:\/\/sinoextrud.com\/da\/wp-json\/wp\/v2\/product"}],"about":[{"href":"https:\/\/sinoextrud.com\/da\/wp-json\/wp\/v2\/types\/product"}],"wp:featuredmedia":[{"embeddable":true,"href":"https:\/\/sinoextrud.com\/da\/wp-json\/wp\/v2\/media\/6043"}],"wp:attachment":[{"href":"https:\/\/sinoextrud.com\/da\/wp-json\/wp\/v2\/media?parent=6044"}],"wp:term":[{"taxonomy":"category","embeddable":true,"href":"https:\/\/sinoextrud.com\/da\/wp-json\/wp\/v2\/categories?post=6044"}],"curies":[{"name":"wp","href":"https:\/\/api.w.org\/{rel}","templated":true}]}}