{"id":6042,"date":"2025-05-24T03:06:08","date_gmt":"2025-05-24T03:06:08","guid":{"rendered":"https:\/\/sinoextrud.com\/product\/anodized-extruded-aluminum-edging-for-plywood\/"},"modified":"2025-06-24T03:53:39","modified_gmt":"2025-06-24T03:53:39","slug":"anodiseret-ekstruderet-aluminiumskant-til-krydsfiner","status":"publish","type":"product","link":"https:\/\/sinoextrud.com\/da\/product\/anodized-extruded-aluminum-edging-for-plywood\/","title":{"rendered":"Anodiseret ekstruderet aluminiumskant til krydsfiner"},"content":{"rendered":"<h2>Detaljer om produkter<\/h2>\n<table class=\"custom-table\">\n<tr>\n<td class=\"label\">Karakter:<\/td>\n<td>6063 -t5<\/td>\n<\/tr>\n<tr>\n<td class=\"label\">Teknik:<\/td>\n<td>Anodiseret ekstruderet aluminium<\/td>\n<\/tr>\n<tr>\n<td class=\"label\">Temperament:<\/td>\n<td>T3 - T8<\/td>\n<\/tr>\n<tr>\n<td class=\"label\">Bearbejdningstjenester:<\/td>\n<td>Boring, gevindsk\u00e6ring, nitning, montering osv.<\/td>\n<\/tr>\n<tr>\n<td class=\"label\">Type:<\/td>\n<td>Anodiseret ekstruderet aluminiumskant til krydsfiner<\/td>\n<\/tr>\n<tr>\n<td class=\"label\">Form:<\/td>\n<td>Lavet som kundernes design<\/td>\n<\/tr>\n<tr>\n<td class=\"label\">Overfladebehandling:<\/td>\n<td>Mill Finish Anodiseret B\u00f8rstet<\/td>\n<\/tr>\n<tr>\n<td class=\"label\">L\u00e6ngde:<\/td>\n<td>3 til 6 meter pr. l\u00e6ngde<\/td>\n<\/tr>\n<tr>\n<td class=\"label\">Farver:<\/td>\n<td>S\u00f8lv Sort<\/td>\n<\/tr>\n<tr>\n<td class=\"label\">HS-kode:<\/td>\n<td>76042990<\/td>\n<\/tr>\n<\/table>\n<h2>Vores produktionsbase<\/h2>\n<h3>Panorama over fabrikken<\/h3>\n<p><img decoding=\"async\" src=\"\/wp-content\/uploads\/factory-01.webp\"\/><\/p>\n<h3>V\u00e6rksted til fremstilling af aluminiumst\u00e6nger<\/h3>\n<p><img decoding=\"async\" src=\"\/wp-content\/uploads\/factory-02.webp\"\/><\/p>\n<p><img decoding=\"async\" src=\"\/wp-content\/uploads\/factory-03.webp\"\/><\/p>\n<h3>Lager til opbevaring af skimmelsvampe<\/h3>\n<p><img decoding=\"async\" src=\"\/wp-content\/uploads\/factory-04.webp\"\/><\/p>\n<h3>43 ekstruderingslinjer for aluminium (500-5500 ton)<\/h3>\n<p><img decoding=\"async\" src=\"\/wp-content\/uploads\/factory-05.webp\"\/><\/p>\n<p><img decoding=\"async\" src=\"\/wp-content\/uploads\/factory-06.webp\"\/><\/p>\n<p><img decoding=\"async\" src=\"\/wp-content\/uploads\/factory-07.webp\"\/><\/p>\n<h3>V\u00e6rksted for pulverlakering<\/h3>\n<p><img decoding=\"async\" src=\"\/wp-content\/uploads\/factory-09.webp\"\/><\/p>\n<h3>Anodiseringsv\u00e6rksted<\/h3>\n<p><img decoding=\"async\" src=\"\/wp-content\/uploads\/factory-10.webp\"\/><\/p>\n<h3>Workshop om dyb behandling<\/h3>\n<p><img decoding=\"async\" src=\"\/wp-content\/uploads\/factory-11.webp\"\/><\/p>\n<h3>V\u00e6rksted for CNC-pr\u00e6cisionsbearbejdning<\/h3>\n<p><img decoding=\"async\" src=\"\/wp-content\/uploads\/factory-11.5.webp\"\/><\/p>\n<h3>F\u00e6rdigvare- og eksportlager<\/h3>\n<p><img decoding=\"async\" src=\"\/wp-content\/uploads\/factory-12.webp\"\/><\/p>\n<p><img decoding=\"async\" src=\"\/wp-content\/uploads\/factory-13.webp\"\/><\/p>\n<p><img decoding=\"async\" src=\"\/wp-content\/uploads\/factory-14.webp\"\/><\/p>\n<h2>OFTE STILLEDE SP\u00d8RGSM\u00c5L<\/h2>\n<p><p><b>1. Hvad er anodiseret ekstruderet aluminiumskant til krydsfiner? <\/b><\/p>\n<p> Anodiseret ekstruderet aluminiumskant til krydsfiner er en beskyttende og dekorativ aluminiumsbekl\u00e6dning, der er designet til at forst\u00e6rke og afslutte de udsatte kanter p\u00e5 krydsfinerplader.<br \/>\n<\/p><br \/>\n<br \/>\n<p><b>2. Hvad er fordelene ved at bruge anodiseret aluminiumskant p\u00e5 krydsfiner? <\/b><\/p>\n<p> Det giver kantbeskyttelse, forbedrer udseendet, forhindrer sk\u00e5r og tilf\u00f8jer korrosionsbestandighed takket v\u00e6re den holdbare anodiserede overflade.<br \/>\n<\/p><br \/>\n<br \/>\n<p><b>3. Hvorfor v\u00e6lge anodiseret aluminium til krydsfinerkanter? <\/b><\/p>\n<p> Anodiseret aluminium er let, rustbestandigt og giver en langtidsholdbar finish, der forbedrer b\u00e5de holdbarheden og \u00e6stetikken af krydsfineroverflader.<br \/>\n<\/p><br \/>\n<br \/>\n<p><b>4. Er anodiseret ekstruderet aluminiumskant let at installere? <\/b><\/p>\n<p> Ja, den er nem at sk\u00e6re til og montere og kan fastg\u00f8res med lim, s\u00f8m eller skruer, hvilket g\u00f8r den ideel til b\u00e5de professionel og g\u00f8r-det-selv brug.<br \/>\n<\/p><br \/>\n<br \/>\n<p><b>5. Kan kanter af anodiseret aluminium bruges til krydsfiner indvendigt og udvendigt? <\/b><\/p>\n<p> Den anodiserede bel\u00e6gning g\u00f8r den velegnet til b\u00e5de indend\u00f8rs og udend\u00f8rs milj\u00f8er og giver en st\u00e6rk beskyttelse mod fugt og slitage.<br \/>\n<\/p><br \/>\n<br \/>\n<p><b>6. Hvilke overflader er tilg\u00e6ngelige for anodiserede aluminiumskanter? <\/b><\/p>\n<p> Almindelige overflader omfatter mat, b\u00f8rstet, satin og blank, med farvemuligheder som s\u00f8lv, sort, guld og bronze for at give fleksibilitet i det tilpassede design.<br \/>\n<\/p><br \/>\n<br \/>\n<p><b>7. Forbedrer anodiserede kanter udseendet af krydsfin\u00e9rm\u00f8bler? <\/b><\/p>\n<p> Ja, det giver et slankt, moderne look og rene linjer, der forbedrer den samlede pr\u00e6sentation og v\u00e6rdi af krydsfinerbaserede m\u00f8bler og skabe.<br \/>\n<\/p><br \/>\n<br \/>\n<p><b>8. Kan kanter af anodiseret ekstruderet aluminium tilpasses? <\/b><\/p>\n<p> Ja, den kan tilpasses i tykkelse, bredde, form og anodiseret farve for at opfylde specifikke design- og funktionsbehov.<br \/>\n<\/p><br \/>\n<br \/>\n<p><b>9. Hvor l\u00e6nge holder den anodiserede finish p\u00e5 aluminiumskanter? <\/b><\/p>\n<p> Den anodiserede overflade er ekstremt holdbar og kan holde i \u00e5rtier uden at skalle af, falme eller korrodere under normale brugsforhold.<br \/>\n<\/p><br \/>\n<br \/>\n<p><b>10. Er kanter af anodiseret aluminium milj\u00f8venlige? <\/b><\/p>\n<p> Ja, aluminium er 100% genanvendeligt, og anodisering er en sikker, milj\u00f8venlig proces, hvilket g\u00f8r det til en b\u00e6redygtig kantl\u00f8sning til krydsfinerprodukter.<br \/>\n<\/p><br \/><\/p>","protected":false},"featured_media":6041,"template":"","categories":[57],"class_list":["post-6042","product","type-product","status-publish","has-post-thumbnail","hentry","category-anodized-aluminum-profile"],"meta_box":{"hilight_text_group":{"product_hilight_text":"<li>Protects plywood edges from damage, moisture, and wear<\/li>\r\r\n<li>Anodized finish offers a sleek look and enhanced corrosion resistance<\/li>\r\r\n<li>Provides a clean, professional edge for furniture, panels, and displays<\/li>\r\r\n<li>Easy to cut and install, improving production efficiency<\/li>\r\r\n<li>Available in various sizes and finishes to match design requirements<\/li>","product_chanpin_chanpin":"<li><a href=\"https:\/\/sinoextrud.com\/product\/anodized-champagne-aluminium-color-matte-anodized-sand-blasting-6063-alloy-extrusion-profiles\/\" target=\"_blank\">Anodized Champagne aluminium color matte anodized sand blasting 6063 alloy extrusion profiles<\/a><\/li>\r\n<li><a href=\"https:\/\/sinoextrud.com\/product\/anodized-aluminium-extrusion-profile-for-frame-construction-system\/\" target=\"_blank\">Anodized aluminium extrusion profile for frame construction system<\/a><\/li>\r\n<li><a href=\"https:\/\/sinoextrud.com\/product\/anodized-mill-finish-auminium-extrusion-angle\/\" target=\"_blank\">Anodized Mill Finish Auminium Extrusion Angle<\/a><\/li>\r\n<li><a href=\"https:\/\/sinoextrud.com\/product\/anodised-aluminium-extrusions\/\" target=\"_blank\">Anodised Aluminium Extrusions<\/a><\/li>\r\n<li><a href=\"https:\/\/sinoextrud.com\/product\/anodized-extruded-aluminum-edging-for-plywood\/\" target=\"_blank\">Anodized Extruded Aluminum Edging For Plywood<\/a><\/li>\r\n<li><a href=\"https:\/\/sinoextrud.com\/product\/extruded-aluminium-profile-with-sand-blasted-treatment\/\" target=\"_blank\">Extruded Aluminium Profile With Sand Blasted Treatment<\/a><\/li>\r\n<li><a href=\"https:\/\/sinoextrud.com\/product\/anodized-aluminum-trim-molding\/\" target=\"_blank\">Anodized Aluminum Trim Molding<\/a><\/li>\r\n<li><a href=\"https:\/\/sinoextrud.com\/product\/sandblasted-aluminum-profile\/\" target=\"_blank\">Sandblasted Aluminum Profile<\/a><\/li>\r\n<li><a href=\"https:\/\/sinoextrud.com\/product\/extruded-aluminum-stock\/\" target=\"_blank\">Extruded Aluminum Stock<\/a><\/li>\r\n<li><a href=\"https:\/\/sinoextrud.com\/product\/vertical-type-screen-ceiling-system\/\" target=\"_blank\">Vertical Type Screen Ceiling System<\/a><\/li>\r\n<li><a href=\"https:\/\/sinoextrud.com\/product\/aluminium-decorative-furniture-metal-wall-trim\/\" target=\"_blank\">Aluminium Decorative Furniture Metal Wall Trim<\/a><\/li>"},"feature_list":[]},"_links":{"self":[{"href":"https:\/\/sinoextrud.com\/da\/wp-json\/wp\/v2\/product\/6042","targetHints":{"allow":["GET"]}}],"collection":[{"href":"https:\/\/sinoextrud.com\/da\/wp-json\/wp\/v2\/product"}],"about":[{"href":"https:\/\/sinoextrud.com\/da\/wp-json\/wp\/v2\/types\/product"}],"wp:featuredmedia":[{"embeddable":true,"href":"https:\/\/sinoextrud.com\/da\/wp-json\/wp\/v2\/media\/6041"}],"wp:attachment":[{"href":"https:\/\/sinoextrud.com\/da\/wp-json\/wp\/v2\/media?parent=6042"}],"wp:term":[{"taxonomy":"category","embeddable":true,"href":"https:\/\/sinoextrud.com\/da\/wp-json\/wp\/v2\/categories?post=6042"}],"curies":[{"name":"wp","href":"https:\/\/api.w.org\/{rel}","templated":true}]}}