{"id":6040,"date":"2025-05-24T02:54:27","date_gmt":"2025-05-24T02:54:27","guid":{"rendered":"https:\/\/sinoextrud.com\/product\/anodised-aluminium-extrusions\/"},"modified":"2025-06-24T03:53:38","modified_gmt":"2025-06-24T03:53:38","slug":"anodiserede-aluminiumsprofiler-2","status":"publish","type":"product","link":"https:\/\/sinoextrud.com\/da\/product\/anodised-aluminium-extrusions\/","title":{"rendered":"Ekstruderet anodiseret aluminium"},"content":{"rendered":"<h2>Detaljer om produkter<\/h2>\n<table class=\"custom-table\">\n<tr>\n<td class=\"label\">Legeringsingrediens: <\/td>\n<td>6063<\/td>\n<\/tr>\n<tr>\n<td class=\"label\">Specifikation: <\/td>\n<td>Lavet som kundernes design<\/td>\n<\/tr>\n<tr>\n<td class=\"label\">Serviceydelser: <\/td>\n<td>Fr\u00e6sning, boring, gevindsk\u00e6ring, nitning, montering osv.<\/td>\n<\/tr>\n<tr>\n<td class=\"label\">Certifikater: <\/td>\n<td>ISO RoHS SGS<\/td>\n<\/tr>\n<tr>\n<td class=\"label\">Type: <\/td>\n<td>anodiserede aluminiumsprofiler<\/td>\n<\/tr>\n<tr>\n<td class=\"label\">Karakter: <\/td>\n<td>6000-serien<\/td>\n<\/tr>\n<tr>\n<td class=\"label\">Overfladebehandling: <\/td>\n<td>Anodiseret splinter<\/td>\n<\/tr>\n<tr>\n<td class=\"label\">L\u00e6ngde: <\/td>\n<td>Den kan sk\u00e6res til efter kundernes specifikke behov<\/td>\n<\/tr>\n<tr>\n<td class=\"label\">Varem\u00e6rke: <\/td>\n<td>Sinoextrud<\/td>\n<\/tr>\n<tr>\n<td class=\"label\">HS-kode: <\/td>\n<td>76042990<\/td>\n<\/tr>\n<\/table>\n<h2>Vores produktionsbase<\/h2>\n<h3>Panorama over fabrikken<\/h3>\n<p><img decoding=\"async\" src=\"\/wp-content\/uploads\/factory-01.webp\"\/><\/p>\n<h3>V\u00e6rksted til fremstilling af aluminiumst\u00e6nger<\/h3>\n<p><img decoding=\"async\" src=\"\/wp-content\/uploads\/factory-02.webp\"\/><\/p>\n<\/p>\n<p><img decoding=\"async\" src=\"\/wp-content\/uploads\/factory-03.webp\"\/><\/p>\n<h3>Lager til opbevaring af skimmelsvampe<\/h3>\n<p><img decoding=\"async\" src=\"\/wp-content\/uploads\/factory-04.webp\"\/><\/p>\n<h3>43 ekstruderingslinjer for aluminium (500-5500 ton)<\/h3>\n<p><img decoding=\"async\" src=\"\/wp-content\/uploads\/factory-05.webp\"\/><\/p>\n<p><img decoding=\"async\" src=\"\/wp-content\/uploads\/factory-06.webp\"\/><\/p>\n<p><img decoding=\"async\" src=\"\/wp-content\/uploads\/factory-07.webp\"\/><\/p>\n<h3>V\u00e6rksted for pulverlakering<\/h3>\n<p><img decoding=\"async\" src=\"\/wp-content\/uploads\/factory-09.webp\"\/><\/p>\n<h3>Anodiseringsv\u00e6rksted<\/h3>\n<p><img decoding=\"async\" src=\"\/wp-content\/uploads\/factory-10.webp\"\/><\/p>\n<h3>Workshop om dyb behandling<\/h3>\n<p><img decoding=\"async\" src=\"\/wp-content\/uploads\/factory-11.webp\"\/><\/p>\n<h3>V\u00e6rksted for CNC-pr\u00e6cisionsbearbejdning<\/h3>\n<p><img decoding=\"async\" src=\"\/wp-content\/uploads\/factory-11.5.webp\"\/><\/p>\n<h3>F\u00e6rdigvare- og eksportlager<\/h3>\n<p><img decoding=\"async\" src=\"\/wp-content\/uploads\/factory-12.webp\"\/><\/p>\n<p><img decoding=\"async\" src=\"\/wp-content\/uploads\/factory-13.webp\"\/><\/p>\n<p><img decoding=\"async\" src=\"\/wp-content\/uploads\/factory-14.webp\"\/><\/p>\n<h2>OFTE STILLEDE SP\u00d8RGSM\u00c5L<\/h2>\n<p><b>1. Hvad er anodiserede aluminiumsekstruderinger? <\/b><\/p>\n<p> Anodiserede aluminiumprofiler er aluminiumprofiler, der har gennemg\u00e5et en elektrokemisk anodiseringsproces for at forbedre overfladens holdbarhed, korrosionsbestandighed og \u00e6stetik.\n<\/p>\n<p><\/p>\n<p><b>2. Hvad er de vigtigste fordele ved anodiserede aluminiumsekstruderinger? <\/b><\/p>\n<p> Disse profiler giver overlegen korrosionsbestandighed, \u00f8get overfladeh\u00e5rdhed, UV-beskyttelse og en elegant, moderne finish, der passer til en lang r\u00e6kke anvendelser.\n<\/p>\n<p><\/p>\n<p><b>3. Hvorfor v\u00e6lge anodisering til aluminiumsprofiler? <\/b><\/p>\n<p> Anodisering giver et beskyttende oxidlag, der forhindrer oxidering, forbedrer slidstyrken og giver mulighed for farvetilpasning uden at p\u00e5virke metallets egenskaber.\n<\/p>\n<p><\/p>\n<p><b>4. Er ekstruderet anodiseret aluminium egnet til udend\u00f8rs brug? <\/b><\/p>\n<p> Ja, det anodiserede lag er meget modstandsdygtigt over for vejrlig, hvilket g\u00f8r disse profiler ideelle til udend\u00f8rs arkitektoniske, strukturelle og dekorative anvendelser.\n<\/p>\n<p><\/p>\n<p><b>5. Hvilke applikationer bruger ofte anodiserede aluminiumsekstruderinger? <\/b><\/p>\n<p> De bruges i vid udstr\u00e6kning inden for byggeri, bilindustri, rumfart, m\u00f8bler, elektronik og skiltning til b\u00e5de strukturelle og dekorative form\u00e5l.\n<\/p>\n<p><\/p>\n<p><b>6. Kan anodiserede aluminiumsekstruderinger tilpasses? <\/b><\/p>\n<p> Absolut, de kan skr\u00e6ddersys i form, st\u00f8rrelse, farve og overfladefinish for at opfylde specifikke projekt- eller brandingkrav.\n<\/p>\n<p><\/p>\n<p><b>7. Kr\u00e6ver anodiserede aluminiumsekstruderinger vedligeholdelse? <\/b><\/p>\n<p> Der kr\u00e6ves meget lidt vedligeholdelse - kun rutinem\u00e6ssig reng\u00f8ring med ikke-slibende materialer for at bevare deres udseende og ydeevne.\n<\/p>\n<p><\/p>\n<p><b>8. Er anodiserede aluminiumsekstruderinger milj\u00f8venlige? <\/b><\/p>\n<p> Ja, aluminium er fuldt genanvendeligt, og anodiseringsprocessen er ikke-giftig, hvilket underst\u00f8tter b\u00e6redygtig produktion og milj\u00f8venlighed.\n<\/p>\n<p><\/p>","protected":false},"featured_media":6039,"template":"","categories":[57],"class_list":["post-6040","product","type-product","status-publish","has-post-thumbnail","hentry","category-anodized-aluminum-profile"],"meta_box":{"hilight_text_group":{"product_hilight_text":"<li>Durable anodised coating enhances corrosion and wear resistance<\/li>\r\r\n<li>Attractive matte or glossy finish suitable for architectural and industrial use<\/li>\r\r\n<li>Improved surface hardness for long-lasting performance<\/li>\r\r\n<li>Customizable profiles and finishes to meet diverse project needs<\/li>\r\r\n<li>Low maintenance and environmentally friendly surface treatment<\/li>","product_chanpin_chanpin":"<li><a href=\"https:\/\/sinoextrud.com\/product\/anodized-extruded-aluminium-glazing-profiles\/\" target=\"_blank\">Anodized Extruded Aluminium Glazing Profiles<\/a><\/li>\r\n<li><a href=\"https:\/\/sinoextrud.com\/product\/anodized-champagne-aluminium-color-matte-anodized-sand-blasting-6063-alloy-extrusion-profiles\/\" target=\"_blank\">Anodized Champagne aluminium color matte anodized sand blasting 6063 alloy extrusion profiles<\/a><\/li>\r\n<li><a href=\"https:\/\/sinoextrud.com\/product\/anodized-aluminium-extrusion-profile-for-frame-construction-system\/\" target=\"_blank\">Anodized aluminium extrusion profile for frame construction system<\/a><\/li>\r\n<li><a href=\"https:\/\/sinoextrud.com\/product\/anodized-mill-finish-auminium-extrusion-angle\/\" target=\"_blank\">Anodized Mill Finish Auminium Extrusion Angle<\/a><\/li>\r\n<li><a href=\"https:\/\/sinoextrud.com\/product\/anodised-aluminium-extrusions\/\" target=\"_blank\">Anodised Aluminium Extrusions<\/a><\/li>\r\n<li><a href=\"https:\/\/sinoextrud.com\/product\/anodized-extruded-aluminum-edging-for-plywood\/\" target=\"_blank\">Anodized Extruded Aluminum Edging For Plywood<\/a><\/li>\r\n<li><a href=\"https:\/\/sinoextrud.com\/product\/extruded-aluminium-profile-with-sand-blasted-treatment\/\" target=\"_blank\">Extruded Aluminium Profile With Sand Blasted Treatment<\/a><\/li>\r\n<li><a href=\"https:\/\/sinoextrud.com\/product\/anodized-aluminum-trim-molding\/\" target=\"_blank\">Anodized Aluminum Trim Molding<\/a><\/li>\r\n<li><a href=\"https:\/\/sinoextrud.com\/product\/sandblasted-aluminum-profile\/\" target=\"_blank\">Sandblasted Aluminum Profile<\/a><\/li>\r\n<li><a href=\"https:\/\/sinoextrud.com\/product\/aluminum-anodized-surface-profile\/\" target=\"_blank\">Aluminum Anodized Surface Profile<\/a><\/li>\r\n<li><a href=\"https:\/\/sinoextrud.com\/product\/aluminium-mosquito-net-windows-and-door\/\" target=\"_blank\">Aluminium Mosquito Net Windows And Door<\/a><\/li>"},"feature_list":[]},"_links":{"self":[{"href":"https:\/\/sinoextrud.com\/da\/wp-json\/wp\/v2\/product\/6040","targetHints":{"allow":["GET"]}}],"collection":[{"href":"https:\/\/sinoextrud.com\/da\/wp-json\/wp\/v2\/product"}],"about":[{"href":"https:\/\/sinoextrud.com\/da\/wp-json\/wp\/v2\/types\/product"}],"wp:featuredmedia":[{"embeddable":true,"href":"https:\/\/sinoextrud.com\/da\/wp-json\/wp\/v2\/media\/6039"}],"wp:attachment":[{"href":"https:\/\/sinoextrud.com\/da\/wp-json\/wp\/v2\/media?parent=6040"}],"wp:term":[{"taxonomy":"category","embeddable":true,"href":"https:\/\/sinoextrud.com\/da\/wp-json\/wp\/v2\/categories?post=6040"}],"curies":[{"name":"wp","href":"https:\/\/api.w.org\/{rel}","templated":true}]}}