{"id":6038,"date":"2025-05-24T02:50:22","date_gmt":"2025-05-24T02:50:22","guid":{"rendered":"https:\/\/sinoextrud.com\/product\/anodized-mill-finish-auminium-extrusion-angle\/"},"modified":"2025-06-24T03:53:36","modified_gmt":"2025-06-24T03:53:36","slug":"anodiseret-fraeset-finish-pa-ekstruderingsvinkel-af-aluminium","status":"publish","type":"product","link":"https:\/\/sinoextrud.com\/da\/product\/anodized-mill-finish-auminium-extrusion-angle\/","title":{"rendered":"Anodiseret, fr\u00e6set aluminiumsekstruderet vinkel"},"content":{"rendered":"<h2>Detaljer om produkter<\/h2>\n<table class=\"custom-table\">\n<tr>\n<td class=\"label\">Karakter:<\/td>\n<td>6063 -t5<\/td>\n<\/tr>\n<tr>\n<td class=\"label\">Teknik:<\/td>\n<td>Anodiseret, fr\u00e6set aluminiumsekstruderet vinkel<\/td>\n<\/tr>\n<tr>\n<td class=\"label\">Temperament:<\/td>\n<td>T3 - T8<\/td>\n<\/tr>\n<tr>\n<td class=\"label\">Bearbejdningstjenester:<\/td>\n<td>Boring, gevindsk\u00e6ring, nitning, montering osv.<\/td>\n<\/tr>\n<tr>\n<td class=\"label\">Type:<\/td>\n<td>Anodiseret, fr\u00e6set aluminiumsekstruderet vinkel<\/td>\n<\/tr>\n<tr>\n<td class=\"label\">Form:<\/td>\n<td>Lavet som kundernes design<\/td>\n<\/tr>\n<tr>\n<td class=\"label\">Overfladebehandling:<\/td>\n<td>Mill Finish Anodiseret B\u00f8rstet<\/td>\n<\/tr>\n<tr>\n<td class=\"label\">L\u00e6ngde:<\/td>\n<td>3 til 6 meter pr. l\u00e6ngde<\/td>\n<\/tr>\n<tr>\n<td class=\"label\">Farver:<\/td>\n<td>S\u00f8lv Sort<\/td>\n<\/tr>\n<tr>\n<td class=\"label\">HS-kode:<\/td>\n<td>76042990<\/td>\n<\/tr>\n<\/table>\n<h2>Vores produktionsbase<\/h2>\n<h3>Panorama over fabrikken<\/h3>\n<p><img decoding=\"async\" src=\"\/wp-content\/uploads\/factory-01.webp\"\/><\/p>\n<h3>V\u00e6rksted til fremstilling af aluminiumst\u00e6nger<\/h3>\n<p><img decoding=\"async\" src=\"\/wp-content\/uploads\/factory-02.webp\"\/><\/p>\n<p><img decoding=\"async\" src=\"\/wp-content\/uploads\/factory-03.webp\"\/><\/p>\n<h3>Lager til opbevaring af skimmelsvampe<\/h3>\n<p><img decoding=\"async\" src=\"\/wp-content\/uploads\/factory-04.webp\"\/><\/p>\n<h3>43 ekstruderingslinjer for aluminium (500-5500 ton)<\/h3>\n<p><img decoding=\"async\" src=\"\/wp-content\/uploads\/factory-05.webp\"\/><\/p>\n<p><img decoding=\"async\" src=\"\/wp-content\/uploads\/factory-06.webp\"\/><\/p>\n<p><img decoding=\"async\" src=\"\/wp-content\/uploads\/factory-07.webp\"\/><\/p>\n<h3>V\u00e6rksted for pulverlakering<\/h3>\n<p><img decoding=\"async\" src=\"\/wp-content\/uploads\/factory-09.webp\"\/><\/p>\n<h3>Anodiseringsv\u00e6rksted<\/h3>\n<p><img decoding=\"async\" src=\"\/wp-content\/uploads\/factory-10.webp\"\/><\/p>\n<h3>Workshop om dyb behandling<\/h3>\n<p><img decoding=\"async\" src=\"\/wp-content\/uploads\/factory-11.webp\"\/><\/p>\n<h3>V\u00e6rksted for CNC-pr\u00e6cisionsbearbejdning<\/h3>\n<p><img decoding=\"async\" src=\"\/wp-content\/uploads\/factory-11.5.webp\"\/><\/p>\n<h3>F\u00e6rdigvare- og eksportlager<\/h3>\n<p><img decoding=\"async\" src=\"\/wp-content\/uploads\/factory-12.webp\"\/><\/p>\n<p><img decoding=\"async\" src=\"\/wp-content\/uploads\/factory-13.webp\"\/><\/p>\n<p><img decoding=\"async\" src=\"\/wp-content\/uploads\/factory-14.webp\"\/><\/p>\n<h2>OFTE STILLEDE SP\u00d8RGSM\u00c5L<\/h2>\n<p><p><b>1. Hvad er anodiseret aluminiumsekstruderingsvinkel? <\/b><\/p>\n<p> Anodized Mill Finish Aluminium Extrusion Angle er en L-formet aluminiumsprofil med en naturlig fr\u00e6set overflade, der er blevet anodiseret for \u00f8get holdbarhed og korrosionsbestandighed.<br \/>\n<\/p><br \/>\n<br \/>\n<p><b>2. Hvad er fordelene ved anodiserede aluminiumsvinkler med m\u00f8llefinish? <\/b><\/p>\n<p> Disse vinkler giver fremragende korrosionsbestandighed, rent metallisk udseende, forbedret overfladeh\u00e5rdhed og langtidsholdbar ydeevne til strukturel og dekorativ brug.<br \/>\n<\/p><br \/>\n<br \/>\n<p><b>3. Hvorfor v\u00e6lge en anodiseret aluminiumsvinkel med m\u00f8llefinish? <\/b><\/p>\n<p> Mill finish giver en glat, ubehandlet base, der forbedrer anodiseringsresultaterne, hvilket resulterer i en ensartet beskyttende bel\u00e6gning og et rent industrielt udseende.<br \/>\n<\/p><br \/>\n<br \/>\n<p><b>4. Hvilke applikationer bruger anodiserede aluminiumsekstruderingsvinkler? <\/b><\/p>\n<p> Almindelige anvendelser omfatter indramning, kantbeskyttelse, hj\u00f8rnesamlinger, arkitektonisk bekl\u00e6dning, beslag og st\u00f8tter i b\u00e5de indend\u00f8rs og udend\u00f8rs milj\u00f8er.<br \/>\n<\/p><br \/>\n<br \/>\n<p><b>5. Er anodiseret mill finish-aluminium egnet til udend\u00f8rs brug? <\/b><\/p>\n<p> Ja, det anodiserede lag beskytter aluminiummet mod UV-str\u00e5ler, fugt og korrosion i omgivelserne, hvilket g\u00f8r det ideelt til udend\u00f8rs brug.<br \/>\n<\/p><br \/>\n<br \/>\n<p><b>6. Kan anodiserede aluminiumsvinkler med m\u00f8llefinish tilpasses? <\/b><\/p>\n<p> De kan absolut produceres i forskellige l\u00e6ngder, st\u00f8rrelser, tykkelser og anodiseringsfarver for at opfylde specifikke projektkrav.<br \/>\n<\/p><br \/>\n<br \/>\n<p><b>7. Hvordan forbedrer anodisering fr\u00e6sede aluminiumsvinkler? <\/b><\/p>\n<p> Anodisering skaber et holdbart oxidlag p\u00e5 overfladen, der forhindrer korrosion, forbedrer slidstyrken og giver mulighed for farvefinish, hvis det \u00f8nskes.<br \/>\n<\/p><br \/>\n<br \/>\n<p><b>8. Er anodiserede aluminiumsvinkler nemme at montere? <\/b><\/p>\n<p> Ja, de er lette, nemme at sk\u00e6re, bore og fastg\u00f8re, hvilket g\u00f8r dem meget velegnede til b\u00e5de professionelle og g\u00f8r-det-selv-projekter.<br \/>\n<\/p><br \/>\n<br \/>\n<p><b>9. Kr\u00e6ver anodiserede aluminiumsvinkler med fr\u00e6sefinish vedligeholdelse? <\/b><\/p>\n<p> Der er behov for minimal vedligeholdelse - reng\u00f8r blot med mild s\u00e6be og vand for at holde overfladen frisk og ren.<br \/>\n<\/p><br \/>\n<br \/>\n<p><b>10. Er anodiseret aluminium milj\u00f8venligt? <\/b><\/p>\n<p> Ja, aluminium er 100% genanvendeligt, og anodisering er en ikke-giftig, milj\u00f8venlig proces, der underst\u00f8tter b\u00e6redygtige konstruktions- og produktionsmetoder.<br \/>\n<\/p><br \/><\/p>","protected":false},"featured_media":6037,"template":"","categories":[57],"class_list":["post-6038","product","type-product","status-publish","has-post-thumbnail","hentry","category-anodized-aluminum-profile"],"meta_box":{"hilight_text_group":{"product_hilight_text":"<li>Available in both anodized and mill finish for functional or decorative use<\/li>\r\r\n<li>6063 alloy provides good strength, corrosion resistance, and workability<\/li>\r\r\n<li>Sharp 90\u00c2\u00b0 angle ideal for framing, edge protection, and structural support<\/li>\r\r\n<li>Lightweight and easy to cut, drill, and assemble on-site<\/li>\r\r\n<li>Suitable for construction, furniture, and industrial equipment applications<\/li>","product_chanpin_chanpin":"<li><a href=\"https:\/\/sinoextrud.com\/product\/sandblasted-mechanical-streak-removed-aluminium-profiles\/\" target=\"_blank\">Sandblasted Mechanical streak removed aluminium profiles<\/a><\/li>\r\n<li><a href=\"https:\/\/sinoextrud.com\/product\/anodized-extruded-aluminium-glazing-profiles\/\" target=\"_blank\">Anodized Extruded Aluminium Glazing Profiles<\/a><\/li>\r\n<li><a href=\"https:\/\/sinoextrud.com\/product\/anodized-champagne-aluminium-color-matte-anodized-sand-blasting-6063-alloy-extrusion-profiles\/\" target=\"_blank\">Anodized Champagne aluminium color matte anodized sand blasting 6063 alloy extrusion profiles<\/a><\/li>\r\n<li><a href=\"https:\/\/sinoextrud.com\/product\/anodized-aluminium-extrusion-profile-for-frame-construction-system\/\" target=\"_blank\">Anodized aluminium extrusion profile for frame construction system<\/a><\/li>\r\n<li><a href=\"https:\/\/sinoextrud.com\/product\/anodized-mill-finish-auminium-extrusion-angle\/\" target=\"_blank\">Anodized Mill Finish Auminium Extrusion Angle<\/a><\/li>\r\n<li><a href=\"https:\/\/sinoextrud.com\/product\/anodised-aluminium-extrusions\/\" target=\"_blank\">Anodised Aluminium Extrusions<\/a><\/li>\r\n<li><a href=\"https:\/\/sinoextrud.com\/product\/anodized-extruded-aluminum-edging-for-plywood\/\" target=\"_blank\">Anodized Extruded Aluminum Edging For Plywood<\/a><\/li>\r\n<li><a href=\"https:\/\/sinoextrud.com\/product\/extruded-aluminium-profile-with-sand-blasted-treatment\/\" target=\"_blank\">Extruded Aluminium Profile With Sand Blasted Treatment<\/a><\/li>\r\n<li><a href=\"https:\/\/sinoextrud.com\/product\/anodized-aluminum-trim-molding\/\" target=\"_blank\">Anodized Aluminum Trim Molding<\/a><\/li>\r\n<li><a href=\"https:\/\/sinoextrud.com\/product\/aluminium-sections-for-doors-and-windows\/\" target=\"_blank\">Aluminium Sections For Doors And Windows<\/a><\/li>\r\n<li><a href=\"https:\/\/sinoextrud.com\/product\/half-round-aluminum-extrusion\/\" target=\"_blank\">Half Round Aluminum Extrusion<\/a><\/li>"},"feature_list":[]},"_links":{"self":[{"href":"https:\/\/sinoextrud.com\/da\/wp-json\/wp\/v2\/product\/6038","targetHints":{"allow":["GET"]}}],"collection":[{"href":"https:\/\/sinoextrud.com\/da\/wp-json\/wp\/v2\/product"}],"about":[{"href":"https:\/\/sinoextrud.com\/da\/wp-json\/wp\/v2\/types\/product"}],"wp:featuredmedia":[{"embeddable":true,"href":"https:\/\/sinoextrud.com\/da\/wp-json\/wp\/v2\/media\/6037"}],"wp:attachment":[{"href":"https:\/\/sinoextrud.com\/da\/wp-json\/wp\/v2\/media?parent=6038"}],"wp:term":[{"taxonomy":"category","embeddable":true,"href":"https:\/\/sinoextrud.com\/da\/wp-json\/wp\/v2\/categories?post=6038"}],"curies":[{"name":"wp","href":"https:\/\/api.w.org\/{rel}","templated":true}]}}