{"id":6031,"date":"2025-05-24T02:37:47","date_gmt":"2025-05-24T02:37:47","guid":{"rendered":"https:\/\/sinoextrud.com\/product\/anodized-champagne-aluminium-color-matte-anodized-sand-blasting-6063-alloy-extrusion-profiles\/"},"modified":"2025-06-24T03:53:32","modified_gmt":"2025-06-24T03:53:32","slug":"anodiseret-champagne-aluminium-farve-mat-anodiseret-sandblaesning-6063-legering-ekstruderingsprofiler","status":"publish","type":"product","link":"https:\/\/sinoextrud.com\/da\/product\/anodized-champagne-aluminium-color-matte-anodized-sand-blasting-6063-alloy-extrusion-profiles\/","title":{"rendered":"Anodiseret Champagne aluminium farve mat anodiseret sandbl\u00e6sning 6063 legering ekstruderingsprofiler"},"content":{"rendered":"<h2>Detaljer om produkter<\/h2>\n<table class=\"custom-table\">\n<tr>\n<td class=\"label\">Brand:<\/td>\n<td>Anodiseret Champagne aluminium farve mat anodiseret sandbl\u00e6sning 6063 legering ekstruderingsprofiler<\/td>\n<\/tr>\n<tr>\n<td class=\"label\">Materiale:<\/td>\n<td>Legering-6063-T5<\/td>\n<\/tr>\n<tr>\n<td class=\"label\">Overfladebehandling:<\/td>\n<td>anodiseret aluminium, pulverlakering,<\/td>\n<\/tr>\n<tr>\n<td class=\"label\">Mulighed for farve:<\/td>\n<td>S\u00f8lv, champage, bronze, guld, sort, sandbel\u00e6gning, mat s\u00f8lv eller tilpasset<\/td>\n<\/tr>\n<tr>\n<td class=\"label\">Filmstandard:<\/td>\n<td>Anodiseret: 7-23 mikron<\/td>\n<\/tr>\n<tr>\n<td class=\"label\">MOQ:<\/td>\n<td>200KGS<\/td>\n<\/tr>\n<tr>\n<td class=\"label\">Leveringstid:<\/td>\n<td>15-30 dage<\/td>\n<\/tr>\n<tr>\n<td class=\"label\">L\u00e6ngde:<\/td>\n<td>5.8-6M eller tilpasset<\/td>\n<\/tr>\n<\/table>\n<h2>Vores produktionsbase<\/h2>\n<h3>Panorama over fabrikken<\/h3>\n<p><img decoding=\"async\" src=\"\/wp-content\/uploads\/factory-01.webp\"\/><\/p>\n<h3>V\u00e6rksted til fremstilling af aluminiumst\u00e6nger<\/h3>\n<p><img decoding=\"async\" src=\"\/wp-content\/uploads\/factory-02.webp\"\/><\/p>\n<\/p>\n<p><img decoding=\"async\" src=\"\/wp-content\/uploads\/factory-03.webp\"\/><\/p>\n<h3>Lager til opbevaring af skimmelsvampe<\/h3>\n<p><img decoding=\"async\" src=\"\/wp-content\/uploads\/factory-04.webp\"\/><\/p>\n<h3>43 ekstruderingslinjer for aluminium (500-5500 ton)<\/h3>\n<p><img decoding=\"async\" src=\"\/wp-content\/uploads\/factory-05.webp\"\/><\/p>\n<p><img decoding=\"async\" src=\"\/wp-content\/uploads\/factory-06.webp\"\/><\/p>\n<p><img decoding=\"async\" src=\"\/wp-content\/uploads\/factory-07.webp\"\/><\/p>\n<h3>V\u00e6rksted for pulverlakering<\/h3>\n<p><img decoding=\"async\" src=\"\/wp-content\/uploads\/factory-09.webp\"\/><\/p>\n<h3>Anodiseringsv\u00e6rksted<\/h3>\n<p><img decoding=\"async\" src=\"\/wp-content\/uploads\/factory-10.webp\"\/><\/p>\n<h3>Workshop om dyb behandling<\/h3>\n<p><img decoding=\"async\" src=\"\/wp-content\/uploads\/factory-11.webp\"\/><\/p>\n<h3>V\u00e6rksted for CNC-pr\u00e6cisionsbearbejdning<\/h3>\n<p><img decoding=\"async\" src=\"\/wp-content\/uploads\/factory-11.5.webp\"\/><\/p>\n<h3>F\u00e6rdigvare- og eksportlager<\/h3>\n<p><img decoding=\"async\" src=\"\/wp-content\/uploads\/factory-12.webp\"\/><\/p>\n<p><img decoding=\"async\" src=\"\/wp-content\/uploads\/factory-13.webp\"\/><\/p>\n<p><img decoding=\"async\" src=\"\/wp-content\/uploads\/factory-14.webp\"\/><\/p>\n<h2>OFTE STILLEDE SP\u00d8RGSM\u00c5L<\/h2>\n<p><b>1. Hvad er anodiseret champagne aluminium farve mat anodiseret sandbl\u00e6sning 6063 legering ekstruderingsprofiler? <\/b><\/p>\n<p> Det er 6063 aluminiumsprofiler, der er f\u00e6rdigbehandlet med sandbl\u00e6sning og mat anodisering i en champagnefarve, hvilket giver et f\u00f8rsteklasses udseende og forbedret overfladeholdbarhed.\n<\/p>\n<p><\/p>\n<p><b>2. Hvad er de vigtigste egenskaber ved Champagne Anodized Aluminium 6063 Profiles? <\/b><\/p>\n<p> De har en stilfuld mat champagnefinish, fremragende korrosionsbestandighed, ensartet overfladestruktur og er ideelle til dekorativ og strukturel brug.\n<\/p>\n<p><\/p>\n<p><b>3. Hvorfor v\u00e6lge 6063-legering til anodiserede ekstruderingsprofiler? <\/b><\/p>\n<p> 6063 aluminiumslegering giver fremragende ekstruderbarhed, overfladekvalitet og er meget velegnet til anodiseringsprocesser, is\u00e6r til arkitektoniske anvendelser.\n<\/p>\n<p><\/p>\n<p><b>4. Hvad er fordelene ved at sandbl\u00e6se f\u00f8r anodisering af aluminiumsprofiler? <\/b><\/p>\n<p> Sandbl\u00e6sning fjerner mekaniske linjer og uj\u00e6vnheder og sikrer en glat, ensartet mat overflade, der er ideel til f\u00f8rsteklasses anodiseret finish.\n<\/p>\n<p><\/p>\n<p><b>5. Hvor bruges anodiserede champagnealuminiumprofiler ofte? <\/b><\/p>\n<p> Disse profiler bruges til indretningsdesign, m\u00f8bler, arkitektur, avancerede udstillingssystemer og dekorative indramninger.\n<\/p>\n<p><\/p>\n<p><b>6. Er den champagneanodiserede finish holdbar til udend\u00f8rs brug? <\/b><\/p>\n<p> Ja, det anodiserede lag giver st\u00e6rk UV- og vejrbestandighed, hvilket g\u00f8r den velegnet til b\u00e5de indend\u00f8rs og udend\u00f8rs milj\u00f8er.\n<\/p>\n<p><\/p>\n<p><b>7. Kan anodiserede champagnealuminiumprofiler tilpasses? <\/b><\/p>\n<p> De kan absolut tilpasses i form, st\u00f8rrelse, v\u00e6gtykkelse og anodiseret farve for at opfylde specifikke projektkrav.\n<\/p>\n<p><\/p>\n<p><b>8. Er matanodiserede aluminiumsprofiler nemme at vedligeholde? <\/b><\/p>\n<p> Ja, den matte anodiserede overflade er modstandsdygtig over for fingeraftryk, snavs og korrosion og kr\u00e6ver kun let reng\u00f8ring for at blive vedligeholdt.\n<\/p>\n<p><\/p>\n<p><b>9. Er anodiseret champagnealuminium milj\u00f8venligt? <\/b><\/p>\n<p> Ja, aluminium kan genbruges, og anodiseringsprocessen er milj\u00f8sikker og giftfri, hvilket bidrager til b\u00e6redygtigt design.\n<\/p>\n<p><\/p>\n<p><b>10. Hvordan forbedrer champagnefarven produktets \u00e6stetik? <\/b><\/p>\n<p> Champagne-finishen giver et moderne, elegant look med en luksuri\u00f8s, men subtil metallisk tone, der er ideel til eksklusivt design.\n<\/p>\n<p><\/p>","protected":false},"featured_media":6030,"template":"","categories":[57],"class_list":["post-6031","product","type-product","status-publish","has-post-thumbnail","hentry","category-anodized-aluminum-profile"],"meta_box":{"hilight_text_group":{"product_hilight_text":"<li>Elegant champagne matte finish achieved through anodizing and sandblasting<\/li>\r\r\n<li>6063 alloy ensures excellent surface quality, corrosion resistance, and formability<\/li>\r\r\n<li>Premium aesthetic suitable for high-end architectural and interior applications<\/li>\r\r\n<li>Durable, low-maintenance surface resistant to fading, scratching, and wear<\/li>\r\r\n<li>Customizable dimensions and profiles to meet diverse project specifications<\/li>","product_chanpin_chanpin":"<li><a href=\"https:\/\/sinoextrud.com\/product\/powder-coating-decorative-aluminum-railing\/\" target=\"_blank\">Powder Coating Decorative Aluminum Railing<\/a><\/li>\r\n<li><a href=\"https:\/\/sinoextrud.com\/product\/wood-grain-customize-aluminium-extrusion-rail\/\" target=\"_blank\">Wood Grain Customize Aluminium Extrusion Rail<\/a><\/li>\r\n<li><a href=\"https:\/\/sinoextrud.com\/product\/sandblasted-mechanical-streak-removed-aluminium-profiles\/\" target=\"_blank\">Sandblasted Mechanical streak removed aluminium profiles<\/a><\/li>\r\n<li><a href=\"https:\/\/sinoextrud.com\/product\/anodized-extruded-aluminium-glazing-profiles\/\" target=\"_blank\">Anodized Extruded Aluminium Glazing Profiles<\/a><\/li>\r\n<li><a href=\"https:\/\/sinoextrud.com\/product\/anodized-champagne-aluminium-color-matte-anodized-sand-blasting-6063-alloy-extrusion-profiles\/\" target=\"_blank\">Anodized Champagne aluminium color matte anodized sand blasting 6063 alloy extrusion profiles<\/a><\/li>\r\n<li><a href=\"https:\/\/sinoextrud.com\/product\/anodized-aluminium-extrusion-profile-for-frame-construction-system\/\" target=\"_blank\">Anodized aluminium extrusion profile for frame construction system<\/a><\/li>\r\n<li><a href=\"https:\/\/sinoextrud.com\/product\/anodized-mill-finish-auminium-extrusion-angle\/\" target=\"_blank\">Anodized Mill Finish Auminium Extrusion Angle<\/a><\/li>\r\n<li><a href=\"https:\/\/sinoextrud.com\/product\/anodised-aluminium-extrusions\/\" target=\"_blank\">Anodised Aluminium Extrusions<\/a><\/li>\r\n<li><a href=\"https:\/\/sinoextrud.com\/product\/anodized-extruded-aluminum-edging-for-plywood\/\" target=\"_blank\">Anodized Extruded Aluminum Edging For Plywood<\/a><\/li>\r\n<li><a href=\"https:\/\/sinoextrud.com\/product\/66-mm-aluminum-glass-railing-for-balcony-led-strip-u-channel-stair-railings\/\" target=\"_blank\">6+6 MM Aluminum Glass Railing For Balcony LED Strip U Channel Stair Railings<\/a><\/li>\r\n<li><a href=\"https:\/\/sinoextrud.com\/product\/aluminum-extruded-products\/\" target=\"_blank\">Aluminum Extruded Products<\/a><\/li>"},"feature_list":[]},"_links":{"self":[{"href":"https:\/\/sinoextrud.com\/da\/wp-json\/wp\/v2\/product\/6031","targetHints":{"allow":["GET"]}}],"collection":[{"href":"https:\/\/sinoextrud.com\/da\/wp-json\/wp\/v2\/product"}],"about":[{"href":"https:\/\/sinoextrud.com\/da\/wp-json\/wp\/v2\/types\/product"}],"wp:featuredmedia":[{"embeddable":true,"href":"https:\/\/sinoextrud.com\/da\/wp-json\/wp\/v2\/media\/6030"}],"wp:attachment":[{"href":"https:\/\/sinoextrud.com\/da\/wp-json\/wp\/v2\/media?parent=6031"}],"wp:term":[{"taxonomy":"category","embeddable":true,"href":"https:\/\/sinoextrud.com\/da\/wp-json\/wp\/v2\/categories?post=6031"}],"curies":[{"name":"wp","href":"https:\/\/api.w.org\/{rel}","templated":true}]}}