{"id":6029,"date":"2025-05-24T02:33:42","date_gmt":"2025-05-24T02:33:42","guid":{"rendered":"https:\/\/sinoextrud.com\/product\/anodized-extruded-aluminium-glazing-profiles\/"},"modified":"2025-06-24T03:53:30","modified_gmt":"2025-06-24T03:53:30","slug":"anodiserede-ekstruderede-glasprofiler-i-aluminium","status":"publish","type":"product","link":"https:\/\/sinoextrud.com\/da\/product\/anodized-extruded-aluminium-glazing-profiles\/","title":{"rendered":"Anodiserede ekstruderede glasprofiler i aluminium"},"content":{"rendered":"<h2>Detaljer om produkter<\/h2>\n<table class=\"custom-table\">\n<tr>\n<td class=\"label\">Karakter:<\/td>\n<td>6063 -t5<\/td>\n<\/tr>\n<tr>\n<td class=\"label\">Teknik:<\/td>\n<td>Anodiserede ekstruderede glasprofiler i aluminium<\/td>\n<\/tr>\n<tr>\n<td class=\"label\">Temperament:<\/td>\n<td>T3 - T8<\/td>\n<\/tr>\n<tr>\n<td class=\"label\">Bearbejdningstjenester:<\/td>\n<td>Boring, gevindsk\u00e6ring, nitning, montering osv.<\/td>\n<\/tr>\n<tr>\n<td class=\"label\">Varem\u00e6rke:<\/td>\n<td>Zhonglian Pailian Zhongchang<\/td>\n<\/tr>\n<tr>\n<td class=\"label\">Type:<\/td>\n<td>Anodiserede ekstruderede glasprofiler i aluminium<\/td>\n<\/tr>\n<tr>\n<td class=\"label\">Form:<\/td>\n<td>Lavet som kundernes design<\/td>\n<\/tr>\n<tr>\n<td class=\"label\">Overfladebehandling:<\/td>\n<td>Mill Finish Anodiseret B\u00f8rstet<\/td>\n<\/tr>\n<tr>\n<td class=\"label\">L\u00e6ngde:<\/td>\n<td>3 til 6 meter pr. l\u00e6ngde<\/td>\n<\/tr>\n<tr>\n<td class=\"label\">Farver:<\/td>\n<td>S\u00f8lv Sort<\/td>\n<\/tr>\n<tr>\n<td class=\"label\">HS-kode:<\/td>\n<td>76042990<\/td>\n<\/tr>\n<\/table>\n<h2>Vores produktionsbase<\/h2>\n<h3>Panorama over fabrikken<\/h3>\n<p><img decoding=\"async\" src=\"\/wp-content\/uploads\/factory-01.webp\"\/><\/p>\n<h3>V\u00e6rksted til fremstilling af aluminiumst\u00e6nger<\/h3>\n<p><img decoding=\"async\" src=\"\/wp-content\/uploads\/factory-02.webp\"\/><\/p>\n<p><img decoding=\"async\" src=\"\/wp-content\/uploads\/factory-03.webp\"\/><\/p>\n<h3>Lager til opbevaring af skimmelsvampe<\/h3>\n<p><img decoding=\"async\" src=\"\/wp-content\/uploads\/factory-04.webp\"\/><\/p>\n<h3>43 ekstruderingslinjer for aluminium (500-5500 ton)<\/h3>\n<p><img decoding=\"async\" src=\"\/wp-content\/uploads\/factory-05.webp\"\/><\/p>\n<p><img decoding=\"async\" src=\"\/wp-content\/uploads\/factory-06.webp\"\/><\/p>\n<p><img decoding=\"async\" src=\"\/wp-content\/uploads\/factory-07.webp\"\/><\/p>\n<h3>V\u00e6rksted for pulverlakering<\/h3>\n<p><img decoding=\"async\" src=\"\/wp-content\/uploads\/factory-09.webp\"\/><\/p>\n<h3>Anodiseringsv\u00e6rksted<\/h3>\n<p><img decoding=\"async\" src=\"\/wp-content\/uploads\/factory-10.webp\"\/><\/p>\n<h3>Workshop om dyb behandling<\/h3>\n<p><img decoding=\"async\" src=\"\/wp-content\/uploads\/factory-11.webp\"\/><\/p>\n<h3>V\u00e6rksted for CNC-pr\u00e6cisionsbearbejdning<\/h3>\n<p><img decoding=\"async\" src=\"\/wp-content\/uploads\/factory-11.5.webp\"\/><\/p>\n<h3>F\u00e6rdigvare- og eksportlager<\/h3>\n<p><img decoding=\"async\" src=\"\/wp-content\/uploads\/factory-12.webp\"\/><\/p>\n<p><img decoding=\"async\" src=\"\/wp-content\/uploads\/factory-13.webp\"\/><\/p>\n<p><img decoding=\"async\" src=\"\/wp-content\/uploads\/factory-14.webp\"\/><\/p>\n<h2>OFTE STILLEDE SP\u00d8RGSM\u00c5L<\/h2>\n<p><p><b>1. Hvad er anodiserede ekstruderede aluminiumsglasprofiler? <\/b><\/p>\n<p> Anodiserede ekstruderede aluminiumsprofiler er aluminiumsrammer, der er designet til at holde glaspaneler, forbedret med en anodiseret finish for holdbarhed og korrosionsbestandighed.<br \/>\n<\/p><br \/>\n<br \/>\n<p><b>2. Hvad er fordelene ved at bruge anodiserede glasprofiler i aluminium? <\/b><\/p>\n<p> Disse profiler giver overlegen korrosionsbestandighed, h\u00f8j styrke, \u00e6stetisk appel og langvarig ydeevne i glassystemer.<br \/>\n<\/p><br \/>\n<br \/>\n<p><b>3. Hvorfor v\u00e6lge anodiseret finish til aluminiumsprofiler til ruder? <\/b><\/p>\n<p> En anodiseret finish forbedrer overfladens h\u00e5rdhed, beskytter mod vejrliget og giver et slankt, moderne look med en ensartet farvefinish.<br \/>\n<\/p><br \/>\n<br \/>\n<p><b>4. Er anodiserede ekstruderede glasprofiler af aluminium egnede til udend\u00f8rs brug? <\/b><\/p>\n<p> Ja, den anodiserede bel\u00e6gning beskytter aluminiummet mod UV-eksponering, fugt og milj\u00f8forurening, hvilket g\u00f8r det ideelt til udend\u00f8rs brug.<br \/>\n<\/p><br \/>\n<br \/>\n<p><b>5. Kan anodiserede glasprofiler i aluminium tilpasses? <\/b><\/p>\n<p> De kan absolut tilpasses i l\u00e6ngde, tykkelse, farve og design, s\u00e5 de passer til specifikke arkitektoniske krav og krav til glassystemer.<br \/>\n<\/p><br \/>\n<br \/>\n<p><b>6. Hvilke applikationer bruger anodiserede ekstruderede aluminiumsglasprofiler? <\/b><\/p>\n<p> De bruges ofte i facader, vinduer, d\u00f8re, facader og ovenlyssystemer til b\u00e5de boliger og erhvervsbygninger.<br \/>\n<\/p><br \/>\n<br \/>\n<p><b>7. Hvor l\u00e6nge holder den anodiserede finish p\u00e5 glasprofiler af aluminium? <\/b><\/p>\n<p> Det anodiserede lag er meget holdbart og kan holde i \u00e5rtier uden at falme, skalle eller korrodere, selv i barske milj\u00f8er.<br \/>\n<\/p><br \/>\n<br \/>\n<p><b>8. Er anodiserede glasprofiler milj\u00f8venlige? <\/b><\/p>\n<p> Ja, aluminium er fuldt genanvendeligt, og anodisering er en ikke-giftig proces, hvilket g\u00f8r disse profiler til et b\u00e6redygtigt valg til gr\u00f8nt byggeri.<br \/>\n<\/p><br \/>\n<br \/>\n<p><b>9. Kr\u00e6ver anodiserede glasprofiler af aluminium vedligeholdelse? <\/b><\/p>\n<p> Der kr\u00e6ves meget lidt vedligeholdelse - kun lejlighedsvis reng\u00f8ring med vand og en bl\u00f8d klud for at bevare deres udseende.<br \/>\n<\/p><br \/>\n<br \/>\n<p><b>10. Hvordan forbedrer anodiserede aluminiumsprofiler det arkitektoniske design? <\/b><\/p>\n<p> De har rene linjer, en f\u00f8rsteklasses metalfinish og kan farvematches, s\u00e5 de passer til moderne arkitektoniske stilarter.<br \/>\n<\/p><br \/><\/p>","protected":false},"featured_media":6028,"template":"","categories":[57],"class_list":["post-6029","product","type-product","status-publish","has-post-thumbnail","hentry","category-anodized-aluminum-profile"],"meta_box":{"hilight_text_group":{"product_hilight_text":"<li>Anodized surface provides superior corrosion and weather resistance<\/li>\r\r\n<li>Precision-extruded for secure and seamless glass panel installation<\/li>\r\r\n<li>Lightweight yet strong, ideal for modern architectural glazing systems<\/li>\r\r\n<li>Available in multiple finishes and colors to match design aesthetics<\/li>\r\r\n<li>Customizable profiles to accommodate various glass thicknesses and configurations<\/li>","product_chanpin_chanpin":"<li><a href=\"https:\/\/sinoextrud.com\/product\/anodized-aluminum-manufacturer-supply-anodized-aluminium-extrusion-tube-6063\/\" target=\"_blank\">anodized aluminum Manufacturer Supply anodized Aluminium Extrusion Tube 6063<\/a><\/li>\r\n<li><a href=\"https:\/\/sinoextrud.com\/product\/powder-coating-decorative-aluminum-railing\/\" target=\"_blank\">Powder Coating Decorative Aluminum Railing<\/a><\/li>\r\n<li><a href=\"https:\/\/sinoextrud.com\/product\/wood-grain-customize-aluminium-extrusion-rail\/\" target=\"_blank\">Wood Grain Customize Aluminium Extrusion Rail<\/a><\/li>\r\n<li><a href=\"https:\/\/sinoextrud.com\/product\/sandblasted-mechanical-streak-removed-aluminium-profiles\/\" target=\"_blank\">Sandblasted Mechanical streak removed aluminium profiles<\/a><\/li>\r\n<li><a href=\"https:\/\/sinoextrud.com\/product\/anodized-extruded-aluminium-glazing-profiles\/\" target=\"_blank\">Anodized Extruded Aluminium Glazing Profiles<\/a><\/li>\r\n<li><a href=\"https:\/\/sinoextrud.com\/product\/anodized-champagne-aluminium-color-matte-anodized-sand-blasting-6063-alloy-extrusion-profiles\/\" target=\"_blank\">Anodized Champagne aluminium color matte anodized sand blasting 6063 alloy extrusion profiles<\/a><\/li>\r\n<li><a href=\"https:\/\/sinoextrud.com\/product\/anodized-aluminium-extrusion-profile-for-frame-construction-system\/\" target=\"_blank\">Anodized aluminium extrusion profile for frame construction system<\/a><\/li>\r\n<li><a href=\"https:\/\/sinoextrud.com\/product\/anodized-mill-finish-auminium-extrusion-angle\/\" target=\"_blank\">Anodized Mill Finish Auminium Extrusion Angle<\/a><\/li>\r\n<li><a href=\"https:\/\/sinoextrud.com\/product\/anodised-aluminium-extrusions\/\" target=\"_blank\">Anodised Aluminium Extrusions<\/a><\/li>\r\n<li><a href=\"https:\/\/sinoextrud.com\/product\/custom-wood-grain-aluminium-profiles\/\" target=\"_blank\">Custom Wood Grain Aluminium Profiles<\/a><\/li>\r\n<li><a href=\"https:\/\/sinoextrud.com\/product\/aluminum-alloy-cnc-aluminum-controller-shell\/\" target=\"_blank\">Aluminum Alloy CNC Aluminum Controller Shell<\/a><\/li>"},"feature_list":[]},"_links":{"self":[{"href":"https:\/\/sinoextrud.com\/da\/wp-json\/wp\/v2\/product\/6029","targetHints":{"allow":["GET"]}}],"collection":[{"href":"https:\/\/sinoextrud.com\/da\/wp-json\/wp\/v2\/product"}],"about":[{"href":"https:\/\/sinoextrud.com\/da\/wp-json\/wp\/v2\/types\/product"}],"wp:featuredmedia":[{"embeddable":true,"href":"https:\/\/sinoextrud.com\/da\/wp-json\/wp\/v2\/media\/6028"}],"wp:attachment":[{"href":"https:\/\/sinoextrud.com\/da\/wp-json\/wp\/v2\/media?parent=6029"}],"wp:term":[{"taxonomy":"category","embeddable":true,"href":"https:\/\/sinoextrud.com\/da\/wp-json\/wp\/v2\/categories?post=6029"}],"curies":[{"name":"wp","href":"https:\/\/api.w.org\/{rel}","templated":true}]}}