{"id":6027,"date":"2025-05-24T02:31:23","date_gmt":"2025-05-24T02:31:23","guid":{"rendered":"https:\/\/sinoextrud.com\/product\/sandblasted-mechanical-streak-removed-aluminium-profiles\/"},"modified":"2025-06-24T03:53:28","modified_gmt":"2025-06-24T03:53:28","slug":"sandblaeste-aluminiumsprofiler-uden-mekaniske-striber","status":"publish","type":"product","link":"https:\/\/sinoextrud.com\/da\/product\/sandblasted-mechanical-streak-removed-aluminium-profiles\/","title":{"rendered":"Sandbl\u00e6st Mekaniske striber fjernes fra aluminiumsprofiler"},"content":{"rendered":"<h2>Detaljer om produkter<\/h2>\n<table class=\"custom-table\">\n<tr>\n<td class=\"label\">Navn: <\/td>\n<td>Sandbl\u00e6st Mekaniske striber fjernes fra aluminiumsprofiler<\/td>\n<\/tr>\n<\/table>\n<h2>Vores produktionsbase<\/h2>\n<h3>Panorama over fabrikken<\/h3>\n<p><img decoding=\"async\" src=\"\/wp-content\/uploads\/factory-01.webp\"\/><\/p>\n<h3>V\u00e6rksted til fremstilling af aluminiumst\u00e6nger<\/h3>\n<p><img decoding=\"async\" src=\"\/wp-content\/uploads\/factory-02.webp\"\/><\/p>\n<p><img decoding=\"async\" src=\"\/wp-content\/uploads\/factory-03.webp\"\/><\/p>\n<h3>Lager til opbevaring af skimmelsvampe<\/h3>\n<p><img decoding=\"async\" src=\"\/wp-content\/uploads\/factory-04.webp\"\/><\/p>\n<h3>43 ekstruderingslinjer for aluminium (500-5500 ton)<\/h3>\n<p><img decoding=\"async\" src=\"\/wp-content\/uploads\/factory-05.webp\"\/><\/p>\n<p><img decoding=\"async\" src=\"\/wp-content\/uploads\/factory-06.webp\"\/><\/p>\n<p><img decoding=\"async\" src=\"\/wp-content\/uploads\/factory-07.webp\"\/><\/p>\n<h3>V\u00e6rksted for pulverlakering<\/h3>\n<p><img decoding=\"async\" src=\"\/wp-content\/uploads\/factory-09.webp\"\/><\/p>\n<h3>Anodiseringsv\u00e6rksted<\/h3>\n<p><img decoding=\"async\" src=\"\/wp-content\/uploads\/factory-10.webp\"\/><\/p>\n<h3>Workshop om dyb behandling<\/h3>\n<p><img decoding=\"async\" src=\"\/wp-content\/uploads\/factory-11.webp\"\/><\/p>\n<h3>V\u00e6rksted for CNC-pr\u00e6cisionsbearbejdning<\/h3>\n<p><img decoding=\"async\" src=\"\/wp-content\/uploads\/factory-11.5.webp\"\/><\/p>\n<h3>F\u00e6rdigvare- og eksportlager<\/h3>\n<p><img decoding=\"async\" src=\"\/wp-content\/uploads\/factory-12.webp\"\/><\/p>\n<p><img decoding=\"async\" src=\"\/wp-content\/uploads\/factory-13.webp\"\/><\/p>\n<p><img decoding=\"async\" src=\"\/wp-content\/uploads\/factory-14.webp\"\/><\/p>\n<h2>OFTE STILLEDE SP\u00d8RGSM\u00c5L<\/h2>\n<p><p><b>1. Hvad er sandbl\u00e6ste, mekanisk stribefjernede aluminiumsprofiler? <\/b><\/p>\n<p> Sandbl\u00e6ste aluminiumsprofiler med mekanisk fjernelse af striber er aluminiumsprofiler, der er behandlet for at fjerne overfladestriber og opn\u00e5 en glat, mat finish ved hj\u00e6lp af sandbl\u00e6sning.<br \/>\n<\/p><br \/>\n<br \/>\n<p><b>2. Hvad er fordelene ved sandbl\u00e6sning af aluminiumsprofiler? <\/b><\/p>\n<p> Sandbl\u00e6sning fjerner uj\u00e6vnheder i overfladen, forbedrer teksturens ensartethed og forbereder aluminiummet til yderligere efterbehandling som anodisering eller pulverlakering.<br \/>\n<\/p><br \/>\n<br \/>\n<p><b>3. Hvorfor v\u00e6lge mekanisk stribefjernede aluminiumsprofiler? <\/b><\/p>\n<p> Disse profiler sikrer et renere og mere raffineret udseende, hvilket er s\u00e6rligt vigtigt for synlige arkitektoniske eller dekorative anvendelser.<br \/>\n<\/p><br \/>\n<br \/>\n<p><b>4. Hvordan forbedrer sandbl\u00e6sning aluminiums overfladekvalitet? <\/b><\/p>\n<p> Sandbl\u00e6sning udj\u00e6vner overfladen, fjerner ekstruderingslinjer og skaber en ensartet mat tekstur, der forbedrer b\u00e5de den visuelle og taktile appel.<br \/>\n<\/p><br \/>\n<br \/>\n<p><b>5. Hvilke industrier bruger sandbl\u00e6ste, mekanisk stribefjernede aluminiumsprofiler? <\/b><\/p>\n<p> Almindelige industrier omfatter arkitektur, forbrugerelektronik, indretningsdesign og bilindustrien for b\u00e5de \u00e6stetiske og funktionelle komponenter.<br \/>\n<\/p><br \/>\n<br \/>\n<p><b>6. Er sandbl\u00e6sning egnet til anodiserede aluminiumsprofiler? <\/b><\/p>\n<p> Ja, sandbl\u00e6sning er en ideel forbehandling til anodisering, der forbedrer vedh\u00e6ftningen af bel\u00e6gningen og resulterer i en f\u00f8rsteklasses mat anodiseret finish.<br \/>\n<\/p><br \/>\n<br \/>\n<p><b>7. Kan disse aluminiumsprofiler tilpasses? <\/b><\/p>\n<p> Absolut, profiler kan skr\u00e6ddersys i form, st\u00f8rrelse, legering og efterbehandling for at opfylde specifikke krav til design og ydeevne.<br \/>\n<\/p><br \/>\n<br \/>\n<p><b>8. P\u00e5virker sandbl\u00e6sning holdbarheden af aluminiumsprofiler? <\/b><\/p>\n<p> Nej, sandbl\u00e6sning \u00e6ndrer kun overfladen og kompromitterer ikke aluminiumets strukturelle styrke eller ydeevne.<br \/>\n<\/p><br \/>\n<br \/>\n<p><b>9. Er sandbl\u00e6ste aluminiumsprofiler milj\u00f8venlige? <\/b><\/p>\n<p> Ja, aluminium kan genbruges, og sandbl\u00e6sning er en t\u00f8r, kemikaliefri proces, hvilket g\u00f8r den milj\u00f8m\u00e6ssigt sikker.<br \/>\n<\/p><br \/>\n<br \/>\n<p><b>10. Hvilken vedligeholdelse kr\u00e6ver sandbl\u00e6ste aluminiumsoverflader? <\/b><\/p>\n<p> Der er behov for minimal vedligeholdelse - regelm\u00e6ssig afst\u00f8vning og sk\u00e5nsom reng\u00f8ring hj\u00e6lper med at bevare det ensartede, matte udseende uden behov for polering.<br \/>\n<\/p><br \/><\/p>","protected":false},"featured_media":6026,"template":"","categories":[57],"class_list":["post-6027","product","type-product","status-publish","has-post-thumbnail","hentry","category-anodized-aluminum-profile"],"meta_box":{"hilight_text_group":{"product_hilight_text":"<li>Sandblasted finish removes mechanical streaks for a smooth, uniform appearance<\/li>\r\r\n<li>Enhanced surface texture ideal for high-end architectural and decorative applications<\/li>\r\r\n<li>Improved paint and coating adhesion for secondary surface treatments<\/li>\r\r\n<li>Corrosion-resistant and low-maintenance for long-lasting performance<\/li>\r\r\n<li>Available in custom shapes and sizes to meet specific design requirements<\/li>","product_chanpin_chanpin":"<li><a href=\"https:\/\/sinoextrud.com\/product\/aluminum-anodized-surface-profile\/\" target=\"_blank\">Aluminum Anodized Surface Profile<\/a><\/li>\r\n<li><a href=\"https:\/\/sinoextrud.com\/product\/anodized-aluminum-manufacturer-supply-anodized-aluminium-extrusion-tube-6063\/\" target=\"_blank\">anodized aluminum Manufacturer Supply anodized Aluminium Extrusion Tube 6063<\/a><\/li>\r\n<li><a href=\"https:\/\/sinoextrud.com\/product\/powder-coating-decorative-aluminum-railing\/\" target=\"_blank\">Powder Coating Decorative Aluminum Railing<\/a><\/li>\r\n<li><a href=\"https:\/\/sinoextrud.com\/product\/wood-grain-customize-aluminium-extrusion-rail\/\" target=\"_blank\">Wood Grain Customize Aluminium Extrusion Rail<\/a><\/li>\r\n<li><a href=\"https:\/\/sinoextrud.com\/product\/sandblasted-mechanical-streak-removed-aluminium-profiles\/\" target=\"_blank\">Sandblasted Mechanical streak removed aluminium profiles<\/a><\/li>\r\n<li><a href=\"https:\/\/sinoextrud.com\/product\/anodized-extruded-aluminium-glazing-profiles\/\" target=\"_blank\">Anodized Extruded Aluminium Glazing Profiles<\/a><\/li>\r\n<li><a href=\"https:\/\/sinoextrud.com\/product\/anodized-champagne-aluminium-color-matte-anodized-sand-blasting-6063-alloy-extrusion-profiles\/\" target=\"_blank\">Anodized Champagne aluminium color matte anodized sand blasting 6063 alloy extrusion profiles<\/a><\/li>\r\n<li><a href=\"https:\/\/sinoextrud.com\/product\/anodized-aluminium-extrusion-profile-for-frame-construction-system\/\" target=\"_blank\">Anodized aluminium extrusion profile for frame construction system<\/a><\/li>\r\n<li><a href=\"https:\/\/sinoextrud.com\/product\/anodized-mill-finish-auminium-extrusion-angle\/\" target=\"_blank\">Anodized Mill Finish Auminium Extrusion Angle<\/a><\/li>\r\n<li><a href=\"https:\/\/sinoextrud.com\/product\/aluminum-tube-framing\/\" target=\"_blank\">Aluminum Tube Framing<\/a><\/li>\r\n<li><a href=\"https:\/\/sinoextrud.com\/product\/aluminum-skirting-profile\/\" target=\"_blank\">Aluminum Skirting Profile<\/a><\/li>"},"feature_list":[]},"_links":{"self":[{"href":"https:\/\/sinoextrud.com\/da\/wp-json\/wp\/v2\/product\/6027","targetHints":{"allow":["GET"]}}],"collection":[{"href":"https:\/\/sinoextrud.com\/da\/wp-json\/wp\/v2\/product"}],"about":[{"href":"https:\/\/sinoextrud.com\/da\/wp-json\/wp\/v2\/types\/product"}],"wp:featuredmedia":[{"embeddable":true,"href":"https:\/\/sinoextrud.com\/da\/wp-json\/wp\/v2\/media\/6026"}],"wp:attachment":[{"href":"https:\/\/sinoextrud.com\/da\/wp-json\/wp\/v2\/media?parent=6027"}],"wp:term":[{"taxonomy":"category","embeddable":true,"href":"https:\/\/sinoextrud.com\/da\/wp-json\/wp\/v2\/categories?post=6027"}],"curies":[{"name":"wp","href":"https:\/\/api.w.org\/{rel}","templated":true}]}}