{"id":6025,"date":"2025-05-24T02:27:49","date_gmt":"2025-05-24T02:27:49","guid":{"rendered":"https:\/\/sinoextrud.com\/product\/wood-grain-customize-aluminium-extrusion-rail\/"},"modified":"2025-06-24T03:53:26","modified_gmt":"2025-06-24T03:53:26","slug":"trae-korn-tilpasse-aluminium-ekstrudering-skinne","status":"publish","type":"product","link":"https:\/\/sinoextrud.com\/da\/product\/wood-grain-customize-aluminium-extrusion-rail\/","title":{"rendered":"Tr\u00e6korn tilpasset ekstruderingsskinne af aluminium"},"content":{"rendered":"<h2>Detaljer om produkter<\/h2>\n<table class=\"custom-table\">\n<tr>\n<td class=\"label\">Karakter:<\/td>\n<td>6063 -t5<\/td>\n<\/tr>\n<tr>\n<td class=\"label\">Teknik:<\/td>\n<td>Tr\u00e6korn tilpasset ekstruderingsskinne af aluminium<\/td>\n<\/tr>\n<tr>\n<td class=\"label\">Temperament:<\/td>\n<td>T3 - T8<\/td>\n<\/tr>\n<tr>\n<td class=\"label\">Bearbejdningstjenester:<\/td>\n<td>Boring, gevindsk\u00e6ring, nitning, montering osv.<\/td>\n<\/tr>\n<tr>\n<td class=\"label\">Varem\u00e6rke:<\/td>\n<td>Zhonglian Pailian Zhongchang<\/td>\n<\/tr>\n<tr>\n<td class=\"label\">Type:<\/td>\n<td>Tr\u00e6korn tilpasset ekstruderingsskinne af aluminium<\/td>\n<\/tr>\n<tr>\n<td class=\"label\">Form:<\/td>\n<td>Lavet som kundernes design<\/td>\n<\/tr>\n<tr>\n<td class=\"label\">Overfladebehandling:<\/td>\n<td>Mill Finish Anodiseret B\u00f8rstet<\/td>\n<\/tr>\n<tr>\n<td class=\"label\">L\u00e6ngde:<\/td>\n<td>3 til 6 meter pr. l\u00e6ngde<\/td>\n<\/tr>\n<tr>\n<td class=\"label\">Farver:<\/td>\n<td>S\u00f8lv Sort<\/td>\n<\/tr>\n<tr>\n<td class=\"label\">HS-kode:<\/td>\n<td>76042990<\/td>\n<\/tr>\n<\/table>\n<h2>Vores produktionsbase<\/h2>\n<h3>Panorama over fabrikken<\/h3>\n<p><img decoding=\"async\" src=\"\/wp-content\/uploads\/factory-01.webp\"\/><\/p>\n<h3>V\u00e6rksted til fremstilling af aluminiumst\u00e6nger<\/h3>\n<p><img decoding=\"async\" src=\"\/wp-content\/uploads\/factory-02.webp\"\/><\/p>\n<p><img decoding=\"async\" src=\"\/wp-content\/uploads\/factory-03.webp\"\/><\/p>\n<h3>Lager til opbevaring af skimmelsvampe<\/h3>\n<p><img decoding=\"async\" src=\"\/wp-content\/uploads\/factory-04.webp\"\/><\/p>\n<h3>43 ekstruderingslinjer for aluminium (500-5500 ton)<\/h3>\n<p><img decoding=\"async\" src=\"\/wp-content\/uploads\/factory-05.webp\"\/><\/p>\n<p><img decoding=\"async\" src=\"\/wp-content\/uploads\/factory-06.webp\"\/><\/p>\n<p><img decoding=\"async\" src=\"\/wp-content\/uploads\/factory-07.webp\"\/><\/p>\n<h3>V\u00e6rksted for pulverlakering<\/h3>\n<p><img decoding=\"async\" src=\"\/wp-content\/uploads\/factory-09.webp\"\/><\/p>\n<h3>Anodiseringsv\u00e6rksted<\/h3>\n<p><img decoding=\"async\" src=\"\/wp-content\/uploads\/factory-10.webp\"\/><\/p>\n<h3>Workshop om dyb behandling<\/h3>\n<p><img decoding=\"async\" src=\"\/wp-content\/uploads\/factory-11.webp\"\/><\/p>\n<h3>V\u00e6rksted for CNC-pr\u00e6cisionsbearbejdning<\/h3>\n<p><img decoding=\"async\" src=\"\/wp-content\/uploads\/factory-11.5.webp\"\/><\/p>\n<h3>F\u00e6rdigvare- og eksportlager<\/h3>\n<p><img decoding=\"async\" src=\"\/wp-content\/uploads\/factory-12.webp\"\/><\/p>\n<p><img decoding=\"async\" src=\"\/wp-content\/uploads\/factory-13.webp\"\/><\/p>\n<p><img decoding=\"async\" src=\"\/wp-content\/uploads\/factory-14.webp\"\/><\/p>\n<h2>OFTE STILLEDE SP\u00d8RGSM\u00c5L<\/h2>\n<p><p><b>1. Hvad er Wood Grain Customize Aluminium Extrusion Rail? <\/b><\/p>\n<p> Wood Grain Customize Aluminium Extrusion Rail er en r\u00e6kv\u00e6rksprofil i aluminium med en tr\u00e6kornet effekt, der giver tr\u00e6ets udseende med aluminiumets styrke og holdbarhed.<br \/>\n<\/p><br \/>\n<br \/>\n<p><b>2. Hvad er fordelene ved ekstruderingsskinner af aluminium med tr\u00e6korn? <\/b><\/p>\n<p> Dette produkt kombinerer tr\u00e6ets naturlige udseende med aluminiums fordele som korrosionsbestandighed, lav vedligeholdelse og lang levetid.<br \/>\n<\/p><br \/>\n<br \/>\n<p><b>3. Hvorfor v\u00e6lge en tr\u00e6struktur p\u00e5 aluminiumsgel\u00e6ndere? <\/b><\/p>\n<p> Tr\u00e6kornsfinish giver en varm, naturlig \u00e6stetik uden de problemer med sk\u00e6vhed, r\u00e5d og overmaling, der er forbundet med \u00e6gte tr\u00e6.<br \/>\n<\/p><br \/>\n<br \/>\n<p><b>4. Kan aluminiumsekstruderingsskinner med tr\u00e6korn tilpasses? <\/b><\/p>\n<p> Ja, de kan skr\u00e6ddersys i farve, kornm\u00f8nster, st\u00f8rrelse og form, s\u00e5 de passer til specifikke design- og arkitektoniske krav.<br \/>\n<\/p><br \/>\n<br \/>\n<p><b>5. Er Wood Grain Customize Aluminium Extrusion Rail egnet til udend\u00f8rs brug? <\/b><\/p>\n<p> Den pulverlakerede tr\u00e6kornfinish modst\u00e5r UV-str\u00e5ler, fugt og h\u00e5rdt vejr, hvilket g\u00f8r den ideel til udend\u00f8rs r\u00e6kv\u00e6rk og hegn.<br \/>\n<\/p><br \/>\n<br \/>\n<p><b>6. Hvilke anvendelser bruger Wood Grain Aluminium Extrusion Rail? <\/b><\/p>\n<p> Almindelige anvendelser omfatter altaner i boliger, havehegn, kommercielle facader og indvendige skillev\u00e6gge, der skal have et tr\u00e6lignende udseende.<br \/>\n<\/p><br \/>\n<br \/>\n<p><b>7. Hvor lang tid holder tr\u00e6m\u00f8nsteret p\u00e5 aluminiumsgel\u00e6ndere? <\/b><\/p>\n<p> Overfladen kan holde 15-20 \u00e5r eller mere og bevare sit udseende med minimal vedligeholdelse og uden behov for ny maling eller forsegling.<br \/>\n<\/p><br \/>\n<br \/>\n<p><b>8. Er skinner af aluminiumsekstrudering med tr\u00e6korn milj\u00f8venlige? <\/b><\/p>\n<p> Ja, aluminium er genanvendeligt, og med den tr\u00e6agtige finish undg\u00e5r man skovrydning og tilbyder et b\u00e6redygtigt alternativ til \u00e6gte tr\u00e6.<br \/>\n<\/p><br \/>\n<br \/>\n<p><b>9. Hvilken vedligeholdelse er n\u00f8dvendig for aluminiumsskinner med tr\u00e6struktur? <\/b><\/p>\n<p> En lejlighedsvis reng\u00f8ring med vand og en bl\u00f8d klud er nok til at holde finishen frisk og levende.<br \/>\n<\/p><br \/>\n<br \/>\n<p><b>10. Hvordan forbedrer Wood Grain Aluminium Extrusion Rail ejendommens v\u00e6rdi? <\/b><\/p>\n<p> Det tilf\u00f8jer \u00e6stetisk appel, holdbarhed og moderne stil, hvilket forbedrer det overordnede udseende og den lave vedligeholdelsesv\u00e6rdi af boliger eller erhvervsejendomme.<br \/>\n<\/p><br \/><\/p>","protected":false},"featured_media":6024,"template":"","categories":[57],"class_list":["post-6025","product","type-product","status-publish","has-post-thumbnail","hentry","category-anodized-aluminum-profile"],"meta_box":{"hilight_text_group":{"product_hilight_text":"<li>Realistic wood grain finish combines natural look with aluminum durability<\/li>\r\r\n<li>Customizable designs, lengths, and profiles to fit architectural needs<\/li>\r\r\n<li>Weather-resistant and fade-resistant surface for long-term outdoor use<\/li>\r\r\n<li>Lightweight and easy to install, reducing labor and transportation costs<\/li>\r\r\n<li>Low maintenance alternative to traditional wood with no rotting or warping<\/li>","product_chanpin_chanpin":"<li><a href=\"https:\/\/sinoextrud.com\/product\/aluminum-angle-channel-bright-polished-mirror\/\" target=\"_blank\">Aluminum Angle Channel Bright Polished Mirror<\/a><\/li>\r\n<li><a href=\"https:\/\/sinoextrud.com\/product\/aluminum-anodized-surface-profile\/\" target=\"_blank\">Aluminum Anodized Surface Profile<\/a><\/li>\r\n<li><a href=\"https:\/\/sinoextrud.com\/product\/anodized-aluminum-manufacturer-supply-anodized-aluminium-extrusion-tube-6063\/\" target=\"_blank\">anodized aluminum Manufacturer Supply anodized Aluminium Extrusion Tube 6063<\/a><\/li>\r\n<li><a href=\"https:\/\/sinoextrud.com\/product\/powder-coating-decorative-aluminum-railing\/\" target=\"_blank\">Powder Coating Decorative Aluminum Railing<\/a><\/li>\r\n<li><a href=\"https:\/\/sinoextrud.com\/product\/wood-grain-customize-aluminium-extrusion-rail\/\" target=\"_blank\">Wood Grain Customize Aluminium Extrusion Rail<\/a><\/li>\r\n<li><a href=\"https:\/\/sinoextrud.com\/product\/sandblasted-mechanical-streak-removed-aluminium-profiles\/\" target=\"_blank\">Sandblasted Mechanical streak removed aluminium profiles<\/a><\/li>\r\n<li><a href=\"https:\/\/sinoextrud.com\/product\/anodized-extruded-aluminium-glazing-profiles\/\" target=\"_blank\">Anodized Extruded Aluminium Glazing Profiles<\/a><\/li>\r\n<li><a href=\"https:\/\/sinoextrud.com\/product\/anodized-champagne-aluminium-color-matte-anodized-sand-blasting-6063-alloy-extrusion-profiles\/\" target=\"_blank\">Anodized Champagne aluminium color matte anodized sand blasting 6063 alloy extrusion profiles<\/a><\/li>\r\n<li><a href=\"https:\/\/sinoextrud.com\/product\/anodized-aluminium-extrusion-profile-for-frame-construction-system\/\" target=\"_blank\">Anodized aluminium extrusion profile for frame construction system<\/a><\/li>\r\n<li><a href=\"https:\/\/sinoextrud.com\/product\/polished-sliver-aluminium-profile-like-mirror\/\" target=\"_blank\">Polished Sliver Aluminium Profile Like Mirror<\/a><\/li>\r\n<li><a href=\"https:\/\/sinoextrud.com\/product\/aluminium-enclosure-housing-and-shells\/\" target=\"_blank\">Aluminium Enclosure Housing And Shells<\/a><\/li>"},"feature_list":[]},"_links":{"self":[{"href":"https:\/\/sinoextrud.com\/da\/wp-json\/wp\/v2\/product\/6025","targetHints":{"allow":["GET"]}}],"collection":[{"href":"https:\/\/sinoextrud.com\/da\/wp-json\/wp\/v2\/product"}],"about":[{"href":"https:\/\/sinoextrud.com\/da\/wp-json\/wp\/v2\/types\/product"}],"wp:featuredmedia":[{"embeddable":true,"href":"https:\/\/sinoextrud.com\/da\/wp-json\/wp\/v2\/media\/6024"}],"wp:attachment":[{"href":"https:\/\/sinoextrud.com\/da\/wp-json\/wp\/v2\/media?parent=6025"}],"wp:term":[{"taxonomy":"category","embeddable":true,"href":"https:\/\/sinoextrud.com\/da\/wp-json\/wp\/v2\/categories?post=6025"}],"curies":[{"name":"wp","href":"https:\/\/api.w.org\/{rel}","templated":true}]}}