{"id":6020,"date":"2025-05-24T02:12:04","date_gmt":"2025-05-24T02:12:04","guid":{"rendered":"https:\/\/sinoextrud.com\/product\/anodized-aluminum-manufacturer-supply-anodized-aluminium-extrusion-tube-6063\/"},"modified":"2025-06-24T03:53:21","modified_gmt":"2025-06-24T03:53:21","slug":"anodiseret-aluminiumsproducent-leverer-anodiseret-aluminiumsekstruderingsror-6063","status":"publish","type":"product","link":"https:\/\/sinoextrud.com\/da\/product\/anodized-aluminum-manufacturer-supply-anodized-aluminium-extrusion-tube-6063\/","title":{"rendered":"anodiseret aluminiumsproducent leverer anodiseret aluminiumsekstruderingsr\u00f8r 6063"},"content":{"rendered":"<h2>Detaljer om produkter<\/h2>\n<table class=\"custom-table\">\n<tr>\n<td class=\"label\">Vare: <\/td>\n<td>anodiseret aluminiumsproducent leverer anodiseret aluminiumsekstruderingsr\u00f8r 6063<\/td>\n<\/tr>\n<tr>\n<td class=\"label\">Materila: <\/td>\n<td>aluminiumsbillet 6063-legering<\/td>\n<\/tr>\n<tr>\n<td class=\"label\">Temperament: <\/td>\n<td>T5,T6<\/td>\n<\/tr>\n<tr>\n<td class=\"label\">Form: <\/td>\n<td>40x40mm. Tilpasset til r\u00e5dighed.<\/td>\n<\/tr>\n<tr>\n<td class=\"label\">Profilen bliver tykkere: <\/td>\n<td>1,0 mm over.<\/td>\n<\/tr>\n<tr>\n<td class=\"label\">Overfladebehandling: <\/td>\n<td>anodiseret aluminium<\/td>\n<\/tr>\n<tr>\n<td class=\"label\">Farve: <\/td>\n<td>s\u00f8lvfarvet, tilpasset farve tilg\u00e6ngelig.<\/td>\n<\/tr>\n<tr>\n<td class=\"label\">Bel\u00e6gningsfirma: <\/td>\n<td>10-13 mikron.<\/td>\n<\/tr>\n<tr>\n<td class=\"label\">Anvendelse: <\/td>\n<td>vinduer og d\u00f8re, industri, transport osv.<\/td>\n<\/tr>\n<tr>\n<td class=\"label\">MOQ: <\/td>\n<td>200 kg for hver vare<\/td>\n<\/tr>\n<tr>\n<td class=\"label\">Certifikat og standard: <\/td>\n<td>ISO 9008-2001. CQM, SGS<\/td>\n<\/tr>\n<tr>\n<td class=\"label\">Garanti: <\/td>\n<td>Overfladefarven kan v\u00e6re stabil i 15 \u00e5r ved indend\u00f8rs brug.<\/td>\n<\/tr>\n<tr>\n<td class=\"label\">Produktionsforarbejdning: <\/td>\n<td>Ekstruderet aluminium<\/td>\n<\/tr>\n<tr>\n<td class=\"label\">Oprindelse: <\/td>\n<td>Foshan, Guangdong.<\/td>\n<\/tr>\n<\/table>\n<h2>Vores produktionsbase<\/h2>\n<h3>Panorama over fabrikken<\/h3>\n<p><img decoding=\"async\" src=\"\/wp-content\/uploads\/factory-01.webp\"\/><\/p>\n<h3>V\u00e6rksted til fremstilling af aluminiumst\u00e6nger<\/h3>\n<p><img decoding=\"async\" src=\"\/wp-content\/uploads\/factory-02.webp\"\/><\/p>\n<p><img decoding=\"async\" src=\"\/wp-content\/uploads\/factory-03.webp\"\/><\/p>\n<h3>Lager til opbevaring af skimmelsvampe<\/h3>\n<p><img decoding=\"async\" src=\"\/wp-content\/uploads\/factory-04.webp\"\/><\/p>\n<h3>43 ekstruderingslinjer for aluminium (500-5500 ton)<\/h3>\n<p><img decoding=\"async\" src=\"\/wp-content\/uploads\/factory-05.webp\"\/><\/p>\n<p><img decoding=\"async\" src=\"\/wp-content\/uploads\/factory-06.webp\"\/><\/p>\n<p><img decoding=\"async\" src=\"\/wp-content\/uploads\/factory-07.webp\"\/><\/p>\n<h3>V\u00e6rksted for pulverlakering<\/h3>\n<p><img decoding=\"async\" src=\"\/wp-content\/uploads\/factory-09.webp\"\/><\/p>\n<h3>Anodiseringsv\u00e6rksted<\/h3>\n<p><img decoding=\"async\" src=\"\/wp-content\/uploads\/factory-10.webp\"\/><\/p>\n<h3>Workshop om dyb behandling<\/h3>\n<p><img decoding=\"async\" src=\"\/wp-content\/uploads\/factory-11.webp\"\/><\/p>\n<h3>V\u00e6rksted for CNC-pr\u00e6cisionsbearbejdning<\/h3>\n<p><img decoding=\"async\" src=\"\/wp-content\/uploads\/factory-11.5.webp\"\/><\/p>\n<h3>F\u00e6rdigvare- og eksportlager<\/h3>\n<p><img decoding=\"async\" src=\"\/wp-content\/uploads\/factory-12.webp\"\/><\/p>\n<p><img decoding=\"async\" src=\"\/wp-content\/uploads\/factory-13.webp\"\/><\/p>\n<p><img decoding=\"async\" src=\"\/wp-content\/uploads\/factory-14.webp\"\/><\/p>\n<h2>OFTE STILLEDE SP\u00d8RGSM\u00c5L<\/h2>\n<p><p><b>1. Hvad er producentens levering af anodiseret aluminiumsekstruderingsr\u00f8r 6063? <\/b><\/p>\n<p> Manufacturer Supply Anodized Aluminium Extrusion Tube 6063 refererer til runde eller firkantede aluminiumsr\u00f8r fremstillet af 6063-legering og anodiseret for forbedret holdbarhed, leveret direkte fra producenten.<br \/>\n<\/p><br \/>\n<br \/>\n<p><b>2. Hvad er de vigtigste egenskaber ved anodiseret aluminiumsekstruderingsr\u00f8r 6063? <\/b><\/p>\n<p> Disse r\u00f8r har fremragende korrosionsbestandighed, glat anodiseret finish, h\u00f8jt styrke\/v\u00e6gt-forhold og overlegen bearbejdelighed.<br \/>\n<\/p><br \/>\n<br \/>\n<p><b>3. Hvorfor v\u00e6lge 6063 aluminium til anodiserede ekstruderingsr\u00f8r? <\/b><\/p>\n<p> 6063-aluminiumslegeringen er ideel til anodisering og giver en overfladefinish af h\u00f8j kvalitet, god svejsbarhed og tilstr\u00e6kkelig styrke til arkitektoniske og strukturelle anvendelser.<br \/>\n<\/p><br \/>\n<br \/>\n<p><b>4. Hvad er fordelene ved at k\u00f8be anodiserede aluminiumsr\u00f8r direkte fra producenten? <\/b><\/p>\n<p> At k\u00f8be direkte sikrer konkurrencedygtige priser, ensartet kvalitet, tilpasningsmuligheder og p\u00e5lidelig support i forsyningsk\u00e6den.<br \/>\n<\/p><br \/>\n<br \/>\n<p><b>5. Hvilke applikationer bruger producentens levering af anodiseret aluminiumekstruderingsr\u00f8r 6063? <\/b><\/p>\n<p> Almindelige anvendelser omfatter arkitektoniske r\u00e6kv\u00e6rker, udstillingsstrukturer, m\u00f8belrammer, gardinv\u00e6gge og udend\u00f8rs indhegninger.<br \/>\n<\/p><br \/>\n<br \/>\n<p><b>6. Er anodiseret aluminiumsekstruderingsr\u00f8r 6063 egnet til udend\u00f8rs milj\u00f8er? <\/b><\/p>\n<p> Ja, den anodiserede overflade giver fremragende UV- og korrosionsbestandighed, hvilket g\u00f8r den ideel til udend\u00f8rs og marine anvendelser.<br \/>\n<\/p><br \/>\n<br \/>\n<p><b>7. Kan disse anodiserede aluminiumsr\u00f8r tilpasses? <\/b><\/p>\n<p> Producenterne kan helt sikkert tilpasse l\u00e6ngde, diameter, v\u00e6gtykkelse og anodiseringsfarve for at opfylde projektspecifikke krav.<br \/>\n<\/p><br \/>\n<br \/>\n<p><b>8. Er ekstruderingsr\u00f8r af anodiseret aluminium 6063 milj\u00f8venlige? <\/b><\/p>\n<p> Ja, aluminium er 100% genanvendeligt, og anodisering er en ikke-giftig overfladebehandling, hvilket g\u00f8r disse r\u00f8r til et b\u00e6redygtigt materialevalg.<br \/>\n<\/p><br \/>\n<br \/>\n<p><b>9. Hvor l\u00e6nge holder den anodiserede finish p\u00e5 6063 aluminiumsr\u00f8r? <\/b><\/p>\n<p> Den anodiserede bel\u00e6gning er meget holdbar og langtidsholdbar og giver overfladebeskyttelse i \u00e5rtier ved normal brug.<br \/>\n<\/p><br \/>\n<br \/>\n<p><b>10. Kr\u00e6ver anodiserede aluminiumsprofiler vedligeholdelse? <\/b><\/p>\n<p> Der er brug for minimal vedligeholdelse - bare regelm\u00e6ssig reng\u00f8ring med ikke-slibende materialer for at bevare det anodiserede udseende.<br \/>\n<\/p><br \/><\/p>","protected":false},"featured_media":6019,"template":"","categories":[57],"class_list":["post-6020","product","type-product","status-publish","has-post-thumbnail","hentry","category-anodized-aluminum-profile"],"meta_box":{"hilight_text_group":{"product_hilight_text":"<li>Direct from manufacturer for competitive pricing and stable supply<\/li>\r\r\n<li>Made from 6063 alloy for excellent formability, corrosion resistance, and surface finish<\/li>\r\r\n<li>Anodized coating enhances durability and aesthetic appeal<\/li>\r\r\n<li>Lightweight with good strength, ideal for structural, architectural, and transportation uses<\/li>\r\r\n<li>Custom lengths, wall thicknesses, and finishes available to meet project needs<\/li>","product_chanpin_chanpin":"<li><a href=\"https:\/\/sinoextrud.com\/product\/customize-6063-z-section-aluminium-extrusion\/\" target=\"_blank\">Customize 6063 Z Section Aluminium Extrusion<\/a><\/li>\r\n<li><a href=\"https:\/\/sinoextrud.com\/product\/anodized-aluminium-profiles\/\" target=\"_blank\">Anodized Aluminium Profiles<\/a><\/li>\r\n<li><a href=\"https:\/\/sinoextrud.com\/product\/aluminum-angle-channel-bright-polished-mirror\/\" target=\"_blank\">Aluminum Angle Channel Bright Polished Mirror<\/a><\/li>\r\n<li><a href=\"https:\/\/sinoextrud.com\/product\/aluminum-anodized-surface-profile\/\" target=\"_blank\">Aluminum Anodized Surface Profile<\/a><\/li>\r\n<li><a href=\"https:\/\/sinoextrud.com\/product\/anodized-aluminum-manufacturer-supply-anodized-aluminium-extrusion-tube-6063\/\" target=\"_blank\">anodized aluminum Manufacturer Supply anodized Aluminium Extrusion Tube 6063<\/a><\/li>\r\n<li><a href=\"https:\/\/sinoextrud.com\/product\/powder-coating-decorative-aluminum-railing\/\" target=\"_blank\">Powder Coating Decorative Aluminum Railing<\/a><\/li>\r\n<li><a href=\"https:\/\/sinoextrud.com\/product\/wood-grain-customize-aluminium-extrusion-rail\/\" target=\"_blank\">Wood Grain Customize Aluminium Extrusion Rail<\/a><\/li>\r\n<li><a href=\"https:\/\/sinoextrud.com\/product\/sandblasted-mechanical-streak-removed-aluminium-profiles\/\" target=\"_blank\">Sandblasted Mechanical streak removed aluminium profiles<\/a><\/li>\r\n<li><a href=\"https:\/\/sinoextrud.com\/product\/anodized-extruded-aluminium-glazing-profiles\/\" target=\"_blank\">Anodized Extruded Aluminium Glazing Profiles<\/a><\/li>\r\n<li><a href=\"https:\/\/sinoextrud.com\/product\/aluminum-picture-photo-artware-frame-mirror-polished-gold\/\" target=\"_blank\">Aluminum Picture Photo Artware Frame Mirror Polished Gold<\/a><\/li>\r\n<li><a href=\"https:\/\/sinoextrud.com\/product\/aluminum-extrusion-advertising-signs-aluminum-frame-profile\/\" target=\"_blank\">Aluminum Extrusion Advertising Signs Aluminum Frame Profile<\/a><\/li>"},"feature_list":[]},"_links":{"self":[{"href":"https:\/\/sinoextrud.com\/da\/wp-json\/wp\/v2\/product\/6020","targetHints":{"allow":["GET"]}}],"collection":[{"href":"https:\/\/sinoextrud.com\/da\/wp-json\/wp\/v2\/product"}],"about":[{"href":"https:\/\/sinoextrud.com\/da\/wp-json\/wp\/v2\/types\/product"}],"wp:featuredmedia":[{"embeddable":true,"href":"https:\/\/sinoextrud.com\/da\/wp-json\/wp\/v2\/media\/6019"}],"wp:attachment":[{"href":"https:\/\/sinoextrud.com\/da\/wp-json\/wp\/v2\/media?parent=6020"}],"wp:term":[{"taxonomy":"category","embeddable":true,"href":"https:\/\/sinoextrud.com\/da\/wp-json\/wp\/v2\/categories?post=6020"}],"curies":[{"name":"wp","href":"https:\/\/api.w.org\/{rel}","templated":true}]}}