{"id":6017,"date":"2025-05-24T01:54:41","date_gmt":"2025-05-24T01:54:41","guid":{"rendered":"https:\/\/sinoextrud.com\/product\/aluminum-anodized-surface-profile\/"},"modified":"2025-06-24T03:53:18","modified_gmt":"2025-06-24T03:53:18","slug":"overfladeprofil-i-anodiseret-aluminium","status":"publish","type":"product","link":"https:\/\/sinoextrud.com\/da\/product\/aluminum-anodized-surface-profile\/","title":{"rendered":"Anodiseret aluminium Overfladeprofil"},"content":{"rendered":"<h2>Detaljer om produkter<\/h2>\n<table class=\"custom-table\">\n<tr>\n<td class=\"label\">Produktets navn<\/td>\n<td>Anodiseret overfladeprofil i aluminium<\/td>\n<\/tr>\n<tr>\n<td class=\"label\">Materiale<\/td>\n<td>6063, 6061, 6463, 6082 Aluminiumslegering<\/td>\n<\/tr>\n<tr>\n<td class=\"label\">Farve<\/td>\n<td>Tilpasset<\/td>\n<\/tr>\n<tr>\n<td class=\"label\">Standard<\/td>\n<td>GB2008<\/td>\n<\/tr>\n<tr>\n<td class=\"label\">Karakter<\/td>\n<td>6000-serien<\/td>\n<\/tr>\n<tr>\n<td class=\"label\">Tykkelse<\/td>\n<td>Tilpasset<\/td>\n<\/tr>\n<tr>\n<td class=\"label\">Anvendelse<\/td>\n<td>Udsmykning<\/td>\n<\/tr>\n<tr>\n<td class=\"label\">Temperament<\/td>\n<td>T3-T8<\/td>\n<\/tr>\n<tr>\n<td class=\"label\">L\u00e6ngde<\/td>\n<td>Tilpasset<\/td>\n<\/tr>\n<tr>\n<td class=\"label\">Overfladebehandling<\/td>\n<td>Pulverlakering, m\u00f8llefinish, PVDF, anodiseret, tr\u00e6korn, poleret, b\u00f8rstet osv.<\/td>\n<\/tr>\n<tr>\n<td class=\"label\">Orgin<\/td>\n<td>KINA<\/td>\n<\/tr>\n<tr>\n<td class=\"label\">Er legering eller ej<\/td>\n<td>Er legeret<\/td>\n<\/tr>\n<tr>\n<td class=\"label\">Havn<\/td>\n<td>Guangzhou, Shenzhen, Foshan<\/td>\n<\/tr>\n<\/table>\n<h2>Vores produktionsbase<\/h2>\n<h3>Panorama over fabrikken<\/h3>\n<p><img decoding=\"async\" src=\"\/wp-content\/uploads\/factory-01.webp\"\/><\/p>\n<h3>V\u00e6rksted til fremstilling af aluminiumst\u00e6nger<\/h3>\n<p><img decoding=\"async\" src=\"\/wp-content\/uploads\/factory-02.webp\"\/><\/p>\n<\/p>\n<p><img decoding=\"async\" src=\"\/wp-content\/uploads\/factory-03.webp\"\/><\/p>\n<h3>Lager til opbevaring af skimmelsvampe<\/h3>\n<p><img decoding=\"async\" src=\"\/wp-content\/uploads\/factory-04.webp\"\/><\/p>\n<h3>43 ekstruderingslinjer for aluminium (500-5500 ton)<\/h3>\n<p><img decoding=\"async\" src=\"\/wp-content\/uploads\/factory-05.webp\"\/><\/p>\n<p><img decoding=\"async\" src=\"\/wp-content\/uploads\/factory-06.webp\"\/><\/p>\n<p><img decoding=\"async\" src=\"\/wp-content\/uploads\/factory-07.webp\"\/><\/p>\n<h3>V\u00e6rksted for pulverlakering<\/h3>\n<p><img decoding=\"async\" src=\"\/wp-content\/uploads\/factory-09.webp\"\/><\/p>\n<h3>Anodiseringsv\u00e6rksted<\/h3>\n<p><img decoding=\"async\" src=\"\/wp-content\/uploads\/factory-10.webp\"\/><\/p>\n<h3>Workshop om dyb behandling<\/h3>\n<p><img decoding=\"async\" src=\"\/wp-content\/uploads\/factory-11.webp\"\/><\/p>\n<h3>V\u00e6rksted for CNC-pr\u00e6cisionsbearbejdning<\/h3>\n<p><img decoding=\"async\" src=\"\/wp-content\/uploads\/factory-11.5.webp\"\/><\/p>\n<h3>F\u00e6rdigvare- og eksportlager<\/h3>\n<p><img decoding=\"async\" src=\"\/wp-content\/uploads\/factory-12.webp\"\/><\/p>\n<p><img decoding=\"async\" src=\"\/wp-content\/uploads\/factory-13.webp\"\/><\/p>\n<p><img decoding=\"async\" src=\"\/wp-content\/uploads\/factory-14.webp\"\/><\/p>\n<h2>OFTE STILLEDE SP\u00d8RGSM\u00c5L<\/h2>\n<p><b>1. Hvad er en anodiseret overfladeprofil af aluminium? <\/b><\/p>\n<p> En anodiseret aluminiumsprofil er en ekstruderet aluminiumskomponent, der er blevet anodiseret for at skabe et holdbart, korrosionsbestandigt og \u00e6stetisk tiltalende overfladelag.\n<\/p>\n<p><b>2. Hvad er fordelene ved anodiserede overfladeprofiler i aluminium? <\/b><\/p>\n<p> Disse profiler giver overlegen korrosionsbestandighed, forbedret overfladeh\u00e5rdhed, UV-stabilitet og en moderne metallisk finish, der er ideel til forskellige anvendelser.\n<\/p>\n<p><\/p>\n<p><b>3. Hvorfor er anodisering vigtig for aluminiumsprofiler? <\/b><\/p>\n<p> Anodisering forbedrer aluminiumets naturlige oxidlag og giver langvarig beskyttelse, farvebevarelse og \u00f8get slidstyrke.\n<\/p>\n<p><\/p>\n<p><b>4. Kan anodiserede overfladeprofiler i aluminium bruges udend\u00f8rs? <\/b><\/p>\n<p> Ja, anodiserede aluminiumsprofiler er ideelle til udend\u00f8rs brug p\u00e5 grund af deres fremragende modstandsdygtighed over for vejrlig, falmning og korrosion.\n<\/p>\n<p><\/p>\n<p><b>5. Hvilke applikationer bruger anodiserede overfladeprofiler af aluminium? <\/b><\/p>\n<p> Almindelige anvendelser omfatter arkitektonisk indramning, m\u00f8bler, elektronikkabinetter, bilbekl\u00e6dning og indretningselementer.\n<\/p>\n<p><\/p>\n<p><b>6. F\u00e5s anodiserede overfladeprofiler i aluminium i flere farver? <\/b><\/p>\n<p> Ja, anodiseringsprocessen giver mulighed for en r\u00e6kke forskellige farver, samtidig med at den metalliske glans og overfladens holdbarhed bevares.\n<\/p>\n<p><\/p>\n<p><b>7. Kr\u00e6ver anodiserede overfladeprofiler af aluminium vedligeholdelse? <\/b><\/p>\n<p> Der kr\u00e6ves meget lidt vedligeholdelse; lejlighedsvis reng\u00f8ring med mild s\u00e6be og vand f\u00e5r overfladen til at se ny og skinnende ud.\n<\/p>\n<p><\/p>\n<p><b>8. Er den anodiserede finish milj\u00f8venlig? <\/b><\/p>\n<p> Ja, anodisering er en giftfri proces med lav p\u00e5virkning, og aluminium er fuldt ud genanvendeligt, hvilket g\u00f8r det til et b\u00e6redygtigt valg.\n<\/p>\n<p><\/p>\n<p><b>9. Findes der tilpassede st\u00f8rrelser og former til anodiserede overfladeprofiler i aluminium? <\/b><\/p>\n<p> Disse profiler kan absolut ekstruderes og anodiseres, s\u00e5 de passer til specifikke dimensioner og designkrav.\n<\/p>\n<p><\/p>\n<p><b>10. Hvor l\u00e6nge holder det anodiserede lag p\u00e5 aluminiumsprofiler? <\/b><\/p>\n<p> Det anodiserede lag er ekstremt holdbart og kan holde i \u00e5rtier uden at skalle af eller falme under normale forhold.\n<\/p>\n<p><\/p>","protected":false},"featured_media":6016,"template":"","categories":[57],"class_list":["post-6017","product","type-product","status-publish","has-post-thumbnail","hentry","category-anodized-aluminum-profile"],"meta_box":{"hilight_text_group":{"product_hilight_text":"<li>Durable anodized surface enhances resistance to corrosion, abrasion, and weathering<\/li>\r\r\n<li>Professional, aesthetic finish ideal for visible structural and architectural use<\/li>\r\r\n<li>Available in multiple colors and finishes for branding or design flexibility<\/li>\r\r\n<li>Low-maintenance surface that retains appearance over time<\/li>\r\r\n<li>Environmentally friendly and non-toxic surface treatment process<\/li>","product_chanpin_chanpin":"<li><a href=\"https:\/\/sinoextrud.com\/product\/factory-offer-aluminum-handrail-extrusions\/\" target=\"_blank\">Factory Offer Aluminum Handrail Extrusions<\/a><\/li>\r\n<li><a href=\"https:\/\/sinoextrud.com\/product\/customize-6063-z-section-aluminium-extrusion\/\" target=\"_blank\">Customize 6063 Z Section Aluminium Extrusion<\/a><\/li>\r\n<li><a href=\"https:\/\/sinoextrud.com\/product\/anodized-aluminium-profiles\/\" target=\"_blank\">Anodized Aluminium Profiles<\/a><\/li>\r\n<li><a href=\"https:\/\/sinoextrud.com\/product\/aluminum-angle-channel-bright-polished-mirror\/\" target=\"_blank\">Aluminum Angle Channel Bright Polished Mirror<\/a><\/li>\r\n<li><a href=\"https:\/\/sinoextrud.com\/product\/aluminum-anodized-surface-profile\/\" target=\"_blank\">Aluminum Anodized Surface Profile<\/a><\/li>\r\n<li><a href=\"https:\/\/sinoextrud.com\/product\/anodized-aluminum-manufacturer-supply-anodized-aluminium-extrusion-tube-6063\/\" target=\"_blank\">anodized aluminum Manufacturer Supply anodized Aluminium Extrusion Tube 6063<\/a><\/li>\r\n<li><a href=\"https:\/\/sinoextrud.com\/product\/powder-coating-decorative-aluminum-railing\/\" target=\"_blank\">Powder Coating Decorative Aluminum Railing<\/a><\/li>\r\n<li><a href=\"https:\/\/sinoextrud.com\/product\/wood-grain-customize-aluminium-extrusion-rail\/\" target=\"_blank\">Wood Grain Customize Aluminium Extrusion Rail<\/a><\/li>\r\n<li><a href=\"https:\/\/sinoextrud.com\/product\/sandblasted-mechanical-streak-removed-aluminium-profiles\/\" target=\"_blank\">Sandblasted Mechanical streak removed aluminium profiles<\/a><\/li>\r\n<li><a href=\"https:\/\/sinoextrud.com\/product\/u-shaped-with-open-linear-ceiling-system\/\" target=\"_blank\">U-Shaped With Open Linear Ceiling System<\/a><\/li>\r\n<li><a href=\"https:\/\/sinoextrud.com\/product\/brushed-aluminium-profile\/\" target=\"_blank\">Brushed Aluminium Profile<\/a><\/li>"},"feature_list":[]},"_links":{"self":[{"href":"https:\/\/sinoextrud.com\/da\/wp-json\/wp\/v2\/product\/6017","targetHints":{"allow":["GET"]}}],"collection":[{"href":"https:\/\/sinoextrud.com\/da\/wp-json\/wp\/v2\/product"}],"about":[{"href":"https:\/\/sinoextrud.com\/da\/wp-json\/wp\/v2\/types\/product"}],"wp:featuredmedia":[{"embeddable":true,"href":"https:\/\/sinoextrud.com\/da\/wp-json\/wp\/v2\/media\/6016"}],"wp:attachment":[{"href":"https:\/\/sinoextrud.com\/da\/wp-json\/wp\/v2\/media?parent=6017"}],"wp:term":[{"taxonomy":"category","embeddable":true,"href":"https:\/\/sinoextrud.com\/da\/wp-json\/wp\/v2\/categories?post=6017"}],"curies":[{"name":"wp","href":"https:\/\/api.w.org\/{rel}","templated":true}]}}