{"id":6015,"date":"2025-05-24T01:39:59","date_gmt":"2025-05-24T01:39:59","guid":{"rendered":"https:\/\/sinoextrud.com\/?post_type=product&#038;p=6015"},"modified":"2025-06-24T03:53:16","modified_gmt":"2025-06-24T03:53:16","slug":"aluminiumsvinkelkanal-blankpoleret-spejl","status":"publish","type":"product","link":"https:\/\/sinoextrud.com\/da\/product\/aluminum-angle-channel-bright-polished-mirror\/","title":{"rendered":"Vinkelkanal i aluminium blankpoleret spejl"},"content":{"rendered":"<h2>Detaljer om produkter<\/h2>\n<table class=\"custom-table\">\n<tr>\n<td class=\"label\">Overfladebehandling<\/td>\n<td>Anodisering, polering, pulverlakering efter \u00f8nske<\/td>\n<\/tr>\n<tr>\n<td class=\"label\">Materiale og temperatur<\/td>\n<td>Legering 6063-T5, 6061-T6<\/td>\n<\/tr>\n<tr>\n<td class=\"label\">L\u00e6ngde<\/td>\n<td>Tilpasset<\/td>\n<\/tr>\n<tr>\n<td class=\"label\">Farve<\/td>\n<td>Sliver, bronze, champagne eller efter \u00f8nske<\/td>\n<\/tr>\n<tr>\n<td class=\"label\">Tykkelse<\/td>\n<td>Tilpasset<\/td>\n<\/tr>\n<tr>\n<td class=\"label\">Karakter<\/td>\n<td>6000-serien<\/td>\n<\/tr>\n<tr>\n<td class=\"label\">Anvendelse<\/td>\n<td>Arkitektonisk aluminium, generelt industrielt aluminium, konstruktionsaluminium<\/td>\n<\/tr>\n<tr>\n<td class=\"label\">Type<\/td>\n<td>6063<\/td>\n<\/tr>\n<tr>\n<td class=\"label\">Overfladebehandling<\/td>\n<td>Anodiseret aluminium<\/td>\n<\/tr>\n<tr>\n<td class=\"label\">Legering eller ej<\/td>\n<td>Er legeret<\/td>\n<\/tr>\n<tr>\n<td class=\"label\">Temperament<\/td>\n<td>T3-T8<\/td>\n<\/tr>\n<tr>\n<td class=\"label\">Form<\/td>\n<td>Andet<\/td>\n<\/tr>\n<\/table>\n<h2>Vores produktionsbase<\/h2>\n<h3>Panorama over fabrikken<\/h3>\n<p><img decoding=\"async\" src=\"\/wp-content\/uploads\/factory-01.webp\"\/><\/p>\n<h3>V\u00e6rksted til fremstilling af aluminiumst\u00e6nger<\/h3>\n<p><img decoding=\"async\" src=\"\/wp-content\/uploads\/factory-02.webp\"\/><\/p>\n<\/p>\n<p><img decoding=\"async\" src=\"\/wp-content\/uploads\/factory-03.webp\"\/><\/p>\n<h3>Lager til opbevaring af skimmelsvampe<\/h3>\n<p><img decoding=\"async\" src=\"\/wp-content\/uploads\/factory-04.webp\"\/><\/p>\n<h3>43 ekstruderingslinjer for aluminium (500-5500 ton)<\/h3>\n<p><img decoding=\"async\" src=\"\/wp-content\/uploads\/factory-05.webp\"\/><\/p>\n<p><img decoding=\"async\" src=\"\/wp-content\/uploads\/factory-06.webp\"\/><\/p>\n<p><img decoding=\"async\" src=\"\/wp-content\/uploads\/factory-07.webp\"\/><\/p>\n<h3>V\u00e6rksted for pulverlakering<\/h3>\n<p><img decoding=\"async\" src=\"\/wp-content\/uploads\/factory-09.webp\"\/><\/p>\n<h3>Anodiseringsv\u00e6rksted<\/h3>\n<p><img decoding=\"async\" src=\"\/wp-content\/uploads\/factory-10.webp\"\/><\/p>\n<h3>Workshop om dyb behandling<\/h3>\n<p><img decoding=\"async\" src=\"\/wp-content\/uploads\/factory-11.webp\"\/><\/p>\n<h3>V\u00e6rksted for CNC-pr\u00e6cisionsbearbejdning<\/h3>\n<p><img decoding=\"async\" src=\"\/wp-content\/uploads\/factory-11.5.webp\"\/><\/p>\n<h3>F\u00e6rdigvare- og eksportlager<\/h3>\n<p><img decoding=\"async\" src=\"\/wp-content\/uploads\/factory-12.webp\"\/><\/p>\n<p><img decoding=\"async\" src=\"\/wp-content\/uploads\/factory-13.webp\"\/><\/p>\n<p><img decoding=\"async\" src=\"\/wp-content\/uploads\/factory-14.webp\"\/><\/p>\n<h2>OFTE STILLEDE SP\u00d8RGSM\u00c5L<\/h2>\n<p><b>1. Hvad er aluminiumsvinkelkanal med blankpoleret spejl? <\/b><\/p>\n<p> Aluminium Angle Channel Bright Polished Mirror er en L-formet aluminiumsprofil med en st\u00e6rkt reflekterende, spejllignende poleret overflade, der bruges til dekorative og strukturelle anvendelser.\n<\/p>\n<p><\/p>\n<p><b>2. Hvad er fordelene ved blankpoleret spejlaluminiumsvinkelkanaler? <\/b><\/p>\n<p> Disse profiler giver et elegant udseende, korrosionsbestandighed, letv\u00e6gtsstyrke og er ideelle til b\u00e5de indvendigt og udvendigt design.\n<\/p>\n<p><\/p>\n<p><b>3. Hvorfor v\u00e6lge en spejlfinish p\u00e5 vinkelskinner i aluminium? <\/b><\/p>\n<p> En spejlfinish forbedrer den visuelle appel, reflekterer lys for at g\u00f8re rummene lysere og tilf\u00f8jer et f\u00f8rsteklasses, moderne look til arkitektoniske projekter og udstillingsprojekter.\n<\/p>\n<p><\/p>\n<p><b>4. Hvilke industrier bruger aluminiumsvinkelkanalens blankpolerede spejlprofiler? <\/b><\/p>\n<p> Almindelige brancher omfatter indretningsdesign, m\u00f8bler, butiksudstillinger, skiltning og arkitektoniske detaljer.\n<\/p>\n<p><\/p>\n<p><b>5. Er blankpoleret spejlaluminium korrosionsbestandigt? <\/b><\/p>\n<p> Ja, den polerede aluminiumsoverflade er naturligt korrosionsbestandig og kan beskyttes yderligere med anodisering eller klar bel\u00e6gning.\n<\/p>\n<p><\/p>\n<p><b>6. kan aluminiumsvinkelkanal lyst poleret spejl tilpasses? <\/b><\/p>\n<p> Disse profiler kan absolut sk\u00e6res til og produceres i forskellige dimensioner, s\u00e5 de passer til specifikke projektkrav.\n<\/p>\n<p><\/p>\n<p><b>7. Er spejlpolerede aluminiumsskinner egnede til udend\u00f8rs brug? <\/b><\/p>\n<p> Ja, n\u00e5r de er korrekt coatede, er de holdbare nok til udend\u00f8rs brug og bevarer deres reflekterende finish selv i barske milj\u00f8er.\n<\/p>\n<p><\/p>\n<p><b>8. Hvor let er det at installere aluminiumsvinkelkanaler med blankpolerede spejlprofiler? <\/b><\/p>\n<p> Disse letv\u00e6gtsprofiler er nemme at sk\u00e6re, bore og montere, hvilket g\u00f8r installationen hurtig og effektiv.\n<\/p>\n<p><\/p>\n<p><b>9. Kr\u00e6ver spejlpolerede aluminiumsskinner vedligeholdelse? <\/b><\/p>\n<p> Der er behov for minimal vedligeholdelse; blot regelm\u00e6ssig reng\u00f8ring med en ikke-slibende klud for at bevare glansen og forhindre, at de bliver matte.\n<\/p>\n<p><\/p>\n<p><b>10. Er profiler af aluminiumsvinkelkanal med blankpoleret spejl milj\u00f8venlige? <\/b><\/p>\n<p> Ja, aluminium er fuldt ud genanvendeligt, og poleringsprocessen \u00f8ger holdbarheden uden at g\u00e5 p\u00e5 kompromis med b\u00e6redygtigheden.\n<\/p>\n<p><\/p>","protected":false},"featured_media":6014,"template":"","categories":[57],"class_list":["post-6015","product","type-product","status-publish","has-post-thumbnail","hentry","category-anodized-aluminum-profile"],"meta_box":{"hilight_text_group":{"product_hilight_text":"<li>Bright polished mirror finish offers a high-end, reflective appearance<\/li>\r\r\n<li>Ideal for decorative, architectural, and interior design applications<\/li>\r\r\n<li>Corrosion-resistant aluminum suitable for both indoor and outdoor use<\/li>\r\r\n<li>Lightweight yet strong for easy handling and structural support<\/li>\r\r\n<li>Available in angle and channel shapes for versatile installation options<\/li>","product_chanpin_chanpin":"<li><a href=\"https:\/\/sinoextrud.com\/product\/anodized-extruded-aluminum\/\" target=\"_blank\">Anodized Extruded Aluminum<\/a><\/li>\r\n<li><a href=\"https:\/\/sinoextrud.com\/product\/factory-offer-aluminum-handrail-extrusions\/\" target=\"_blank\">Factory Offer Aluminum Handrail Extrusions<\/a><\/li>\r\n<li><a href=\"https:\/\/sinoextrud.com\/product\/customize-6063-z-section-aluminium-extrusion\/\" target=\"_blank\">Customize 6063 Z Section Aluminium Extrusion<\/a><\/li>\r\n<li><a href=\"https:\/\/sinoextrud.com\/product\/anodized-aluminium-profiles\/\" target=\"_blank\">Anodized Aluminium Profiles<\/a><\/li>\r\n<li><a href=\"https:\/\/sinoextrud.com\/product\/aluminum-angle-channel-bright-polished-mirror\/\" target=\"_blank\">Aluminum Angle Channel Bright Polished Mirror<\/a><\/li>\r\n<li><a href=\"https:\/\/sinoextrud.com\/product\/aluminum-anodized-surface-profile\/\" target=\"_blank\">Aluminum Anodized Surface Profile<\/a><\/li>\r\n<li><a href=\"https:\/\/sinoextrud.com\/product\/anodized-aluminum-manufacturer-supply-anodized-aluminium-extrusion-tube-6063\/\" target=\"_blank\">anodized aluminum Manufacturer Supply anodized Aluminium Extrusion Tube 6063<\/a><\/li>\r\n<li><a href=\"https:\/\/sinoextrud.com\/product\/powder-coating-decorative-aluminum-railing\/\" target=\"_blank\">Powder Coating Decorative Aluminum Railing<\/a><\/li>\r\n<li><a href=\"https:\/\/sinoextrud.com\/product\/wood-grain-customize-aluminium-extrusion-rail\/\" target=\"_blank\">Wood Grain Customize Aluminium Extrusion Rail<\/a><\/li>\r\n<li><a href=\"https:\/\/sinoextrud.com\/product\/aluminium-solar-profile\/\" target=\"_blank\">Aluminium Solar Profile<\/a><\/li>\r\n<li><a href=\"https:\/\/sinoextrud.com\/product\/t-shaped-aluminum-extrusion\/\" target=\"_blank\">T Shaped Aluminum Extrusion<\/a><\/li>"},"feature_list":[]},"_links":{"self":[{"href":"https:\/\/sinoextrud.com\/da\/wp-json\/wp\/v2\/product\/6015","targetHints":{"allow":["GET"]}}],"collection":[{"href":"https:\/\/sinoextrud.com\/da\/wp-json\/wp\/v2\/product"}],"about":[{"href":"https:\/\/sinoextrud.com\/da\/wp-json\/wp\/v2\/types\/product"}],"wp:featuredmedia":[{"embeddable":true,"href":"https:\/\/sinoextrud.com\/da\/wp-json\/wp\/v2\/media\/6014"}],"wp:attachment":[{"href":"https:\/\/sinoextrud.com\/da\/wp-json\/wp\/v2\/media?parent=6015"}],"wp:term":[{"taxonomy":"category","embeddable":true,"href":"https:\/\/sinoextrud.com\/da\/wp-json\/wp\/v2\/categories?post=6015"}],"curies":[{"name":"wp","href":"https:\/\/api.w.org\/{rel}","templated":true}]}}