{"id":6013,"date":"2025-05-24T01:34:09","date_gmt":"2025-05-24T01:34:09","guid":{"rendered":"https:\/\/sinoextrud.com\/?post_type=product&#038;p=6013"},"modified":"2025-06-24T03:53:14","modified_gmt":"2025-06-24T03:53:14","slug":"anodiserede-aluminiumsprofiler","status":"publish","type":"product","link":"https:\/\/sinoextrud.com\/da\/product\/anodized-aluminium-profiles\/","title":{"rendered":"Anodiserede aluminiumsprofiler"},"content":{"rendered":"<h2>Detaljer om produkter<\/h2>\n<table class=\"custom-table\">\n<tr>\n<td class=\"label\">Temperament:<\/td>\n<td>T3-T8<\/td>\n<\/tr>\n<tr>\n<td class=\"label\">Legering:<\/td>\n<td>Legering<\/td>\n<\/tr>\n<tr>\n<td class=\"label\">Legeringsingrediens:<\/td>\n<td>6063<\/td>\n<\/tr>\n<tr>\n<td class=\"label\">Poleret aluminiumsprofil:<\/td>\n<td>Mekanisk anodisering<\/td>\n<\/tr>\n<tr>\n<td class=\"label\">Standardl\u00e6ngde:<\/td>\n<td>3-6m<\/td>\n<\/tr>\n<tr>\n<td class=\"label\">Eksponeret overflade:<\/td>\n<td>125-550 mm<\/td>\n<\/tr>\n<tr>\n<td class=\"label\">Tilbeh\u00f8r:<\/td>\n<td>Brandbarriere og vandstop<\/td>\n<\/tr>\n<tr>\n<td class=\"label\">Anvendelse:<\/td>\n<td>V\u00e6g til loft<\/td>\n<\/tr>\n<tr>\n<td class=\"label\">Pr\u00f8ve:<\/td>\n<td>Gratis<\/td>\n<\/tr>\n<tr>\n<td class=\"label\">Transportpakke:<\/td>\n<td>Krydsfiner<\/td>\n<\/tr>\n<tr>\n<td class=\"label\">Oprindelse:<\/td>\n<td>Guangdong, Kina<\/td>\n<\/tr>\n<tr>\n<td class=\"label\">Type:<\/td>\n<td>Dekorationsprofil i aluminium, profil til reng\u00f8ringsrum<\/td>\n<\/tr>\n<tr>\n<td class=\"label\">Karakter:<\/td>\n<td>6000-serien<\/td>\n<\/tr>\n<tr>\n<td class=\"label\">Aluminiumsprofil til vinduer og d\u00f8re:<\/td>\n<td>90-serien<\/td>\n<\/tr>\n<tr>\n<td class=\"label\">Overfladebehandling:<\/td>\n<td>Anodisk oxidation<\/td>\n<\/tr>\n<tr>\n<td class=\"label\">Certificering:<\/td>\n<td>ISO, SGS<\/td>\n<\/tr>\n<tr>\n<td class=\"label\">Basismateriale:<\/td>\n<td>6063-T5 aluminiumslegering<\/td>\n<\/tr>\n<\/table>\n<h2>Vores produktionsbase<\/h2>\n<h3>Panorama over fabrikken<\/h3>\n<p><img decoding=\"async\" src=\"\/wp-content\/uploads\/factory-01.webp\"\/><\/p>\n<h3>V\u00e6rksted til fremstilling af aluminiumst\u00e6nger<\/h3>\n<p><img decoding=\"async\" src=\"\/wp-content\/uploads\/factory-02.webp\"\/><\/p>\n<\/p>\n<p><img decoding=\"async\" src=\"\/wp-content\/uploads\/factory-03.webp\"\/><\/p>\n<h3>Lager til opbevaring af skimmelsvampe<\/h3>\n<p><img decoding=\"async\" src=\"\/wp-content\/uploads\/factory-04.webp\"\/><\/p>\n<h3>43 ekstruderingslinjer for aluminium (500-5500 ton)<\/h3>\n<p><img decoding=\"async\" src=\"\/wp-content\/uploads\/factory-05.webp\"\/><\/p>\n<p><img decoding=\"async\" src=\"\/wp-content\/uploads\/factory-06.webp\"\/><\/p>\n<p><img decoding=\"async\" src=\"\/wp-content\/uploads\/factory-07.webp\"\/><\/p>\n<h3>V\u00e6rksted for pulverlakering<\/h3>\n<p><img decoding=\"async\" src=\"\/wp-content\/uploads\/factory-09.webp\"\/><\/p>\n<h3>Anodiseringsv\u00e6rksted<\/h3>\n<p><img decoding=\"async\" src=\"\/wp-content\/uploads\/factory-10.webp\"\/><\/p>\n<h3>Workshop om dyb behandling<\/h3>\n<p><img decoding=\"async\" src=\"\/wp-content\/uploads\/factory-11.webp\"\/><\/p>\n<h3>V\u00e6rksted for CNC-pr\u00e6cisionsbearbejdning<\/h3>\n<p><img decoding=\"async\" src=\"\/wp-content\/uploads\/factory-11.5.webp\"\/><\/p>\n<h3>F\u00e6rdigvare- og eksportlager<\/h3>\n<p><img decoding=\"async\" src=\"\/wp-content\/uploads\/factory-12.webp\"\/><\/p>\n<p><img decoding=\"async\" src=\"\/wp-content\/uploads\/factory-13.webp\"\/><\/p>\n<p><img decoding=\"async\" src=\"\/wp-content\/uploads\/factory-14.webp\"\/><\/p>\n<h2>OFTE STILLEDE SP\u00d8RGSM\u00c5L<\/h2>\n<p><b>1. Hvad er anodiserede aluminiumsprofiler? <\/b><\/p>\n<p> Anodiserede aluminiumsprofiler er aluminiumsprofiler, der har gennemg\u00e5et en anodiseringsproces for at forbedre overfladens holdbarhed, korrosionsbestandighed og \u00e6stetiske appel.\n<\/p>\n<p><\/p>\n<p><b>2. Hvad er fordelene ved anodiserede aluminiumsprofiler? <\/b><\/p>\n<p> Anodiserede aluminiumsprofiler giver \u00f8get overfladeh\u00e5rdhed, UV-bestandighed, farvestabilitet og en elegant, moderne finish, der er ideel til forskellige anvendelser.\n<\/p>\n<p><\/p>\n<p><b>3. Hvorfor v\u00e6lge anodiseret aluminium frem for r\u00e5 aluminium? <\/b><\/p>\n<p> Anodiseret aluminium er mere modstandsdygtigt over for slid, vejrlig og korrosion, hvilket g\u00f8r det mere holdbart og visuelt tiltalende end ubehandlet aluminium.\n<\/p>\n<p><\/p>\n<p><b>4. Kan anodiserede aluminiumsprofiler bruges udend\u00f8rs? <\/b><\/p>\n<p> Ja, deres forbedrede korrosions- og UV-bestandighed g\u00f8r anodiserede aluminiumsprofiler ideelle til udend\u00f8rs anvendelser som facader, r\u00e6kv\u00e6rk og vinduesrammer.\n<\/p>\n<p><\/p>\n<p><b>5. F\u00e5s anodiserede aluminiumsprofiler i forskellige farver? <\/b><\/p>\n<p> Absolut, anodiseringsprocessen giver mulighed for en bred vifte af farvemuligheder, samtidig med at den metalliske finish og den langvarige udstr\u00e5ling bevares.\n<\/p>\n<p><\/p>\n<p><b>6. Hvilke industrier bruger ofte anodiserede aluminiumsprofiler? <\/b><\/p>\n<p> Arkitektur-, m\u00f8bel-, elektronik-, bil- og forbrugsvareindustrien bruger i vid udstr\u00e6kning anodiserede profiler p\u00e5 grund af deres ydeevne og \u00e6stetiske v\u00e6rdi.\n<\/p>\n<p><\/p>\n<p><b>7. Kr\u00e6ver anodiserede aluminiumsprofiler vedligeholdelse? <\/b><\/p>\n<p> Der er behov for minimal vedligeholdelse - kun lejlighedsvis reng\u00f8ring - da den anodiserede overflade er modstandsdygtig over for snavs, pletter og nedbrydning.\n<\/p>\n<p><\/p>\n<p><b>8. Er anodiserede aluminiumsprofiler milj\u00f8venlige? <\/b><\/p>\n<p> Ja, aluminium er 100% genanvendeligt, og anodiseringsprocessen er ugiftig og sikker, hvilket g\u00f8r disse profiler til et b\u00e6redygtigt materialevalg.\n<\/p>\n<p><\/p>\n<p><b>9. Hvor l\u00e6nge holder den anodiserede finish p\u00e5 aluminiumsprofiler? <\/b><\/p>\n<p> Anodiserede overflader er ekstremt holdbare og kan holde i \u00e5rtier uden at falme, skalle af eller korrodere under normale brugsforhold.\n<\/p>\n<p><\/p>\n<p><b>10. Underst\u00f8tter anodiserede aluminiumsprofiler tilpassede former og st\u00f8rrelser? <\/b><\/p>\n<p> Ja, anodisering kan anvendes p\u00e5 specialekstruderede aluminiumsprofiler, hvilket giver mulighed for skr\u00e6ddersyede l\u00f8sninger, der opfylder specifikke design- og funktionskrav.\n<\/p>\n<p><\/p>","protected":false},"featured_media":6012,"template":"","categories":[57],"class_list":["post-6013","product","type-product","status-publish","has-post-thumbnail","hentry","category-anodized-aluminum-profile"],"meta_box":{"hilight_text_group":{"product_hilight_text":"<li>Enhanced corrosion and wear resistance through anodized surface treatment<\/li>\r\r\n<li>Attractive, uniform finish ideal for visible architectural and industrial applications<\/li>\r\r\n<li>Available in various colors and textures to meet design specifications<\/li>\r\r\n<li>Improved surface hardness for increased durability and lifespan<\/li>\r\r\n<li>Low maintenance and environmentally friendly coating process<\/li>","product_chanpin_chanpin":"<li><a href=\"https:\/\/sinoextrud.com\/product\/aluminium-corner-extrusion\/\" target=\"_blank\">Aluminium Corner Extrusion<\/a><\/li>\r\n<li><a href=\"https:\/\/sinoextrud.com\/product\/anodized-extruded-aluminum\/\" target=\"_blank\">Anodized Extruded Aluminum<\/a><\/li>\r\n<li><a href=\"https:\/\/sinoextrud.com\/product\/factory-offer-aluminum-handrail-extrusions\/\" target=\"_blank\">Factory Offer Aluminum Handrail Extrusions<\/a><\/li>\r\n<li><a href=\"https:\/\/sinoextrud.com\/product\/customize-6063-z-section-aluminium-extrusion\/\" target=\"_blank\">Customize 6063 Z Section Aluminium Extrusion<\/a><\/li>\r\n<li><a href=\"https:\/\/sinoextrud.com\/product\/anodized-aluminium-profiles\/\" target=\"_blank\">Anodized Aluminium Profiles<\/a><\/li>\r\n<li><a href=\"https:\/\/sinoextrud.com\/product\/aluminum-angle-channel-bright-polished-mirror\/\" target=\"_blank\">Aluminum Angle Channel Bright Polished Mirror<\/a><\/li>\r\n<li><a href=\"https:\/\/sinoextrud.com\/product\/aluminum-anodized-surface-profile\/\" target=\"_blank\">Aluminum Anodized Surface Profile<\/a><\/li>\r\n<li><a href=\"https:\/\/sinoextrud.com\/product\/anodized-aluminum-manufacturer-supply-anodized-aluminium-extrusion-tube-6063\/\" target=\"_blank\">anodized aluminum Manufacturer Supply anodized Aluminium Extrusion Tube 6063<\/a><\/li>\r\n<li><a href=\"https:\/\/sinoextrud.com\/product\/powder-coating-decorative-aluminum-railing\/\" target=\"_blank\">Powder Coating Decorative Aluminum Railing<\/a><\/li>\r\n<li><a href=\"https:\/\/sinoextrud.com\/product\/sandblasted-aluminum-finish-profile\/\" target=\"_blank\">Sandblasted Aluminum Finish Profile<\/a><\/li>\r\n<li><a href=\"https:\/\/sinoextrud.com\/product\/rectangular-aluminum-tube\/\" target=\"_blank\">Rectangular Aluminum Tube<\/a><\/li>"},"feature_list":[]},"_links":{"self":[{"href":"https:\/\/sinoextrud.com\/da\/wp-json\/wp\/v2\/product\/6013","targetHints":{"allow":["GET"]}}],"collection":[{"href":"https:\/\/sinoextrud.com\/da\/wp-json\/wp\/v2\/product"}],"about":[{"href":"https:\/\/sinoextrud.com\/da\/wp-json\/wp\/v2\/types\/product"}],"wp:featuredmedia":[{"embeddable":true,"href":"https:\/\/sinoextrud.com\/da\/wp-json\/wp\/v2\/media\/6012"}],"wp:attachment":[{"href":"https:\/\/sinoextrud.com\/da\/wp-json\/wp\/v2\/media?parent=6013"}],"wp:term":[{"taxonomy":"category","embeddable":true,"href":"https:\/\/sinoextrud.com\/da\/wp-json\/wp\/v2\/categories?post=6013"}],"curies":[{"name":"wp","href":"https:\/\/api.w.org\/{rel}","templated":true}]}}