{"id":5995,"date":"2025-05-23T15:39:44","date_gmt":"2025-05-23T15:39:44","guid":{"rendered":"https:\/\/sinoextrud.com\/?post_type=product&#038;p=5995"},"modified":"2025-06-24T03:53:00","modified_gmt":"2025-06-24T03:53:00","slug":"industrielle-aluminiumsprofiler","status":"publish","type":"product","link":"https:\/\/sinoextrud.com\/da\/product\/industrial-aluminum-profiles\/","title":{"rendered":"Industrielle aluminiumsprofiler"},"content":{"rendered":"<h2>Detaljer om produkter<\/h2>\n<table class=\"custom-table\">\n<tr>\n<td class=\"label\">Produktets navn<\/td>\n<td>industrielle aluminiumsprofiler (industrielt aluminium, industrielt aluminiumsekstruderingsmateriale)<\/td>\n<\/tr>\n<tr>\n<td class=\"label\">Produktsortiment<\/td>\n<td>Produktionssamleb\u00e5nd, arbejdsb\u00e6nk til produktionslinje, kontorskillev\u00e6g, sk\u00e6rm, industrihegn og en r\u00e6kke forskellige rammer, displayhylder, hylder, mekanisk st\u00f8vt\u00e6tningsd\u00e6ksel osv.<\/td>\n<\/tr>\n<tr>\n<td class=\"label\">Aluminiumslegering<\/td>\n<td>1000-serien, 2000-serien, 3000-serien, 5000-serien, 6000-serien, 7000-serien<\/td>\n<\/tr>\n<tr>\n<td class=\"label\">Temperament<\/td>\n<td>T3-T8<\/td>\n<\/tr>\n<tr>\n<td class=\"label\">Form<\/td>\n<td>Tilpasning<\/td>\n<\/tr>\n<tr>\n<td class=\"label\">Farve<\/td>\n<td>Tilpasning<\/td>\n<\/tr>\n<tr>\n<td class=\"label\">Overfladebehandling<\/td>\n<td>fr\u00e6set f\u00e6rdig, anodiseret, tr\u00e6korn, power coating, sandbl\u00e6sning, elektroforese, b\u00f8rstet, polering osv.<\/td>\n<\/tr>\n<tr>\n<td class=\"label\">CNC-dybbearbejdning<\/td>\n<td>sk\u00e6ring, boring, bearbejdning, stansning, bukning, gevindsk\u00e6ring og s\u00e5 videre<\/td>\n<\/tr>\n<tr>\n<td class=\"label\">Certificeringer<\/td>\n<td>CE, ISO, SGS, TUV, ROHS<\/td>\n<\/tr>\n<tr>\n<td class=\"label\">Pr\u00f8ver<\/td>\n<td>Gratis pr\u00f8ve. 1-3 dage leveret til dig.<\/td>\n<\/tr>\n<tr>\n<td class=\"label\">MOQ<\/td>\n<td>200 kg for hver profil<\/td>\n<\/tr>\n<tr>\n<td class=\"label\">Leveringstid<\/td>\n<td>Formudvikling og pr\u00f8vekonformitet er 12-15 dage, derefter er produktionsvarigheden 15-25 dage efter modtagelse af depositum fra k\u00f8ber.<\/td>\n<\/tr>\n<tr>\n<td class=\"label\">Betalingsbetingelser<\/td>\n<td>30% depositum f\u00f8r produktion og balance f\u00f8r forsendelse.<\/td>\n<\/tr>\n<\/table>\n<h2>Vores produktionsbase<\/h2>\n<h3>Panorama over fabrikken<\/h3>\n<p><img decoding=\"async\" src=\"\/wp-content\/uploads\/factory-01.webp\"\/><\/p>\n<h3>V\u00e6rksted til fremstilling af aluminiumst\u00e6nger<\/h3>\n<p><img decoding=\"async\" src=\"\/wp-content\/uploads\/factory-02.webp\"\/><\/p>\n<\/p>\n<p><img decoding=\"async\" src=\"\/wp-content\/uploads\/factory-03.webp\"\/><\/p>\n<h3>Lager til opbevaring af skimmelsvampe<\/h3>\n<p><img decoding=\"async\" src=\"\/wp-content\/uploads\/factory-04.webp\"\/><\/p>\n<h3>43 ekstruderingslinjer for aluminium (500-5500 ton)<\/h3>\n<p><img decoding=\"async\" src=\"\/wp-content\/uploads\/factory-05.webp\"\/><\/p>\n<p><img decoding=\"async\" src=\"\/wp-content\/uploads\/factory-06.webp\"\/><\/p>\n<p><img decoding=\"async\" src=\"\/wp-content\/uploads\/factory-07.webp\"\/><\/p>\n<h3>V\u00e6rksted for pulverlakering<\/h3>\n<p><img decoding=\"async\" src=\"\/wp-content\/uploads\/factory-09.webp\"\/><\/p>\n<h3>Anodiseringsv\u00e6rksted<\/h3>\n<p><img decoding=\"async\" src=\"\/wp-content\/uploads\/factory-10.webp\"\/><\/p>\n<h3>Workshop om dyb behandling<\/h3>\n<p><img decoding=\"async\" src=\"\/wp-content\/uploads\/factory-11.webp\"\/><\/p>\n<h3>V\u00e6rksted for CNC-pr\u00e6cisionsbearbejdning<\/h3>\n<p><img decoding=\"async\" src=\"\/wp-content\/uploads\/factory-11.5.webp\"\/><\/p>\n<h3>F\u00e6rdigvare- og eksportlager<\/h3>\n<p><img decoding=\"async\" src=\"\/wp-content\/uploads\/factory-12.webp\"\/><\/p>\n<p><img decoding=\"async\" src=\"\/wp-content\/uploads\/factory-13.webp\"\/><\/p>\n<p><img decoding=\"async\" src=\"\/wp-content\/uploads\/factory-14.webp\"\/><\/p>\n<h2>OFTE STILLEDE SP\u00d8RGSM\u00c5L<\/h2>\n<p><b>1. Hvad er industrielle aluminiumsprofiler? <\/b><\/p>\n<p> Industrielle aluminiumsprofiler er ekstruderede aluminiumskomponenter, der bruges til at bygge rammer, maskinkonstruktioner, automatiseringssystemer og arbejdsstationer i industrielle milj\u00f8er.\n<\/p>\n<p><\/p>\n<p><b>2. Hvad er de vigtigste fordele ved industrielle aluminiumsprofiler? <\/b><\/p>\n<p> Industrielle aluminiumsprofiler tilbyder letv\u00e6gtsstyrke, korrosionsbestandighed, modul\u00e6rt design og nem montering, hvilket g\u00f8r dem ideelle til industrielle anvendelser.\n<\/p>\n<p><\/p>\n<p><b>3. Hvordan underst\u00f8tter industrielle aluminiumsprofiler modul\u00e6rt byggeri? <\/b><\/p>\n<p> Deres standardiserede slidser og forbindelsessystemer muligg\u00f8r hurtig montering, udvidelse og omkonfiguration uden svejsning eller specialv\u00e6rkt\u00f8j.\n<\/p>\n<p><\/p>\n<p><b>4. Hvorfor v\u00e6lge industrielle aluminiumsprofiler frem for st\u00e5l? <\/b><\/p>\n<p> Industrielle aluminiumsprofiler er lettere, rustfri, nemmere at bearbejde og mere tilpasningsdygtige end traditionelle st\u00e5lkonstruktioner, hvilket reducerer installations- og vedligeholdelsesomkostningerne.\n<\/p>\n<p><\/p>\n<p><b>5. Kan industrielle aluminiumsprofiler tilpasses? <\/b><\/p>\n<p> Ja, de kan specialekstruderes i forskellige former, st\u00f8rrelser og overflader for at opfylde specifikke industrielle projektkrav.\n<\/p>\n<p><\/p>\n<p><b>6. Hvilke industrier bruger industrielle aluminiumsprofiler? <\/b><\/p>\n<p> Industrier som fremstilling, automatisering, robotteknologi, logistik og elektronik bruger i vid udstr\u00e6kning industrielle aluminiumsprofiler til strukturelle og mekaniske rammer.\n<\/p>\n<p><\/p>\n<p><b>7. Underst\u00f8tter industrielle aluminiumsprofiler b\u00e6redygtig produktion? <\/b><\/p>\n<p> Aluminium er absolut genanvendeligt og energieffektivt, hvilket g\u00f8r disse profiler til en gr\u00f8n l\u00f8sning til industrielt design og byggeri.\n<\/p>\n<p><\/p>\n<p><b>8. Hvordan forbedrer industrielle aluminiumsprofiler effektiviteten? <\/b><\/p>\n<p> Deres modul\u00e6re design reducerer monteringstiden og muligg\u00f8r hurtige justeringer, hvilket f\u00f8rer til hurtigere produktionsops\u00e6tning og driftsfleksibilitet.\n<\/p>\n<p><\/p>\n<p><b>9. Hvilke typer finish er tilg\u00e6ngelige for industrielle aluminiumsprofiler? <\/b><\/p>\n<p> Almindelige overflader omfatter anodisering, pulverlakering og b\u00f8rstning, som forbedrer udseende, holdbarhed og korrosionsbestandighed.\n<\/p>\n<p><\/p>\n<p><b>10. Kan industrielle aluminiumsprofiler integreres med automatiseringskomponenter? <\/b><\/p>\n<p> Ja, deres design underst\u00f8tter problemfri integration med sensorer, aktuatorer, transport\u00f8rer og kontrolsystemer i automatiserede industrielle ops\u00e6tninger.\n<\/p>\n<p><\/p>","protected":false},"featured_media":5994,"template":"","categories":[55],"class_list":["post-5995","product","type-product","status-publish","has-post-thumbnail","hentry","category-extruded-aluminum-profiles"],"meta_box":{"hilight_text_group":{"product_hilight_text":"<li>Versatile profiles suitable for machine frames, safety enclosures, and automation systems<\/li>\r\r\n<li>Easy to cut, assemble, and modify on-site without welding<\/li>\r\r\n<li>Strong load-bearing capacity with lightweight design<\/li>\r\r\n<li>Standardized slots support universal connectors and accessories<\/li>\r\r\n<li>Durable anodized surface resists wear, corrosion, and scratches<\/li>","product_chanpin_chanpin":"<li><a href=\"https:\/\/sinoextrud.com\/product\/aluminium-profile-bed-frame\/\" target=\"_blank\">Aluminium Profile Bed Frame<\/a><\/li>\r\n<li><a href=\"https:\/\/sinoextrud.com\/product\/aluminum-extrusion-industry-modular-components-profile\/\" target=\"_blank\">Aluminum Extrusion Industry Modular Components Profile<\/a><\/li>\r\n<li><a href=\"https:\/\/sinoextrud.com\/product\/aluminium-profile-systems\/\" target=\"_blank\">Aluminium Profile Systems<\/a><\/li>\r\n<li><a href=\"https:\/\/sinoextrud.com\/product\/aluminium-extrusion-profile-section\/\" target=\"_blank\">Aluminium Extrusion Profile Section(Great Wall panel aluminum profile)<\/a><\/li>\r\n<li><a href=\"https:\/\/sinoextrud.com\/product\/industrial-aluminum-profiles\/\" target=\"_blank\">Industrial Aluminum Profiles<\/a><\/li>\r\n<li><a href=\"https:\/\/sinoextrud.com\/product\/aluminum-extruded-profile\/\" target=\"_blank\">Aluminum Extruded Profile<\/a><\/li>\r\n<li><a href=\"https:\/\/sinoextrud.com\/product\/aluminium-corner-extrusion\/\" target=\"_blank\">Aluminium Corner Extrusion<\/a><\/li>\r\n<li><a href=\"https:\/\/sinoextrud.com\/product\/anodized-extruded-aluminum\/\" target=\"_blank\">Anodized Extruded Aluminum<\/a><\/li>\r\n<li><a href=\"https:\/\/sinoextrud.com\/product\/factory-offer-aluminum-handrail-extrusions\/\" target=\"_blank\">Factory Offer Aluminum Handrail Extrusions<\/a><\/li>\r\n<li><a href=\"https:\/\/sinoextrud.com\/product\/small-aluminium-extrusions\/\" target=\"_blank\">Small Aluminium Extrusions<\/a><\/li>\r\n<li><a href=\"https:\/\/sinoextrud.com\/product\/aluminum-door-jamb-extrusions\/\" target=\"_blank\">Aluminum Door Jamb Extrusions<\/a><\/li>"},"feature_list":[]},"_links":{"self":[{"href":"https:\/\/sinoextrud.com\/da\/wp-json\/wp\/v2\/product\/5995","targetHints":{"allow":["GET"]}}],"collection":[{"href":"https:\/\/sinoextrud.com\/da\/wp-json\/wp\/v2\/product"}],"about":[{"href":"https:\/\/sinoextrud.com\/da\/wp-json\/wp\/v2\/types\/product"}],"wp:featuredmedia":[{"embeddable":true,"href":"https:\/\/sinoextrud.com\/da\/wp-json\/wp\/v2\/media\/5994"}],"wp:attachment":[{"href":"https:\/\/sinoextrud.com\/da\/wp-json\/wp\/v2\/media?parent=5995"}],"wp:term":[{"taxonomy":"category","embeddable":true,"href":"https:\/\/sinoextrud.com\/da\/wp-json\/wp\/v2\/categories?post=5995"}],"curies":[{"name":"wp","href":"https:\/\/api.w.org\/{rel}","templated":true}]}}