{"id":5993,"date":"2025-05-23T15:36:29","date_gmt":"2025-05-23T15:36:29","guid":{"rendered":"https:\/\/sinoextrud.com\/?post_type=product&#038;p=5993"},"modified":"2025-06-24T03:52:58","modified_gmt":"2025-06-24T03:52:58","slug":"profilsnit-af-aluminiumsekstrudering","status":"publish","type":"product","link":"https:\/\/sinoextrud.com\/da\/product\/aluminium-extrusion-profile-section\/","title":{"rendered":"Profilsektion for ekstrudering af aluminium (aluminiumsprofil til Great Wall-panel)"},"content":{"rendered":"<h2>Detaljer om produkter<\/h2>\n<table class=\"custom-table\">\n<tr>\n<td class=\"label\">Produktets navn<\/td>\n<td>Profilsnit af aluminiumsekstrudering<\/td>\n<\/tr>\n<tr>\n<td class=\"label\">Anvendelse<\/td>\n<td>Industriel aluminiumsprofil, aluminiumsprofil til byggeri, aluminiumsd\u00f8re og -vinduer, aluminiumskabe, aluminiumslofter, aluminiumsr\u00f8r, glasr\u00e6kv\u00e6rk i aluminium osv.<\/td>\n<\/tr>\n<tr>\n<td class=\"label\">Aluminiumslegering<\/td>\n<td>1000-serien, 2000-serien, 3000-serien, 6000-serien, 7000-serien osv.<\/td>\n<\/tr>\n<tr>\n<td class=\"label\">Temperament<\/td>\n<td>T3-T8<\/td>\n<\/tr>\n<tr>\n<td class=\"label\">Form<\/td>\n<td>i henhold til kundens krav<\/td>\n<\/tr>\n<tr>\n<td class=\"label\">Farve<\/td>\n<td>i henhold til kundens krav<\/td>\n<\/tr>\n<tr>\n<td class=\"label\">L\u00e6ngde<\/td>\n<td>1-9m eller tilpasning<\/td>\n<\/tr>\n<tr>\n<td class=\"label\">Overfladebehandling<\/td>\n<td>fr\u00e6set f\u00e6rdig, anodiseret, power coating, sandbl\u00e6sning, elektroforese, b\u00f8rstet, polering osv.<\/td>\n<\/tr>\n<tr>\n<td class=\"label\">CNC-dybbearbejdning<\/td>\n<td>sk\u00e6ring, boring, bearbejdning, stansning, bukning, gevindsk\u00e6ring osv.<\/td>\n<\/tr>\n<tr>\n<td class=\"label\">Certificeringer<\/td>\n<td>CE, ISO, SGS, TUV, ROHS<\/td>\n<\/tr>\n<tr>\n<td class=\"label\">Pr\u00f8ver<\/td>\n<td>Gratis pr\u00f8ve. 1-3 dage leveret til dig.<\/td>\n<\/tr>\n<tr>\n<td class=\"label\">MOQ<\/td>\n<td>200 kg for hver profil<\/td>\n<\/tr>\n<tr>\n<td class=\"label\">Leveringstid<\/td>\n<td>Skimmeludvikling og pr\u00f8vekonformation er 12-15 dage, derefter er produktionsvarigheden 15-25 dage efter modtagelse af depositum fra k\u00f8ber.<\/td>\n<\/tr>\n<tr>\n<td class=\"label\">Betalingsbetingelser<\/td>\n<td>30% depositum, 70% saldo f\u00f8r forsendelse<\/td>\n<\/tr>\n<\/table>\n<h2>Vores produktionsbase<\/h2>\n<h3>Panorama over fabrikken<\/h3>\n<p><img decoding=\"async\" src=\"\/wp-content\/uploads\/factory-01.webp\"\/><\/p>\n<h3>V\u00e6rksted til fremstilling af aluminiumst\u00e6nger<\/h3>\n<p><img decoding=\"async\" src=\"\/wp-content\/uploads\/factory-02.webp\"\/><\/p>\n<\/p>\n<p><img decoding=\"async\" src=\"\/wp-content\/uploads\/factory-03.webp\"\/><\/p>\n<h3>Lager til opbevaring af skimmelsvampe<\/h3>\n<p><img decoding=\"async\" src=\"\/wp-content\/uploads\/factory-04.webp\"\/><\/p>\n<h3>43 ekstruderingslinjer for aluminium (500-5500 ton)<\/h3>\n<p><img decoding=\"async\" src=\"\/wp-content\/uploads\/factory-05.webp\"\/><\/p>\n<p><img decoding=\"async\" src=\"\/wp-content\/uploads\/factory-06.webp\"\/><\/p>\n<p><img decoding=\"async\" src=\"\/wp-content\/uploads\/factory-07.webp\"\/><\/p>\n<h3>V\u00e6rksted for pulverlakering<\/h3>\n<p><img decoding=\"async\" src=\"\/wp-content\/uploads\/factory-09.webp\"\/><\/p>\n<h3>Anodiseringsv\u00e6rksted<\/h3>\n<p><img decoding=\"async\" src=\"\/wp-content\/uploads\/factory-10.webp\"\/><\/p>\n<h3>Workshop om dyb behandling<\/h3>\n<p><img decoding=\"async\" src=\"\/wp-content\/uploads\/factory-11.webp\"\/><\/p>\n<h3>V\u00e6rksted for CNC-pr\u00e6cisionsbearbejdning<\/h3>\n<p><img decoding=\"async\" src=\"\/wp-content\/uploads\/factory-11.5.webp\"\/><\/p>\n<h3>F\u00e6rdigvare- og eksportlager<\/h3>\n<p><img decoding=\"async\" src=\"\/wp-content\/uploads\/factory-12.webp\"\/><\/p>\n<p><img decoding=\"async\" src=\"\/wp-content\/uploads\/factory-13.webp\"\/><\/p>\n<p><img decoding=\"async\" src=\"\/wp-content\/uploads\/factory-14.webp\"\/><\/p>\n<h2>OFTE STILLEDE SP\u00d8RGSM\u00c5L<\/h2>\n<p><b>1. Hvad er en profilsektion til ekstrudering af aluminium? <\/b><\/p>\n<p> En aluminiumsekstruderingsprofil er en formet aluminiumskomponent, der er skabt gennem ekstruderingsprocessen, og som bruges til konstruktion, fremstilling og strukturelle anvendelser.\n<\/p>\n<p><\/p>\n<p><b>2. Hvad er de vigtigste fordele ved aluminiumsekstruderingsprofilsnit? <\/b><\/p>\n<p> Profiler af ekstruderet aluminium giver et h\u00f8jt styrke\/v\u00e6gt-forhold, korrosionsbestandighed og designfleksibilitet til forskellige industrielle og arkitektoniske form\u00e5l.\n<\/p>\n<p><\/p>\n<p><b>3. Hvorfor foretr\u00e6kkes ekstrudering af aluminium til profilsektioner? <\/b><\/p>\n<p> Ekstrudering af aluminium g\u00f8r det muligt at producere pr\u00e6cise, komplekse former p\u00e5 en omkostningseffektiv m\u00e5de med fremragende overfladefinish og minimalt spild.\n<\/p>\n<p><\/p>\n<p><b>4. Kan profilsektioner til ekstrudering af aluminium tilpasses? <\/b><\/p>\n<p> Ja, de kan skr\u00e6ddersys i form, st\u00f8rrelse, legering og overfladebehandling, s\u00e5 de opfylder specifikke krav til ydeevne og \u00e6stetik.\n<\/p>\n<p><\/p>\n<p><b>5. Hvor holdbare er profiler af ekstruderet aluminium? <\/b><\/p>\n<p> Disse profilsektioner er meget holdbare, kan modst\u00e5 barske milj\u00f8er og bevare den strukturelle integritet over tid.\n<\/p>\n<p><\/p>\n<p><b>6. Hvilke industrier bruger almindeligvis profiler af aluminiumsekstrudering? <\/b><\/p>\n<p> Industrier som rumfart, bilindustri, byggeri, elektronik og vedvarende energi bruger i vid udstr\u00e6kning aluminiumprofiler.\n<\/p>\n<p><\/p>\n<p><b>7. Underst\u00f8tter profiler af ekstruderet aluminium letv\u00e6gtskonstruktion? <\/b><\/p>\n<p> Absolut, deres lette natur g\u00f8r dem ideelle til at reducere den samlede strukturv\u00e6gt uden at g\u00e5 p\u00e5 kompromis med styrken.\n<\/p>\n<p><\/p>\n<p><b>8. Kan profiler af ekstruderet aluminium f\u00e6rdigg\u00f8res i forskellige stilarter? <\/b><\/p>\n<p> Ja, de underst\u00f8tter forskellige overflader som anodisering, pulverlakering og maling for at forbedre udseende og beskyttelse.\n<\/p>\n<p><\/p>\n<p><b>9. Hvad g\u00f8r profilsektioner af aluminiumsekstrudering omkostningseffektive? <\/b><\/p>\n<p> Deres genanvendelighed, minimale vedligeholdelse og effektive produktion g\u00f8r dem til et omkostningseffektivt valg til store projekter.\n<\/p>\n<p><\/p>\n<p><b>10. Er profiler af ekstruderet aluminium milj\u00f8venlige? <\/b><\/p>\n<p> Ja, aluminium er 100% genanvendeligt og kr\u00e6ver mindre energi at behandle, hvilket g\u00f8r disse profiler til et b\u00e6redygtigt materialevalg.\n<\/p>\n<p><\/p>","protected":false},"featured_media":5992,"template":"","categories":[55],"class_list":["post-5993","product","type-product","status-publish","has-post-thumbnail","hentry","category-extruded-aluminum-profiles"],"meta_box":{"hilight_text_group":{"product_hilight_text":"<li>Customizable cross-sections to fit specific structural and design requirements<\/li>\r\r\n<li>High precision and consistent quality suitable for mass production<\/li>\r\r\n<li>Lightweight yet strong material ideal for reducing overall system weight<\/li>\r\r\n<li>Excellent thermal and electrical conductivity for specialized applications<\/li>\r\r\n<li>Corrosion-resistant finish ensures long-term durability in harsh environments<\/li>\r\r\n<li>Aluminum decorative materials for wall and ceiling applications <\/li>","product_chanpin_chanpin":"<li><a href=\"https:\/\/sinoextrud.com\/product\/extruded-aluminum-tubing-shapes-supplier\/\" target=\"_blank\">Extruded Aluminum Tubing Shapes Supplier<\/a><\/li>\r\n<li><a href=\"https:\/\/sinoextrud.com\/product\/aluminium-profile-bed-frame\/\" target=\"_blank\">Aluminium Profile Bed Frame<\/a><\/li>\r\n<li><a href=\"https:\/\/sinoextrud.com\/product\/aluminum-extrusion-industry-modular-components-profile\/\" target=\"_blank\">Aluminum Extrusion Industry Modular Components Profile<\/a><\/li>\r\n<li><a href=\"https:\/\/sinoextrud.com\/product\/aluminium-profile-systems\/\" target=\"_blank\">Aluminium Profile Systems<\/a><\/li>\r\n<li><a href=\"https:\/\/sinoextrud.com\/product\/aluminium-extrusion-profile-section\/\" target=\"_blank\">Aluminium Extrusion Profile Section(Great Wall panel aluminum profile)<\/a><\/li>\r\n<li><a href=\"https:\/\/sinoextrud.com\/product\/industrial-aluminum-profiles\/\" target=\"_blank\">Industrial Aluminum Profiles<\/a><\/li>\r\n<li><a href=\"https:\/\/sinoextrud.com\/product\/aluminum-extruded-profile\/\" target=\"_blank\">Aluminum Extruded Profile<\/a><\/li>\r\n<li><a href=\"https:\/\/sinoextrud.com\/product\/aluminium-corner-extrusion\/\" target=\"_blank\">Aluminium Corner Extrusion<\/a><\/li>\r\n<li><a href=\"https:\/\/sinoextrud.com\/product\/anodized-extruded-aluminum\/\" target=\"_blank\">Anodized Extruded Aluminum<\/a><\/li>\r\n<li><a href=\"https:\/\/sinoextrud.com\/product\/customized-structural-aluminum-profiles\/\" target=\"_blank\">Customized Structural Aluminum Profiles<\/a><\/li>\r\n<li><a href=\"https:\/\/sinoextrud.com\/product\/aluminum-structural-framing-system\/\" target=\"_blank\">Aluminum Structural Framing System<\/a><\/li>"},"feature_list":[]},"_links":{"self":[{"href":"https:\/\/sinoextrud.com\/da\/wp-json\/wp\/v2\/product\/5993","targetHints":{"allow":["GET"]}}],"collection":[{"href":"https:\/\/sinoextrud.com\/da\/wp-json\/wp\/v2\/product"}],"about":[{"href":"https:\/\/sinoextrud.com\/da\/wp-json\/wp\/v2\/types\/product"}],"wp:featuredmedia":[{"embeddable":true,"href":"https:\/\/sinoextrud.com\/da\/wp-json\/wp\/v2\/media\/5992"}],"wp:attachment":[{"href":"https:\/\/sinoextrud.com\/da\/wp-json\/wp\/v2\/media?parent=5993"}],"wp:term":[{"taxonomy":"category","embeddable":true,"href":"https:\/\/sinoextrud.com\/da\/wp-json\/wp\/v2\/categories?post=5993"}],"curies":[{"name":"wp","href":"https:\/\/api.w.org\/{rel}","templated":true}]}}