{"id":5991,"date":"2025-05-23T15:32:45","date_gmt":"2025-05-23T15:32:45","guid":{"rendered":"https:\/\/sinoextrud.com\/?post_type=product&#038;p=5991"},"modified":"2025-06-24T03:52:57","modified_gmt":"2025-06-24T03:52:57","slug":"systemer-med-aluminiumsprofiler","status":"publish","type":"product","link":"https:\/\/sinoextrud.com\/da\/product\/aluminium-profile-systems\/","title":{"rendered":"Profilsystemer i aluminium"},"content":{"rendered":"<h2>Detaljer om produkter<\/h2>\n<table class=\"custom-table\">\n<tr>\n<td class=\"label\">Produktets navn<\/td>\n<td>systemer med aluminiumsprofiler<\/td>\n<\/tr>\n<tr>\n<td class=\"label\">Produktsortiment<\/td>\n<td>aluminiumsr\u00f8r, glasgel\u00e6ndersystemer i aluminium, aluminiumssystemer med T-slidser, aluminiumsloftsystemer, d\u00f8re og vinduer i aluminium osv.<\/td>\n<\/tr>\n<tr>\n<td class=\"label\">Egnede systemer Typer<\/td>\n<td>Industriel aluminiumsprofil, aluminiumsprofil til byggeri osv.<\/td>\n<\/tr>\n<tr>\n<td class=\"label\">Temperament<\/td>\n<td>T3-T8<\/td>\n<\/tr>\n<tr>\n<td class=\"label\">Form<\/td>\n<td>specialfremstillet<\/td>\n<\/tr>\n<tr>\n<td class=\"label\">Farve<\/td>\n<td>specialfremstillet<\/td>\n<\/tr>\n<tr>\n<td class=\"label\">Overfladebehandling<\/td>\n<td>fr\u00e6set f\u00e6rdig, anodiseret, power coating, sandbl\u00e6sning, elektroforese, b\u00f8rstet, polering osv.<\/td>\n<\/tr>\n<tr>\n<td class=\"label\">CNC-dybbearbejdning<\/td>\n<td>sk\u00e6ring, boring, bearbejdning, stansning, bukning, gevindsk\u00e6ring og s\u00e5 videre<\/td>\n<\/tr>\n<tr>\n<td class=\"label\">Certificeringer<\/td>\n<td>CE, ISO, SGS, TUV, ROHS<\/td>\n<\/tr>\n<tr>\n<td class=\"label\">Pr\u00f8ver<\/td>\n<td>Gratis pr\u00f8ve. 1-3 dage leveret til dig.<\/td>\n<\/tr>\n<tr>\n<td class=\"label\">MOQ<\/td>\n<td>200 kg for hver profil<\/td>\n<\/tr>\n<tr>\n<td class=\"label\">Leveringstid<\/td>\n<td>Skimmeludvikling og pr\u00f8vekonformation er 12-15 dage, derefter er produktionsvarigheden 15-25 dage efter modtagelse af depositum fra k\u00f8ber.<\/td>\n<\/tr>\n<tr>\n<td class=\"label\">Betalingsbetingelser<\/td>\n<td>30% depositum, 70% saldo f\u00f8r forsendelse<\/td>\n<\/tr>\n<\/table>\n<h2>Vores produktionsbase<\/h2>\n<h3>Panorama over fabrikken<\/h3>\n<p><img decoding=\"async\" src=\"\/wp-content\/uploads\/factory-01.webp\"\/><\/p>\n<h3>V\u00e6rksted til fremstilling af aluminiumst\u00e6nger<\/h3>\n<p><img decoding=\"async\" src=\"\/wp-content\/uploads\/factory-02.webp\"\/><\/p>\n<\/p>\n<p><img decoding=\"async\" src=\"\/wp-content\/uploads\/factory-03.webp\"\/><\/p>\n<h3>Lager til opbevaring af skimmelsvampe<\/h3>\n<p><img decoding=\"async\" src=\"\/wp-content\/uploads\/factory-04.webp\"\/><\/p>\n<h3>43 ekstruderingslinjer for aluminium (500-5500 ton)<\/h3>\n<p><img decoding=\"async\" src=\"\/wp-content\/uploads\/factory-05.webp\"\/><\/p>\n<p><img decoding=\"async\" src=\"\/wp-content\/uploads\/factory-06.webp\"\/><\/p>\n<p><img decoding=\"async\" src=\"\/wp-content\/uploads\/factory-07.webp\"\/><\/p>\n<h3>V\u00e6rksted for pulverlakering<\/h3>\n<p><img decoding=\"async\" src=\"\/wp-content\/uploads\/factory-09.webp\"\/><\/p>\n<h3>Anodiseringsv\u00e6rksted<\/h3>\n<p><img decoding=\"async\" src=\"\/wp-content\/uploads\/factory-10.webp\"\/><\/p>\n<h3>Workshop om dyb behandling<\/h3>\n<p><img decoding=\"async\" src=\"\/wp-content\/uploads\/factory-11.webp\"\/><\/p>\n<h3>V\u00e6rksted for CNC-pr\u00e6cisionsbearbejdning<\/h3>\n<p><img decoding=\"async\" src=\"\/wp-content\/uploads\/factory-11.5.webp\"\/><\/p>\n<h3>F\u00e6rdigvare- og eksportlager<\/h3>\n<p><img decoding=\"async\" src=\"\/wp-content\/uploads\/factory-12.webp\"\/><\/p>\n<p><img decoding=\"async\" src=\"\/wp-content\/uploads\/factory-13.webp\"\/><\/p>\n<p><img decoding=\"async\" src=\"\/wp-content\/uploads\/factory-14.webp\"\/><\/p>\n<h2>OFTE STILLEDE SP\u00d8RGSM\u00c5L<\/h2>\n<p><b>1. Hvad er aluminiumsprofiler? <\/b><\/p>\n<p> Aluminiumprofilsystemer er modul\u00e6re byggekomponenter lavet af aluminiumprofiler, der bruges i forskellige applikationer som rammer, skabe, transportb\u00e5nd og arbejdsstationer.\n<\/p>\n<p><\/p>\n<p><b>2. Hvad er fordelene ved aluminiumsprofiler? <\/b><\/p>\n<p> Profilsystemer i aluminium giver fleksibilitet, letv\u00e6gtsstyrke, korrosionsbestandighed og nem montering, hvilket g\u00f8r dem ideelle til industriel og kommerciel brug.\n<\/p>\n<p><\/p>\n<p><b>3. Hvor tilpasningsdygtige er aluminiumsprofilsystemer? <\/b><\/p>\n<p> Profilsystemer i aluminium kan nemt sk\u00e6res til, forbindes og \u00e6ndres, hvilket giver mulighed for specialdesign, der er skr\u00e6ddersyet til specifikke projektbehov.\n<\/p>\n<p><\/p>\n<p><b>4. Hvorfor v\u00e6lge aluminiumsprofiler frem for traditionelle st\u00e5lkonstruktioner? <\/b><\/p>\n<p> Profilsystemer i aluminium er lettere, nemmere at installere og kr\u00e6ver mindre vedligeholdelse end st\u00e5l, hvilket reducerer de samlede projektomkostninger og indsatsen.\n<\/p>\n<p><\/p>\n<p><b>5. Er aluminiumsprofiler velegnede til tunge opgaver? <\/b><\/p>\n<p> Ja, aluminiumsprofiler af h\u00f8j kvalitet er konstrueret til at b\u00e6re tunge belastninger og samtidig bevare strukturel integritet og ydeevne.\n<\/p>\n<p><\/p>\n<p><b>6. Underst\u00f8tter aluminiumprofilsystemer milj\u00f8venligt byggeri? <\/b><\/p>\n<p> Absolut, aluminium er 100% genanvendeligt, og dets lange levetid reducerer affald, hvilket g\u00f8r aluminiumsprofiler til en b\u00e6redygtig byggel\u00f8sning.\n<\/p>\n<p><\/p>\n<p><b>7. Hvilke industrier bruger aluminiumsprofiler? <\/b><\/p>\n<p> Brancher som produktion, automatisering, elektronik, logistik og renrumsmilj\u00f8er er afh\u00e6ngige af aluminiumprofilsystemer til alsidige og effektive strukturer.\n<\/p>\n<p><\/p>\n<p><b>8. Hvordan forbedrer aluminiumprofilsystemer produktionseffektiviteten? <\/b><\/p>\n<p> Deres modul\u00e6re design giver mulighed for hurtige justeringer og udvidelser, hvilket minimerer nedetid og optimerer arbejdsgangen i industrielle milj\u00f8er.\n<\/p>\n<p><\/p>\n<p><b>9. Kan aluminiumprofilsystemer integreres med automatiseringsudstyr? <\/b><\/p>\n<p> Ja, disse systemer er designet til at v\u00e6re kompatible med sensorer, aktuatorer og andre automatiseringskomponenter for problemfri integration.\n<\/p>\n<p><\/p>\n<p><b>10. Hvilken vedligeholdelse kr\u00e6ver aluminiumsprofiler? <\/b><\/p>\n<p> Profilsystemer i aluminium kr\u00e6ver minimal vedligeholdelse takket v\u00e6re deres korrosionsbestandige overflader og robuste design.\n<\/p>\n<p><\/p>","protected":false},"featured_media":5990,"template":"","categories":[55],"class_list":["post-5991","product","type-product","status-publish","has-post-thumbnail","hentry","category-extruded-aluminum-profiles"],"meta_box":{"hilight_text_group":{"product_hilight_text":"<li>Flexible profile systems adaptable to various industrial applications and layouts<\/li>\r\r\n<li>Quick and tool-free assembly reduces installation time and labor costs<\/li>\r\r\n<li>High load-bearing capacity suitable for frames, workstations, enclosures, and conveyors<\/li>\r\r\n<li>Standardized connectors and accessories ensure seamless integration<\/li>\r\r\n<li>Low maintenance with corrosion-resistant anodized surfaces<\/li>","product_chanpin_chanpin":"<li><a href=\"https:\/\/sinoextrud.com\/product\/extruded-aluminum-flat-bar-6061-7075\/\" target=\"_blank\">Extruded Aluminum Flat Bar 6061 7075<\/a><\/li>\r\n<li><a href=\"https:\/\/sinoextrud.com\/product\/extruded-aluminum-tubing-shapes-supplier\/\" target=\"_blank\">Extruded Aluminum Tubing Shapes Supplier<\/a><\/li>\r\n<li><a href=\"https:\/\/sinoextrud.com\/product\/aluminium-profile-bed-frame\/\" target=\"_blank\">Aluminium Profile Bed Frame<\/a><\/li>\r\n<li><a href=\"https:\/\/sinoextrud.com\/product\/aluminum-extrusion-industry-modular-components-profile\/\" target=\"_blank\">Aluminum Extrusion Industry Modular Components Profile<\/a><\/li>\r\n<li><a href=\"https:\/\/sinoextrud.com\/product\/aluminium-profile-systems\/\" target=\"_blank\">Aluminium Profile Systems<\/a><\/li>\r\n<li><a href=\"https:\/\/sinoextrud.com\/product\/aluminium-extrusion-profile-section\/\" target=\"_blank\">Aluminium Extrusion Profile Section(Great Wall panel aluminum profile)<\/a><\/li>\r\n<li><a href=\"https:\/\/sinoextrud.com\/product\/industrial-aluminum-profiles\/\" target=\"_blank\">Industrial Aluminum Profiles<\/a><\/li>\r\n<li><a href=\"https:\/\/sinoextrud.com\/product\/aluminum-extruded-profile\/\" target=\"_blank\">Aluminum Extruded Profile<\/a><\/li>\r\n<li><a href=\"https:\/\/sinoextrud.com\/product\/aluminium-corner-extrusion\/\" target=\"_blank\">Aluminium Corner Extrusion<\/a><\/li>\r\n<li><a href=\"https:\/\/sinoextrud.com\/product\/modular-aluminum-framing-system\/\" target=\"_blank\">Modular Aluminum Framing System<\/a><\/li>\r\n<li><a href=\"https:\/\/sinoextrud.com\/product\/aluminium-frame\/\" target=\"_blank\">Aluminium Frame<\/a><\/li>"},"feature_list":[]},"_links":{"self":[{"href":"https:\/\/sinoextrud.com\/da\/wp-json\/wp\/v2\/product\/5991","targetHints":{"allow":["GET"]}}],"collection":[{"href":"https:\/\/sinoextrud.com\/da\/wp-json\/wp\/v2\/product"}],"about":[{"href":"https:\/\/sinoextrud.com\/da\/wp-json\/wp\/v2\/types\/product"}],"wp:featuredmedia":[{"embeddable":true,"href":"https:\/\/sinoextrud.com\/da\/wp-json\/wp\/v2\/media\/5990"}],"wp:attachment":[{"href":"https:\/\/sinoextrud.com\/da\/wp-json\/wp\/v2\/media?parent=5991"}],"wp:term":[{"taxonomy":"category","embeddable":true,"href":"https:\/\/sinoextrud.com\/da\/wp-json\/wp\/v2\/categories?post=5991"}],"curies":[{"name":"wp","href":"https:\/\/api.w.org\/{rel}","templated":true}]}}