{"id":5985,"date":"2025-05-23T15:23:16","date_gmt":"2025-05-23T15:23:16","guid":{"rendered":"https:\/\/sinoextrud.com\/?post_type=product&#038;p=5985"},"modified":"2025-06-24T03:52:51","modified_gmt":"2025-06-24T03:52:51","slug":"leverandor-af-ekstruderede-aluminiumsror","status":"publish","type":"product","link":"https:\/\/sinoextrud.com\/da\/product\/extruded-aluminum-tubing-shapes-supplier\/","title":{"rendered":"Leverand\u00f8r af ekstruderede aluminiumsr\u00f8r"},"content":{"rendered":"<h2>Detaljer om produkter<\/h2>\n<table class=\"custom-table\">\n<tr>\n<td class=\"label\">Produktets navn<\/td>\n<td>Leverand\u00f8r af ekstruderede aluminiumsr\u00f8r<\/td>\n<\/tr>\n<tr>\n<td class=\"label\">Produktsortiment<\/td>\n<td>aluminiumsekstruderinger til generelle r\u00f8r og st\u00e6nger, firkantede aluminiumsr\u00f8r, firkantet aluminiumsr\u00f8r, firkantet aluminiumsr\u00f8r, dekorativt moderne haver\u00f8r, aluminiumsr\u00f8rprofiler, b\u00f8jning af aluminiumsr\u00f8r, tilpasset ekstruderet aluminiumsr\u00f8r, tilpasset pulverlakeret r\u00f8r, tilpasset rundt aluminiumsr\u00f8r, firkantet aluminiumsekstrudering, anodiseret aluminiumslegeringsr\u00f8r, tilpasset firkantet aluminiumsr\u00f8r osv.<\/td>\n<\/tr>\n<tr>\n<td class=\"label\">Egnede systemer Typer<\/td>\n<td>Runde aluminiumsr\u00f8r, runde aluminiumsr\u00f8r, firkantede aluminiumsr\u00f8r, firkantede aluminiumsr\u00f8r, b\u00f8jning af aluminiumsr\u00f8r, ovale aluminiumsr\u00f8r, engros ekstruderet aluminiumsr\u00f8r, engros aluminiumsekstrudering poleret firkantet r\u00f8r, engros ekstruderede aluminiumsr\u00f8rformer osv.<\/td>\n<\/tr>\n<tr>\n<td class=\"label\">Aluminiumslegering<\/td>\n<td>3000-serien, 5000-serien, 6000-serien, 7000-serien osv.<\/td>\n<\/tr>\n<tr>\n<td class=\"label\">Temperament<\/td>\n<td>T5-T8<\/td>\n<\/tr>\n<tr>\n<td class=\"label\">Form<\/td>\n<td>Firkantet, rund, oval, b\u00f8jet, halvrund eller brugertilpasning<\/td>\n<\/tr>\n<tr>\n<td class=\"label\">Farve<\/td>\n<td>Tilpasning<\/td>\n<\/tr>\n<tr>\n<td class=\"label\">Overfladebehandling<\/td>\n<td>fr\u00e6set f\u00e6rdig, anodiseret, tr\u00e6korn, power coating, sandbl\u00e6sning, elektroforese, b\u00f8rstet, polering osv.<\/td>\n<\/tr>\n<tr>\n<td class=\"label\">CNC-dybbearbejdning<\/td>\n<td>sk\u00e6ring, boring, bearbejdning, stansning, bukning, gevindsk\u00e6ring og s\u00e5 videre<\/td>\n<\/tr>\n<tr>\n<td class=\"label\">Certificeringer<\/td>\n<td>CE, ISO, SGS, TUV, ROHS<\/td>\n<\/tr>\n<tr>\n<td class=\"label\">Pr\u00f8ver<\/td>\n<td>Gratis pr\u00f8ve. 1-3 dage leveret til dig.<\/td>\n<\/tr>\n<tr>\n<td class=\"label\">MOQ<\/td>\n<td>200 kg for hver profil<\/td>\n<\/tr>\n<tr>\n<td class=\"label\">Leveringstid<\/td>\n<td>Formudvikling og pr\u00f8vekonformitet er 12-15 dage, derefter er produktionsvarigheden 15-25 dage efter modtagelse af depositum fra k\u00f8ber.<\/td>\n<\/tr>\n<tr>\n<td class=\"label\">Betalingsbetingelser<\/td>\n<td>30% depositum f\u00f8r produktion og balance f\u00f8r forsendelse.<\/td>\n<\/tr>\n<\/table>\n<h2>Vores produktionsbase<\/h2>\n<h3>Panorama over fabrikken<\/h3>\n<p><img decoding=\"async\" src=\"\/wp-content\/uploads\/factory-01.webp\"\/><\/p>\n<h3>V\u00e6rksted til fremstilling af aluminiumst\u00e6nger<\/h3>\n<p><img decoding=\"async\" src=\"\/wp-content\/uploads\/factory-02.webp\"\/><\/p>\n<\/p>\n<p><img decoding=\"async\" src=\"\/wp-content\/uploads\/factory-03.webp\"\/><\/p>\n<h3>Lager til opbevaring af skimmelsvampe<\/h3>\n<p><img decoding=\"async\" src=\"\/wp-content\/uploads\/factory-04.webp\"\/><\/p>\n<h3>43 ekstruderingslinjer for aluminium (500-5500 ton)<\/h3>\n<p><img decoding=\"async\" src=\"\/wp-content\/uploads\/factory-05.webp\"\/><\/p>\n<p><img decoding=\"async\" src=\"\/wp-content\/uploads\/factory-06.webp\"\/><\/p>\n<p><img decoding=\"async\" src=\"\/wp-content\/uploads\/factory-07.webp\"\/><\/p>\n<h3>V\u00e6rksted for pulverlakering<\/h3>\n<p><img decoding=\"async\" src=\"\/wp-content\/uploads\/factory-09.webp\"\/><\/p>\n<h3>Anodiseringsv\u00e6rksted<\/h3>\n<p><img decoding=\"async\" src=\"\/wp-content\/uploads\/factory-10.webp\"\/><\/p>\n<h3>Workshop om dyb behandling<\/h3>\n<p><img decoding=\"async\" src=\"\/wp-content\/uploads\/factory-11.webp\"\/><\/p>\n<h3>V\u00e6rksted for CNC-pr\u00e6cisionsbearbejdning<\/h3>\n<p><img decoding=\"async\" src=\"\/wp-content\/uploads\/factory-11.5.webp\"\/><\/p>\n<h3>F\u00e6rdigvare- og eksportlager<\/h3>\n<p><img decoding=\"async\" src=\"\/wp-content\/uploads\/factory-12.webp\"\/><\/p>\n<p><img decoding=\"async\" src=\"\/wp-content\/uploads\/factory-13.webp\"\/><\/p>\n<p><img decoding=\"async\" src=\"\/wp-content\/uploads\/factory-14.webp\"\/><\/p>\n<h2>OFTE STILLEDE SP\u00d8RGSM\u00c5L<\/h2>\n<p><b>1. Hvad er en leverand\u00f8r af ekstruderede aluminiumsr\u00f8r? <\/b><\/p>\n<p> En leverand\u00f8r af ekstruderede aluminiumsr\u00f8r leverer tilpassede og standardiserede aluminiumsr\u00f8rprofiler i forskellige former til industrielle, kommercielle og arkitektoniske anvendelser.\n<\/p>\n<p><\/p>\n<p><b>2. Hvilke typer former tilbyder leverand\u00f8rer af ekstruderede aluminiumsr\u00f8r? <\/b><\/p>\n<p> Leverand\u00f8rerne tilbyder en bred vifte af former, herunder runde, firkantede, rektangul\u00e6re, ovale og specialprofilerede aluminiumsr\u00f8r, der opfylder specifikke projektbehov.\n<\/p>\n<p><\/p>\n<p><b>3. Hvad er fordelene ved at k\u00f8be ind fra en leverand\u00f8r af ekstruderede aluminiumsr\u00f8r? <\/b><\/p>\n<p> At arbejde med en specialiseret leverand\u00f8r sikrer ekstrudering af h\u00f8j kvalitet, pr\u00e6cise dimensioner, materialekonsistens og p\u00e5lidelige leveringstider.\n<\/p>\n<p><\/p>\n<p><b>4. Hvordan gavner ekstruderede aluminiumsr\u00f8r industrielle anvendelser? <\/b><\/p>\n<p> Ekstruderede aluminiumsr\u00f8r giver letv\u00e6gtsstyrke, korrosionsbestandighed og fremragende bearbejdelighed, hvilket g\u00f8r det ideelt til strukturelle, transportm\u00e6ssige og mekaniske anvendelser.\n<\/p>\n<p><\/p>\n<p><b>5. Kan leverand\u00f8rer af ekstruderede aluminiumsr\u00f8r levere tilpassede l\u00f8sninger? <\/b><\/p>\n<p> Ja, de fleste leverand\u00f8rer tilbyder fuld tilpasningsservice, herunder valg af legering, formdesign, st\u00f8rrelsesvariationer og overfladefinish.\n<\/p>\n<p><\/p>\n<p><b>6. Hvorfor v\u00e6lge ekstruderede aluminiumsr\u00f8r frem for st\u00e5l? <\/b><\/p>\n<p> Aluminiumsr\u00f8r er lettere, rustfri og lettere at fremstille end st\u00e5l, hvilket reducerer v\u00e6gten og vedligeholdelsen i strukturelle og mekaniske systemer.\n<\/p>\n<p><\/p>\n<p><b>7. Hvilke industrier bruger almindeligvis ekstruderede aluminiumsr\u00f8r? <\/b><\/p>\n<p> Luftfarts-, bil-, bygge-, marine-, medicinal- og vedvarende energiindustrier bruger i vid udstr\u00e6kning ekstruderede aluminiumsr\u00f8r p\u00e5 grund af deres alsidighed og ydeevne.\n<\/p>\n<p><\/p>\n<p><b>8. Er ekstruderede aluminiumsr\u00f8r egnet til udend\u00f8rs brug? <\/b><\/p>\n<p> Ja, aluminiums naturlige korrosionsbestandighed og kompatibilitet med anodisering eller pulverlakering g\u00f8r det perfekt til udend\u00f8rs milj\u00f8er.\n<\/p>\n<p><\/p>\n<p><b>9. Underst\u00f8tter leverand\u00f8rer af ekstruderede aluminiumsr\u00f8rformer produktion i stor skala? <\/b><\/p>\n<p> Anerkendte leverand\u00f8rer har kapacitet til at h\u00e5ndtere bulkordrer med ensartet kvalitet og st\u00f8tter OEM'er og projekter i industriel skala.\n<\/p>\n<p><\/p>\n<p><b>10. Er aluminiumsr\u00f8r fra ekstruderingsleverand\u00f8rer milj\u00f8venlige? <\/b><\/p>\n<p> Ja, aluminium er genanvendeligt og energieffektivt at producere, hvilket g\u00f8r r\u00f8r fra ekstruderingsleverand\u00f8rer til et b\u00e6redygtigt materialevalg.\n<\/p>\n<p><\/p>","protected":false},"featured_media":5984,"template":"","categories":[55],"class_list":["post-5985","product","type-product","status-publish","has-post-thumbnail","hentry","category-extruded-aluminum-profiles"],"meta_box":{"hilight_text_group":{"product_hilight_text":"<li>Wide range of tubing shapes including round, square, and rectangular for diverse applications<\/li>\r\r\n<li>Lightweight yet strong, ideal for automotive, construction, and aerospace industries<\/li>\r\r\n<li>Custom lengths, wall thicknesses, and alloy options available to meet specific requirements<\/li>\r\r\n<li>Excellent corrosion resistance and surface finish for long-lasting performance<\/li>\r\r\n<li>Reliable supply chain and consistent quality for high-volume production needs<\/li>","product_chanpin_chanpin":"<li><a href=\"https:\/\/sinoextrud.com\/product\/aluminum-extrusion-aluminum-rolling-shutters-profile\/\" target=\"_blank\">Aluminum Extrusion Aluminum Rolling Shutters Profile<\/a><\/li>\r\n<li><a href=\"https:\/\/sinoextrud.com\/product\/aluminum-extrusion-7003-7005-7020\/\" target=\"_blank\">Aluminum Extrusion 7003 7005 7020 High Hardness Anodized Aluminum Profile<\/a><\/li>\r\n<li><a href=\"https:\/\/sinoextrud.com\/product\/aluminum-extrusion-flood-control-barrier-aluminum-profile\/\" target=\"_blank\">Aluminum Extrusion Flood Control Barrier Aluminum Profile<\/a><\/li>\r\n<li><a href=\"https:\/\/sinoextrud.com\/product\/extruded-aluminum-flat-bar-6061-7075\/\" target=\"_blank\">Extruded Aluminum Flat Bar 6061 7075<\/a><\/li>\r\n<li><a href=\"https:\/\/sinoextrud.com\/product\/extruded-aluminum-tubing-shapes-supplier\/\" target=\"_blank\">Extruded Aluminum Tubing Shapes Supplier<\/a><\/li>\r\n<li><a href=\"https:\/\/sinoextrud.com\/product\/aluminium-profile-bed-frame\/\" target=\"_blank\">Aluminium Profile Bed Frame<\/a><\/li>\r\n<li><a href=\"https:\/\/sinoextrud.com\/product\/aluminum-extrusion-industry-modular-components-profile\/\" target=\"_blank\">Aluminum Extrusion Industry Modular Components Profile<\/a><\/li>\r\n<li><a href=\"https:\/\/sinoextrud.com\/product\/aluminium-profile-systems\/\" target=\"_blank\">Aluminium Profile Systems<\/a><\/li>\r\n<li><a href=\"https:\/\/sinoextrud.com\/product\/aluminium-extrusion-profile-section\/\" target=\"_blank\">Aluminium Extrusion Profile Section(Great Wall panel aluminum profile)<\/a><\/li>\r\n<li><a href=\"https:\/\/sinoextrud.com\/product\/electrophoretic-grain-square-tube-rosewood\/\" target=\"_blank\">Electrophoretic Grain Square Tube Rosewood<\/a><\/li>\r\n<li><a href=\"https:\/\/sinoextrud.com\/product\/anodized-aluminum-alloy-pipe-supplier\/\" target=\"_blank\">Anodized Aluminum Alloy Pipe Supplier<\/a><\/li>"},"feature_list":[]},"_links":{"self":[{"href":"https:\/\/sinoextrud.com\/da\/wp-json\/wp\/v2\/product\/5985","targetHints":{"allow":["GET"]}}],"collection":[{"href":"https:\/\/sinoextrud.com\/da\/wp-json\/wp\/v2\/product"}],"about":[{"href":"https:\/\/sinoextrud.com\/da\/wp-json\/wp\/v2\/types\/product"}],"wp:featuredmedia":[{"embeddable":true,"href":"https:\/\/sinoextrud.com\/da\/wp-json\/wp\/v2\/media\/5984"}],"wp:attachment":[{"href":"https:\/\/sinoextrud.com\/da\/wp-json\/wp\/v2\/media?parent=5985"}],"wp:term":[{"taxonomy":"category","embeddable":true,"href":"https:\/\/sinoextrud.com\/da\/wp-json\/wp\/v2\/categories?post=5985"}],"curies":[{"name":"wp","href":"https:\/\/api.w.org\/{rel}","templated":true}]}}