{"id":5612,"date":"2025-05-15T15:07:44","date_gmt":"2025-05-15T15:07:44","guid":{"rendered":"https:\/\/sinoextrud.com\/?post_type=product&#038;p=5612"},"modified":"2025-06-24T03:52:37","modified_gmt":"2025-06-24T03:52:37","slug":"ekstruderet-aluminium-6061-6082-7075-profiler-af-aluminiumslegering","status":"publish","type":"product","link":"https:\/\/sinoextrud.com\/da\/product\/aluminium-extrud-6061-6082-7075-aluminum-alloy-profiles\/","title":{"rendered":"Aluminiumsekstrudering 2024 7001 7003 Aluminiumsprofil"},"content":{"rendered":"<h2>Detaljer om produkter<\/h2>\n<table class=\"custom-table\">\n<tr>\n<td class=\"label\">Vare<\/td>\n<td>Aluminiumsekstrudering 2024 7001 7003 Aluminiumsprofil<\/td>\n<\/tr>\n<tr>\n<td class=\"label\">Materiale<\/td>\n<td>2024, 7001,7003, osv.<\/td>\n<\/tr>\n<tr>\n<td class=\"label\">Temperament<\/td>\n<td>T4,T5,T6<\/td>\n<\/tr>\n<tr>\n<td class=\"label\">St\u00f8rrelse \/ tykkelse<\/td>\n<td>Generelle profilers tykkelse fra 0,8 til 5,0 mm, l\u00e6ngde fra 3 m til 6 m eller tilpasset; anodiseringsbeskyttelsesfilmtykkelse fra 8 ~ 25 um, pulverlakering fra 40 ~ 120 um.<\/td>\n<\/tr>\n<tr>\n<td class=\"label\">Form<\/td>\n<td>Firkantet, rund, rektangul\u00e6r, tilpasset<\/td>\n<\/tr>\n<tr>\n<td class=\"label\">Anvendelse<\/td>\n<td>Industri \/ Bygning \/ Medicinsk udstyr \/ B\u00e5d \/ Bil \/ Luftfart og s\u00e5 videre<\/td>\n<\/tr>\n<tr>\n<td class=\"label\">Overfladebehandling<\/td>\n<td>pulverlakering, elektroforese, tr\u00e6korn, anodiseret, b\u00f8rstet, polering<\/td>\n<\/tr>\n<tr>\n<td class=\"label\">Farver<\/td>\n<td>Tilpasset farve tilg\u00e6ngelig<\/td>\n<\/tr>\n<tr>\n<td class=\"label\">Dyb proces<\/td>\n<td>samling,boring,fr\u00e6sning,sk\u00e6ring,svejsning,bukning<\/td>\n<\/tr>\n<tr>\n<td class=\"label\">Certifikat<\/td>\n<td>CQM, SGS, CE, BV, SONCAP \/ GB, ISO, JIS, AS, NZS, QUALICOAT, QUOLANOD tilg\u00e6ngelig<\/td>\n<\/tr>\n<tr>\n<td class=\"label\">Betalingsperiode:<\/td>\n<td>30% depositum, 70% saldo f\u00f8r levering<\/td>\n<\/tr>\n<\/table>\n<h2>Vores produktionsbase<\/h2>\n<h3>Panorama over fabrikken<\/h3>\n<p><img decoding=\"async\" src=\"\/wp-content\/uploads\/factory-01.webp\"\/><\/p>\n<h3>V\u00e6rksted til fremstilling af aluminiumst\u00e6nger<\/h3>\n<p><img decoding=\"async\" src=\"\/wp-content\/uploads\/factory-02.webp\"\/><\/p>\n<\/p>\n<p><img decoding=\"async\" src=\"\/wp-content\/uploads\/factory-03.webp\"\/><\/p>\n<h3>Lager til opbevaring af skimmelsvampe<\/h3>\n<p><img decoding=\"async\" src=\"\/wp-content\/uploads\/factory-04.webp\"\/><\/p>\n<h3>43 ekstruderingslinjer for aluminium (500-5500 ton)<\/h3>\n<p><img decoding=\"async\" src=\"\/wp-content\/uploads\/factory-05.webp\"\/><\/p>\n<p><img decoding=\"async\" src=\"\/wp-content\/uploads\/factory-06.webp\"\/><\/p>\n<p><img decoding=\"async\" src=\"\/wp-content\/uploads\/factory-07.webp\"\/><\/p>\n<h3>V\u00e6rksted for pulverlakering<\/h3>\n<p><img decoding=\"async\" src=\"\/wp-content\/uploads\/factory-09.webp\"\/><\/p>\n<h3>Anodiseringsv\u00e6rksted<\/h3>\n<p><img decoding=\"async\" src=\"\/wp-content\/uploads\/factory-10.webp\"\/><\/p>\n<h3>Workshop om dyb behandling<\/h3>\n<p><img decoding=\"async\" src=\"\/wp-content\/uploads\/factory-11.webp\"\/><\/p>\n<h3>V\u00e6rksted for CNC-pr\u00e6cisionsbearbejdning<\/h3>\n<p><img decoding=\"async\" src=\"\/wp-content\/uploads\/factory-11.5.webp\"\/><\/p>\n<h3>F\u00e6rdigvare- og eksportlager<\/h3>\n<p><img decoding=\"async\" src=\"\/wp-content\/uploads\/factory-12.webp\"\/><\/p>\n<p><img decoding=\"async\" src=\"\/wp-content\/uploads\/factory-13.webp\"\/><\/p>\n<p><img decoding=\"async\" src=\"\/wp-content\/uploads\/factory-14.webp\"\/><\/p>\n<h2>OFTE STILLEDE SP\u00d8RGSM\u00c5L<\/h2>\n<p><b>1. Hvad er en aluminiumsekstrudering 2024 7001 7003 aluminiumsprofil?<\/b><\/p>\n<p>En aluminiumsekstrudering 2024 7001 7003 aluminiumsprofil er en aluminiumslegeringsprofil med h\u00f8j styrke, der produceres gennem ekstrudering, og som ofte bruges i luft- og rumfart, bilindustrien og h\u00f8jtydende strukturelle applikationer.\n<\/p>\n<p><\/p>\n<p><b>2. Hvad er de vigtigste funktioner i 2024 aluminiumekstruderingsprofiler?<\/b><\/p>\n<p>2024-aluminiumprofiler har et h\u00f8jt styrke\/v\u00e6gt-forhold, fremragende udmattelsesmodstand og god bearbejdelighed, hvilket g\u00f8r dem ideelle til rumfart og strukturelle komponenter.\n<\/p>\n<p><\/p>\n<p><b>3. Hvorfor bruge 7001 aluminiumsprofiler i ekstruderingsapplikationer?<\/b><\/p>\n<p>7001-aluminiumprofiler giver overlegen tr\u00e6kstyrke og korrosionsbestandighed, hvilket g\u00f8r dem velegnede til lette, men holdbare konstruktionsopgaver som teltst\u00e6nger og sportsudstyr.\n<\/p>\n<p><\/p>\n<p><b>4. Hvad er fordelene ved 7003 aluminiumsekstruderingsprofiler?<\/b><\/p>\n<p>7003 aluminiumprofiler kombinerer h\u00f8j styrke, god svejsbarhed og modstandsdygtighed over for sp\u00e6ndingskorrosion, hvilket er ideelt til b\u00e6rende konstruktioner og bildele.\n<\/p>\n<p><\/p>\n<p><b>5. Hvordan er 2024 aluminium sammenlignet med 7001 og 7003 i forhold til ydeevne?<\/b><\/p>\n<p>2024 udm\u00e6rker sig ved tr\u00e6thedsbestandighed og styrke til brug i rumfart, mens 7001 og 7003 giver bedre korrosionsbestandighed og svejsbarhed til udend\u00f8rs og strukturelle anvendelser.\n<\/p>\n<p><\/p>\n<p><b>6. Kan aluminiumsekstruderede 2024 7001 7003-profiler varmebehandles?<\/b><\/p>\n<p>Ja, alle tre legeringer - 2024, 7001 og 7003 - kan varmebehandles, hvilket giver mulighed for at forbedre de mekaniske egenskaber og ydeevnen i kr\u00e6vende milj\u00f8er.\n<\/p>\n<p><\/p>\n<p><b>7. Hvilke industrier bruger ofte 2024 7001 7003 aluminiumsprofiler?<\/b><\/p>\n<p>Brancher som rumfart, transport, bilindustri og udend\u00f8rs sport bruger disse h\u00f8jstyrkeprofiler af aluminium til kritiske konstruktionsopgaver.\n<\/p>\n<p><\/p>\n<p><b>8. Kan 2024 7001 7003 aluminiumsprofiler anodiseres?<\/b><\/p>\n<p>Ja, disse aluminiumsprofiler kan anodiseres, selvom overfladens udseende og kvalitet kan variere fra legering til legering, is\u00e6r for 2024.\n<\/p>\n<p><\/p>\n<p><b>9. Er disse ekstruderingsprofiler af aluminium egnede til svejsning?<\/b><\/p>\n<p>7001- og 7003-aluminiumprofiler giver bedre svejsbarhed sammenlignet med 2024, som har begr\u00e6nset svejsbarhed p\u00e5 grund af sit kobberindhold.\n<\/p>\n<p><\/p>\n<p><b>10. Er ekstruderet aluminium 2024 7001 7003 milj\u00f8m\u00e6ssigt b\u00e6redygtigt?<\/b><\/p>\n<p>Ja, aluminium er fuldt genanvendeligt, og brug af h\u00f8jstyrkeprofiler hj\u00e6lper med at reducere materialeforbruget, samtidig med at ydeevnen opretholdes, hvilket underst\u00f8tter b\u00e6redygtig produktion.\n<\/p>\n<p><\/p>","protected":false},"featured_media":5796,"template":"","categories":[55],"class_list":["post-5612","product","type-product","status-publish","has-post-thumbnail","hentry","category-extruded-aluminum-profiles"],"meta_box":{"hilight_text_group":{"product_hilight_text":"Aluminum Extrusion 2024 7001 7003 Aluminum Profile is a high-quality product that is widely used in a variety of industries. The extrusion process allows for the creation of complex shapes and cross-sections with precise tolerances, making it perfect for applications where strength and durability are essential.","product_chanpin_chanpin":"<li><a href=\"https:\/\/sinoextrud.com\/product\/6061-6063-6082-street-lamp-column-aluminum-profile\/\" target=\"_blank\">6061 6063 6082 Street Lamp Column Aluminum Profile<\/a><\/li>\r\n<li><a href=\"https:\/\/sinoextrud.com\/product\/aluminum-extrusion-linear-led-lighting-aluminum-profile\/\" target=\"_blank\">Aluminum Extrusion Linear LED Lighting Aluminum Profile<\/a><\/li>\r\n<li><a href=\"https:\/\/sinoextrud.com\/product\/aluminum-extrusion-electroplated-shower-room-aluminum-profile\/\" target=\"_blank\">Aluminum Extrusion Electroplated Shower Room Aluminum Profile<\/a><\/li>\r\n<li><a href=\"https:\/\/sinoextrud.com\/product\/aluminum-extrusion-hard-anodizing-aluminum-profiles\/\" target=\"_blank\">Aluminum Extrusion Hard Anodizing Aluminum Profiles<\/a><\/li>\r\n<li><a href=\"https:\/\/sinoextrud.com\/product\/aluminium-extrud-6061-6082-7075-aluminum-alloy-profiles\/\" target=\"_blank\">Aluminum Extrusion 2024 7001 7003 Aluminum Profile<\/a><\/li>\r\n<li><a href=\"https:\/\/sinoextrud.com\/product\/aluminum-extrusion-6101b-conductive-rail-aluminum-profile\/\" target=\"_blank\">Aluminum Extrusion 6101B Conductive Rail Aluminum Profile<\/a><\/li>\r\n<li><a href=\"https:\/\/sinoextrud.com\/product\/aluminum-extrusion-aluminum-rolling-shutters-profile\/\" target=\"_blank\">Aluminum Extrusion Aluminum Rolling Shutters Profile<\/a><\/li>\r\n<li><a href=\"https:\/\/sinoextrud.com\/product\/aluminum-extrusion-7003-7005-7020\/\" target=\"_blank\">Aluminum Extrusion 7003 7005 7020 High Hardness Anodized Aluminum Profile<\/a><\/li>\r\n<li><a href=\"https:\/\/sinoextrud.com\/product\/aluminum-extrusion-flood-control-barrier-aluminum-profile\/\" target=\"_blank\">Aluminum Extrusion Flood Control Barrier Aluminum Profile<\/a><\/li>\r\n<li><a href=\"https:\/\/sinoextrud.com\/product\/aluminium-profile-channel-factory\/\" target=\"_blank\">Aluminium Profile Channel Factory<\/a><\/li>\r\n<li><a href=\"https:\/\/sinoextrud.com\/product\/aluminum-profile-for-solar-panel\/\" target=\"_blank\">Aluminum Profile For Solar Panel<\/a><\/li>"},"feature_list":[]},"_links":{"self":[{"href":"https:\/\/sinoextrud.com\/da\/wp-json\/wp\/v2\/product\/5612","targetHints":{"allow":["GET"]}}],"collection":[{"href":"https:\/\/sinoextrud.com\/da\/wp-json\/wp\/v2\/product"}],"about":[{"href":"https:\/\/sinoextrud.com\/da\/wp-json\/wp\/v2\/types\/product"}],"wp:featuredmedia":[{"embeddable":true,"href":"https:\/\/sinoextrud.com\/da\/wp-json\/wp\/v2\/media\/5796"}],"wp:attachment":[{"href":"https:\/\/sinoextrud.com\/da\/wp-json\/wp\/v2\/media?parent=5612"}],"wp:term":[{"taxonomy":"category","embeddable":true,"href":"https:\/\/sinoextrud.com\/da\/wp-json\/wp\/v2\/categories?post=5612"}],"curies":[{"name":"wp","href":"https:\/\/api.w.org\/{rel}","templated":true}]}}